{"id":744,"date":"2017-12-11T11:46:56","date_gmt":"2017-12-11T11:46:56","guid":{"rendered":"http:\/\/www.vintage-speedworks.nl\/?post_type=product&#038;p=744"},"modified":"2018-10-27T13:59:50","modified_gmt":"2018-10-27T13:59:50","slug":"senna-john-players-lotus","status":"publish","type":"product","link":"https:\/\/www.vintage-speedworks.nl\/de\/produkt\/senna-john-players-lotus\/","title":{"rendered":"Ayrton Senna - John Players Lotus"},"content":{"rendered":"<p>In der Formel-1-Saison 1985 waren McLaren und Williams die \"Teams, die es zu schlagen galt\". Lotus war das vierte Team und hatte leider schon nicht mehr die Geschwindigkeit und den Charme der erfolgreichen 60er und 70er Jahre. Doch die Saison 1985 war anders, denn man hatte einen jungen Fahrer rekrutiert, der 1984 sein Deb\u00fct bei Toleman gegeben hatte.<\/p>\n<p>In seiner ersten Saison bei Lotus war Ayrton Senna oft an der Spitze zu finden und konnte sich mit dem Sieg in Estoril sogar sein zweites Rennen f\u00fcr Lotus sichern. Sp\u00e4ter in dieser Saison gewann er auch den GP von Belgien in SPa-Francorchamps. Dieser Sieg in Spa war sein erster von insgesamt f\u00fcnf Siegen auf dieser Strecke.<\/p>\n<p>Das fantastische Diptychon des K\u00fcnstlers Tom Havlasek l\u00e4sst alte Zeiten wieder aufleben und ist das ultimative Kunstwerk f\u00fcr alle Rennsportfans.<\/p>\n<h2><b>Abmessungen<\/b><b>:<\/b><\/h2>\n<ul>\n<li>Abmessungen pro Leinwand: (cm): 95,00 x 95,00 cm<\/li>\n<li>Gesamtma\u00dfe (cm): 95,00 x 190,00 cm<\/li>\n<\/ul>\n<h2><b>Einzelheiten:<\/b><\/h2>\n<ul>\n<li>Der Leinwanddruck wurde von Tom Havlasek selbst nachbearbeitet, daher einzigartig!<\/li>\n<li>Limitierte Auflage von 25 St\u00fcck (signiert und nummeriert)<\/li>\n<li>Nur 4 f\u00fcr Europa verf\u00fcgbar<\/li>\n<\/ul>\n<h2><b>Lieferung:<\/b><\/h2>\n<ul>\n<li>Lieferfrist: 2 Wochen<\/li>\n<li>Versand in einer sch\u00fctzenden Box<\/li>\n<\/ul>","protected":false},"excerpt":{"rendered":"<p>Originalzeichnungen von Tom Havlasek<\/p>\n<p>Limitierte Auflage Leinwand: Ayrton Sennas Lotus von 1985 auf einem fantastischen Diptychon abgebildet<\/p>","protected":false},"featured_media":748,"template":"","meta":{"_exactmetrics_skip_tracking":false,"_exactmetrics_sitenote_active":false,"_exactmetrics_sitenote_note":"","_exactmetrics_sitenote_category":0,"jetpack_post_was_ever_published":false},"product_cat":[21,138],"product_tag":[34,39,84,78,83],"yoast_head":"<!-- This site is optimized with the Yoast SEO plugin v21.0 - https:\/\/yoast.com\/wordpress\/plugins\/seo\/ -->\n<title>Ayrton Senna - John Players Lotus - Vintage Speedworks<\/title>\n<meta name=\"robots\" content=\"index, follow, max-snippet:-1, max-image-preview:large, max-video-preview:-1\" \/>\n<link rel=\"canonical\" href=\"https:\/\/www.vintage-speedworks.nl\/de\/produkt\/senna-john-players-lotus\/\" \/>\n<meta property=\"og:locale\" content=\"de_DE\" \/>\n<meta property=\"og:type\" content=\"article\" \/>\n<meta property=\"og:title\" content=\"Ayrton Senna - John Players Lotus - Vintage Speedworks\" \/>\n<meta property=\"og:description\" content=\"Original art by Tom Havlasek  Limited Edition Canvas:\u00a0 Ayrton Senna&#039;s Lotus uit 1985 afgebeeld op een fantastisch twee-luik\" \/>\n<meta property=\"og:url\" content=\"https:\/\/www.vintage-speedworks.nl\/de\/produkt\/senna-john-players-lotus\/\" \/>\n<meta property=\"og:site_name\" content=\"Vintage Speedworks\" \/>\n<meta property=\"article:modified_time\" content=\"2018-10-27T13:59:50+00:00\" \/>\n<meta property=\"og:image\" content=\"https:\/\/i2.wp.com\/www.vintage-speedworks.nl\/wp-content\/uploads\/Lotus-John-players-Senna-F1-art-small-e1512993287484.jpg?fit=450%2C346&ssl=1\" \/>\n\t<meta property=\"og:image:width\" content=\"450\" \/>\n\t<meta property=\"og:image:height\" content=\"346\" \/>\n\t<meta property=\"og:image:type\" content=\"image\/jpeg\" \/>\n<meta name=\"twitter:card\" content=\"summary_large_image\" \/>\n<meta name=\"twitter:label1\" content=\"Gesch\u00e4tzte Lesezeit\" \/>\n\t<meta name=\"twitter:data1\" content=\"1\u00a0Minute\" \/>\n<script type=\"application\/ld+json\" class=\"yoast-schema-graph\">{\"@context\":\"https:\/\/schema.org\",\"@graph\":[{\"@type\":\"WebPage\",\"@id\":\"https:\/\/www.vintage-speedworks.nl\/product\/senna-john-players-lotus\/\",\"url\":\"https:\/\/www.vintage-speedworks.nl\/product\/senna-john-players-lotus\/\",\"name\":\"Ayrton Senna - John Players Lotus - Vintage Speedworks\",\"isPartOf\":{\"@id\":\"https:\/\/www.vintage-speedworks.nl\/#website\"},\"datePublished\":\"2017-12-11T11:46:56+00:00\",\"dateModified\":\"2018-10-27T13:59:50+00:00\",\"breadcrumb\":{\"@id\":\"https:\/\/www.vintage-speedworks.nl\/product\/senna-john-players-lotus\/#breadcrumb\"},\"inLanguage\":\"de\",\"potentialAction\":[{\"@type\":\"ReadAction\",\"target\":[\"https:\/\/www.vintage-speedworks.nl\/product\/senna-john-players-lotus\/\"]}]},{\"@type\":\"BreadcrumbList\",\"@id\":\"https:\/\/www.vintage-speedworks.nl\/product\/senna-john-players-lotus\/#breadcrumb\",\"itemListElement\":[{\"@type\":\"ListItem\",\"position\":1,\"name\":\"Home\",\"item\":\"https:\/\/www.vintage-speedworks.nl\/\"},{\"@type\":\"ListItem\",\"position\":2,\"name\":\"Webshop\",\"item\":\"https:\/\/www.vintage-speedworks.nl\/webshop\/\"},{\"@type\":\"ListItem\",\"position\":3,\"name\":\"Ayrton Senna &#8211; John Players Lotus\"}]},{\"@type\":\"WebSite\",\"@id\":\"https:\/\/www.vintage-speedworks.nl\/#website\",\"url\":\"https:\/\/www.vintage-speedworks.nl\/\",\"name\":\"Vintage Speedworks\",\"description\":\"Vintage art for speedfreaks\",\"potentialAction\":[{\"@type\":\"SearchAction\",\"target\":{\"@type\":\"EntryPoint\",\"urlTemplate\":\"https:\/\/www.vintage-speedworks.nl\/?s={search_term_string}\"},\"query-input\":\"required name=search_term_string\"}],\"inLanguage\":\"de\"}]}<\/script>\n<!-- \/ Yoast SEO plugin. -->","yoast_head_json":{"title":"Ayrton Senna - John Players Lotus - Vintage Speedworks","robots":{"index":"index","follow":"follow","max-snippet":"max-snippet:-1","max-image-preview":"max-image-preview:large","max-video-preview":"max-video-preview:-1"},"canonical":"https:\/\/www.vintage-speedworks.nl\/de\/produkt\/senna-john-players-lotus\/","og_locale":"de_DE","og_type":"article","og_title":"Ayrton Senna - John Players Lotus - Vintage Speedworks","og_description":"Original art by Tom Havlasek  Limited Edition Canvas:\u00a0 Ayrton Senna's Lotus uit 1985 afgebeeld op een fantastisch twee-luik","og_url":"https:\/\/www.vintage-speedworks.nl\/de\/produkt\/senna-john-players-lotus\/","og_site_name":"Vintage Speedworks","article_modified_time":"2018-10-27T13:59:50+00:00","og_image":[{"width":450,"height":346,"url":"https:\/\/i2.wp.com\/www.vintage-speedworks.nl\/wp-content\/uploads\/Lotus-John-players-Senna-F1-art-small-e1512993287484.jpg?fit=450%2C346&ssl=1","type":"image\/jpeg"}],"twitter_card":"summary_large_image","twitter_misc":{"Gesch\u00e4tzte Lesezeit":"1\u00a0Minute"},"schema":{"@context":"https:\/\/schema.org","@graph":[{"@type":"WebPage","@id":"https:\/\/www.vintage-speedworks.nl\/product\/senna-john-players-lotus\/","url":"https:\/\/www.vintage-speedworks.nl\/product\/senna-john-players-lotus\/","name":"Ayrton Senna - John Players Lotus - Vintage Speedworks","isPartOf":{"@id":"https:\/\/www.vintage-speedworks.nl\/#website"},"datePublished":"2017-12-11T11:46:56+00:00","dateModified":"2018-10-27T13:59:50+00:00","breadcrumb":{"@id":"https:\/\/www.vintage-speedworks.nl\/product\/senna-john-players-lotus\/#breadcrumb"},"inLanguage":"de","potentialAction":[{"@type":"ReadAction","target":["https:\/\/www.vintage-speedworks.nl\/product\/senna-john-players-lotus\/"]}]},{"@type":"BreadcrumbList","@id":"https:\/\/www.vintage-speedworks.nl\/product\/senna-john-players-lotus\/#breadcrumb","itemListElement":[{"@type":"ListItem","position":1,"name":"Home","item":"https:\/\/www.vintage-speedworks.nl\/"},{"@type":"ListItem","position":2,"name":"Webshop","item":"https:\/\/www.vintage-speedworks.nl\/webshop\/"},{"@type":"ListItem","position":3,"name":"Ayrton Senna &#8211; John Players Lotus"}]},{"@type":"WebSite","@id":"https:\/\/www.vintage-speedworks.nl\/#website","url":"https:\/\/www.vintage-speedworks.nl\/","name":"Vintage Speedworks","description":"Vintage art for speedfreaks","potentialAction":[{"@type":"SearchAction","target":{"@type":"EntryPoint","urlTemplate":"https:\/\/www.vintage-speedworks.nl\/?s={search_term_string}"},"query-input":"required name=search_term_string"}],"inLanguage":"de"}]}},"_links":{"self":[{"href":"https:\/\/www.vintage-speedworks.nl\/de\/wp-json\/wp\/v2\/product\/744"}],"collection":[{"href":"https:\/\/www.vintage-speedworks.nl\/de\/wp-json\/wp\/v2\/product"}],"about":[{"href":"https:\/\/www.vintage-speedworks.nl\/de\/wp-json\/wp\/v2\/types\/product"}],"wp:featuredmedia":[{"embeddable":true,"href":"https:\/\/www.vintage-speedworks.nl\/de\/wp-json\/wp\/v2\/media\/748"}],"wp:attachment":[{"href":"https:\/\/www.vintage-speedworks.nl\/de\/wp-json\/wp\/v2\/media?parent=744"}],"wp:term":[{"taxonomy":"product_cat","embeddable":true,"href":"https:\/\/www.vintage-speedworks.nl\/de\/wp-json\/wp\/v2\/product_cat?post=744"},{"taxonomy":"product_tag","embeddable":true,"href":"https:\/\/www.vintage-speedworks.nl\/de\/wp-json\/wp\/v2\/product_tag?post=744"}],"curies":[{"name":"wp","href":"https:\/\/api.w.org\/{rel}","templated":true}]}}