{"id":718,"date":"2017-12-08T15:57:11","date_gmt":"2017-12-08T15:57:11","guid":{"rendered":"http:\/\/www.vintage-speedworks.nl\/?post_type=product&#038;p=718"},"modified":"2019-12-28T13:11:19","modified_gmt":"2019-12-28T13:11:19","slug":"niki-lauda-ferrari-hero","status":"publish","type":"product","link":"https:\/\/www.vintage-speedworks.nl\/de\/produkt\/niki-lauda-ferrari-hero\/","title":{"rendered":"Niki Lauda - Held des Jahres"},"content":{"rendered":"<p>Die Mitte der 1970er Jahre waren die erfolgreichen Jahre f\u00fcr Niki Lauda. 1975 gewann er mit Ferrari seine erste Weltmeisterschaft und 1976 schien er auf dem besten Weg, eine zweite hinzuzuf\u00fcgen. Sein Unfall auf dem N\u00fcrburgring im Jahr 1976 schockierte die Motorsportwelt und ihn selbst. Er verpasste mehrere Rennen, k\u00e4mpfte sich aber zur\u00fcck, um in den letzten Rennen um die Meisterschaft zu k\u00e4mpfen.<\/p>\n<p>James Hunt hatte eigentlich eine sehr starke Serie in der zweiten Saisonh\u00e4lfte und ging alle Risiken ein. Sicherlich wurde auch der letzte GP auf der Fuji-Rennstrecke dadurch entschieden. Das Rennen wurde unter sehr schlechten Bedingungen gestartet und nach einigen Runden stoppte Niki Lauda an der Box, weil es zu gef\u00e4hrlich war. Das Rennen wurde fortgesetzt und von James Hunt gewonnen, der damit mit einem Punkt Vorsprung Meister wurde.<\/p>\n<p>Tom Havlasek hat alle gro\u00dfen Champions mit einem Portr\u00e4t geehrt. Neben diesem von Niki Lauda sind bei Vintage Seedworks auch limitierte Auflagen von James Hunt, Ayrton Senna und Michael Schumacher erh\u00e4ltlich.<\/p>\n<h2><b>Abmessungen<\/b><b>:<\/b><\/h2>\n<ul>\n<li>Abmessungen (cm): 95,0 x 95,0 cm<\/li>\n<\/ul>\n<h2><b>Einzelheiten:<\/b><\/h2>\n<ul>\n<li>Der Leinwanddruck wurde von Tom Havlasek selbst nachbearbeitet, daher einzigartig!<\/li>\n<li>Limitierte Auflage von 25 St\u00fcck (signiert und nummeriert)<\/li>\n<\/ul>\n<h2><b>Lieferung:<\/b><\/h2>\n<ul>\n<li>Lieferfrist: 2 Wochen<\/li>\n<li>Versand in einer sch\u00fctzenden Box<\/li>\n<\/ul>\n<p>&nbsp;<\/p>","protected":false},"excerpt":{"rendered":"<p>Originalzeichnungen von Tom Havlasek<\/p>\n<p>Limited Edition Canvas: Ikone der 70er und 80er Jahre und Rivale von James Hunt:\u00a0 <em>Niki Lauda<\/em><\/p>","protected":false},"featured_media":3166,"template":"","meta":{"_exactmetrics_skip_tracking":false,"_exactmetrics_sitenote_active":false,"_exactmetrics_sitenote_note":"","_exactmetrics_sitenote_category":0,"jetpack_post_was_ever_published":false},"product_cat":[21,65,138],"product_tag":[34,76,39,78,81,82],"yoast_head":"<!-- This site is optimized with the Yoast SEO plugin v21.0 - https:\/\/yoast.com\/wordpress\/plugins\/seo\/ -->\n<title>Niki Lauda - Vintage Hero - Vintage Speedworks<\/title>\n<meta name=\"robots\" content=\"index, follow, max-snippet:-1, max-image-preview:large, max-video-preview:-1\" \/>\n<link rel=\"canonical\" href=\"https:\/\/www.vintage-speedworks.nl\/de\/produkt\/niki-lauda-ferrari-hero\/\" \/>\n<meta property=\"og:locale\" content=\"de_DE\" \/>\n<meta property=\"og:type\" content=\"article\" \/>\n<meta property=\"og:title\" content=\"Niki Lauda - Vintage Hero - Vintage Speedworks\" \/>\n<meta property=\"og:description\" content=\"Original art by Tom Havlasek  Limited Edition Canvas:\u00a0 Icoon van de jaren 70 en 80 en rivaal van James Hunt:\u00a0 Niki Lauda\" \/>\n<meta property=\"og:url\" content=\"https:\/\/www.vintage-speedworks.nl\/de\/produkt\/niki-lauda-ferrari-hero\/\" \/>\n<meta property=\"og:site_name\" content=\"Vintage Speedworks\" \/>\n<meta property=\"article:modified_time\" content=\"2019-12-28T13:11:19+00:00\" \/>\n<meta property=\"og:image\" content=\"https:\/\/i1.wp.com\/www.vintage-speedworks.nl\/wp-content\/uploads\/Niki_Lauda_F1_painting_schlderij_kunst_art_Havlasek.jpg?fit=803%2C764&ssl=1\" \/>\n\t<meta property=\"og:image:width\" content=\"803\" \/>\n\t<meta property=\"og:image:height\" content=\"764\" \/>\n\t<meta property=\"og:image:type\" content=\"image\/jpeg\" \/>\n<meta name=\"twitter:card\" content=\"summary_large_image\" \/>\n<meta name=\"twitter:label1\" content=\"Gesch\u00e4tzte Lesezeit\" \/>\n\t<meta name=\"twitter:data1\" content=\"1\u00a0Minute\" \/>\n<script type=\"application\/ld+json\" class=\"yoast-schema-graph\">{\"@context\":\"https:\/\/schema.org\",\"@graph\":[{\"@type\":\"WebPage\",\"@id\":\"https:\/\/www.vintage-speedworks.nl\/product\/niki-lauda-ferrari-hero\/\",\"url\":\"https:\/\/www.vintage-speedworks.nl\/product\/niki-lauda-ferrari-hero\/\",\"name\":\"Niki Lauda - Vintage Hero - Vintage Speedworks\",\"isPartOf\":{\"@id\":\"https:\/\/www.vintage-speedworks.nl\/#website\"},\"datePublished\":\"2017-12-08T15:57:11+00:00\",\"dateModified\":\"2019-12-28T13:11:19+00:00\",\"breadcrumb\":{\"@id\":\"https:\/\/www.vintage-speedworks.nl\/product\/niki-lauda-ferrari-hero\/#breadcrumb\"},\"inLanguage\":\"de\",\"potentialAction\":[{\"@type\":\"ReadAction\",\"target\":[\"https:\/\/www.vintage-speedworks.nl\/product\/niki-lauda-ferrari-hero\/\"]}]},{\"@type\":\"BreadcrumbList\",\"@id\":\"https:\/\/www.vintage-speedworks.nl\/product\/niki-lauda-ferrari-hero\/#breadcrumb\",\"itemListElement\":[{\"@type\":\"ListItem\",\"position\":1,\"name\":\"Home\",\"item\":\"https:\/\/www.vintage-speedworks.nl\/\"},{\"@type\":\"ListItem\",\"position\":2,\"name\":\"Webshop\",\"item\":\"https:\/\/www.vintage-speedworks.nl\/webshop\/\"},{\"@type\":\"ListItem\",\"position\":3,\"name\":\"Niki Lauda &#8211; Vintage Hero\"}]},{\"@type\":\"WebSite\",\"@id\":\"https:\/\/www.vintage-speedworks.nl\/#website\",\"url\":\"https:\/\/www.vintage-speedworks.nl\/\",\"name\":\"Vintage Speedworks\",\"description\":\"Vintage art for speedfreaks\",\"potentialAction\":[{\"@type\":\"SearchAction\",\"target\":{\"@type\":\"EntryPoint\",\"urlTemplate\":\"https:\/\/www.vintage-speedworks.nl\/?s={search_term_string}\"},\"query-input\":\"required name=search_term_string\"}],\"inLanguage\":\"de\"}]}<\/script>\n<!-- \/ Yoast SEO plugin. -->","yoast_head_json":{"title":"Niki Lauda - Vintage Hero - Vintage Speedworks","robots":{"index":"index","follow":"follow","max-snippet":"max-snippet:-1","max-image-preview":"max-image-preview:large","max-video-preview":"max-video-preview:-1"},"canonical":"https:\/\/www.vintage-speedworks.nl\/de\/produkt\/niki-lauda-ferrari-hero\/","og_locale":"de_DE","og_type":"article","og_title":"Niki Lauda - Vintage Hero - Vintage Speedworks","og_description":"Original art by Tom Havlasek  Limited Edition Canvas:\u00a0 Icoon van de jaren 70 en 80 en rivaal van James Hunt:\u00a0 Niki Lauda","og_url":"https:\/\/www.vintage-speedworks.nl\/de\/produkt\/niki-lauda-ferrari-hero\/","og_site_name":"Vintage Speedworks","article_modified_time":"2019-12-28T13:11:19+00:00","og_image":[{"width":803,"height":764,"url":"https:\/\/i1.wp.com\/www.vintage-speedworks.nl\/wp-content\/uploads\/Niki_Lauda_F1_painting_schlderij_kunst_art_Havlasek.jpg?fit=803%2C764&ssl=1","type":"image\/jpeg"}],"twitter_card":"summary_large_image","twitter_misc":{"Gesch\u00e4tzte Lesezeit":"1\u00a0Minute"},"schema":{"@context":"https:\/\/schema.org","@graph":[{"@type":"WebPage","@id":"https:\/\/www.vintage-speedworks.nl\/product\/niki-lauda-ferrari-hero\/","url":"https:\/\/www.vintage-speedworks.nl\/product\/niki-lauda-ferrari-hero\/","name":"Niki Lauda - Vintage Hero - Vintage Speedworks","isPartOf":{"@id":"https:\/\/www.vintage-speedworks.nl\/#website"},"datePublished":"2017-12-08T15:57:11+00:00","dateModified":"2019-12-28T13:11:19+00:00","breadcrumb":{"@id":"https:\/\/www.vintage-speedworks.nl\/product\/niki-lauda-ferrari-hero\/#breadcrumb"},"inLanguage":"de","potentialAction":[{"@type":"ReadAction","target":["https:\/\/www.vintage-speedworks.nl\/product\/niki-lauda-ferrari-hero\/"]}]},{"@type":"BreadcrumbList","@id":"https:\/\/www.vintage-speedworks.nl\/product\/niki-lauda-ferrari-hero\/#breadcrumb","itemListElement":[{"@type":"ListItem","position":1,"name":"Home","item":"https:\/\/www.vintage-speedworks.nl\/"},{"@type":"ListItem","position":2,"name":"Webshop","item":"https:\/\/www.vintage-speedworks.nl\/webshop\/"},{"@type":"ListItem","position":3,"name":"Niki Lauda &#8211; Vintage Hero"}]},{"@type":"WebSite","@id":"https:\/\/www.vintage-speedworks.nl\/#website","url":"https:\/\/www.vintage-speedworks.nl\/","name":"Vintage Speedworks","description":"Vintage art for speedfreaks","potentialAction":[{"@type":"SearchAction","target":{"@type":"EntryPoint","urlTemplate":"https:\/\/www.vintage-speedworks.nl\/?s={search_term_string}"},"query-input":"required name=search_term_string"}],"inLanguage":"de"}]}},"_links":{"self":[{"href":"https:\/\/www.vintage-speedworks.nl\/de\/wp-json\/wp\/v2\/product\/718"}],"collection":[{"href":"https:\/\/www.vintage-speedworks.nl\/de\/wp-json\/wp\/v2\/product"}],"about":[{"href":"https:\/\/www.vintage-speedworks.nl\/de\/wp-json\/wp\/v2\/types\/product"}],"wp:featuredmedia":[{"embeddable":true,"href":"https:\/\/www.vintage-speedworks.nl\/de\/wp-json\/wp\/v2\/media\/3166"}],"wp:attachment":[{"href":"https:\/\/www.vintage-speedworks.nl\/de\/wp-json\/wp\/v2\/media?parent=718"}],"wp:term":[{"taxonomy":"product_cat","embeddable":true,"href":"https:\/\/www.vintage-speedworks.nl\/de\/wp-json\/wp\/v2\/product_cat?post=718"},{"taxonomy":"product_tag","embeddable":true,"href":"https:\/\/www.vintage-speedworks.nl\/de\/wp-json\/wp\/v2\/product_tag?post=718"}],"curies":[{"name":"wp","href":"https:\/\/api.w.org\/{rel}","templated":true}]}}