{"id":714,"date":"2017-12-08T15:52:48","date_gmt":"2017-12-08T15:52:48","guid":{"rendered":"http:\/\/www.vintage-speedworks.nl\/?post_type=product&#038;p=714"},"modified":"2019-12-28T12:14:42","modified_gmt":"2019-12-28T12:14:42","slug":"michael-schumacher-ferrari-portrait","status":"publish","type":"product","link":"https:\/\/www.vintage-speedworks.nl\/de\/produkt\/michael-schumacher-ferrari-portrait\/","title":{"rendered":"Michael Schumacher - Held des Jahres"},"content":{"rendered":"<p><!--more-->Michael Schumacher ist einer der gr\u00f6\u00dften Fahrer aller Zeiten, und ganz sicher der letzten 20 Jahre. Sein Deb\u00fct mit Jordan beim GP Belgien 1991 beeindruckte viele Teamchefs, auch wenn der Jordan-Ford schon nach wenigen Kurven mit einer defekten Kupplung ausfiel.<\/p>\n<p>W\u00e4hrend seiner Zeit bei Benneton entwickelte er sich von einem Rennsieger zu einem Weltmeister. Der Wechsel zu Ferrari im Jahr 1996 war ein gewagter Schritt, der sich schlie\u00dflich zwischen 2000 und 2004 mit vier Weltmeisterschaften auszahlte. Die K\u00e4mpfe aus dieser Zeit mit Mika Hakkininen und sp\u00e4ter Fernando Alonso und Kimi Raikonen k\u00f6nnen immer noch als ikonisch bezeichnet werden.<\/p>\n<p>Der K\u00fcnstler Tom HAvlasek schuf einige Portr\u00e4ts seiner Haupthelden, die in unserem Shop zu finden sind. Die Kunstwerke sind nummeriert und einzigartig und bringen uns die Atmosph\u00e4re der damaligen Zeit vollst\u00e4ndig zur\u00fcck.<\/p>\n<h2><b>Abmessungen<\/b><b>:<\/b><\/h2>\n<ul>\n<li>Abmessungen (cm): 95,0 x 95,0 cm<\/li>\n<\/ul>\n<h2><b>Einzelheiten:<\/b><\/h2>\n<ul>\n<li>Der Leinwanddruck wurde von Tom Havlasek selbst nachbearbeitet, daher einzigartig!<\/li>\n<li>Limitierte Auflage von 25 St\u00fcck (signiert und nummeriert)<\/li>\n<\/ul>\n<h2><b>Lieferung:<\/b><\/h2>\n<ul>\n<li>Lieferfrist: 2 Wochen<\/li>\n<li>Versand in einer sch\u00fctzenden Box<\/li>\n<\/ul>","protected":false},"excerpt":{"rendered":"<p>Originalzeichnungen von Tom Havlasek<\/p>\n<p>Limitierte Auflage Leinwand: Held der 90er und 2000er Jahre, Michael Schumacher<\/p>","protected":false},"featured_media":3156,"template":"","meta":{"_exactmetrics_skip_tracking":false,"_exactmetrics_sitenote_active":false,"_exactmetrics_sitenote_note":"","_exactmetrics_sitenote_category":0,"jetpack_post_was_ever_published":false},"product_cat":[21,65,138],"product_tag":[34,76,39,79],"yoast_head":"<!-- This site is optimized with the Yoast SEO plugin v21.0 - https:\/\/yoast.com\/wordpress\/plugins\/seo\/ -->\n<title>Michael Schumacher - Vintage Hero - Vintage Speedworks<\/title>\n<meta name=\"robots\" content=\"index, follow, max-snippet:-1, max-image-preview:large, max-video-preview:-1\" \/>\n<link rel=\"canonical\" href=\"https:\/\/www.vintage-speedworks.nl\/de\/produkt\/michael-schumacher-ferrari-portrait\/\" \/>\n<meta property=\"og:locale\" content=\"de_DE\" \/>\n<meta property=\"og:type\" content=\"article\" \/>\n<meta property=\"og:title\" content=\"Michael Schumacher - Vintage Hero - Vintage Speedworks\" \/>\n<meta property=\"og:description\" content=\"Original art by Tom Havlasek  Limited Edition Canvas:\u00a0 Held van de jaren 90 en 2000, Michael Schumacher\" \/>\n<meta property=\"og:url\" content=\"https:\/\/www.vintage-speedworks.nl\/de\/produkt\/michael-schumacher-ferrari-portrait\/\" \/>\n<meta property=\"og:site_name\" content=\"Vintage Speedworks\" \/>\n<meta property=\"article:modified_time\" content=\"2019-12-28T12:14:42+00:00\" \/>\n<meta property=\"og:image\" content=\"https:\/\/i0.wp.com\/www.vintage-speedworks.nl\/wp-content\/uploads\/Schumacher-helmet-Havlasek_portrait_schilderij_ferrari.jpg?fit=810%2C810&ssl=1\" \/>\n\t<meta property=\"og:image:width\" content=\"810\" \/>\n\t<meta property=\"og:image:height\" content=\"810\" \/>\n\t<meta property=\"og:image:type\" content=\"image\/jpeg\" \/>\n<meta name=\"twitter:card\" content=\"summary_large_image\" \/>\n<meta name=\"twitter:label1\" content=\"Gesch\u00e4tzte Lesezeit\" \/>\n\t<meta name=\"twitter:data1\" content=\"1\u00a0Minute\" \/>\n<script type=\"application\/ld+json\" class=\"yoast-schema-graph\">{\"@context\":\"https:\/\/schema.org\",\"@graph\":[{\"@type\":\"WebPage\",\"@id\":\"https:\/\/www.vintage-speedworks.nl\/product\/michael-schumacher-ferrari-portrait\/\",\"url\":\"https:\/\/www.vintage-speedworks.nl\/product\/michael-schumacher-ferrari-portrait\/\",\"name\":\"Michael Schumacher - Vintage Hero - Vintage Speedworks\",\"isPartOf\":{\"@id\":\"https:\/\/www.vintage-speedworks.nl\/#website\"},\"datePublished\":\"2017-12-08T15:52:48+00:00\",\"dateModified\":\"2019-12-28T12:14:42+00:00\",\"breadcrumb\":{\"@id\":\"https:\/\/www.vintage-speedworks.nl\/product\/michael-schumacher-ferrari-portrait\/#breadcrumb\"},\"inLanguage\":\"de\",\"potentialAction\":[{\"@type\":\"ReadAction\",\"target\":[\"https:\/\/www.vintage-speedworks.nl\/product\/michael-schumacher-ferrari-portrait\/\"]}]},{\"@type\":\"BreadcrumbList\",\"@id\":\"https:\/\/www.vintage-speedworks.nl\/product\/michael-schumacher-ferrari-portrait\/#breadcrumb\",\"itemListElement\":[{\"@type\":\"ListItem\",\"position\":1,\"name\":\"Home\",\"item\":\"https:\/\/www.vintage-speedworks.nl\/\"},{\"@type\":\"ListItem\",\"position\":2,\"name\":\"Webshop\",\"item\":\"https:\/\/www.vintage-speedworks.nl\/webshop\/\"},{\"@type\":\"ListItem\",\"position\":3,\"name\":\"Michael Schumacher &#8211; Vintage Hero\"}]},{\"@type\":\"WebSite\",\"@id\":\"https:\/\/www.vintage-speedworks.nl\/#website\",\"url\":\"https:\/\/www.vintage-speedworks.nl\/\",\"name\":\"Vintage Speedworks\",\"description\":\"Vintage art for speedfreaks\",\"potentialAction\":[{\"@type\":\"SearchAction\",\"target\":{\"@type\":\"EntryPoint\",\"urlTemplate\":\"https:\/\/www.vintage-speedworks.nl\/?s={search_term_string}\"},\"query-input\":\"required name=search_term_string\"}],\"inLanguage\":\"de\"}]}<\/script>\n<!-- \/ Yoast SEO plugin. -->","yoast_head_json":{"title":"Michael Schumacher - Vintage Hero - Vintage Speedworks","robots":{"index":"index","follow":"follow","max-snippet":"max-snippet:-1","max-image-preview":"max-image-preview:large","max-video-preview":"max-video-preview:-1"},"canonical":"https:\/\/www.vintage-speedworks.nl\/de\/produkt\/michael-schumacher-ferrari-portrait\/","og_locale":"de_DE","og_type":"article","og_title":"Michael Schumacher - Vintage Hero - Vintage Speedworks","og_description":"Original art by Tom Havlasek  Limited Edition Canvas:\u00a0 Held van de jaren 90 en 2000, Michael Schumacher","og_url":"https:\/\/www.vintage-speedworks.nl\/de\/produkt\/michael-schumacher-ferrari-portrait\/","og_site_name":"Vintage Speedworks","article_modified_time":"2019-12-28T12:14:42+00:00","og_image":[{"width":810,"height":810,"url":"https:\/\/i0.wp.com\/www.vintage-speedworks.nl\/wp-content\/uploads\/Schumacher-helmet-Havlasek_portrait_schilderij_ferrari.jpg?fit=810%2C810&ssl=1","type":"image\/jpeg"}],"twitter_card":"summary_large_image","twitter_misc":{"Gesch\u00e4tzte Lesezeit":"1\u00a0Minute"},"schema":{"@context":"https:\/\/schema.org","@graph":[{"@type":"WebPage","@id":"https:\/\/www.vintage-speedworks.nl\/product\/michael-schumacher-ferrari-portrait\/","url":"https:\/\/www.vintage-speedworks.nl\/product\/michael-schumacher-ferrari-portrait\/","name":"Michael Schumacher - Vintage Hero - Vintage Speedworks","isPartOf":{"@id":"https:\/\/www.vintage-speedworks.nl\/#website"},"datePublished":"2017-12-08T15:52:48+00:00","dateModified":"2019-12-28T12:14:42+00:00","breadcrumb":{"@id":"https:\/\/www.vintage-speedworks.nl\/product\/michael-schumacher-ferrari-portrait\/#breadcrumb"},"inLanguage":"de","potentialAction":[{"@type":"ReadAction","target":["https:\/\/www.vintage-speedworks.nl\/product\/michael-schumacher-ferrari-portrait\/"]}]},{"@type":"BreadcrumbList","@id":"https:\/\/www.vintage-speedworks.nl\/product\/michael-schumacher-ferrari-portrait\/#breadcrumb","itemListElement":[{"@type":"ListItem","position":1,"name":"Home","item":"https:\/\/www.vintage-speedworks.nl\/"},{"@type":"ListItem","position":2,"name":"Webshop","item":"https:\/\/www.vintage-speedworks.nl\/webshop\/"},{"@type":"ListItem","position":3,"name":"Michael Schumacher &#8211; Vintage Hero"}]},{"@type":"WebSite","@id":"https:\/\/www.vintage-speedworks.nl\/#website","url":"https:\/\/www.vintage-speedworks.nl\/","name":"Vintage Speedworks","description":"Vintage art for speedfreaks","potentialAction":[{"@type":"SearchAction","target":{"@type":"EntryPoint","urlTemplate":"https:\/\/www.vintage-speedworks.nl\/?s={search_term_string}"},"query-input":"required name=search_term_string"}],"inLanguage":"de"}]}},"_links":{"self":[{"href":"https:\/\/www.vintage-speedworks.nl\/de\/wp-json\/wp\/v2\/product\/714"}],"collection":[{"href":"https:\/\/www.vintage-speedworks.nl\/de\/wp-json\/wp\/v2\/product"}],"about":[{"href":"https:\/\/www.vintage-speedworks.nl\/de\/wp-json\/wp\/v2\/types\/product"}],"wp:featuredmedia":[{"embeddable":true,"href":"https:\/\/www.vintage-speedworks.nl\/de\/wp-json\/wp\/v2\/media\/3156"}],"wp:attachment":[{"href":"https:\/\/www.vintage-speedworks.nl\/de\/wp-json\/wp\/v2\/media?parent=714"}],"wp:term":[{"taxonomy":"product_cat","embeddable":true,"href":"https:\/\/www.vintage-speedworks.nl\/de\/wp-json\/wp\/v2\/product_cat?post=714"},{"taxonomy":"product_tag","embeddable":true,"href":"https:\/\/www.vintage-speedworks.nl\/de\/wp-json\/wp\/v2\/product_tag?post=714"}],"curies":[{"name":"wp","href":"https:\/\/api.w.org\/{rel}","templated":true}]}}