{"id":709,"date":"2017-12-08T15:44:02","date_gmt":"2017-12-08T15:44:02","guid":{"rendered":"http:\/\/www.vintage-speedworks.nl\/?post_type=product&#038;p=709"},"modified":"2018-09-20T11:31:53","modified_gmt":"2018-09-20T11:31:53","slug":"ferrari-2000-michael-schumacher","status":"publish","type":"product","link":"https:\/\/www.vintage-speedworks.nl\/de\/produkt\/ferrari-2000-michael-schumacher\/","title":{"rendered":"Michael Schumacher - Weltmeister 2000"},"content":{"rendered":"<p>&nbsp;<\/p>\n<p>Michael Schumacher ist einer der gr\u00f6\u00dften Fahrer aller Zeiten, und ganz sicher der letzten 20 Jahre. Sein Deb\u00fct mit Jordan beim GP Belgien 1991 beeindruckte viele Teamchefs, auch wenn der Jordan-Ford schon nach wenigen Kurven mit einer defekten Kupplung ausfiel.<\/p>\n<p>W\u00e4hrend seiner Zeit bei Benneton entwickelte er sich von einem Rennsieger zu einem Weltmeister. Der Wechsel zu Ferrari im Jahr 1996 war gewagt, und erst im Jahr 2000 konnte er seine erste Meisterschaft gewinnen. Der Kampf mit Mika Hakkinen in diesem Jahr war sehr spektakul\u00e4r. Hakkinens \u00dcberholman\u00f6ver auf der Strecke von Spa-Francorchamps ist den meisten Motorsportfans noch im Ged\u00e4chtnis.<\/p>\n<p>Abgesehen von diesem \u00dcberholman\u00f6ver war Schumacher mit dem Ferrari F1-2000 der Beste der Saison. Nach 21 Jahren konnte Ferrari endlich wieder eine Weltmeisterschaft f\u00fcr sich verbuchen. Drei weitere folgten in den Jahren 2001-2004, die zum Teil von Michael Schumacher, Ross Brawn und Jean Todt souver\u00e4n gewonnen wurden.<\/p>\n<h2><b>Abmessungen<\/b><b>:<\/b><\/h2>\n<ul>\n<li>Abmessungen (cm): 95,0 x 95,0 cm<\/li>\n<\/ul>\n<h2><b>Einzelheiten:<\/b><\/h2>\n<ul>\n<li>Der Leinwanddruck wurde von Tom Havlasek selbst nachbearbeitet, daher einzigartig!<\/li>\n<li>Limitierte Auflage von 25 St\u00fcck (signiert und nummeriert)<\/li>\n<\/ul>\n<h2><b>Lieferung:<\/b><\/h2>\n<ul>\n<li>Lieferfrist: 2 Wochen<\/li>\n<li>Versand in einer sch\u00fctzenden Box<\/li>\n<\/ul>","protected":false},"excerpt":{"rendered":"<p>Originalzeichnungen von Tom Havlasek<\/p>\n<p>Limitierte Auflage Leinwand: Michael Schumacher im Ferrai, mit dem er nach einem langen Kampf mit Mika Hakkinen seinen 3.<\/p>","protected":false},"featured_media":710,"template":"","meta":{"_exactmetrics_skip_tracking":false,"_exactmetrics_sitenote_active":false,"_exactmetrics_sitenote_note":"","_exactmetrics_sitenote_category":0,"jetpack_post_was_ever_published":false},"product_cat":[21,65,138],"product_tag":[34,76,39,78,80,79],"yoast_head":"<!-- This site is optimized with the Yoast SEO plugin v21.0 - https:\/\/yoast.com\/wordpress\/plugins\/seo\/ -->\n<title>Michael Schumacher - 2000 World Champion - Vintage Speedworks<\/title>\n<meta name=\"robots\" content=\"index, follow, max-snippet:-1, max-image-preview:large, max-video-preview:-1\" \/>\n<link rel=\"canonical\" href=\"https:\/\/www.vintage-speedworks.nl\/de\/produkt\/ferrari-2000-michael-schumacher\/\" \/>\n<meta property=\"og:locale\" content=\"de_DE\" \/>\n<meta property=\"og:type\" content=\"article\" \/>\n<meta property=\"og:title\" content=\"Michael Schumacher - 2000 World Champion - Vintage Speedworks\" \/>\n<meta property=\"og:description\" content=\"Original art by Tom Havlasek  Limited Edition Canvas:\u00a0 Michael Schumacher afgebeeld in de Ferrai waarmee hij zijn 3e wereldtitel binnensleepte na een lang gevecht met Mika Hakkinen.\" \/>\n<meta property=\"og:url\" content=\"https:\/\/www.vintage-speedworks.nl\/de\/produkt\/ferrari-2000-michael-schumacher\/\" \/>\n<meta property=\"og:site_name\" content=\"Vintage Speedworks\" \/>\n<meta property=\"article:modified_time\" content=\"2018-09-20T11:31:53+00:00\" \/>\n<meta property=\"og:image\" content=\"https:\/\/i2.wp.com\/www.vintage-speedworks.nl\/wp-content\/uploads\/Schumacher-Ferrari-2000-champion-e1512748107656.jpg?fit=394%2C297&ssl=1\" \/>\n\t<meta property=\"og:image:width\" content=\"394\" \/>\n\t<meta property=\"og:image:height\" content=\"297\" \/>\n\t<meta property=\"og:image:type\" content=\"image\/jpeg\" \/>\n<meta name=\"twitter:card\" content=\"summary_large_image\" \/>\n<meta name=\"twitter:label1\" content=\"Gesch\u00e4tzte Lesezeit\" \/>\n\t<meta name=\"twitter:data1\" content=\"1\u00a0Minute\" \/>\n<script type=\"application\/ld+json\" class=\"yoast-schema-graph\">{\"@context\":\"https:\/\/schema.org\",\"@graph\":[{\"@type\":\"WebPage\",\"@id\":\"https:\/\/www.vintage-speedworks.nl\/product\/ferrari-2000-michael-schumacher\/\",\"url\":\"https:\/\/www.vintage-speedworks.nl\/product\/ferrari-2000-michael-schumacher\/\",\"name\":\"Michael Schumacher - 2000 World Champion - Vintage Speedworks\",\"isPartOf\":{\"@id\":\"https:\/\/www.vintage-speedworks.nl\/#website\"},\"datePublished\":\"2017-12-08T15:44:02+00:00\",\"dateModified\":\"2018-09-20T11:31:53+00:00\",\"breadcrumb\":{\"@id\":\"https:\/\/www.vintage-speedworks.nl\/product\/ferrari-2000-michael-schumacher\/#breadcrumb\"},\"inLanguage\":\"de\",\"potentialAction\":[{\"@type\":\"ReadAction\",\"target\":[\"https:\/\/www.vintage-speedworks.nl\/product\/ferrari-2000-michael-schumacher\/\"]}]},{\"@type\":\"BreadcrumbList\",\"@id\":\"https:\/\/www.vintage-speedworks.nl\/product\/ferrari-2000-michael-schumacher\/#breadcrumb\",\"itemListElement\":[{\"@type\":\"ListItem\",\"position\":1,\"name\":\"Home\",\"item\":\"https:\/\/www.vintage-speedworks.nl\/\"},{\"@type\":\"ListItem\",\"position\":2,\"name\":\"Webshop\",\"item\":\"https:\/\/www.vintage-speedworks.nl\/webshop\/\"},{\"@type\":\"ListItem\",\"position\":3,\"name\":\"Michael Schumacher &#8211; 2000 World Champion\"}]},{\"@type\":\"WebSite\",\"@id\":\"https:\/\/www.vintage-speedworks.nl\/#website\",\"url\":\"https:\/\/www.vintage-speedworks.nl\/\",\"name\":\"Vintage Speedworks\",\"description\":\"Vintage art for speedfreaks\",\"potentialAction\":[{\"@type\":\"SearchAction\",\"target\":{\"@type\":\"EntryPoint\",\"urlTemplate\":\"https:\/\/www.vintage-speedworks.nl\/?s={search_term_string}\"},\"query-input\":\"required name=search_term_string\"}],\"inLanguage\":\"de\"}]}<\/script>\n<!-- \/ Yoast SEO plugin. -->","yoast_head_json":{"title":"Michael Schumacher - 2000 World Champion - Vintage Speedworks","robots":{"index":"index","follow":"follow","max-snippet":"max-snippet:-1","max-image-preview":"max-image-preview:large","max-video-preview":"max-video-preview:-1"},"canonical":"https:\/\/www.vintage-speedworks.nl\/de\/produkt\/ferrari-2000-michael-schumacher\/","og_locale":"de_DE","og_type":"article","og_title":"Michael Schumacher - 2000 World Champion - Vintage Speedworks","og_description":"Original art by Tom Havlasek  Limited Edition Canvas:\u00a0 Michael Schumacher afgebeeld in de Ferrai waarmee hij zijn 3e wereldtitel binnensleepte na een lang gevecht met Mika Hakkinen.","og_url":"https:\/\/www.vintage-speedworks.nl\/de\/produkt\/ferrari-2000-michael-schumacher\/","og_site_name":"Vintage Speedworks","article_modified_time":"2018-09-20T11:31:53+00:00","og_image":[{"width":394,"height":297,"url":"https:\/\/i2.wp.com\/www.vintage-speedworks.nl\/wp-content\/uploads\/Schumacher-Ferrari-2000-champion-e1512748107656.jpg?fit=394%2C297&ssl=1","type":"image\/jpeg"}],"twitter_card":"summary_large_image","twitter_misc":{"Gesch\u00e4tzte Lesezeit":"1\u00a0Minute"},"schema":{"@context":"https:\/\/schema.org","@graph":[{"@type":"WebPage","@id":"https:\/\/www.vintage-speedworks.nl\/product\/ferrari-2000-michael-schumacher\/","url":"https:\/\/www.vintage-speedworks.nl\/product\/ferrari-2000-michael-schumacher\/","name":"Michael Schumacher - 2000 World Champion - Vintage Speedworks","isPartOf":{"@id":"https:\/\/www.vintage-speedworks.nl\/#website"},"datePublished":"2017-12-08T15:44:02+00:00","dateModified":"2018-09-20T11:31:53+00:00","breadcrumb":{"@id":"https:\/\/www.vintage-speedworks.nl\/product\/ferrari-2000-michael-schumacher\/#breadcrumb"},"inLanguage":"de","potentialAction":[{"@type":"ReadAction","target":["https:\/\/www.vintage-speedworks.nl\/product\/ferrari-2000-michael-schumacher\/"]}]},{"@type":"BreadcrumbList","@id":"https:\/\/www.vintage-speedworks.nl\/product\/ferrari-2000-michael-schumacher\/#breadcrumb","itemListElement":[{"@type":"ListItem","position":1,"name":"Home","item":"https:\/\/www.vintage-speedworks.nl\/"},{"@type":"ListItem","position":2,"name":"Webshop","item":"https:\/\/www.vintage-speedworks.nl\/webshop\/"},{"@type":"ListItem","position":3,"name":"Michael Schumacher &#8211; 2000 World Champion"}]},{"@type":"WebSite","@id":"https:\/\/www.vintage-speedworks.nl\/#website","url":"https:\/\/www.vintage-speedworks.nl\/","name":"Vintage Speedworks","description":"Vintage art for speedfreaks","potentialAction":[{"@type":"SearchAction","target":{"@type":"EntryPoint","urlTemplate":"https:\/\/www.vintage-speedworks.nl\/?s={search_term_string}"},"query-input":"required name=search_term_string"}],"inLanguage":"de"}]}},"_links":{"self":[{"href":"https:\/\/www.vintage-speedworks.nl\/de\/wp-json\/wp\/v2\/product\/709"}],"collection":[{"href":"https:\/\/www.vintage-speedworks.nl\/de\/wp-json\/wp\/v2\/product"}],"about":[{"href":"https:\/\/www.vintage-speedworks.nl\/de\/wp-json\/wp\/v2\/types\/product"}],"wp:featuredmedia":[{"embeddable":true,"href":"https:\/\/www.vintage-speedworks.nl\/de\/wp-json\/wp\/v2\/media\/710"}],"wp:attachment":[{"href":"https:\/\/www.vintage-speedworks.nl\/de\/wp-json\/wp\/v2\/media?parent=709"}],"wp:term":[{"taxonomy":"product_cat","embeddable":true,"href":"https:\/\/www.vintage-speedworks.nl\/de\/wp-json\/wp\/v2\/product_cat?post=709"},{"taxonomy":"product_tag","embeddable":true,"href":"https:\/\/www.vintage-speedworks.nl\/de\/wp-json\/wp\/v2\/product_tag?post=709"}],"curies":[{"name":"wp","href":"https:\/\/api.w.org\/{rel}","templated":true}]}}