{"id":701,"date":"2017-12-08T15:32:55","date_gmt":"2017-12-08T15:32:55","guid":{"rendered":"http:\/\/www.vintage-speedworks.nl\/?post_type=product&#038;p=701"},"modified":"2019-12-28T13:13:46","modified_gmt":"2019-12-28T13:13:46","slug":"ferrari-gilles-vileneuve","status":"publish","type":"product","link":"https:\/\/www.vintage-speedworks.nl\/de\/produkt\/ferrari-gilles-vileneuve\/","title":{"rendered":"Gilles Villeneuve - Held des Jahres"},"content":{"rendered":"<p>Die Meisterwerke von Tom Havlasek beginnen oft mit einem sch\u00f6nen Bild. Ein Bild von einem gro\u00dfen Champion, einem \u00dcberholman\u00f6ver oder einem anderen denkw\u00fcrdigen Moment. Er l\u00e4sst sich von den Geschichten hinter den Fahrern inspirieren und auch Gilles Villeneuve hat es ihm angetan.<\/p>\n<p>Im Jahr 1977 war Villeneuve Testfahrer bei McLaren, wo er f\u00fcr 2 Rennen einspringen durfte. 1978 konnte er f\u00fcr das Ferrari-Team fahren und gewann bei seinem Heimrennen auf der Rennstrecke von Montreal. In den n\u00e4chsten Jahren gewann er insgesamt 6 Rennen und machte sich vor allem durch seinen 'do or die'-Fahrstil einen Namen. Villeneuve gab immer Vollgas und verstand sich deshalb nicht immer mit seinen Teamkollegen. Die Emotionen zwischen ihm und Didier Pironi kochten unter anderem nach dem GP von Imola hoch, als Pironi die Anweisungen des Teams ignorierte und Villeneuve \u00fcberholte, um ihm den Sieg wegzunehmen. Villeneuve beschloss, nie wieder ein Wort mit Pironi zu wechseln, was dieser leider sehr w\u00f6rtlich nahm.<\/p>\n<p>Am 8. Mai 1982 r\u00e4chte sich Gilles Villeneuve auf der Rennstrecke von Zolder w\u00e4hrend des letzten Qualifyings.<\/p>\n<h2><b>Abmessungen<\/b><b>:<\/b><\/h2>\n<ul>\n<li>Abmessungen (cm): 65,00 x 165 cm<\/li>\n<\/ul>\n<h2><b>Einzelheiten:<\/b><\/h2>\n<ul>\n<li>Siebdruck auf stabilem Holzrahmen aufgespannt<\/li>\n<li>Von Tom Havlasek selbst \u00fcberarbeiteter Siebdruck, daher einzigartig!<\/li>\n<li>Limitierte Auflage von 25 St\u00fcck (signiert und nummeriert)<\/li>\n<\/ul>\n<h2><b>Lieferung:<\/b><\/h2>\n<ul>\n<li>Lieferfrist: 2 Wochen<\/li>\n<li>Versand in einer sch\u00fctzenden Box<\/li>\n<\/ul>","protected":false},"excerpt":{"rendered":"<p>Originalzeichnungen von Tom Havlasek<\/p>\n<p>Leinwand in limitierter Auflage: Gilles Villeneuve in seinem legend\u00e4ren Ferrari 126C von 1981<\/p>","protected":false},"featured_media":3168,"template":"","meta":{"_exactmetrics_skip_tracking":false,"_exactmetrics_sitenote_active":false,"_exactmetrics_sitenote_note":"","_exactmetrics_sitenote_category":0,"jetpack_post_was_ever_published":false},"product_cat":[21,138],"product_tag":[34,76,39,78,77],"yoast_head":"<!-- This site is optimized with the Yoast SEO plugin v21.0 - https:\/\/yoast.com\/wordpress\/plugins\/seo\/ -->\n<title>Gilles Villeneuve - Vintage Hero - Vintage Speedworks<\/title>\n<meta name=\"robots\" content=\"index, follow, max-snippet:-1, max-image-preview:large, max-video-preview:-1\" \/>\n<link rel=\"canonical\" href=\"https:\/\/www.vintage-speedworks.nl\/de\/produkt\/ferrari-gilles-vileneuve\/\" \/>\n<meta property=\"og:locale\" content=\"de_DE\" \/>\n<meta property=\"og:type\" content=\"article\" \/>\n<meta property=\"og:title\" content=\"Gilles Villeneuve - Vintage Hero - Vintage Speedworks\" \/>\n<meta property=\"og:description\" content=\"Original art by Tom Havlasek  Limited Edition Canvas:\u00a0 Gilles Villeneuve in zijn iconische Ferrari 126C van 1981\" \/>\n<meta property=\"og:url\" content=\"https:\/\/www.vintage-speedworks.nl\/de\/produkt\/ferrari-gilles-vileneuve\/\" \/>\n<meta property=\"og:site_name\" content=\"Vintage Speedworks\" \/>\n<meta property=\"article:modified_time\" content=\"2019-12-28T13:13:46+00:00\" \/>\n<meta property=\"og:image\" content=\"https:\/\/i2.wp.com\/www.vintage-speedworks.nl\/wp-content\/uploads\/Giles-Villeneuve-ferrari-F1-schilderij-kunst-art.jpg?fit=600%2C603&ssl=1\" \/>\n\t<meta property=\"og:image:width\" content=\"600\" \/>\n\t<meta property=\"og:image:height\" content=\"603\" \/>\n\t<meta property=\"og:image:type\" content=\"image\/jpeg\" \/>\n<meta name=\"twitter:card\" content=\"summary_large_image\" \/>\n<meta name=\"twitter:label1\" content=\"Gesch\u00e4tzte Lesezeit\" \/>\n\t<meta name=\"twitter:data1\" content=\"1\u00a0Minute\" \/>\n<script type=\"application\/ld+json\" class=\"yoast-schema-graph\">{\"@context\":\"https:\/\/schema.org\",\"@graph\":[{\"@type\":\"WebPage\",\"@id\":\"https:\/\/www.vintage-speedworks.nl\/product\/ferrari-gilles-vileneuve\/\",\"url\":\"https:\/\/www.vintage-speedworks.nl\/product\/ferrari-gilles-vileneuve\/\",\"name\":\"Gilles Villeneuve - Vintage Hero - Vintage Speedworks\",\"isPartOf\":{\"@id\":\"https:\/\/www.vintage-speedworks.nl\/#website\"},\"datePublished\":\"2017-12-08T15:32:55+00:00\",\"dateModified\":\"2019-12-28T13:13:46+00:00\",\"breadcrumb\":{\"@id\":\"https:\/\/www.vintage-speedworks.nl\/product\/ferrari-gilles-vileneuve\/#breadcrumb\"},\"inLanguage\":\"de\",\"potentialAction\":[{\"@type\":\"ReadAction\",\"target\":[\"https:\/\/www.vintage-speedworks.nl\/product\/ferrari-gilles-vileneuve\/\"]}]},{\"@type\":\"BreadcrumbList\",\"@id\":\"https:\/\/www.vintage-speedworks.nl\/product\/ferrari-gilles-vileneuve\/#breadcrumb\",\"itemListElement\":[{\"@type\":\"ListItem\",\"position\":1,\"name\":\"Home\",\"item\":\"https:\/\/www.vintage-speedworks.nl\/\"},{\"@type\":\"ListItem\",\"position\":2,\"name\":\"Webshop\",\"item\":\"https:\/\/www.vintage-speedworks.nl\/webshop\/\"},{\"@type\":\"ListItem\",\"position\":3,\"name\":\"Gilles Villeneuve &#8211; Vintage Hero\"}]},{\"@type\":\"WebSite\",\"@id\":\"https:\/\/www.vintage-speedworks.nl\/#website\",\"url\":\"https:\/\/www.vintage-speedworks.nl\/\",\"name\":\"Vintage Speedworks\",\"description\":\"Vintage art for speedfreaks\",\"potentialAction\":[{\"@type\":\"SearchAction\",\"target\":{\"@type\":\"EntryPoint\",\"urlTemplate\":\"https:\/\/www.vintage-speedworks.nl\/?s={search_term_string}\"},\"query-input\":\"required name=search_term_string\"}],\"inLanguage\":\"de\"}]}<\/script>\n<!-- \/ Yoast SEO plugin. -->","yoast_head_json":{"title":"Gilles Villeneuve - Vintage Hero - Vintage Speedworks","robots":{"index":"index","follow":"follow","max-snippet":"max-snippet:-1","max-image-preview":"max-image-preview:large","max-video-preview":"max-video-preview:-1"},"canonical":"https:\/\/www.vintage-speedworks.nl\/de\/produkt\/ferrari-gilles-vileneuve\/","og_locale":"de_DE","og_type":"article","og_title":"Gilles Villeneuve - Vintage Hero - Vintage Speedworks","og_description":"Original art by Tom Havlasek  Limited Edition Canvas:\u00a0 Gilles Villeneuve in zijn iconische Ferrari 126C van 1981","og_url":"https:\/\/www.vintage-speedworks.nl\/de\/produkt\/ferrari-gilles-vileneuve\/","og_site_name":"Vintage Speedworks","article_modified_time":"2019-12-28T13:13:46+00:00","og_image":[{"width":600,"height":603,"url":"https:\/\/i2.wp.com\/www.vintage-speedworks.nl\/wp-content\/uploads\/Giles-Villeneuve-ferrari-F1-schilderij-kunst-art.jpg?fit=600%2C603&ssl=1","type":"image\/jpeg"}],"twitter_card":"summary_large_image","twitter_misc":{"Gesch\u00e4tzte Lesezeit":"1\u00a0Minute"},"schema":{"@context":"https:\/\/schema.org","@graph":[{"@type":"WebPage","@id":"https:\/\/www.vintage-speedworks.nl\/product\/ferrari-gilles-vileneuve\/","url":"https:\/\/www.vintage-speedworks.nl\/product\/ferrari-gilles-vileneuve\/","name":"Gilles Villeneuve - Vintage Hero - Vintage Speedworks","isPartOf":{"@id":"https:\/\/www.vintage-speedworks.nl\/#website"},"datePublished":"2017-12-08T15:32:55+00:00","dateModified":"2019-12-28T13:13:46+00:00","breadcrumb":{"@id":"https:\/\/www.vintage-speedworks.nl\/product\/ferrari-gilles-vileneuve\/#breadcrumb"},"inLanguage":"de","potentialAction":[{"@type":"ReadAction","target":["https:\/\/www.vintage-speedworks.nl\/product\/ferrari-gilles-vileneuve\/"]}]},{"@type":"BreadcrumbList","@id":"https:\/\/www.vintage-speedworks.nl\/product\/ferrari-gilles-vileneuve\/#breadcrumb","itemListElement":[{"@type":"ListItem","position":1,"name":"Home","item":"https:\/\/www.vintage-speedworks.nl\/"},{"@type":"ListItem","position":2,"name":"Webshop","item":"https:\/\/www.vintage-speedworks.nl\/webshop\/"},{"@type":"ListItem","position":3,"name":"Gilles Villeneuve &#8211; Vintage Hero"}]},{"@type":"WebSite","@id":"https:\/\/www.vintage-speedworks.nl\/#website","url":"https:\/\/www.vintage-speedworks.nl\/","name":"Vintage Speedworks","description":"Vintage art for speedfreaks","potentialAction":[{"@type":"SearchAction","target":{"@type":"EntryPoint","urlTemplate":"https:\/\/www.vintage-speedworks.nl\/?s={search_term_string}"},"query-input":"required name=search_term_string"}],"inLanguage":"de"}]}},"_links":{"self":[{"href":"https:\/\/www.vintage-speedworks.nl\/de\/wp-json\/wp\/v2\/product\/701"}],"collection":[{"href":"https:\/\/www.vintage-speedworks.nl\/de\/wp-json\/wp\/v2\/product"}],"about":[{"href":"https:\/\/www.vintage-speedworks.nl\/de\/wp-json\/wp\/v2\/types\/product"}],"wp:featuredmedia":[{"embeddable":true,"href":"https:\/\/www.vintage-speedworks.nl\/de\/wp-json\/wp\/v2\/media\/3168"}],"wp:attachment":[{"href":"https:\/\/www.vintage-speedworks.nl\/de\/wp-json\/wp\/v2\/media?parent=701"}],"wp:term":[{"taxonomy":"product_cat","embeddable":true,"href":"https:\/\/www.vintage-speedworks.nl\/de\/wp-json\/wp\/v2\/product_cat?post=701"},{"taxonomy":"product_tag","embeddable":true,"href":"https:\/\/www.vintage-speedworks.nl\/de\/wp-json\/wp\/v2\/product_tag?post=701"}],"curies":[{"name":"wp","href":"https:\/\/api.w.org\/{rel}","templated":true}]}}