{"id":641,"date":"2017-12-03T18:43:41","date_gmt":"2017-12-03T18:43:41","guid":{"rendered":"http:\/\/www.vintage-speedworks.nl\/?post_type=product&#038;p=641"},"modified":"2024-10-23T12:26:27","modified_gmt":"2024-10-23T12:26:27","slug":"sculpture-lamborghini-miura-dufour","status":"publish","type":"product","link":"https:\/\/www.vintage-speedworks.nl\/de\/produkt\/sculpture-lamborghini-miura-dufour\/","title":{"rendered":"Bildhauerei - Lamborghini Miura"},"content":{"rendered":"<p>Der Lamborgini Miura ist vielleicht der ber\u00fchmteste Lamborgini aller Zeiten. Die nat\u00fcrlichen Linien und das flie\u00dfende Design sprechen viele \"Petrolheads\" an. Der Miura wurde der \u00d6ffentlichkeit 1966 auf dem Genfer Automobilsalon vorgestellt. Das Chassis wurde von Gianpaulo Dallara entworfen und verf\u00fcgte \u00fcber einen 3,9-Liter-V12. Die Karosserie und das Styling wurden von Bertone entworfen und bildeten zusammen mit dem Fahrgestell eine gelungene Kombination.<\/p>\n<p>Der franz\u00f6sische K\u00fcnstler St\u00e9phane Dufour hat einen sehr eigenwilligen Weg gefunden, ikonische Modelle zu verewigen. Er beginnt mit der Erstellung des Grunddesigns, das vollst\u00e4ndig aus Ton gefertigt wird. Die Kleinserien, die von jedem Entwurf hergestellt werden, bestehen aus einem farbigen Gie\u00dfharz, das mit Hilfe einer Form die richtige Gestalt annimmt. Nach dem Aush\u00e4rten wird das Produkt sorgf\u00e4ltig geschliffen, um eine v\u00f6llig glatte Oberfl\u00e4che zu erhalten.<\/p>\n<p>Die Designs sind einzigartig und haben einen starken Premium-Look, ideal f\u00fcr Arbeitszimmer oder B\u00fcro.<\/p>\n<h2><b>Abmessungen<\/b><b>:<\/b><\/h2>\n<ul>\n<li>Ma\u00dfstab 1:18<\/li>\n<\/ul>\n<h2><b>Einzelheiten:<\/b><\/h2>\n<ul>\n<li>Handgefertigte Skulptur von St\u00e9phane Dufour<\/li>\n<li>Limitierte Auflage von nur 500 St\u00fcck (signiert und nummeriert)<\/li>\n<li>Erh\u00e4ltlich in allen ikonischen Farben<\/li>\n<\/ul>\n<h2><b>Lieferung:<\/b><\/h2>\n<ul>\n<li>Lieferfrist: 3 Wochen<\/li>\n<li>Versand in einer sch\u00fctzenden Box<\/li>\n<\/ul>\n<p>&nbsp;<\/p>","protected":false},"excerpt":{"rendered":"<p>Originalgrafik von St\u00e9phane Dufour<\/p>\n<p>Skulptur in limitierter Auflage: Der ikonische Lamborghini Miura<\/p>\n<p>&nbsp;<\/p>\n<p>&nbsp;<\/p>\n<p>&nbsp;<\/p>\n<p>&nbsp;<\/p>","protected":false},"featured_media":2574,"template":"","meta":{"_exactmetrics_skip_tracking":false,"_exactmetrics_sitenote_active":false,"_exactmetrics_sitenote_note":"","_exactmetrics_sitenote_category":0,"jetpack_post_was_ever_published":false},"product_cat":[22,65,146],"product_tag":[71,73,69,70],"yoast_head":"<!-- This site is optimized with the Yoast SEO plugin v21.0 - https:\/\/yoast.com\/wordpress\/plugins\/seo\/ -->\n<title>Sculpture - Lamborghini Miura - Vintage Speedworks<\/title>\n<meta name=\"robots\" content=\"index, follow, max-snippet:-1, max-image-preview:large, max-video-preview:-1\" \/>\n<link rel=\"canonical\" href=\"https:\/\/www.vintage-speedworks.nl\/de\/produkt\/sculpture-lamborghini-miura-dufour\/\" \/>\n<meta property=\"og:locale\" content=\"de_DE\" \/>\n<meta property=\"og:type\" content=\"article\" \/>\n<meta property=\"og:title\" content=\"Sculpture - Lamborghini Miura - Vintage Speedworks\" \/>\n<meta property=\"og:description\" content=\"Original art by Stephane Dufour  Limited Edition sculpture:\u00a0 Iconic Lamborghini Miura  &nbsp;  &nbsp;  &nbsp;  &nbsp;\" \/>\n<meta property=\"og:url\" content=\"https:\/\/www.vintage-speedworks.nl\/de\/produkt\/sculpture-lamborghini-miura-dufour\/\" \/>\n<meta property=\"og:site_name\" content=\"Vintage Speedworks\" \/>\n<meta property=\"article:modified_time\" content=\"2024-10-23T12:26:27+00:00\" \/>\n<meta property=\"og:image\" content=\"https:\/\/www.vintage-speedworks.nl\/wp-content\/uploads\/Miura-colors-stephane_dufour-sculpture-classiccar-1.png\" \/>\n\t<meta property=\"og:image:width\" content=\"1000\" \/>\n\t<meta property=\"og:image:height\" content=\"982\" \/>\n\t<meta property=\"og:image:type\" content=\"image\/png\" \/>\n<meta name=\"twitter:card\" content=\"summary_large_image\" \/>\n<meta name=\"twitter:label1\" content=\"Gesch\u00e4tzte Lesezeit\" \/>\n\t<meta name=\"twitter:data1\" content=\"1\u00a0Minute\" \/>\n<script type=\"application\/ld+json\" class=\"yoast-schema-graph\">{\"@context\":\"https:\/\/schema.org\",\"@graph\":[{\"@type\":\"WebPage\",\"@id\":\"https:\/\/www.vintage-speedworks.nl\/product\/sculpture-lamborghini-miura-dufour\/\",\"url\":\"https:\/\/www.vintage-speedworks.nl\/product\/sculpture-lamborghini-miura-dufour\/\",\"name\":\"Sculpture - Lamborghini Miura - Vintage Speedworks\",\"isPartOf\":{\"@id\":\"https:\/\/www.vintage-speedworks.nl\/#website\"},\"datePublished\":\"2017-12-03T18:43:41+00:00\",\"dateModified\":\"2024-10-23T12:26:27+00:00\",\"breadcrumb\":{\"@id\":\"https:\/\/www.vintage-speedworks.nl\/product\/sculpture-lamborghini-miura-dufour\/#breadcrumb\"},\"inLanguage\":\"de\",\"potentialAction\":[{\"@type\":\"ReadAction\",\"target\":[\"https:\/\/www.vintage-speedworks.nl\/product\/sculpture-lamborghini-miura-dufour\/\"]}]},{\"@type\":\"BreadcrumbList\",\"@id\":\"https:\/\/www.vintage-speedworks.nl\/product\/sculpture-lamborghini-miura-dufour\/#breadcrumb\",\"itemListElement\":[{\"@type\":\"ListItem\",\"position\":1,\"name\":\"Home\",\"item\":\"https:\/\/www.vintage-speedworks.nl\/\"},{\"@type\":\"ListItem\",\"position\":2,\"name\":\"Webshop\",\"item\":\"https:\/\/www.vintage-speedworks.nl\/webshop\/\"},{\"@type\":\"ListItem\",\"position\":3,\"name\":\"Sculpture &#8211; Lamborghini Miura\"}]},{\"@type\":\"WebSite\",\"@id\":\"https:\/\/www.vintage-speedworks.nl\/#website\",\"url\":\"https:\/\/www.vintage-speedworks.nl\/\",\"name\":\"Vintage Speedworks\",\"description\":\"Vintage art for speedfreaks\",\"potentialAction\":[{\"@type\":\"SearchAction\",\"target\":{\"@type\":\"EntryPoint\",\"urlTemplate\":\"https:\/\/www.vintage-speedworks.nl\/?s={search_term_string}\"},\"query-input\":\"required name=search_term_string\"}],\"inLanguage\":\"de\"}]}<\/script>\n<!-- \/ Yoast SEO plugin. -->","yoast_head_json":{"title":"Sculpture - Lamborghini Miura - Vintage Speedworks","robots":{"index":"index","follow":"follow","max-snippet":"max-snippet:-1","max-image-preview":"max-image-preview:large","max-video-preview":"max-video-preview:-1"},"canonical":"https:\/\/www.vintage-speedworks.nl\/de\/produkt\/sculpture-lamborghini-miura-dufour\/","og_locale":"de_DE","og_type":"article","og_title":"Sculpture - Lamborghini Miura - Vintage Speedworks","og_description":"Original art by Stephane Dufour  Limited Edition sculpture:\u00a0 Iconic Lamborghini Miura  &nbsp;  &nbsp;  &nbsp;  &nbsp;","og_url":"https:\/\/www.vintage-speedworks.nl\/de\/produkt\/sculpture-lamborghini-miura-dufour\/","og_site_name":"Vintage Speedworks","article_modified_time":"2024-10-23T12:26:27+00:00","og_image":[{"width":1000,"height":982,"url":"https:\/\/www.vintage-speedworks.nl\/wp-content\/uploads\/Miura-colors-stephane_dufour-sculpture-classiccar-1.png","type":"image\/png"}],"twitter_card":"summary_large_image","twitter_misc":{"Gesch\u00e4tzte Lesezeit":"1\u00a0Minute"},"schema":{"@context":"https:\/\/schema.org","@graph":[{"@type":"WebPage","@id":"https:\/\/www.vintage-speedworks.nl\/product\/sculpture-lamborghini-miura-dufour\/","url":"https:\/\/www.vintage-speedworks.nl\/product\/sculpture-lamborghini-miura-dufour\/","name":"Sculpture - Lamborghini Miura - Vintage Speedworks","isPartOf":{"@id":"https:\/\/www.vintage-speedworks.nl\/#website"},"datePublished":"2017-12-03T18:43:41+00:00","dateModified":"2024-10-23T12:26:27+00:00","breadcrumb":{"@id":"https:\/\/www.vintage-speedworks.nl\/product\/sculpture-lamborghini-miura-dufour\/#breadcrumb"},"inLanguage":"de","potentialAction":[{"@type":"ReadAction","target":["https:\/\/www.vintage-speedworks.nl\/product\/sculpture-lamborghini-miura-dufour\/"]}]},{"@type":"BreadcrumbList","@id":"https:\/\/www.vintage-speedworks.nl\/product\/sculpture-lamborghini-miura-dufour\/#breadcrumb","itemListElement":[{"@type":"ListItem","position":1,"name":"Home","item":"https:\/\/www.vintage-speedworks.nl\/"},{"@type":"ListItem","position":2,"name":"Webshop","item":"https:\/\/www.vintage-speedworks.nl\/webshop\/"},{"@type":"ListItem","position":3,"name":"Sculpture &#8211; Lamborghini Miura"}]},{"@type":"WebSite","@id":"https:\/\/www.vintage-speedworks.nl\/#website","url":"https:\/\/www.vintage-speedworks.nl\/","name":"Vintage Speedworks","description":"Vintage art for speedfreaks","potentialAction":[{"@type":"SearchAction","target":{"@type":"EntryPoint","urlTemplate":"https:\/\/www.vintage-speedworks.nl\/?s={search_term_string}"},"query-input":"required name=search_term_string"}],"inLanguage":"de"}]}},"_links":{"self":[{"href":"https:\/\/www.vintage-speedworks.nl\/de\/wp-json\/wp\/v2\/product\/641"}],"collection":[{"href":"https:\/\/www.vintage-speedworks.nl\/de\/wp-json\/wp\/v2\/product"}],"about":[{"href":"https:\/\/www.vintage-speedworks.nl\/de\/wp-json\/wp\/v2\/types\/product"}],"wp:featuredmedia":[{"embeddable":true,"href":"https:\/\/www.vintage-speedworks.nl\/de\/wp-json\/wp\/v2\/media\/2574"}],"wp:attachment":[{"href":"https:\/\/www.vintage-speedworks.nl\/de\/wp-json\/wp\/v2\/media?parent=641"}],"wp:term":[{"taxonomy":"product_cat","embeddable":true,"href":"https:\/\/www.vintage-speedworks.nl\/de\/wp-json\/wp\/v2\/product_cat?post=641"},{"taxonomy":"product_tag","embeddable":true,"href":"https:\/\/www.vintage-speedworks.nl\/de\/wp-json\/wp\/v2\/product_tag?post=641"}],"curies":[{"name":"wp","href":"https:\/\/api.w.org\/{rel}","templated":true}]}}