{"id":629,"date":"2017-12-03T18:27:37","date_gmt":"2017-12-03T18:27:37","guid":{"rendered":"http:\/\/www.vintage-speedworks.nl\/?post_type=product&#038;p=629"},"modified":"2024-11-06T14:25:39","modified_gmt":"2024-11-06T14:25:39","slug":"sculpture-porsche-356","status":"publish","type":"product","link":"https:\/\/www.vintage-speedworks.nl\/de\/produkt\/sculpture-porsche-356\/","title":{"rendered":"Bildhauerei - Porsche 356"},"content":{"rendered":"<p>Der Porsche 356 war der erste \"echte\" Porsche, der auf den Markt kam. Ferdinant Porsche entwarf den Nachfolger des Porsche 64 nach dem Zweiten Weltkrieg, und 1948 wurde der erste Prototyp des 356 aus Aluminium gebaut. Im Jahr 1950 zogen die Marke und die Produktion nach Stuttgart um, wo sie auch heute noch ans\u00e4ssig ist.<\/p>\n<p>Der 356 wurde bei vielen verschiedenen Rennen eingesetzt, wie z.B. bei der Targa Florio, den 24h von LeMans und auch bei der weltber\u00fchmten Mille Miglia.<\/p>\n<p>Der franz\u00f6sische K\u00fcnstler Stephane Dufour hat eine sehr eigenwillige Methode gefunden, um diese ikonischen Modelle zu verewigen. Er beginnt mit der Erstellung des Grunddesigns, das vollst\u00e4ndig aus Ton gefertigt wird. Anhand des Tonentwurfs wird eine Form erstellt, die sp\u00e4ter f\u00fcr die Herstellung einer kleinen, limitierten Serie verwendet wird.  Das farbige Gie\u00dfharz wird in die Form gegossen und nach dem Aush\u00e4rten wird das Produkt sorgf\u00e4ltig geschliffen, um eine v\u00f6llig glatte Oberfl\u00e4che zu erhalten.<\/p>\n<p>Die Designs sind einzigartig und haben einen starken Premium-Look, ideal f\u00fcr Wohnzimmer, Arbeitszimmer oder B\u00fcro.<\/p>\n<p>&nbsp;<\/p>\n<h2><b>Abmessungen<\/b><b>:<\/b><\/h2>\n<ul>\n<li>Ma\u00dfstab 1:18<\/li>\n<\/ul>\n<h2><b>Einzelheiten:<\/b><\/h2>\n<ul>\n<li>Handgefertigte Skulptur von St\u00e9phane Dufour<\/li>\n<li>Limitierte Auflage von nur <strong>8 Einheiten<\/strong> (signiert und nummeriert)<\/li>\n<\/ul>\n<h2><b>Lieferung:<\/b><\/h2>\n<ul>\n<li>Lieferfrist: 3 Wochen<\/li>\n<li>Versand in einer sch\u00fctzenden Box<\/li>\n<\/ul>","protected":false},"excerpt":{"rendered":"<p>Originalgrafik von St\u00e9phane Dufour<\/p>\n<p>Skulptur in limitierter Auflage: Ikonischer Porsche 356 (ger\u00e4ucherte klare Farbe)<\/p>\n<p>&nbsp;<\/p>\n<p>&nbsp;<\/p>","protected":false},"featured_media":2579,"template":"","meta":{"_exactmetrics_skip_tracking":false,"_exactmetrics_sitenote_active":false,"_exactmetrics_sitenote_note":"","_exactmetrics_sitenote_category":0,"jetpack_post_was_ever_published":false},"product_cat":[22,65,146],"product_tag":[75,71,62],"yoast_head":"<!-- This site is optimized with the Yoast SEO plugin v21.0 - https:\/\/yoast.com\/wordpress\/plugins\/seo\/ -->\n<title>Sculpture - Porsche 356 - Vintage Speedworks<\/title>\n<meta name=\"robots\" content=\"index, follow, max-snippet:-1, max-image-preview:large, max-video-preview:-1\" \/>\n<link rel=\"canonical\" href=\"https:\/\/www.vintage-speedworks.nl\/de\/produkt\/sculpture-porsche-356\/\" \/>\n<meta property=\"og:locale\" content=\"de_DE\" \/>\n<meta property=\"og:type\" content=\"article\" \/>\n<meta property=\"og:title\" content=\"Sculpture - Porsche 356 - Vintage Speedworks\" \/>\n<meta property=\"og:description\" content=\"Original art by Stephane Dufour  Limited Edition sculpture:\u00a0 Iconic Porsche 356 (smoked clear color)  &nbsp;  &nbsp;\" \/>\n<meta property=\"og:url\" content=\"https:\/\/www.vintage-speedworks.nl\/de\/produkt\/sculpture-porsche-356\/\" \/>\n<meta property=\"og:site_name\" content=\"Vintage Speedworks\" \/>\n<meta property=\"article:modified_time\" content=\"2024-11-06T14:25:39+00:00\" \/>\n<meta property=\"og:image\" content=\"https:\/\/www.vintage-speedworks.nl\/wp-content\/uploads\/clear_sculpture_356_speedworks-e1730903132577.jpg\" \/>\n\t<meta property=\"og:image:width\" content=\"848\" \/>\n\t<meta property=\"og:image:height\" content=\"772\" \/>\n\t<meta property=\"og:image:type\" content=\"image\/jpeg\" \/>\n<meta name=\"twitter:card\" content=\"summary_large_image\" \/>\n<meta name=\"twitter:label1\" content=\"Gesch\u00e4tzte Lesezeit\" \/>\n\t<meta name=\"twitter:data1\" content=\"2\u00a0Minuten\" \/>\n<script type=\"application\/ld+json\" class=\"yoast-schema-graph\">{\"@context\":\"https:\/\/schema.org\",\"@graph\":[{\"@type\":\"WebPage\",\"@id\":\"https:\/\/www.vintage-speedworks.nl\/product\/sculpture-porsche-356\/\",\"url\":\"https:\/\/www.vintage-speedworks.nl\/product\/sculpture-porsche-356\/\",\"name\":\"Sculpture - Porsche 356 - Vintage Speedworks\",\"isPartOf\":{\"@id\":\"https:\/\/www.vintage-speedworks.nl\/#website\"},\"datePublished\":\"2017-12-03T18:27:37+00:00\",\"dateModified\":\"2024-11-06T14:25:39+00:00\",\"breadcrumb\":{\"@id\":\"https:\/\/www.vintage-speedworks.nl\/product\/sculpture-porsche-356\/#breadcrumb\"},\"inLanguage\":\"de\",\"potentialAction\":[{\"@type\":\"ReadAction\",\"target\":[\"https:\/\/www.vintage-speedworks.nl\/product\/sculpture-porsche-356\/\"]}]},{\"@type\":\"BreadcrumbList\",\"@id\":\"https:\/\/www.vintage-speedworks.nl\/product\/sculpture-porsche-356\/#breadcrumb\",\"itemListElement\":[{\"@type\":\"ListItem\",\"position\":1,\"name\":\"Home\",\"item\":\"https:\/\/www.vintage-speedworks.nl\/\"},{\"@type\":\"ListItem\",\"position\":2,\"name\":\"Webshop\",\"item\":\"https:\/\/www.vintage-speedworks.nl\/webshop\/\"},{\"@type\":\"ListItem\",\"position\":3,\"name\":\"Sculpture &#8211; Porsche 356\"}]},{\"@type\":\"WebSite\",\"@id\":\"https:\/\/www.vintage-speedworks.nl\/#website\",\"url\":\"https:\/\/www.vintage-speedworks.nl\/\",\"name\":\"Vintage Speedworks\",\"description\":\"Vintage art for speedfreaks\",\"potentialAction\":[{\"@type\":\"SearchAction\",\"target\":{\"@type\":\"EntryPoint\",\"urlTemplate\":\"https:\/\/www.vintage-speedworks.nl\/?s={search_term_string}\"},\"query-input\":\"required name=search_term_string\"}],\"inLanguage\":\"de\"}]}<\/script>\n<!-- \/ Yoast SEO plugin. -->","yoast_head_json":{"title":"Sculpture - Porsche 356 - Vintage Speedworks","robots":{"index":"index","follow":"follow","max-snippet":"max-snippet:-1","max-image-preview":"max-image-preview:large","max-video-preview":"max-video-preview:-1"},"canonical":"https:\/\/www.vintage-speedworks.nl\/de\/produkt\/sculpture-porsche-356\/","og_locale":"de_DE","og_type":"article","og_title":"Sculpture - Porsche 356 - Vintage Speedworks","og_description":"Original art by Stephane Dufour  Limited Edition sculpture:\u00a0 Iconic Porsche 356 (smoked clear color)  &nbsp;  &nbsp;","og_url":"https:\/\/www.vintage-speedworks.nl\/de\/produkt\/sculpture-porsche-356\/","og_site_name":"Vintage Speedworks","article_modified_time":"2024-11-06T14:25:39+00:00","og_image":[{"width":848,"height":772,"url":"https:\/\/www.vintage-speedworks.nl\/wp-content\/uploads\/clear_sculpture_356_speedworks-e1730903132577.jpg","type":"image\/jpeg"}],"twitter_card":"summary_large_image","twitter_misc":{"Gesch\u00e4tzte Lesezeit":"2\u00a0Minuten"},"schema":{"@context":"https:\/\/schema.org","@graph":[{"@type":"WebPage","@id":"https:\/\/www.vintage-speedworks.nl\/product\/sculpture-porsche-356\/","url":"https:\/\/www.vintage-speedworks.nl\/product\/sculpture-porsche-356\/","name":"Sculpture - Porsche 356 - Vintage Speedworks","isPartOf":{"@id":"https:\/\/www.vintage-speedworks.nl\/#website"},"datePublished":"2017-12-03T18:27:37+00:00","dateModified":"2024-11-06T14:25:39+00:00","breadcrumb":{"@id":"https:\/\/www.vintage-speedworks.nl\/product\/sculpture-porsche-356\/#breadcrumb"},"inLanguage":"de","potentialAction":[{"@type":"ReadAction","target":["https:\/\/www.vintage-speedworks.nl\/product\/sculpture-porsche-356\/"]}]},{"@type":"BreadcrumbList","@id":"https:\/\/www.vintage-speedworks.nl\/product\/sculpture-porsche-356\/#breadcrumb","itemListElement":[{"@type":"ListItem","position":1,"name":"Home","item":"https:\/\/www.vintage-speedworks.nl\/"},{"@type":"ListItem","position":2,"name":"Webshop","item":"https:\/\/www.vintage-speedworks.nl\/webshop\/"},{"@type":"ListItem","position":3,"name":"Sculpture &#8211; Porsche 356"}]},{"@type":"WebSite","@id":"https:\/\/www.vintage-speedworks.nl\/#website","url":"https:\/\/www.vintage-speedworks.nl\/","name":"Vintage Speedworks","description":"Vintage art for speedfreaks","potentialAction":[{"@type":"SearchAction","target":{"@type":"EntryPoint","urlTemplate":"https:\/\/www.vintage-speedworks.nl\/?s={search_term_string}"},"query-input":"required name=search_term_string"}],"inLanguage":"de"}]}},"_links":{"self":[{"href":"https:\/\/www.vintage-speedworks.nl\/de\/wp-json\/wp\/v2\/product\/629"}],"collection":[{"href":"https:\/\/www.vintage-speedworks.nl\/de\/wp-json\/wp\/v2\/product"}],"about":[{"href":"https:\/\/www.vintage-speedworks.nl\/de\/wp-json\/wp\/v2\/types\/product"}],"wp:featuredmedia":[{"embeddable":true,"href":"https:\/\/www.vintage-speedworks.nl\/de\/wp-json\/wp\/v2\/media\/2579"}],"wp:attachment":[{"href":"https:\/\/www.vintage-speedworks.nl\/de\/wp-json\/wp\/v2\/media?parent=629"}],"wp:term":[{"taxonomy":"product_cat","embeddable":true,"href":"https:\/\/www.vintage-speedworks.nl\/de\/wp-json\/wp\/v2\/product_cat?post=629"},{"taxonomy":"product_tag","embeddable":true,"href":"https:\/\/www.vintage-speedworks.nl\/de\/wp-json\/wp\/v2\/product_tag?post=629"}],"curies":[{"name":"wp","href":"https:\/\/api.w.org\/{rel}","templated":true}]}}