{"id":3905,"date":"2024-11-01T09:21:56","date_gmt":"2024-11-01T09:21:56","guid":{"rendered":"https:\/\/www.vintage-speedworks.nl\/?post_type=product&#038;p=3905"},"modified":"2024-11-01T09:41:29","modified_gmt":"2024-11-01T09:41:29","slug":"arton-senna-portrait-mclaren-mp4-4","status":"publish","type":"product","link":"https:\/\/www.vintage-speedworks.nl\/de\/produkt\/arton-senna-portrait-mclaren-mp4-4\/","title":{"rendered":"Arton Senna - McLaren Mp4\/4"},"content":{"rendered":"<p><strong>Entdecken Sie das sch\u00f6ne Werk von Ricardo Rodriguez: Senna - Eins mit dem Auto<\/strong><\/p>\n<p>Dieses beeindruckende Gem\u00e4lde des talentierten K\u00fcnstlers Ricardo Rodriguez. <strong>Senna - Eins mit dem Auto<\/strong>ist ein Muss f\u00fcr Fans von Vintage-Motorsport-Kunst.<\/p>\n<p>Ricardo schafft seine Meisterwerke in seiner Galerie in Valencia, wo er haupts\u00e4chlich mit einer Palette von Graut\u00f6nen arbeitet. Seine Gem\u00e4lde sind nicht nur visuell gro\u00dfartig, sondern auch reich an Tiefe und Emotionen. Inspiriert von legend\u00e4ren Rennsporthelden, gelingt es ihm, in jedem Werk eine einzigartige Atmosph\u00e4re einzufangen.<\/p>\n<p>Mit Abmessungen von\u00a0<strong>110 x 100 cm<\/strong> Diese Leinwand ist ein echter Blickfang in jedem Interieur. Das Portr\u00e4t von Ayrton Senna und seine Verbindung zum Auto und zum Rennsport verbinden sich zu einem sch\u00f6nen und ausgewogenen Ganzen, das jeden Raum zum Leben erweckt.<\/p>\n<p>Erweitern Sie Ihre Sammlung um \"Senna - one with the car\" und lassen Sie die Leidenschaft f\u00fcr den Motorsport und die Kunst in Ihrem Zuhause zusammenkommen!<\/p>\n<h2><b>Einzelheiten:<\/b><\/h2>\n<ul>\n<li>Originalgem\u00e4lde \"\u00d6l auf Leinwand\" von Ricardo Rodriguez (Valencia)<\/li>\n<li>Vollst\u00e4ndig auf einen 4 cm dicken Holzrahmen gespannt<\/li>\n<li>Nur 1 Exemplar vorhanden, vollst\u00e4ndig unterzeichnet und mit Zertifikat<\/li>\n<\/ul>\n<h2><b>Afmeti<\/b><b>ngen<\/b><b>:<\/b><\/h2>\n<ul>\n<li>Abmessungen (cm): 110,0 x 100,0 cm<\/li>\n<\/ul>\n<h2>Lieferung:<\/h2>\n<ul>\n<li>Versand innerhalb von 10 Tagen<\/li>\n<\/ul>\n<p>&nbsp;<\/p>","protected":false},"excerpt":{"rendered":"<p><strong>Entdecken Sie das sch\u00f6ne Werk von Ricardo Rodriguez: Senna - Eins mit dem Auto<\/strong><\/p>\n<p>Dieses beeindruckende Gem\u00e4lde des talentierten K\u00fcnstlers Ricardo Rodriguez. <strong>Senna - Eins mit dem Auto<\/strong>ist ein Muss f\u00fcr Fans von Vintage-Motorsport-Kunst.<\/p>\n<p>&nbsp;<\/p>\n<p>&nbsp;<\/p>","protected":false},"featured_media":3908,"template":"","meta":{"_exactmetrics_skip_tracking":false,"_exactmetrics_sitenote_active":false,"_exactmetrics_sitenote_note":"","_exactmetrics_sitenote_category":0,"jetpack_post_was_ever_published":false},"product_cat":[121,137],"product_tag":[34,99,86],"yoast_head":"<!-- This site is optimized with the Yoast SEO plugin v21.0 - https:\/\/yoast.com\/wordpress\/plugins\/seo\/ -->\n<title>Arton Senna - McLaren Mp4\/4 - Vintage Speedworks<\/title>\n<meta name=\"robots\" content=\"index, follow, max-snippet:-1, max-image-preview:large, max-video-preview:-1\" \/>\n<link rel=\"canonical\" href=\"https:\/\/www.vintage-speedworks.nl\/de\/produkt\/arton-senna-portrait-mclaren-mp4-4\/\" \/>\n<meta property=\"og:locale\" content=\"de_DE\" \/>\n<meta property=\"og:type\" content=\"article\" \/>\n<meta property=\"og:title\" content=\"Arton Senna - McLaren Mp4\/4 - Vintage Speedworks\" \/>\n<meta property=\"og:description\" content=\"Ontdek het Prachtige Werk van Ricardo Rodriguez:\u00a0 Senna - One with the car  Dit indrukwekkende schilderij van de getalenteerde kunstenaar Ricardo Rodriguez. &#039;Senna - One with the car&#039;, is een must-have voor liefhebbers van vintage autosport kunst.  &nbsp;  &nbsp;\" \/>\n<meta property=\"og:url\" content=\"https:\/\/www.vintage-speedworks.nl\/de\/produkt\/arton-senna-portrait-mclaren-mp4-4\/\" \/>\n<meta property=\"og:site_name\" content=\"Vintage Speedworks\" \/>\n<meta property=\"article:modified_time\" content=\"2024-11-01T09:41:29+00:00\" \/>\n<meta property=\"og:image\" content=\"https:\/\/www.vintage-speedworks.nl\/wp-content\/uploads\/Ayrton-senna-mclaren-mp4-painting-rodriguez-oil-on-canvas-shop.jpg\" \/>\n\t<meta property=\"og:image:width\" content=\"704\" \/>\n\t<meta property=\"og:image:height\" content=\"718\" \/>\n\t<meta property=\"og:image:type\" content=\"image\/jpeg\" \/>\n<meta name=\"twitter:card\" content=\"summary_large_image\" \/>\n<meta name=\"twitter:label1\" content=\"Gesch\u00e4tzte Lesezeit\" \/>\n\t<meta name=\"twitter:data1\" content=\"1\u00a0Minute\" \/>\n<script type=\"application\/ld+json\" class=\"yoast-schema-graph\">{\"@context\":\"https:\/\/schema.org\",\"@graph\":[{\"@type\":\"WebPage\",\"@id\":\"https:\/\/www.vintage-speedworks.nl\/product\/arton-senna-portrait-mclaren-mp4-4\/\",\"url\":\"https:\/\/www.vintage-speedworks.nl\/product\/arton-senna-portrait-mclaren-mp4-4\/\",\"name\":\"Arton Senna - McLaren Mp4\/4 - Vintage Speedworks\",\"isPartOf\":{\"@id\":\"https:\/\/www.vintage-speedworks.nl\/#website\"},\"datePublished\":\"2024-11-01T09:21:56+00:00\",\"dateModified\":\"2024-11-01T09:41:29+00:00\",\"breadcrumb\":{\"@id\":\"https:\/\/www.vintage-speedworks.nl\/product\/arton-senna-portrait-mclaren-mp4-4\/#breadcrumb\"},\"inLanguage\":\"de\",\"potentialAction\":[{\"@type\":\"ReadAction\",\"target\":[\"https:\/\/www.vintage-speedworks.nl\/product\/arton-senna-portrait-mclaren-mp4-4\/\"]}]},{\"@type\":\"BreadcrumbList\",\"@id\":\"https:\/\/www.vintage-speedworks.nl\/product\/arton-senna-portrait-mclaren-mp4-4\/#breadcrumb\",\"itemListElement\":[{\"@type\":\"ListItem\",\"position\":1,\"name\":\"Home\",\"item\":\"https:\/\/www.vintage-speedworks.nl\/\"},{\"@type\":\"ListItem\",\"position\":2,\"name\":\"Webshop\",\"item\":\"https:\/\/www.vintage-speedworks.nl\/webshop\/\"},{\"@type\":\"ListItem\",\"position\":3,\"name\":\"Arton Senna &#8211; McLaren Mp4\/4\"}]},{\"@type\":\"WebSite\",\"@id\":\"https:\/\/www.vintage-speedworks.nl\/#website\",\"url\":\"https:\/\/www.vintage-speedworks.nl\/\",\"name\":\"Vintage Speedworks\",\"description\":\"Vintage art for speedfreaks\",\"potentialAction\":[{\"@type\":\"SearchAction\",\"target\":{\"@type\":\"EntryPoint\",\"urlTemplate\":\"https:\/\/www.vintage-speedworks.nl\/?s={search_term_string}\"},\"query-input\":\"required name=search_term_string\"}],\"inLanguage\":\"de\"}]}<\/script>\n<!-- \/ Yoast SEO plugin. -->","yoast_head_json":{"title":"Arton Senna - McLaren Mp4\/4 - Vintage Speedworks","robots":{"index":"index","follow":"follow","max-snippet":"max-snippet:-1","max-image-preview":"max-image-preview:large","max-video-preview":"max-video-preview:-1"},"canonical":"https:\/\/www.vintage-speedworks.nl\/de\/produkt\/arton-senna-portrait-mclaren-mp4-4\/","og_locale":"de_DE","og_type":"article","og_title":"Arton Senna - McLaren Mp4\/4 - Vintage Speedworks","og_description":"Ontdek het Prachtige Werk van Ricardo Rodriguez:\u00a0 Senna - One with the car  Dit indrukwekkende schilderij van de getalenteerde kunstenaar Ricardo Rodriguez. 'Senna - One with the car', is een must-have voor liefhebbers van vintage autosport kunst.  &nbsp;  &nbsp;","og_url":"https:\/\/www.vintage-speedworks.nl\/de\/produkt\/arton-senna-portrait-mclaren-mp4-4\/","og_site_name":"Vintage Speedworks","article_modified_time":"2024-11-01T09:41:29+00:00","og_image":[{"width":704,"height":718,"url":"https:\/\/www.vintage-speedworks.nl\/wp-content\/uploads\/Ayrton-senna-mclaren-mp4-painting-rodriguez-oil-on-canvas-shop.jpg","type":"image\/jpeg"}],"twitter_card":"summary_large_image","twitter_misc":{"Gesch\u00e4tzte Lesezeit":"1\u00a0Minute"},"schema":{"@context":"https:\/\/schema.org","@graph":[{"@type":"WebPage","@id":"https:\/\/www.vintage-speedworks.nl\/product\/arton-senna-portrait-mclaren-mp4-4\/","url":"https:\/\/www.vintage-speedworks.nl\/product\/arton-senna-portrait-mclaren-mp4-4\/","name":"Arton Senna - McLaren Mp4\/4 - Vintage Speedworks","isPartOf":{"@id":"https:\/\/www.vintage-speedworks.nl\/#website"},"datePublished":"2024-11-01T09:21:56+00:00","dateModified":"2024-11-01T09:41:29+00:00","breadcrumb":{"@id":"https:\/\/www.vintage-speedworks.nl\/product\/arton-senna-portrait-mclaren-mp4-4\/#breadcrumb"},"inLanguage":"de","potentialAction":[{"@type":"ReadAction","target":["https:\/\/www.vintage-speedworks.nl\/product\/arton-senna-portrait-mclaren-mp4-4\/"]}]},{"@type":"BreadcrumbList","@id":"https:\/\/www.vintage-speedworks.nl\/product\/arton-senna-portrait-mclaren-mp4-4\/#breadcrumb","itemListElement":[{"@type":"ListItem","position":1,"name":"Home","item":"https:\/\/www.vintage-speedworks.nl\/"},{"@type":"ListItem","position":2,"name":"Webshop","item":"https:\/\/www.vintage-speedworks.nl\/webshop\/"},{"@type":"ListItem","position":3,"name":"Arton Senna &#8211; McLaren Mp4\/4"}]},{"@type":"WebSite","@id":"https:\/\/www.vintage-speedworks.nl\/#website","url":"https:\/\/www.vintage-speedworks.nl\/","name":"Vintage Speedworks","description":"Vintage art for speedfreaks","potentialAction":[{"@type":"SearchAction","target":{"@type":"EntryPoint","urlTemplate":"https:\/\/www.vintage-speedworks.nl\/?s={search_term_string}"},"query-input":"required name=search_term_string"}],"inLanguage":"de"}]}},"_links":{"self":[{"href":"https:\/\/www.vintage-speedworks.nl\/de\/wp-json\/wp\/v2\/product\/3905"}],"collection":[{"href":"https:\/\/www.vintage-speedworks.nl\/de\/wp-json\/wp\/v2\/product"}],"about":[{"href":"https:\/\/www.vintage-speedworks.nl\/de\/wp-json\/wp\/v2\/types\/product"}],"wp:featuredmedia":[{"embeddable":true,"href":"https:\/\/www.vintage-speedworks.nl\/de\/wp-json\/wp\/v2\/media\/3908"}],"wp:attachment":[{"href":"https:\/\/www.vintage-speedworks.nl\/de\/wp-json\/wp\/v2\/media?parent=3905"}],"wp:term":[{"taxonomy":"product_cat","embeddable":true,"href":"https:\/\/www.vintage-speedworks.nl\/de\/wp-json\/wp\/v2\/product_cat?post=3905"},{"taxonomy":"product_tag","embeddable":true,"href":"https:\/\/www.vintage-speedworks.nl\/de\/wp-json\/wp\/v2\/product_tag?post=3905"}],"curies":[{"name":"wp","href":"https:\/\/api.w.org\/{rel}","templated":true}]}}