{"id":3896,"date":"2024-10-31T13:15:33","date_gmt":"2024-10-31T13:15:33","guid":{"rendered":"https:\/\/www.vintage-speedworks.nl\/?post_type=product&#038;p=3896"},"modified":"2024-10-31T13:22:12","modified_gmt":"2024-10-31T13:22:12","slug":"advanced-canvas-porsche-964-no16","status":"publish","type":"product","link":"https:\/\/www.vintage-speedworks.nl\/de\/produkt\/advanced-canvas-porsche-964-no16\/","title":{"rendered":"Advanced Canvas - Porsche 964 Turbo Nr. 16"},"content":{"rendered":"<div id=\"comp-lnwzlokq1\" class=\"HcOXKn c9GqVL QxJLC3 lq2cno comp-lnwzlokq1 wixui-rich-text\" data-testid=\"richTextElement\" data-motion-enter=\"done\">\n<h2 class=\"font_2 wixui-rich-text__text\"><span class=\"wixui-rich-text__text\">PORSCHE 911 (964) TURBO 3.6<\/span><\/h2>\n<\/div>\n<p id=\"comp-lnwzlokt\" class=\"HcOXKn c9GqVL QxJLC3 lq2cno comp-lnwzlokt wixui-rich-text\" data-testid=\"richTextElement\">Erh\u00f6hen Sie Ihr Ambiente - Integrieren Sie diese einzigartige Mischung aus Porsche-Leidenschaft und k\u00fcnstlerischer Handwerkskunst in Ihren Lebensraum. Limitiert auf 100 St\u00fcck.<\/p>\n<h2 class=\"sNipX2_ ojo6Ou4---typography-11-runningText ojo6Ou4---priority-7-primary _HOcyB D0x9d0 sxbtulv\" aria-hidden=\"false\" data-hook=\"info-section-title\">Eigenschaften<\/h2>\n<p><strong>Feinbeton\u00a0 \u00a0<\/strong><br \/>\nEine Oberfl\u00e4che so glatt wie Glas, ohne Makel und mit einem enormen Detailreichtum. Dieser Beton neigt zu leichten Texturen und hat einen starken Vintage-Look<\/p>\n<h2><b>Einzelheiten:<\/b><\/h2>\n<ul>\n<li style=\"list-style-type: none;\">\n<ul>\n<li><strong>1 von 100 limitierter Auflage<\/strong><\/li>\n<li>80 x 45 x 7,5 cm<\/li>\n<li>13 - 14 Kilogramm<\/li>\n<li>grauer Beton<\/li>\n<li>Grobgranulierung<\/li>\n<li>24 K Blattgold<\/li>\n<li>dreifach gewachst<\/li>\n<\/ul>\n<\/li>\n<\/ul>\n<h2><strong>Zeichen<\/strong><\/h2>\n<p>Unsere Kunstwerke leben und atmen durch ihre einzigartigen Materialeigenschaften. Es ist nicht einfach nur Beton, das Aussehen und die Haptik ist sehr stein\u00e4hnlich. Jede Skulptur hat ein anderes Erscheinungsbild in Bezug auf Struktur, Maserung, Risse und St\u00fccke. Eine lebendige physische Pr\u00e4senz, die nicht nur sichtbar, sondern auch sp\u00fcrbar ist.<\/p>\n<p>&nbsp;<\/p>\n<h2><strong>C<\/strong><strong>Fl\u00f6\u00dferei<\/strong><\/h2>\n<p>Diese Skulptur ist ein Unikat, das im Schwarzwald in Handarbeit hergestellt wird.  Geformt aus Leichtbeton, wird diese ausdrucksstarke Skulptur viele zuk\u00fcnftige Generationen \u00fcberdauern.<\/p>\n<p>&nbsp;<\/p>\n<h2>Enthaltene Artikel<\/h2>\n<p>Jede Leinwand wird mit einem nummerierten und signierten Zertifikat, einer Bohrschablone und einem hochwertigen Designpaket geliefert.<\/p>\n<p>&nbsp;<\/p>\n<h2><strong>Versand &amp; Garantie<\/strong><\/h2>\n<p>Wir versenden weltweit. Die Versandkosten und das Lieferdatum k\u00f6nnen je nach Ihrem Standort variieren. Eine Expresslieferung ist m\u00f6glich.<\/p>\n<p>&nbsp;<\/p>","protected":false},"excerpt":{"rendered":"<div id=\"comp-lnwzlokq1\" class=\"HcOXKn c9GqVL QxJLC3 lq2cno comp-lnwzlokq1 wixui-rich-text\" data-testid=\"richTextElement\" data-motion-enter=\"done\">\n<div id=\"comp-lnwzlokq1\" class=\"HcOXKn c9GqVL QxJLC3 lq2cno comp-lnwzlokq1 wixui-rich-text\" data-testid=\"richTextElement\" data-motion-enter=\"done\">\n<h2 class=\"font_2 wixui-rich-text__text\"><span class=\"wixui-rich-text__text\">PORSCHE 911 (964) TURBO 3.6<\/span><\/h2>\n<\/div>\n<p id=\"comp-lnwzlokt\" class=\"HcOXKn c9GqVL QxJLC3 lq2cno comp-lnwzlokt wixui-rich-text\" data-testid=\"richTextElement\">Erh\u00f6hen Sie Ihr Ambiente - Integrieren Sie diese einzigartige Mischung aus Porsche-Leidenschaft und k\u00fcnstlerischer Handwerkskunst in Ihren Lebensraum. Limitiert auf 100 St\u00fcck.<\/p>\n<\/div>\n<p>&nbsp;<\/p>\n<p>&nbsp;<\/p>\n<p>&nbsp;<\/p>","protected":false},"featured_media":3902,"template":"","meta":{"_exactmetrics_skip_tracking":false,"_exactmetrics_sitenote_active":false,"_exactmetrics_sitenote_note":"","_exactmetrics_sitenote_category":0,"jetpack_post_was_ever_published":false},"product_cat":[161,22,65,146],"product_tag":[97,62,159],"yoast_head":"<!-- This site is optimized with the Yoast SEO plugin v21.0 - https:\/\/yoast.com\/wordpress\/plugins\/seo\/ -->\n<title>Advanced Canvas- Porsche 964 Turbo No. 16 - Vintage Speedworks<\/title>\n<meta name=\"description\" content=\"Hand made Ferrari 312P Sculpture. Perfect harmony of natural shapes and vintage motorsport design. Custom sculptures also possible.\" \/>\n<meta name=\"robots\" content=\"index, follow, max-snippet:-1, max-image-preview:large, max-video-preview:-1\" \/>\n<link rel=\"canonical\" href=\"https:\/\/www.vintage-speedworks.nl\/de\/produkt\/advanced-canvas-porsche-964-no16\/\" \/>\n<meta property=\"og:locale\" content=\"de_DE\" \/>\n<meta property=\"og:type\" content=\"article\" \/>\n<meta property=\"og:title\" content=\"Advanced Canvas- Porsche 964 Turbo No. 16 - Vintage Speedworks\" \/>\n<meta property=\"og:description\" content=\"Hand made Ferrari 312P Sculpture. Perfect harmony of natural shapes and vintage motorsport design. Custom sculptures also possible.\" \/>\n<meta property=\"og:url\" content=\"https:\/\/www.vintage-speedworks.nl\/de\/produkt\/advanced-canvas-porsche-964-no16\/\" \/>\n<meta property=\"og:site_name\" content=\"Vintage Speedworks\" \/>\n<meta property=\"article:modified_time\" content=\"2024-10-31T13:22:12+00:00\" \/>\n<meta property=\"og:image\" content=\"https:\/\/www.vintage-speedworks.nl\/wp-content\/uploads\/advanced-canvas-no16-964-turbo-menu.jpg\" \/>\n\t<meta property=\"og:image:width\" content=\"823\" \/>\n\t<meta property=\"og:image:height\" content=\"584\" \/>\n\t<meta property=\"og:image:type\" content=\"image\/jpeg\" \/>\n<meta name=\"twitter:card\" content=\"summary_large_image\" \/>\n<meta name=\"twitter:label1\" content=\"Gesch\u00e4tzte Lesezeit\" \/>\n\t<meta name=\"twitter:data1\" content=\"1\u00a0Minute\" \/>\n<script type=\"application\/ld+json\" class=\"yoast-schema-graph\">{\"@context\":\"https:\/\/schema.org\",\"@graph\":[{\"@type\":\"WebPage\",\"@id\":\"https:\/\/www.vintage-speedworks.nl\/product\/advanced-canvas-porsche-964-no16\/\",\"url\":\"https:\/\/www.vintage-speedworks.nl\/product\/advanced-canvas-porsche-964-no16\/\",\"name\":\"Advanced Canvas- Porsche 964 Turbo No. 16 - Vintage Speedworks\",\"isPartOf\":{\"@id\":\"https:\/\/www.vintage-speedworks.nl\/#website\"},\"datePublished\":\"2024-10-31T13:15:33+00:00\",\"dateModified\":\"2024-10-31T13:22:12+00:00\",\"description\":\"Hand made Ferrari 312P Sculpture. Perfect harmony of natural shapes and vintage motorsport design. Custom sculptures also possible.\",\"breadcrumb\":{\"@id\":\"https:\/\/www.vintage-speedworks.nl\/product\/advanced-canvas-porsche-964-no16\/#breadcrumb\"},\"inLanguage\":\"de\",\"potentialAction\":[{\"@type\":\"ReadAction\",\"target\":[\"https:\/\/www.vintage-speedworks.nl\/product\/advanced-canvas-porsche-964-no16\/\"]}]},{\"@type\":\"BreadcrumbList\",\"@id\":\"https:\/\/www.vintage-speedworks.nl\/product\/advanced-canvas-porsche-964-no16\/#breadcrumb\",\"itemListElement\":[{\"@type\":\"ListItem\",\"position\":1,\"name\":\"Home\",\"item\":\"https:\/\/www.vintage-speedworks.nl\/\"},{\"@type\":\"ListItem\",\"position\":2,\"name\":\"Webshop\",\"item\":\"https:\/\/www.vintage-speedworks.nl\/webshop\/\"},{\"@type\":\"ListItem\",\"position\":3,\"name\":\"Advanced Canvas- Porsche 964 Turbo No. 16\"}]},{\"@type\":\"WebSite\",\"@id\":\"https:\/\/www.vintage-speedworks.nl\/#website\",\"url\":\"https:\/\/www.vintage-speedworks.nl\/\",\"name\":\"Vintage Speedworks\",\"description\":\"Vintage art for speedfreaks\",\"potentialAction\":[{\"@type\":\"SearchAction\",\"target\":{\"@type\":\"EntryPoint\",\"urlTemplate\":\"https:\/\/www.vintage-speedworks.nl\/?s={search_term_string}\"},\"query-input\":\"required name=search_term_string\"}],\"inLanguage\":\"de\"}]}<\/script>\n<!-- \/ Yoast SEO plugin. -->","yoast_head_json":{"title":"Advanced Canvas- Porsche 964 Turbo No. 16 - Vintage Speedworks","description":"Hand made Ferrari 312P Sculpture. Perfect harmony of natural shapes and vintage motorsport design. Custom sculptures also possible.","robots":{"index":"index","follow":"follow","max-snippet":"max-snippet:-1","max-image-preview":"max-image-preview:large","max-video-preview":"max-video-preview:-1"},"canonical":"https:\/\/www.vintage-speedworks.nl\/de\/produkt\/advanced-canvas-porsche-964-no16\/","og_locale":"de_DE","og_type":"article","og_title":"Advanced Canvas- Porsche 964 Turbo No. 16 - Vintage Speedworks","og_description":"Hand made Ferrari 312P Sculpture. Perfect harmony of natural shapes and vintage motorsport design. Custom sculptures also possible.","og_url":"https:\/\/www.vintage-speedworks.nl\/de\/produkt\/advanced-canvas-porsche-964-no16\/","og_site_name":"Vintage Speedworks","article_modified_time":"2024-10-31T13:22:12+00:00","og_image":[{"width":823,"height":584,"url":"https:\/\/www.vintage-speedworks.nl\/wp-content\/uploads\/advanced-canvas-no16-964-turbo-menu.jpg","type":"image\/jpeg"}],"twitter_card":"summary_large_image","twitter_misc":{"Gesch\u00e4tzte Lesezeit":"1\u00a0Minute"},"schema":{"@context":"https:\/\/schema.org","@graph":[{"@type":"WebPage","@id":"https:\/\/www.vintage-speedworks.nl\/product\/advanced-canvas-porsche-964-no16\/","url":"https:\/\/www.vintage-speedworks.nl\/product\/advanced-canvas-porsche-964-no16\/","name":"Advanced Canvas- Porsche 964 Turbo No. 16 - Vintage Speedworks","isPartOf":{"@id":"https:\/\/www.vintage-speedworks.nl\/#website"},"datePublished":"2024-10-31T13:15:33+00:00","dateModified":"2024-10-31T13:22:12+00:00","description":"Hand made Ferrari 312P Sculpture. Perfect harmony of natural shapes and vintage motorsport design. Custom sculptures also possible.","breadcrumb":{"@id":"https:\/\/www.vintage-speedworks.nl\/product\/advanced-canvas-porsche-964-no16\/#breadcrumb"},"inLanguage":"de","potentialAction":[{"@type":"ReadAction","target":["https:\/\/www.vintage-speedworks.nl\/product\/advanced-canvas-porsche-964-no16\/"]}]},{"@type":"BreadcrumbList","@id":"https:\/\/www.vintage-speedworks.nl\/product\/advanced-canvas-porsche-964-no16\/#breadcrumb","itemListElement":[{"@type":"ListItem","position":1,"name":"Home","item":"https:\/\/www.vintage-speedworks.nl\/"},{"@type":"ListItem","position":2,"name":"Webshop","item":"https:\/\/www.vintage-speedworks.nl\/webshop\/"},{"@type":"ListItem","position":3,"name":"Advanced Canvas- Porsche 964 Turbo No. 16"}]},{"@type":"WebSite","@id":"https:\/\/www.vintage-speedworks.nl\/#website","url":"https:\/\/www.vintage-speedworks.nl\/","name":"Vintage Speedworks","description":"Vintage art for speedfreaks","potentialAction":[{"@type":"SearchAction","target":{"@type":"EntryPoint","urlTemplate":"https:\/\/www.vintage-speedworks.nl\/?s={search_term_string}"},"query-input":"required name=search_term_string"}],"inLanguage":"de"}]}},"_links":{"self":[{"href":"https:\/\/www.vintage-speedworks.nl\/de\/wp-json\/wp\/v2\/product\/3896"}],"collection":[{"href":"https:\/\/www.vintage-speedworks.nl\/de\/wp-json\/wp\/v2\/product"}],"about":[{"href":"https:\/\/www.vintage-speedworks.nl\/de\/wp-json\/wp\/v2\/types\/product"}],"wp:featuredmedia":[{"embeddable":true,"href":"https:\/\/www.vintage-speedworks.nl\/de\/wp-json\/wp\/v2\/media\/3902"}],"wp:attachment":[{"href":"https:\/\/www.vintage-speedworks.nl\/de\/wp-json\/wp\/v2\/media?parent=3896"}],"wp:term":[{"taxonomy":"product_cat","embeddable":true,"href":"https:\/\/www.vintage-speedworks.nl\/de\/wp-json\/wp\/v2\/product_cat?post=3896"},{"taxonomy":"product_tag","embeddable":true,"href":"https:\/\/www.vintage-speedworks.nl\/de\/wp-json\/wp\/v2\/product_tag?post=3896"}],"curies":[{"name":"wp","href":"https:\/\/api.w.org\/{rel}","templated":true}]}}