{"id":3865,"date":"2024-10-31T12:05:32","date_gmt":"2024-10-31T12:05:32","guid":{"rendered":"https:\/\/www.vintage-speedworks.nl\/?post_type=product&#038;p=3865"},"modified":"2024-10-31T12:29:26","modified_gmt":"2024-10-31T12:29:26","slug":"ricardo-rodriguez-schilderij-durt-bike","status":"publish","type":"product","link":"https:\/\/www.vintage-speedworks.nl\/de\/produkt\/ricardo-rodriguez-schilderij-durt-bike\/","title":{"rendered":"Dirt Bike in Grau - Ricardo Rodriguez"},"content":{"rendered":"<p><strong>Entdecken Sie Ricardo Rodriguez' wundersch\u00f6nes Werk: 'The Dirt Biker'.<\/strong><\/p>\n<p>Dieses beeindruckende Gem\u00e4lde des talentierten K\u00fcnstlers Ricardo Rodriguez. <strong>Der Schmutzige Biker\".<\/strong>ist ein Muss f\u00fcr Liebhaber von Vintage-Kunst und Motorradkultur.<\/p>\n<p>Ricardo schafft seine Meisterwerke in seiner Galerie in Valencia, wo er haupts\u00e4chlich mit einer Palette von Graut\u00f6nen arbeitet. Seine Gem\u00e4lde sind nicht nur visuell gro\u00dfartig, sondern auch reich an Tiefe und Emotionen. Inspiriert vom Vintage-Stil und der Welt der Biker, gelingt es ihm, in jedem Werk eine einzigartige Atmosph\u00e4re einzufangen.<\/p>\n<p>Mit Abmessungen von\u00a0<strong>140 x 80 cm<\/strong>\u00a0diese Leinwand ist ein echter Blickfang in jedem Interieur. Der Oldtimer-Motor und die dynamische Pose des Fahrers ergeben zusammen ein sch\u00f6nes und ausgewogenes Ganzes, das jeden Raum zum Leben erweckt.<\/p>\n<p>Nehmen Sie \"The Dirt Biker\" in Ihre Sammlung auf und lassen Sie die Leidenschaft f\u00fcr das Radfahren und die Kunst in Ihrem Zuhause zusammenkommen!<\/p>\n<h2><b>Einzelheiten:<\/b><\/h2>\n<ul>\n<li>Originalgem\u00e4lde mit Bleistift von Ricardo Rodriguez (Valencia)<\/li>\n<li>Komplett mit Rahmen<\/li>\n<li>Nur 1 Exemplar vorhanden, vollst\u00e4ndig unterzeichnet und mit Zertifikat<\/li>\n<\/ul>\n<h2><b>Afmeti<\/b><b>ngen<\/b><b>:<\/b><\/h2>\n<ul>\n<li>Abmessungen (cm): 140,0 x 80,0 cm<\/li>\n<\/ul>\n<h2>Lieferung:<\/h2>\n<ul>\n<li>Versand innerhalb von 10 Tagen<\/li>\n<\/ul>\n<p>&nbsp;<\/p>","protected":false},"excerpt":{"rendered":"<p><strong>Entdecken Sie Ricardo Rodriguez' wundersch\u00f6nes Werk: 'The Dirt Biker'.<\/strong><\/p>\n<p>Dieses beeindruckende Gem\u00e4lde des talentierten K\u00fcnstlers Ricardo Rodriguez. <strong>Der Schmutzige Biker\".<\/strong>ist ein Muss f\u00fcr Liebhaber von Vintage-Kunst und Motorradkultur.<\/p>\n<p>Ricardo schafft seine Meisterwerke in seiner Galerie in Valencia, wo er haupts\u00e4chlich mit einer Palette von Graut\u00f6nen arbeitet. Seine Gem\u00e4lde sind nicht nur visuell gro\u00dfartig, sondern auch reich an Tiefe und Emotionen. Inspiriert vom Vintage-Stil und der Welt der Biker, gelingt es ihm, in jedem Werk eine einzigartige Atmosph\u00e4re einzufangen.<\/p>\n<p>&nbsp;<\/p>\n<p>&nbsp;<\/p>","protected":false},"featured_media":3869,"template":"","meta":{"_exactmetrics_skip_tracking":false,"_exactmetrics_sitenote_active":false,"_exactmetrics_sitenote_note":"","_exactmetrics_sitenote_category":0,"jetpack_post_was_ever_published":false},"product_cat":[121,137],"product_tag":[197,149],"yoast_head":"<!-- This site is optimized with the Yoast SEO plugin v21.0 - https:\/\/yoast.com\/wordpress\/plugins\/seo\/ -->\n<title>Dirt Bike in Gray - Ricardo Rodriguez - Vintage Speedworks<\/title>\n<meta name=\"robots\" content=\"index, follow, max-snippet:-1, max-image-preview:large, max-video-preview:-1\" \/>\n<link rel=\"canonical\" href=\"https:\/\/www.vintage-speedworks.nl\/de\/produkt\/ricardo-rodriguez-schilderij-durt-bike\/\" \/>\n<meta property=\"og:locale\" content=\"de_DE\" \/>\n<meta property=\"og:type\" content=\"article\" \/>\n<meta property=\"og:title\" content=\"Dirt Bike in Gray - Ricardo Rodriguez - Vintage Speedworks\" \/>\n<meta property=\"og:description\" content=\"Ontdek het Prachtige Werk van Ricardo Rodriguez: &#039;The Dirt Biker&#039;  Dit indrukwekkende schilderij van de getalenteerde kunstenaar Ricardo Rodriguez. &#039;The Dirt Biker&#039;, is een must-have voor liefhebbers van vintage kunst en motorcultuur.  Ricardo cre\u00ebert zijn meesterwerken vanuit zijn galerie in Valencia, waar hij voornamelijk werkt met een palet van grijstinten. Zijn schilderijen zijn niet alleen visueel groot, maar ook rijk aan diepgang en emotie. Ge\u00efnspireerd door de vintage stijl en de wereld van motorfietsers, weet hij een unieke sfeer te vangen in elk stuk.  &nbsp;  &nbsp;\" \/>\n<meta property=\"og:url\" content=\"https:\/\/www.vintage-speedworks.nl\/de\/produkt\/ricardo-rodriguez-schilderij-durt-bike\/\" \/>\n<meta property=\"og:site_name\" content=\"Vintage Speedworks\" \/>\n<meta property=\"article:modified_time\" content=\"2024-10-31T12:29:26+00:00\" \/>\n<meta property=\"og:image\" content=\"https:\/\/www.vintage-speedworks.nl\/wp-content\/uploads\/Ricardo-rodriguez-biker-portrait-interior-shop.jpg\" \/>\n\t<meta property=\"og:image:width\" content=\"505\" \/>\n\t<meta property=\"og:image:height\" content=\"546\" \/>\n\t<meta property=\"og:image:type\" content=\"image\/jpeg\" \/>\n<meta name=\"twitter:card\" content=\"summary_large_image\" \/>\n<meta name=\"twitter:label1\" content=\"Gesch\u00e4tzte Lesezeit\" \/>\n\t<meta name=\"twitter:data1\" content=\"1\u00a0Minute\" \/>\n<script type=\"application\/ld+json\" class=\"yoast-schema-graph\">{\"@context\":\"https:\/\/schema.org\",\"@graph\":[{\"@type\":\"WebPage\",\"@id\":\"https:\/\/www.vintage-speedworks.nl\/product\/ricardo-rodriguez-schilderij-durt-bike\/\",\"url\":\"https:\/\/www.vintage-speedworks.nl\/product\/ricardo-rodriguez-schilderij-durt-bike\/\",\"name\":\"Dirt Bike in Gray - Ricardo Rodriguez - Vintage Speedworks\",\"isPartOf\":{\"@id\":\"https:\/\/www.vintage-speedworks.nl\/#website\"},\"datePublished\":\"2024-10-31T12:05:32+00:00\",\"dateModified\":\"2024-10-31T12:29:26+00:00\",\"breadcrumb\":{\"@id\":\"https:\/\/www.vintage-speedworks.nl\/product\/ricardo-rodriguez-schilderij-durt-bike\/#breadcrumb\"},\"inLanguage\":\"de\",\"potentialAction\":[{\"@type\":\"ReadAction\",\"target\":[\"https:\/\/www.vintage-speedworks.nl\/product\/ricardo-rodriguez-schilderij-durt-bike\/\"]}]},{\"@type\":\"BreadcrumbList\",\"@id\":\"https:\/\/www.vintage-speedworks.nl\/product\/ricardo-rodriguez-schilderij-durt-bike\/#breadcrumb\",\"itemListElement\":[{\"@type\":\"ListItem\",\"position\":1,\"name\":\"Home\",\"item\":\"https:\/\/www.vintage-speedworks.nl\/\"},{\"@type\":\"ListItem\",\"position\":2,\"name\":\"Webshop\",\"item\":\"https:\/\/www.vintage-speedworks.nl\/webshop\/\"},{\"@type\":\"ListItem\",\"position\":3,\"name\":\"Dirt Bike in Gray &#8211; Ricardo Rodriguez\"}]},{\"@type\":\"WebSite\",\"@id\":\"https:\/\/www.vintage-speedworks.nl\/#website\",\"url\":\"https:\/\/www.vintage-speedworks.nl\/\",\"name\":\"Vintage Speedworks\",\"description\":\"Vintage art for speedfreaks\",\"potentialAction\":[{\"@type\":\"SearchAction\",\"target\":{\"@type\":\"EntryPoint\",\"urlTemplate\":\"https:\/\/www.vintage-speedworks.nl\/?s={search_term_string}\"},\"query-input\":\"required name=search_term_string\"}],\"inLanguage\":\"de\"}]}<\/script>\n<!-- \/ Yoast SEO plugin. -->","yoast_head_json":{"title":"Dirt Bike in Gray - Ricardo Rodriguez - Vintage Speedworks","robots":{"index":"index","follow":"follow","max-snippet":"max-snippet:-1","max-image-preview":"max-image-preview:large","max-video-preview":"max-video-preview:-1"},"canonical":"https:\/\/www.vintage-speedworks.nl\/de\/produkt\/ricardo-rodriguez-schilderij-durt-bike\/","og_locale":"de_DE","og_type":"article","og_title":"Dirt Bike in Gray - Ricardo Rodriguez - Vintage Speedworks","og_description":"Ontdek het Prachtige Werk van Ricardo Rodriguez: 'The Dirt Biker'  Dit indrukwekkende schilderij van de getalenteerde kunstenaar Ricardo Rodriguez. 'The Dirt Biker', is een must-have voor liefhebbers van vintage kunst en motorcultuur.  Ricardo cre\u00ebert zijn meesterwerken vanuit zijn galerie in Valencia, waar hij voornamelijk werkt met een palet van grijstinten. Zijn schilderijen zijn niet alleen visueel groot, maar ook rijk aan diepgang en emotie. Ge\u00efnspireerd door de vintage stijl en de wereld van motorfietsers, weet hij een unieke sfeer te vangen in elk stuk.  &nbsp;  &nbsp;","og_url":"https:\/\/www.vintage-speedworks.nl\/de\/produkt\/ricardo-rodriguez-schilderij-durt-bike\/","og_site_name":"Vintage Speedworks","article_modified_time":"2024-10-31T12:29:26+00:00","og_image":[{"width":505,"height":546,"url":"https:\/\/www.vintage-speedworks.nl\/wp-content\/uploads\/Ricardo-rodriguez-biker-portrait-interior-shop.jpg","type":"image\/jpeg"}],"twitter_card":"summary_large_image","twitter_misc":{"Gesch\u00e4tzte Lesezeit":"1\u00a0Minute"},"schema":{"@context":"https:\/\/schema.org","@graph":[{"@type":"WebPage","@id":"https:\/\/www.vintage-speedworks.nl\/product\/ricardo-rodriguez-schilderij-durt-bike\/","url":"https:\/\/www.vintage-speedworks.nl\/product\/ricardo-rodriguez-schilderij-durt-bike\/","name":"Dirt Bike in Gray - Ricardo Rodriguez - Vintage Speedworks","isPartOf":{"@id":"https:\/\/www.vintage-speedworks.nl\/#website"},"datePublished":"2024-10-31T12:05:32+00:00","dateModified":"2024-10-31T12:29:26+00:00","breadcrumb":{"@id":"https:\/\/www.vintage-speedworks.nl\/product\/ricardo-rodriguez-schilderij-durt-bike\/#breadcrumb"},"inLanguage":"de","potentialAction":[{"@type":"ReadAction","target":["https:\/\/www.vintage-speedworks.nl\/product\/ricardo-rodriguez-schilderij-durt-bike\/"]}]},{"@type":"BreadcrumbList","@id":"https:\/\/www.vintage-speedworks.nl\/product\/ricardo-rodriguez-schilderij-durt-bike\/#breadcrumb","itemListElement":[{"@type":"ListItem","position":1,"name":"Home","item":"https:\/\/www.vintage-speedworks.nl\/"},{"@type":"ListItem","position":2,"name":"Webshop","item":"https:\/\/www.vintage-speedworks.nl\/webshop\/"},{"@type":"ListItem","position":3,"name":"Dirt Bike in Gray &#8211; Ricardo Rodriguez"}]},{"@type":"WebSite","@id":"https:\/\/www.vintage-speedworks.nl\/#website","url":"https:\/\/www.vintage-speedworks.nl\/","name":"Vintage Speedworks","description":"Vintage art for speedfreaks","potentialAction":[{"@type":"SearchAction","target":{"@type":"EntryPoint","urlTemplate":"https:\/\/www.vintage-speedworks.nl\/?s={search_term_string}"},"query-input":"required name=search_term_string"}],"inLanguage":"de"}]}},"_links":{"self":[{"href":"https:\/\/www.vintage-speedworks.nl\/de\/wp-json\/wp\/v2\/product\/3865"}],"collection":[{"href":"https:\/\/www.vintage-speedworks.nl\/de\/wp-json\/wp\/v2\/product"}],"about":[{"href":"https:\/\/www.vintage-speedworks.nl\/de\/wp-json\/wp\/v2\/types\/product"}],"wp:featuredmedia":[{"embeddable":true,"href":"https:\/\/www.vintage-speedworks.nl\/de\/wp-json\/wp\/v2\/media\/3869"}],"wp:attachment":[{"href":"https:\/\/www.vintage-speedworks.nl\/de\/wp-json\/wp\/v2\/media?parent=3865"}],"wp:term":[{"taxonomy":"product_cat","embeddable":true,"href":"https:\/\/www.vintage-speedworks.nl\/de\/wp-json\/wp\/v2\/product_cat?post=3865"},{"taxonomy":"product_tag","embeddable":true,"href":"https:\/\/www.vintage-speedworks.nl\/de\/wp-json\/wp\/v2\/product_tag?post=3865"}],"curies":[{"name":"wp","href":"https:\/\/api.w.org\/{rel}","templated":true}]}}