{"id":381,"date":"2017-11-22T18:33:57","date_gmt":"2017-11-22T18:33:57","guid":{"rendered":"http:\/\/www.vintage-speedworks.nl\/?post_type=product&#038;p=381"},"modified":"2018-09-20T11:42:39","modified_gmt":"2018-09-20T11:42:39","slug":"james-hunt-hesketh-1975","status":"publish","type":"product","link":"https:\/\/www.vintage-speedworks.nl\/de\/produkt\/james-hunt-hesketh-1975\/","title":{"rendered":"LEGENDE: James Hunt"},"content":{"rendered":"<p>James Hunt ist vielen Motorsportfans ein Begriff. Er ist bekannt f\u00fcr seine Erfolge in der Formel 1, f\u00fcr seinen r\u00fcpelhaften Lebensstil und f\u00fcr seinen Charme. Hunt gab sein Deb\u00fct in der FOrmule1 im Jahr 1973 im Hesketh-Team. Hesketh war von einem wohlhabenden Gesch\u00e4ftsmann gegr\u00fcndet worden, der sich sehr gut mit James Hunt verstand. In der zweiten Saison holte Hunt seinen ersten Sieg mit diesem Team beim Gro\u00dfen Preis von Holland in Zandvoort.<\/p>\n<p>Nach drei Saisons mit Hesketh unterschrieb Hunt einen Vertrag bei McLaren, wo er in seiner ersten Saison sofort zum Champion wurde. Vor allem in der 2. Saisonh\u00e4lfte fuhr Hunt grundsolide, w\u00e4hrend Lauda nach seiner Genesung von dem schweren Unfall auf dem N\u00fcrburgring Punkte verlor. Beim letzten Rennen auf der japanischen Rennstrecke von Fuji gelang es Hunt, sich die Meisterschaft mit einem Punkt Unterschied zu sichern, indem er bei diesem komplett verregneten Rennen viel Risiko einging.<\/p>\n<h2><b>Abmessungen<\/b><b>:<\/b><\/h2>\n<ul>\n<li>Abmessungen (cm): 61,5 x 44,0 cm<\/li>\n<\/ul>\n<h2><b>Einzelheiten:<\/b><\/h2>\n<ul>\n<li>Gedruckt auf satiniertem Papier, um der Originalvorlage so nahe wie m\u00f6glich zu kommen<\/li>\n<li>Limitierte Auflage von 100 St\u00fcck (signiert und nummeriert)<\/li>\n<\/ul>\n<h2><b>Lieferung:<\/b><\/h2>\n<ul>\n<li>Artikel auf Lager<\/li>\n<li>Versand innerhalb von 3 Arbeitstagen in einer Schutzh\u00fclle<\/li>\n<\/ul>","protected":false},"excerpt":{"rendered":"<p>James Hunt in seinem Hesketh von 1975<\/p>","protected":false},"featured_media":613,"template":"","meta":{"_exactmetrics_skip_tracking":false,"_exactmetrics_sitenote_active":false,"_exactmetrics_sitenote_note":"","_exactmetrics_sitenote_category":0,"jetpack_post_was_ever_published":false},"product_cat":[21,65,142],"product_tag":[34,39,47,49,48],"yoast_head":"<!-- This site is optimized with the Yoast SEO plugin v21.0 - https:\/\/yoast.com\/wordpress\/plugins\/seo\/ -->\n<title>LEGENDS: James Hunt - Vintage Speedworks<\/title>\n<meta name=\"robots\" content=\"index, follow, max-snippet:-1, max-image-preview:large, max-video-preview:-1\" \/>\n<link rel=\"canonical\" href=\"https:\/\/www.vintage-speedworks.nl\/de\/produkt\/james-hunt-hesketh-1975\/\" \/>\n<meta property=\"og:locale\" content=\"de_DE\" \/>\n<meta property=\"og:type\" content=\"article\" \/>\n<meta property=\"og:title\" content=\"LEGENDS: James Hunt - Vintage Speedworks\" \/>\n<meta property=\"og:description\" content=\"James Hunt in zijn Hesketh van 1975\" \/>\n<meta property=\"og:url\" content=\"https:\/\/www.vintage-speedworks.nl\/de\/produkt\/james-hunt-hesketh-1975\/\" \/>\n<meta property=\"og:site_name\" content=\"Vintage Speedworks\" \/>\n<meta property=\"article:modified_time\" content=\"2018-09-20T11:42:39+00:00\" \/>\n<meta property=\"og:image\" content=\"https:\/\/i2.wp.com\/www.vintage-speedworks.nl\/wp-content\/uploads\/James-hunt-hesketh-2-e1512320381553.jpg?fit=397%2C279&ssl=1\" \/>\n\t<meta property=\"og:image:width\" content=\"397\" \/>\n\t<meta property=\"og:image:height\" content=\"279\" \/>\n\t<meta property=\"og:image:type\" content=\"image\/jpeg\" \/>\n<meta name=\"twitter:card\" content=\"summary_large_image\" \/>\n<meta name=\"twitter:label1\" content=\"Gesch\u00e4tzte Lesezeit\" \/>\n\t<meta name=\"twitter:data1\" content=\"1\u00a0Minute\" \/>\n<script type=\"application\/ld+json\" class=\"yoast-schema-graph\">{\"@context\":\"https:\/\/schema.org\",\"@graph\":[{\"@type\":\"WebPage\",\"@id\":\"https:\/\/www.vintage-speedworks.nl\/product\/james-hunt-hesketh-1975\/\",\"url\":\"https:\/\/www.vintage-speedworks.nl\/product\/james-hunt-hesketh-1975\/\",\"name\":\"LEGENDS: James Hunt - Vintage Speedworks\",\"isPartOf\":{\"@id\":\"https:\/\/www.vintage-speedworks.nl\/#website\"},\"datePublished\":\"2017-11-22T18:33:57+00:00\",\"dateModified\":\"2018-09-20T11:42:39+00:00\",\"breadcrumb\":{\"@id\":\"https:\/\/www.vintage-speedworks.nl\/product\/james-hunt-hesketh-1975\/#breadcrumb\"},\"inLanguage\":\"de\",\"potentialAction\":[{\"@type\":\"ReadAction\",\"target\":[\"https:\/\/www.vintage-speedworks.nl\/product\/james-hunt-hesketh-1975\/\"]}]},{\"@type\":\"BreadcrumbList\",\"@id\":\"https:\/\/www.vintage-speedworks.nl\/product\/james-hunt-hesketh-1975\/#breadcrumb\",\"itemListElement\":[{\"@type\":\"ListItem\",\"position\":1,\"name\":\"Home\",\"item\":\"https:\/\/www.vintage-speedworks.nl\/\"},{\"@type\":\"ListItem\",\"position\":2,\"name\":\"Webshop\",\"item\":\"https:\/\/www.vintage-speedworks.nl\/webshop\/\"},{\"@type\":\"ListItem\",\"position\":3,\"name\":\"LEGENDS: James Hunt\"}]},{\"@type\":\"WebSite\",\"@id\":\"https:\/\/www.vintage-speedworks.nl\/#website\",\"url\":\"https:\/\/www.vintage-speedworks.nl\/\",\"name\":\"Vintage Speedworks\",\"description\":\"Vintage art for speedfreaks\",\"potentialAction\":[{\"@type\":\"SearchAction\",\"target\":{\"@type\":\"EntryPoint\",\"urlTemplate\":\"https:\/\/www.vintage-speedworks.nl\/?s={search_term_string}\"},\"query-input\":\"required name=search_term_string\"}],\"inLanguage\":\"de\"}]}<\/script>\n<!-- \/ Yoast SEO plugin. -->","yoast_head_json":{"title":"LEGENDS: James Hunt - Vintage Speedworks","robots":{"index":"index","follow":"follow","max-snippet":"max-snippet:-1","max-image-preview":"max-image-preview:large","max-video-preview":"max-video-preview:-1"},"canonical":"https:\/\/www.vintage-speedworks.nl\/de\/produkt\/james-hunt-hesketh-1975\/","og_locale":"de_DE","og_type":"article","og_title":"LEGENDS: James Hunt - Vintage Speedworks","og_description":"James Hunt in zijn Hesketh van 1975","og_url":"https:\/\/www.vintage-speedworks.nl\/de\/produkt\/james-hunt-hesketh-1975\/","og_site_name":"Vintage Speedworks","article_modified_time":"2018-09-20T11:42:39+00:00","og_image":[{"width":397,"height":279,"url":"https:\/\/i2.wp.com\/www.vintage-speedworks.nl\/wp-content\/uploads\/James-hunt-hesketh-2-e1512320381553.jpg?fit=397%2C279&ssl=1","type":"image\/jpeg"}],"twitter_card":"summary_large_image","twitter_misc":{"Gesch\u00e4tzte Lesezeit":"1\u00a0Minute"},"schema":{"@context":"https:\/\/schema.org","@graph":[{"@type":"WebPage","@id":"https:\/\/www.vintage-speedworks.nl\/product\/james-hunt-hesketh-1975\/","url":"https:\/\/www.vintage-speedworks.nl\/product\/james-hunt-hesketh-1975\/","name":"LEGENDS: James Hunt - Vintage Speedworks","isPartOf":{"@id":"https:\/\/www.vintage-speedworks.nl\/#website"},"datePublished":"2017-11-22T18:33:57+00:00","dateModified":"2018-09-20T11:42:39+00:00","breadcrumb":{"@id":"https:\/\/www.vintage-speedworks.nl\/product\/james-hunt-hesketh-1975\/#breadcrumb"},"inLanguage":"de","potentialAction":[{"@type":"ReadAction","target":["https:\/\/www.vintage-speedworks.nl\/product\/james-hunt-hesketh-1975\/"]}]},{"@type":"BreadcrumbList","@id":"https:\/\/www.vintage-speedworks.nl\/product\/james-hunt-hesketh-1975\/#breadcrumb","itemListElement":[{"@type":"ListItem","position":1,"name":"Home","item":"https:\/\/www.vintage-speedworks.nl\/"},{"@type":"ListItem","position":2,"name":"Webshop","item":"https:\/\/www.vintage-speedworks.nl\/webshop\/"},{"@type":"ListItem","position":3,"name":"LEGENDS: James Hunt"}]},{"@type":"WebSite","@id":"https:\/\/www.vintage-speedworks.nl\/#website","url":"https:\/\/www.vintage-speedworks.nl\/","name":"Vintage Speedworks","description":"Vintage art for speedfreaks","potentialAction":[{"@type":"SearchAction","target":{"@type":"EntryPoint","urlTemplate":"https:\/\/www.vintage-speedworks.nl\/?s={search_term_string}"},"query-input":"required name=search_term_string"}],"inLanguage":"de"}]}},"_links":{"self":[{"href":"https:\/\/www.vintage-speedworks.nl\/de\/wp-json\/wp\/v2\/product\/381"}],"collection":[{"href":"https:\/\/www.vintage-speedworks.nl\/de\/wp-json\/wp\/v2\/product"}],"about":[{"href":"https:\/\/www.vintage-speedworks.nl\/de\/wp-json\/wp\/v2\/types\/product"}],"wp:featuredmedia":[{"embeddable":true,"href":"https:\/\/www.vintage-speedworks.nl\/de\/wp-json\/wp\/v2\/media\/613"}],"wp:attachment":[{"href":"https:\/\/www.vintage-speedworks.nl\/de\/wp-json\/wp\/v2\/media?parent=381"}],"wp:term":[{"taxonomy":"product_cat","embeddable":true,"href":"https:\/\/www.vintage-speedworks.nl\/de\/wp-json\/wp\/v2\/product_cat?post=381"},{"taxonomy":"product_tag","embeddable":true,"href":"https:\/\/www.vintage-speedworks.nl\/de\/wp-json\/wp\/v2\/product_tag?post=381"}],"curies":[{"name":"wp","href":"https:\/\/api.w.org\/{rel}","templated":true}]}}