{"id":3719,"date":"2022-04-01T11:21:49","date_gmt":"2022-04-01T11:21:49","guid":{"rendered":"https:\/\/www.vintage-speedworks.nl\/?post_type=product&#038;p=3719"},"modified":"2023-12-14T17:10:36","modified_gmt":"2023-12-14T17:10:36","slug":"alfa-romeo-gulia-sprint-gta-original-factory-drawing","status":"publish","type":"product","link":"https:\/\/www.vintage-speedworks.nl\/de\/produkt\/alfa-romeo-gulia-sprint-gta-original-factory-drawing\/","title":{"rendered":"Alfa Romeo Gulia Sprint GTA - Original Werkszeichnung"},"content":{"rendered":"<div class=\"paragraph\">Erstaunliche Original-Werkszeichnung aus der Zeichnungsabteilung von Alfa Romeo.<\/div>\n<div>Diese spezielle Werkszeichnung wurde 1965 aktualisiert.<\/div>\n<div>\n<p>Anfang 1986 wurde Alfa Romeo Teil der FIAT-Gruppe. Das Hauptwerk von Alfa Romeo in Arese wurde zu einem normalen Produktionswerk. FIAT hatte kein Interesse daran, die Archive zu bewahren, was bedeutete, dass viele Blaupausen zerst\u00f6rt und recycelt wurden. Eine kleine Gruppe von Ingenieuren versuchte, einige der Blaupausen zu retten und nahm sie mit nach Hause. Viele gingen danach verloren und nur eine Handvoll ist noch in privaten Sammlungen vorhanden.<\/p>\n<\/div>\n<div>Blaupause Zeichnung zeigt gro\u00dfe Patina und hat Original-Stempel und Markierungen. es wurde availbel jetzt aus einer privaten Sammlung.<\/div>\n<div><\/div>\n<div>Ein gro\u00dfartiges St\u00fcck, um es einer Sammlung hinzuzuf\u00fcgen oder an die Wand Ihrer Garage zu h\u00e4ngen.<\/div>\n<h2><b>Einzelheiten:<\/b><\/h2>\n<ul>\n<li>Original Werkszeichnung von Alfa Romeo Zeichnungsabteilung<\/li>\n<li>nur 1 St\u00fcck verf\u00fcgbar<\/li>\n<li>Echte Sammlerst\u00fccke<\/li>\n<li>Gr\u00f6\u00dfe: 80 x 60 cm<\/li>\n<\/ul>\n<h2><b>Lieferung:<\/b><\/h2>\n<ul>\n<li>Auf Lager<\/li>\n<li>Direkter Versand<\/li>\n<\/ul>","protected":false},"excerpt":{"rendered":"<div class=\"paragraph\">Erstaunliche Original Gulia GTA Werkszeichnung aus der Alfa Romeo Zeichnungsabteilung.<\/div>\n<div>Gedruckt in den 1960er Jahren in der Abteilung von Luigi Fusi und gesammelt von einem ehemaligen Mitarbeiter w\u00e4hrend der Fiat-Alfa-\u00dcbernahme in den 1980er Jahren.<\/div>\n<p>&nbsp;<\/p>\n<p>&nbsp;<\/p>\n<p>&nbsp;<\/p>\n<div class=\"woocommerce-product-details__short-description\"><\/div>","protected":false},"featured_media":3720,"template":"","meta":{"_exactmetrics_skip_tracking":false,"_exactmetrics_sitenote_active":false,"_exactmetrics_sitenote_note":"","_exactmetrics_sitenote_category":0,"jetpack_post_was_ever_published":false},"product_cat":[122],"product_tag":[117,118,184,183],"yoast_head":"<!-- This site is optimized with the Yoast SEO plugin v21.0 - https:\/\/yoast.com\/wordpress\/plugins\/seo\/ -->\n<title>Alfa Romeo Gulia Sprint GTA - Original Factory Drawing - Vintage Speedworks<\/title>\n<meta name=\"robots\" content=\"index, follow, max-snippet:-1, max-image-preview:large, max-video-preview:-1\" \/>\n<link rel=\"canonical\" href=\"https:\/\/www.vintage-speedworks.nl\/de\/produkt\/alfa-romeo-gulia-sprint-gta-original-factory-drawing\/\" \/>\n<meta property=\"og:locale\" content=\"de_DE\" \/>\n<meta property=\"og:type\" content=\"article\" \/>\n<meta property=\"og:title\" content=\"Alfa Romeo Gulia Sprint GTA - Original Factory Drawing - Vintage Speedworks\" \/>\n<meta property=\"og:description\" content=\"Amazing original Gulia GTA factory drawing from the Alfa Romeo Drawing department. Printed in the 1960&#039;s by Luigi Fusi&#039;s department and collected by an ex-worker during the Fiat-Alfa Takeover during the 1980&#039;s. &nbsp;  &nbsp;  &nbsp;\" \/>\n<meta property=\"og:url\" content=\"https:\/\/www.vintage-speedworks.nl\/de\/produkt\/alfa-romeo-gulia-sprint-gta-original-factory-drawing\/\" \/>\n<meta property=\"og:site_name\" content=\"Vintage Speedworks\" \/>\n<meta property=\"article:modified_time\" content=\"2023-12-14T17:10:36+00:00\" \/>\n<meta property=\"og:image\" content=\"https:\/\/www.vintage-speedworks.nl\/wp-content\/uploads\/GTA-scaled.jpeg\" \/>\n\t<meta property=\"og:image:width\" content=\"2560\" \/>\n\t<meta property=\"og:image:height\" content=\"1920\" \/>\n\t<meta property=\"og:image:type\" content=\"image\/jpeg\" \/>\n<meta name=\"twitter:card\" content=\"summary_large_image\" \/>\n<meta name=\"twitter:label1\" content=\"Gesch\u00e4tzte Lesezeit\" \/>\n\t<meta name=\"twitter:data1\" content=\"1\u00a0Minute\" \/>\n<script type=\"application\/ld+json\" class=\"yoast-schema-graph\">{\"@context\":\"https:\/\/schema.org\",\"@graph\":[{\"@type\":\"WebPage\",\"@id\":\"https:\/\/www.vintage-speedworks.nl\/product\/alfa-romeo-gulia-sprint-gta-original-factory-drawing\/\",\"url\":\"https:\/\/www.vintage-speedworks.nl\/product\/alfa-romeo-gulia-sprint-gta-original-factory-drawing\/\",\"name\":\"Alfa Romeo Gulia Sprint GTA - Original Factory Drawing - Vintage Speedworks\",\"isPartOf\":{\"@id\":\"https:\/\/www.vintage-speedworks.nl\/#website\"},\"datePublished\":\"2022-04-01T11:21:49+00:00\",\"dateModified\":\"2023-12-14T17:10:36+00:00\",\"breadcrumb\":{\"@id\":\"https:\/\/www.vintage-speedworks.nl\/product\/alfa-romeo-gulia-sprint-gta-original-factory-drawing\/#breadcrumb\"},\"inLanguage\":\"de\",\"potentialAction\":[{\"@type\":\"ReadAction\",\"target\":[\"https:\/\/www.vintage-speedworks.nl\/product\/alfa-romeo-gulia-sprint-gta-original-factory-drawing\/\"]}]},{\"@type\":\"BreadcrumbList\",\"@id\":\"https:\/\/www.vintage-speedworks.nl\/product\/alfa-romeo-gulia-sprint-gta-original-factory-drawing\/#breadcrumb\",\"itemListElement\":[{\"@type\":\"ListItem\",\"position\":1,\"name\":\"Home\",\"item\":\"https:\/\/www.vintage-speedworks.nl\/\"},{\"@type\":\"ListItem\",\"position\":2,\"name\":\"Webshop\",\"item\":\"https:\/\/www.vintage-speedworks.nl\/webshop\/\"},{\"@type\":\"ListItem\",\"position\":3,\"name\":\"Alfa Romeo Gulia Sprint GTA &#8211; Original Factory Drawing\"}]},{\"@type\":\"WebSite\",\"@id\":\"https:\/\/www.vintage-speedworks.nl\/#website\",\"url\":\"https:\/\/www.vintage-speedworks.nl\/\",\"name\":\"Vintage Speedworks\",\"description\":\"Vintage art for speedfreaks\",\"potentialAction\":[{\"@type\":\"SearchAction\",\"target\":{\"@type\":\"EntryPoint\",\"urlTemplate\":\"https:\/\/www.vintage-speedworks.nl\/?s={search_term_string}\"},\"query-input\":\"required name=search_term_string\"}],\"inLanguage\":\"de\"}]}<\/script>\n<!-- \/ Yoast SEO plugin. -->","yoast_head_json":{"title":"Alfa Romeo Gulia Sprint GTA - Original Factory Drawing - Vintage Speedworks","robots":{"index":"index","follow":"follow","max-snippet":"max-snippet:-1","max-image-preview":"max-image-preview:large","max-video-preview":"max-video-preview:-1"},"canonical":"https:\/\/www.vintage-speedworks.nl\/de\/produkt\/alfa-romeo-gulia-sprint-gta-original-factory-drawing\/","og_locale":"de_DE","og_type":"article","og_title":"Alfa Romeo Gulia Sprint GTA - Original Factory Drawing - Vintage Speedworks","og_description":"Amazing original Gulia GTA factory drawing from the Alfa Romeo Drawing department. Printed in the 1960's by Luigi Fusi's department and collected by an ex-worker during the Fiat-Alfa Takeover during the 1980's. &nbsp;  &nbsp;  &nbsp;","og_url":"https:\/\/www.vintage-speedworks.nl\/de\/produkt\/alfa-romeo-gulia-sprint-gta-original-factory-drawing\/","og_site_name":"Vintage Speedworks","article_modified_time":"2023-12-14T17:10:36+00:00","og_image":[{"width":2560,"height":1920,"url":"https:\/\/www.vintage-speedworks.nl\/wp-content\/uploads\/GTA-scaled.jpeg","type":"image\/jpeg"}],"twitter_card":"summary_large_image","twitter_misc":{"Gesch\u00e4tzte Lesezeit":"1\u00a0Minute"},"schema":{"@context":"https:\/\/schema.org","@graph":[{"@type":"WebPage","@id":"https:\/\/www.vintage-speedworks.nl\/product\/alfa-romeo-gulia-sprint-gta-original-factory-drawing\/","url":"https:\/\/www.vintage-speedworks.nl\/product\/alfa-romeo-gulia-sprint-gta-original-factory-drawing\/","name":"Alfa Romeo Gulia Sprint GTA - Original Factory Drawing - Vintage Speedworks","isPartOf":{"@id":"https:\/\/www.vintage-speedworks.nl\/#website"},"datePublished":"2022-04-01T11:21:49+00:00","dateModified":"2023-12-14T17:10:36+00:00","breadcrumb":{"@id":"https:\/\/www.vintage-speedworks.nl\/product\/alfa-romeo-gulia-sprint-gta-original-factory-drawing\/#breadcrumb"},"inLanguage":"de","potentialAction":[{"@type":"ReadAction","target":["https:\/\/www.vintage-speedworks.nl\/product\/alfa-romeo-gulia-sprint-gta-original-factory-drawing\/"]}]},{"@type":"BreadcrumbList","@id":"https:\/\/www.vintage-speedworks.nl\/product\/alfa-romeo-gulia-sprint-gta-original-factory-drawing\/#breadcrumb","itemListElement":[{"@type":"ListItem","position":1,"name":"Home","item":"https:\/\/www.vintage-speedworks.nl\/"},{"@type":"ListItem","position":2,"name":"Webshop","item":"https:\/\/www.vintage-speedworks.nl\/webshop\/"},{"@type":"ListItem","position":3,"name":"Alfa Romeo Gulia Sprint GTA &#8211; Original Factory Drawing"}]},{"@type":"WebSite","@id":"https:\/\/www.vintage-speedworks.nl\/#website","url":"https:\/\/www.vintage-speedworks.nl\/","name":"Vintage Speedworks","description":"Vintage art for speedfreaks","potentialAction":[{"@type":"SearchAction","target":{"@type":"EntryPoint","urlTemplate":"https:\/\/www.vintage-speedworks.nl\/?s={search_term_string}"},"query-input":"required name=search_term_string"}],"inLanguage":"de"}]}},"_links":{"self":[{"href":"https:\/\/www.vintage-speedworks.nl\/de\/wp-json\/wp\/v2\/product\/3719"}],"collection":[{"href":"https:\/\/www.vintage-speedworks.nl\/de\/wp-json\/wp\/v2\/product"}],"about":[{"href":"https:\/\/www.vintage-speedworks.nl\/de\/wp-json\/wp\/v2\/types\/product"}],"wp:featuredmedia":[{"embeddable":true,"href":"https:\/\/www.vintage-speedworks.nl\/de\/wp-json\/wp\/v2\/media\/3720"}],"wp:attachment":[{"href":"https:\/\/www.vintage-speedworks.nl\/de\/wp-json\/wp\/v2\/media?parent=3719"}],"wp:term":[{"taxonomy":"product_cat","embeddable":true,"href":"https:\/\/www.vintage-speedworks.nl\/de\/wp-json\/wp\/v2\/product_cat?post=3719"},{"taxonomy":"product_tag","embeddable":true,"href":"https:\/\/www.vintage-speedworks.nl\/de\/wp-json\/wp\/v2\/product_tag?post=3719"}],"curies":[{"name":"wp","href":"https:\/\/api.w.org\/{rel}","templated":true}]}}