{"id":3610,"date":"2021-05-14T09:23:51","date_gmt":"2021-05-14T09:23:51","guid":{"rendered":"https:\/\/www.vintage-speedworks.nl\/?post_type=product&#038;p=3610"},"modified":"2021-08-19T10:24:42","modified_gmt":"2021-08-19T10:24:42","slug":"sculpture-porsche-rsr-pinkpig","status":"publish","type":"product","link":"https:\/\/www.vintage-speedworks.nl\/de\/produkt\/sculpture-porsche-rsr-pinkpig\/","title":{"rendered":"LEGENDS - 911 Le Mans Rosa Schwein"},"content":{"rendered":"<h2>Jedes Auto kann eine Legende werden<\/h2>\n<p>Lassen Sie alte Legenden mit den einzigartigen Motorhauben von AfterTheRace wieder aufleben. Designs und Streifen von legend\u00e4ren Autos und Rennen werden auf einzigartige und detaillierte Weise wieder zum Leben erweckt. Die Porsche 911 RSR-Skulptur verdient einen prominenten Platz in jedermanns Wohnzimmer, Arbeitszimmer oder B\u00fcro.<\/p>\n<h2>AfterTheRace<\/h2>\n<p>AFTER THE RACE ist ein Duo, das aus einer wahren Freundschaft entstanden ist. Eine Freundschaft zwischen Jean-Denis Claessens und Edmond Thonnard (alias Pogo). Jean-Denis ist Grafikdesigner, gelernter Unternehmer und seit seiner Kindheit ein Liebhaber von Autos.  Pogo ist ein vielseitiger Maler und K\u00fcnstler mit gro\u00dfer Erfahrung in der Stra\u00dfenkunst.<\/p>\n<p>Die beiden Belgier sind stolz darauf, dieses einzigartige Produkt gemeinsam herzustellen. Die Techniken, die sie anwenden, sind innovativ, k\u00fchn und schrullig.<\/p>\n<h2><b>Einzelheiten:<\/b><\/h2>\n<ul>\n<li>Einzigartig gestaltete Porsche 911 RSR-Skulptur<\/li>\n<li>Jede M\u00fctze ist handgefertigt und hat ein individuelles Design mit einem einzigartigen Aussehen und Gef\u00fchl<\/li>\n<li>Er verwendet eine originale Motorhaube des Porsche 991<\/li>\n<li>Die authentische Patina wird durch eine Kombination verschiedener Behandlungen und Techniken erreicht.<\/li>\n<li>Jede Haube ist ein Einzelst\u00fcck, ein von der K\u00fcnstlerin signiertes Meisterwerk<\/li>\n<li>Verwendete Materialien: Eisenlack, \u00d6l, Gummi von Rennreifen und andere Zutaten<\/li>\n<\/ul>\n<h2><b>Sonderanfertigung:<\/b><\/h2>\n<ul>\n<li>Die W\u00fcnsche jedes Kunden sind unterschiedlich. Um eine vollst\u00e4ndig ma\u00dfgeschneiderte Arbeit zu garantieren, wird das Kunstwerk erst nach einer ausf\u00fchrlichen Beratung zwischen Jean-Denis und dem Kunden in Angriff genommen.<\/li>\n<\/ul>\n<ul>\n<li>Aufgrund dieses Prozesses betr\u00e4gt die Lieferzeit 3-6 Wochen.<\/li>\n<\/ul>","protected":false},"excerpt":{"rendered":"<p>Einzigartiges Kunstwerk aus einer originalen Porsche 991 Motorhaube<\/p>\n<p>Inspiration:  LeMans Porsche RSR <a href=\"https:\/\/nl.wikipedia.org\/wiki\/24_uur_van_Le_Mans_2018\">2018<\/a>\u00a0 | #92 Christensen, Estrese, Vanthoor<\/p>","protected":false},"featured_media":3615,"template":"","meta":{"_exactmetrics_skip_tracking":false,"_exactmetrics_sitenote_active":false,"_exactmetrics_sitenote_note":"","_exactmetrics_sitenote_category":0,"jetpack_post_was_ever_published":false},"product_cat":[22,141],"product_tag":[192,90,191,62],"yoast_head":"<!-- This site is optimized with the Yoast SEO plugin v21.0 - https:\/\/yoast.com\/wordpress\/plugins\/seo\/ -->\n<title>Porsche 911 Artwork - Le Mans Sculpture<\/title>\n<meta name=\"description\" content=\"Unique sculpture of the Porsche Le Mans contender. Made by AfterTheRace and hand painted with oil and sand to get the racing patina.\" \/>\n<meta name=\"robots\" content=\"index, follow, max-snippet:-1, max-image-preview:large, max-video-preview:-1\" \/>\n<link rel=\"canonical\" href=\"https:\/\/www.vintage-speedworks.nl\/de\/produkt\/sculpture-porsche-rsr-pinkpig\/\" \/>\n<meta property=\"og:locale\" content=\"de_DE\" \/>\n<meta property=\"og:type\" content=\"article\" \/>\n<meta property=\"og:title\" content=\"Porsche 911 Artwork - Le Mans Sculpture\" \/>\n<meta property=\"og:description\" content=\"Unique sculpture of the Porsche Le Mans contender. Made by AfterTheRace and hand painted with oil and sand to get the racing patina.\" \/>\n<meta property=\"og:url\" content=\"https:\/\/www.vintage-speedworks.nl\/de\/produkt\/sculpture-porsche-rsr-pinkpig\/\" \/>\n<meta property=\"og:site_name\" content=\"Vintage Speedworks\" \/>\n<meta property=\"article:modified_time\" content=\"2021-08-19T10:24:42+00:00\" \/>\n<meta property=\"og:image\" content=\"https:\/\/i0.wp.com\/www.vintage-speedworks.nl\/wp-content\/uploads\/LeMans_Porsche_991_GTE.jpg?fit=612%2C588&ssl=1\" \/>\n\t<meta property=\"og:image:width\" content=\"612\" \/>\n\t<meta property=\"og:image:height\" content=\"588\" \/>\n\t<meta property=\"og:image:type\" content=\"image\/jpeg\" \/>\n<meta name=\"twitter:card\" content=\"summary_large_image\" \/>\n<meta name=\"twitter:label1\" content=\"Gesch\u00e4tzte Lesezeit\" \/>\n\t<meta name=\"twitter:data1\" content=\"2\u00a0Minuten\" \/>\n<script type=\"application\/ld+json\" class=\"yoast-schema-graph\">{\"@context\":\"https:\/\/schema.org\",\"@graph\":[{\"@type\":\"WebPage\",\"@id\":\"https:\/\/www.vintage-speedworks.nl\/product\/sculpture-porsche-rsr-pinkpig\/\",\"url\":\"https:\/\/www.vintage-speedworks.nl\/product\/sculpture-porsche-rsr-pinkpig\/\",\"name\":\"Porsche 911 Artwork - Le Mans Sculpture\",\"isPartOf\":{\"@id\":\"https:\/\/www.vintage-speedworks.nl\/#website\"},\"datePublished\":\"2021-05-14T09:23:51+00:00\",\"dateModified\":\"2021-08-19T10:24:42+00:00\",\"description\":\"Unique sculpture of the Porsche Le Mans contender. Made by AfterTheRace and hand painted with oil and sand to get the racing patina.\",\"breadcrumb\":{\"@id\":\"https:\/\/www.vintage-speedworks.nl\/product\/sculpture-porsche-rsr-pinkpig\/#breadcrumb\"},\"inLanguage\":\"de\",\"potentialAction\":[{\"@type\":\"ReadAction\",\"target\":[\"https:\/\/www.vintage-speedworks.nl\/product\/sculpture-porsche-rsr-pinkpig\/\"]}]},{\"@type\":\"BreadcrumbList\",\"@id\":\"https:\/\/www.vintage-speedworks.nl\/product\/sculpture-porsche-rsr-pinkpig\/#breadcrumb\",\"itemListElement\":[{\"@type\":\"ListItem\",\"position\":1,\"name\":\"Home\",\"item\":\"https:\/\/www.vintage-speedworks.nl\/\"},{\"@type\":\"ListItem\",\"position\":2,\"name\":\"Webshop\",\"item\":\"https:\/\/www.vintage-speedworks.nl\/webshop\/\"},{\"@type\":\"ListItem\",\"position\":3,\"name\":\"LEGENDS &#8211; 911 Le Mans Pink Pig\"}]},{\"@type\":\"WebSite\",\"@id\":\"https:\/\/www.vintage-speedworks.nl\/#website\",\"url\":\"https:\/\/www.vintage-speedworks.nl\/\",\"name\":\"Vintage Speedworks\",\"description\":\"Vintage art for speedfreaks\",\"potentialAction\":[{\"@type\":\"SearchAction\",\"target\":{\"@type\":\"EntryPoint\",\"urlTemplate\":\"https:\/\/www.vintage-speedworks.nl\/?s={search_term_string}\"},\"query-input\":\"required name=search_term_string\"}],\"inLanguage\":\"de\"}]}<\/script>\n<!-- \/ Yoast SEO plugin. -->","yoast_head_json":{"title":"Porsche 911 Artwork - Le Mans Sculpture","description":"Unique sculpture of the Porsche Le Mans contender. Made by AfterTheRace and hand painted with oil and sand to get the racing patina.","robots":{"index":"index","follow":"follow","max-snippet":"max-snippet:-1","max-image-preview":"max-image-preview:large","max-video-preview":"max-video-preview:-1"},"canonical":"https:\/\/www.vintage-speedworks.nl\/de\/produkt\/sculpture-porsche-rsr-pinkpig\/","og_locale":"de_DE","og_type":"article","og_title":"Porsche 911 Artwork - Le Mans Sculpture","og_description":"Unique sculpture of the Porsche Le Mans contender. Made by AfterTheRace and hand painted with oil and sand to get the racing patina.","og_url":"https:\/\/www.vintage-speedworks.nl\/de\/produkt\/sculpture-porsche-rsr-pinkpig\/","og_site_name":"Vintage Speedworks","article_modified_time":"2021-08-19T10:24:42+00:00","og_image":[{"width":612,"height":588,"url":"https:\/\/i0.wp.com\/www.vintage-speedworks.nl\/wp-content\/uploads\/LeMans_Porsche_991_GTE.jpg?fit=612%2C588&ssl=1","type":"image\/jpeg"}],"twitter_card":"summary_large_image","twitter_misc":{"Gesch\u00e4tzte Lesezeit":"2\u00a0Minuten"},"schema":{"@context":"https:\/\/schema.org","@graph":[{"@type":"WebPage","@id":"https:\/\/www.vintage-speedworks.nl\/product\/sculpture-porsche-rsr-pinkpig\/","url":"https:\/\/www.vintage-speedworks.nl\/product\/sculpture-porsche-rsr-pinkpig\/","name":"Porsche 911 Artwork - Le Mans Sculpture","isPartOf":{"@id":"https:\/\/www.vintage-speedworks.nl\/#website"},"datePublished":"2021-05-14T09:23:51+00:00","dateModified":"2021-08-19T10:24:42+00:00","description":"Unique sculpture of the Porsche Le Mans contender. Made by AfterTheRace and hand painted with oil and sand to get the racing patina.","breadcrumb":{"@id":"https:\/\/www.vintage-speedworks.nl\/product\/sculpture-porsche-rsr-pinkpig\/#breadcrumb"},"inLanguage":"de","potentialAction":[{"@type":"ReadAction","target":["https:\/\/www.vintage-speedworks.nl\/product\/sculpture-porsche-rsr-pinkpig\/"]}]},{"@type":"BreadcrumbList","@id":"https:\/\/www.vintage-speedworks.nl\/product\/sculpture-porsche-rsr-pinkpig\/#breadcrumb","itemListElement":[{"@type":"ListItem","position":1,"name":"Home","item":"https:\/\/www.vintage-speedworks.nl\/"},{"@type":"ListItem","position":2,"name":"Webshop","item":"https:\/\/www.vintage-speedworks.nl\/webshop\/"},{"@type":"ListItem","position":3,"name":"LEGENDS &#8211; 911 Le Mans Pink Pig"}]},{"@type":"WebSite","@id":"https:\/\/www.vintage-speedworks.nl\/#website","url":"https:\/\/www.vintage-speedworks.nl\/","name":"Vintage Speedworks","description":"Vintage art for speedfreaks","potentialAction":[{"@type":"SearchAction","target":{"@type":"EntryPoint","urlTemplate":"https:\/\/www.vintage-speedworks.nl\/?s={search_term_string}"},"query-input":"required name=search_term_string"}],"inLanguage":"de"}]}},"_links":{"self":[{"href":"https:\/\/www.vintage-speedworks.nl\/de\/wp-json\/wp\/v2\/product\/3610"}],"collection":[{"href":"https:\/\/www.vintage-speedworks.nl\/de\/wp-json\/wp\/v2\/product"}],"about":[{"href":"https:\/\/www.vintage-speedworks.nl\/de\/wp-json\/wp\/v2\/types\/product"}],"wp:featuredmedia":[{"embeddable":true,"href":"https:\/\/www.vintage-speedworks.nl\/de\/wp-json\/wp\/v2\/media\/3615"}],"wp:attachment":[{"href":"https:\/\/www.vintage-speedworks.nl\/de\/wp-json\/wp\/v2\/media?parent=3610"}],"wp:term":[{"taxonomy":"product_cat","embeddable":true,"href":"https:\/\/www.vintage-speedworks.nl\/de\/wp-json\/wp\/v2\/product_cat?post=3610"},{"taxonomy":"product_tag","embeddable":true,"href":"https:\/\/www.vintage-speedworks.nl\/de\/wp-json\/wp\/v2\/product_tag?post=3610"}],"curies":[{"name":"wp","href":"https:\/\/api.w.org\/{rel}","templated":true}]}}