{"id":3598,"date":"2021-05-14T08:15:41","date_gmt":"2021-05-14T08:15:41","guid":{"rendered":"https:\/\/www.vintage-speedworks.nl\/?post_type=product&#038;p=3598"},"modified":"2021-05-14T08:42:41","modified_gmt":"2021-05-14T08:42:41","slug":"legends-porsche-gt1-art","status":"publish","type":"product","link":"https:\/\/www.vintage-speedworks.nl\/de\/produkt\/legends-porsche-gt1-art\/","title":{"rendered":"LEGENDS - Porsche GT1 LeMans-Sieger"},"content":{"rendered":"<h2>Jedes Auto kann eine Legende werden<\/h2>\n<p>Lassen Sie alte Legenden mit den einzigartigen Motorhauben von AfterTheRace wieder aufleben. Designs und Streifen von legend\u00e4ren Autos und Rennen werden auf einzigartige und detaillierte Weise wieder zum Leben erweckt. Die Kunstwerke verdienen einen prominenten Platz in jedermanns Wohnzimmer, Arbeitszimmer oder B\u00fcro.<\/p>\n<h2>AfterTheRace<\/h2>\n<p>AFTER THE RACE ist ein Duo, das aus einer wahren Freundschaft entstanden ist. Eine Freundschaft zwischen Jean-Denis Claessens und Edmond Thonnard (alias Pogo). Jean-Denis ist Grafikdesigner, gelernter Unternehmer und seit seiner Kindheit ein Liebhaber von Autos.  Pogo ist ein vielseitiger Maler und K\u00fcnstler mit gro\u00dfer Erfahrung in der Stra\u00dfenkunst.<\/p>\n<p>Die beiden Belgier sind stolz darauf, dieses einzigartige Produkt gemeinsam herzustellen. Die Techniken, die sie anwenden, sind innovativ, k\u00fchn und schrullig.<\/p>\n<h2><b>Einzelheiten:<\/b><\/h2>\n<ul>\n<li>Jede M\u00fctze ist handgefertigt und hat ein individuelles Design mit einem einzigartigen Aussehen und Gef\u00fchl<\/li>\n<li>Er verwendet eine originale Motorhaube des Porsche 991<\/li>\n<li>Die authentische Patina wird durch eine Kombination verschiedener Behandlungen und Techniken erreicht.<\/li>\n<li>Jede Haube ist ein Einzelst\u00fcck, ein von der K\u00fcnstlerin signiertes Meisterwerk<\/li>\n<li>Verwendete Materialien: Eisenlack, \u00d6l, Gummi von Rennreifen und andere Zutaten<\/li>\n<\/ul>\n<h2><b>Sonderanfertigung:<\/b><\/h2>\n<ul>\n<li>Die W\u00fcnsche jedes Kunden sind unterschiedlich. Um eine vollst\u00e4ndig ma\u00dfgeschneiderte Arbeit zu garantieren, wird das Kunstwerk erst nach einer ausf\u00fchrlichen Beratung zwischen Jean-Denis und dem Kunden in Angriff genommen.<\/li>\n<\/ul>\n<ul>\n<li>Aufgrund dieses Prozesses betr\u00e4gt die Lieferzeit 3-6 Wochen.<\/li>\n<\/ul>","protected":false},"excerpt":{"rendered":"<p>Einzigartiges Kunstwerk aus einer originalen Porsche 991 Motorhaube<\/p>\n<p>Inspiration:  LeMans-Sieger 1998 - Porsche GT1 | Aiello, Ortelli, McNish<\/p>","protected":false},"featured_media":3602,"template":"","meta":{"_exactmetrics_skip_tracking":false,"_exactmetrics_sitenote_active":false,"_exactmetrics_sitenote_note":"","_exactmetrics_sitenote_category":0,"jetpack_post_was_ever_published":false},"product_cat":[22,141],"product_tag":[63,64,90,62],"yoast_head":"<!-- This site is optimized with the Yoast SEO plugin v21.0 - https:\/\/yoast.com\/wordpress\/plugins\/seo\/ -->\n<title>LEGENDS - Porsche GT1 LeMans Winner - Vintage Speedworks<\/title>\n<meta name=\"robots\" content=\"index, follow, max-snippet:-1, max-image-preview:large, max-video-preview:-1\" \/>\n<link rel=\"canonical\" href=\"https:\/\/www.vintage-speedworks.nl\/de\/produkt\/legends-porsche-gt1-art\/\" \/>\n<meta property=\"og:locale\" content=\"de_DE\" \/>\n<meta property=\"og:type\" content=\"article\" \/>\n<meta property=\"og:title\" content=\"LEGENDS - Porsche GT1 LeMans Winner - Vintage Speedworks\" \/>\n<meta property=\"og:description\" content=\"Uniek kunstwerk vervaardigd met een originele Porsche 991 motorkap  Inspiratie:\u00a0 LeMans Winnaars 1998\u00a0 - Porsche GT1\u00a0 |\u00a0 Aiello, Ortelli, McNish\" \/>\n<meta property=\"og:url\" content=\"https:\/\/www.vintage-speedworks.nl\/de\/produkt\/legends-porsche-gt1-art\/\" \/>\n<meta property=\"og:site_name\" content=\"Vintage Speedworks\" \/>\n<meta property=\"article:modified_time\" content=\"2021-05-14T08:42:41+00:00\" \/>\n<meta property=\"og:image\" content=\"https:\/\/i2.wp.com\/www.vintage-speedworks.nl\/wp-content\/uploads\/Aftertherace_Porsche_GT1_Art.jpg?fit=1440%2C1312&ssl=1\" \/>\n\t<meta property=\"og:image:width\" content=\"1440\" \/>\n\t<meta property=\"og:image:height\" content=\"1312\" \/>\n\t<meta property=\"og:image:type\" content=\"image\/jpeg\" \/>\n<meta name=\"twitter:card\" content=\"summary_large_image\" \/>\n<meta name=\"twitter:label1\" content=\"Gesch\u00e4tzte Lesezeit\" \/>\n\t<meta name=\"twitter:data1\" content=\"1\u00a0Minute\" \/>\n<script type=\"application\/ld+json\" class=\"yoast-schema-graph\">{\"@context\":\"https:\/\/schema.org\",\"@graph\":[{\"@type\":\"WebPage\",\"@id\":\"https:\/\/www.vintage-speedworks.nl\/product\/legends-porsche-gt1-art\/\",\"url\":\"https:\/\/www.vintage-speedworks.nl\/product\/legends-porsche-gt1-art\/\",\"name\":\"LEGENDS - Porsche GT1 LeMans Winner - Vintage Speedworks\",\"isPartOf\":{\"@id\":\"https:\/\/www.vintage-speedworks.nl\/#website\"},\"datePublished\":\"2021-05-14T08:15:41+00:00\",\"dateModified\":\"2021-05-14T08:42:41+00:00\",\"breadcrumb\":{\"@id\":\"https:\/\/www.vintage-speedworks.nl\/product\/legends-porsche-gt1-art\/#breadcrumb\"},\"inLanguage\":\"de\",\"potentialAction\":[{\"@type\":\"ReadAction\",\"target\":[\"https:\/\/www.vintage-speedworks.nl\/product\/legends-porsche-gt1-art\/\"]}]},{\"@type\":\"BreadcrumbList\",\"@id\":\"https:\/\/www.vintage-speedworks.nl\/product\/legends-porsche-gt1-art\/#breadcrumb\",\"itemListElement\":[{\"@type\":\"ListItem\",\"position\":1,\"name\":\"Home\",\"item\":\"https:\/\/www.vintage-speedworks.nl\/\"},{\"@type\":\"ListItem\",\"position\":2,\"name\":\"Webshop\",\"item\":\"https:\/\/www.vintage-speedworks.nl\/webshop\/\"},{\"@type\":\"ListItem\",\"position\":3,\"name\":\"LEGENDS &#8211; Porsche GT1 LeMans Winner\"}]},{\"@type\":\"WebSite\",\"@id\":\"https:\/\/www.vintage-speedworks.nl\/#website\",\"url\":\"https:\/\/www.vintage-speedworks.nl\/\",\"name\":\"Vintage Speedworks\",\"description\":\"Vintage art for speedfreaks\",\"potentialAction\":[{\"@type\":\"SearchAction\",\"target\":{\"@type\":\"EntryPoint\",\"urlTemplate\":\"https:\/\/www.vintage-speedworks.nl\/?s={search_term_string}\"},\"query-input\":\"required name=search_term_string\"}],\"inLanguage\":\"de\"}]}<\/script>\n<!-- \/ Yoast SEO plugin. -->","yoast_head_json":{"title":"LEGENDS - Porsche GT1 LeMans Winner - Vintage Speedworks","robots":{"index":"index","follow":"follow","max-snippet":"max-snippet:-1","max-image-preview":"max-image-preview:large","max-video-preview":"max-video-preview:-1"},"canonical":"https:\/\/www.vintage-speedworks.nl\/de\/produkt\/legends-porsche-gt1-art\/","og_locale":"de_DE","og_type":"article","og_title":"LEGENDS - Porsche GT1 LeMans Winner - Vintage Speedworks","og_description":"Uniek kunstwerk vervaardigd met een originele Porsche 991 motorkap  Inspiratie:\u00a0 LeMans Winnaars 1998\u00a0 - Porsche GT1\u00a0 |\u00a0 Aiello, Ortelli, McNish","og_url":"https:\/\/www.vintage-speedworks.nl\/de\/produkt\/legends-porsche-gt1-art\/","og_site_name":"Vintage Speedworks","article_modified_time":"2021-05-14T08:42:41+00:00","og_image":[{"width":1440,"height":1312,"url":"https:\/\/i2.wp.com\/www.vintage-speedworks.nl\/wp-content\/uploads\/Aftertherace_Porsche_GT1_Art.jpg?fit=1440%2C1312&ssl=1","type":"image\/jpeg"}],"twitter_card":"summary_large_image","twitter_misc":{"Gesch\u00e4tzte Lesezeit":"1\u00a0Minute"},"schema":{"@context":"https:\/\/schema.org","@graph":[{"@type":"WebPage","@id":"https:\/\/www.vintage-speedworks.nl\/product\/legends-porsche-gt1-art\/","url":"https:\/\/www.vintage-speedworks.nl\/product\/legends-porsche-gt1-art\/","name":"LEGENDS - Porsche GT1 LeMans Winner - Vintage Speedworks","isPartOf":{"@id":"https:\/\/www.vintage-speedworks.nl\/#website"},"datePublished":"2021-05-14T08:15:41+00:00","dateModified":"2021-05-14T08:42:41+00:00","breadcrumb":{"@id":"https:\/\/www.vintage-speedworks.nl\/product\/legends-porsche-gt1-art\/#breadcrumb"},"inLanguage":"de","potentialAction":[{"@type":"ReadAction","target":["https:\/\/www.vintage-speedworks.nl\/product\/legends-porsche-gt1-art\/"]}]},{"@type":"BreadcrumbList","@id":"https:\/\/www.vintage-speedworks.nl\/product\/legends-porsche-gt1-art\/#breadcrumb","itemListElement":[{"@type":"ListItem","position":1,"name":"Home","item":"https:\/\/www.vintage-speedworks.nl\/"},{"@type":"ListItem","position":2,"name":"Webshop","item":"https:\/\/www.vintage-speedworks.nl\/webshop\/"},{"@type":"ListItem","position":3,"name":"LEGENDS &#8211; Porsche GT1 LeMans Winner"}]},{"@type":"WebSite","@id":"https:\/\/www.vintage-speedworks.nl\/#website","url":"https:\/\/www.vintage-speedworks.nl\/","name":"Vintage Speedworks","description":"Vintage art for speedfreaks","potentialAction":[{"@type":"SearchAction","target":{"@type":"EntryPoint","urlTemplate":"https:\/\/www.vintage-speedworks.nl\/?s={search_term_string}"},"query-input":"required name=search_term_string"}],"inLanguage":"de"}]}},"_links":{"self":[{"href":"https:\/\/www.vintage-speedworks.nl\/de\/wp-json\/wp\/v2\/product\/3598"}],"collection":[{"href":"https:\/\/www.vintage-speedworks.nl\/de\/wp-json\/wp\/v2\/product"}],"about":[{"href":"https:\/\/www.vintage-speedworks.nl\/de\/wp-json\/wp\/v2\/types\/product"}],"wp:featuredmedia":[{"embeddable":true,"href":"https:\/\/www.vintage-speedworks.nl\/de\/wp-json\/wp\/v2\/media\/3602"}],"wp:attachment":[{"href":"https:\/\/www.vintage-speedworks.nl\/de\/wp-json\/wp\/v2\/media?parent=3598"}],"wp:term":[{"taxonomy":"product_cat","embeddable":true,"href":"https:\/\/www.vintage-speedworks.nl\/de\/wp-json\/wp\/v2\/product_cat?post=3598"},{"taxonomy":"product_tag","embeddable":true,"href":"https:\/\/www.vintage-speedworks.nl\/de\/wp-json\/wp\/v2\/product_tag?post=3598"}],"curies":[{"name":"wp","href":"https:\/\/api.w.org\/{rel}","templated":true}]}}