{"id":3556,"date":"2021-05-07T13:08:36","date_gmt":"2021-05-07T13:08:36","guid":{"rendered":"https:\/\/www.vintage-speedworks.nl\/?post_type=product&#038;p=3556"},"modified":"2025-06-03T12:23:10","modified_gmt":"2025-06-03T12:23:10","slug":"sculpture-ferrari-550-marenello","status":"publish","type":"product","link":"https:\/\/www.vintage-speedworks.nl\/de\/produkt\/sculpture-ferrari-550-marenello\/","title":{"rendered":"Geschwindigkeitswerke - Ferrari 550 Maranello"},"content":{"rendered":"<h2>Speedworks Studio: Ferrari 550 Maranello<\/h2>\n<p>Der Ferrari 550 wurde 1996 als echter GT mit Mittelmotor eingef\u00fchrt.  Der <a href=\"https:\/\/nl.wikipedia.org\/wiki\/Ferrari_550\">550<\/a> wird auch heute noch wegen seiner minimalistischen Linienf\u00fchrung und seines zeitlosen Designs sehr gesch\u00e4tzt.<\/p>\n<p>Die Ferrari 550 Maranello Skulptur ist einzigartig und hat einen starken Premium-Look, ideal f\u00fcr Wohnzimmer, Arbeitszimmer oder B\u00fcro. Die Skulptur ist aus hochwertigem Material gefertigt und kann von Speedworks Studio ganz nach Kundenwunsch bespr\u00fcht werden.<\/p>\n<h2><b>Abmessungen<\/b><b>:<\/b><\/h2>\n<ul>\n<li>L\u00e4nge: 35 cm<\/li>\n<li>Breite: 16 cm<\/li>\n<\/ul>\n<h2><b>Einzelheiten:<\/b><\/h2>\n<ul>\n<li>Ferrari 550 Maranello Skulptur entworfen von unserem Automotive Designer<\/li>\n<li>Sehr begrenzte Auflage<\/li>\n<li>Siehe auch die anderen <a href=\"https:\/\/www.vintage-speedworks.nl\/en\/product-categorie\/sculptures\/\">Entw\u00fcrfe<\/a><\/li>\n<\/ul>\n<h2><b>Lieferung:<\/b><\/h2>\n<ul>\n<li>Lieferzeit: 3 Wochen (wird auf Bestellung gefertigt)<\/li>\n<li>Versand in magnetischer Schutzbox<\/li>\n<\/ul>","protected":false},"excerpt":{"rendered":"<p>Ferrari F40 Kundenskulptur<\/p>\n<p>Die Ferrari 550 Maranello Skulptur ist einzigartig und hat einen starken Premium-Look, ideal f\u00fcr Wohnzimmer, Arbeitszimmer oder B\u00fcro.  Die Skulptur ist aus hochwertigem Material gefertigt und kann von unserem Speedworks-Studio ganz nach Kundenwunsch bespr\u00fcht werden.<\/p>\n<p>&nbsp;<\/p>\n<p>&nbsp;<\/p>","protected":false},"featured_media":3946,"template":"","meta":{"_exactmetrics_skip_tracking":false,"_exactmetrics_sitenote_active":false,"_exactmetrics_sitenote_note":"","_exactmetrics_sitenote_category":0,"jetpack_post_was_ever_published":false},"product_cat":[182,22,65],"product_tag":[190,71,76,90,62],"yoast_head":"<!-- This site is optimized with the Yoast SEO plugin v21.0 - https:\/\/yoast.com\/wordpress\/plugins\/seo\/ -->\n<title>Speedworks - Ferrari 550 Maranello - Vintage Speedworks<\/title>\n<meta name=\"description\" content=\"Unique and very Limited! Custom made Ferrari 550 Maranello sculpture, avaialble in custom sizes. Simple lines are very powerfull.\" \/>\n<meta name=\"robots\" content=\"index, follow, max-snippet:-1, max-image-preview:large, max-video-preview:-1\" \/>\n<link rel=\"canonical\" href=\"https:\/\/www.vintage-speedworks.nl\/de\/produkt\/sculpture-ferrari-550-marenello\/\" \/>\n<meta property=\"og:locale\" content=\"de_DE\" \/>\n<meta property=\"og:type\" content=\"article\" \/>\n<meta property=\"og:title\" content=\"Speedworks - Ferrari 550 Maranello - Vintage Speedworks\" \/>\n<meta property=\"og:description\" content=\"Unique and very Limited! Custom made Ferrari 550 Maranello sculpture, avaialble in custom sizes. Simple lines are very powerfull.\" \/>\n<meta property=\"og:url\" content=\"https:\/\/www.vintage-speedworks.nl\/de\/produkt\/sculpture-ferrari-550-marenello\/\" \/>\n<meta property=\"og:site_name\" content=\"Vintage Speedworks\" \/>\n<meta property=\"article:modified_time\" content=\"2025-06-03T12:23:10+00:00\" \/>\n<meta property=\"og:image\" content=\"https:\/\/www.vintage-speedworks.nl\/wp-content\/uploads\/Ferrari-550-maranello-sculpture-scuderia-Speedworks.jpg\" \/>\n\t<meta property=\"og:image:width\" content=\"2560\" \/>\n\t<meta property=\"og:image:height\" content=\"1601\" \/>\n\t<meta property=\"og:image:type\" content=\"image\/jpeg\" \/>\n<meta name=\"twitter:card\" content=\"summary_large_image\" \/>\n<meta name=\"twitter:label1\" content=\"Gesch\u00e4tzte Lesezeit\" \/>\n\t<meta name=\"twitter:data1\" content=\"1\u00a0Minute\" \/>\n<script type=\"application\/ld+json\" class=\"yoast-schema-graph\">{\"@context\":\"https:\/\/schema.org\",\"@graph\":[{\"@type\":\"WebPage\",\"@id\":\"https:\/\/www.vintage-speedworks.nl\/product\/sculpture-ferrari-550-marenello\/\",\"url\":\"https:\/\/www.vintage-speedworks.nl\/product\/sculpture-ferrari-550-marenello\/\",\"name\":\"Speedworks - Ferrari 550 Maranello - Vintage Speedworks\",\"isPartOf\":{\"@id\":\"https:\/\/www.vintage-speedworks.nl\/#website\"},\"datePublished\":\"2021-05-07T13:08:36+00:00\",\"dateModified\":\"2025-06-03T12:23:10+00:00\",\"description\":\"Unique and very Limited! Custom made Ferrari 550 Maranello sculpture, avaialble in custom sizes. Simple lines are very powerfull.\",\"breadcrumb\":{\"@id\":\"https:\/\/www.vintage-speedworks.nl\/product\/sculpture-ferrari-550-marenello\/#breadcrumb\"},\"inLanguage\":\"de\",\"potentialAction\":[{\"@type\":\"ReadAction\",\"target\":[\"https:\/\/www.vintage-speedworks.nl\/product\/sculpture-ferrari-550-marenello\/\"]}]},{\"@type\":\"BreadcrumbList\",\"@id\":\"https:\/\/www.vintage-speedworks.nl\/product\/sculpture-ferrari-550-marenello\/#breadcrumb\",\"itemListElement\":[{\"@type\":\"ListItem\",\"position\":1,\"name\":\"Home\",\"item\":\"https:\/\/www.vintage-speedworks.nl\/\"},{\"@type\":\"ListItem\",\"position\":2,\"name\":\"Webshop\",\"item\":\"https:\/\/www.vintage-speedworks.nl\/webshop\/\"},{\"@type\":\"ListItem\",\"position\":3,\"name\":\"Speedworks &#8211; Ferrari 550 Maranello\"}]},{\"@type\":\"WebSite\",\"@id\":\"https:\/\/www.vintage-speedworks.nl\/#website\",\"url\":\"https:\/\/www.vintage-speedworks.nl\/\",\"name\":\"Vintage Speedworks\",\"description\":\"Vintage art for speedfreaks\",\"potentialAction\":[{\"@type\":\"SearchAction\",\"target\":{\"@type\":\"EntryPoint\",\"urlTemplate\":\"https:\/\/www.vintage-speedworks.nl\/?s={search_term_string}\"},\"query-input\":\"required name=search_term_string\"}],\"inLanguage\":\"de\"}]}<\/script>\n<!-- \/ Yoast SEO plugin. -->","yoast_head_json":{"title":"Speedworks - Ferrari 550 Maranello - Vintage Speedworks","description":"Unique and very Limited! Custom made Ferrari 550 Maranello sculpture, avaialble in custom sizes. Simple lines are very powerfull.","robots":{"index":"index","follow":"follow","max-snippet":"max-snippet:-1","max-image-preview":"max-image-preview:large","max-video-preview":"max-video-preview:-1"},"canonical":"https:\/\/www.vintage-speedworks.nl\/de\/produkt\/sculpture-ferrari-550-marenello\/","og_locale":"de_DE","og_type":"article","og_title":"Speedworks - Ferrari 550 Maranello - Vintage Speedworks","og_description":"Unique and very Limited! Custom made Ferrari 550 Maranello sculpture, avaialble in custom sizes. Simple lines are very powerfull.","og_url":"https:\/\/www.vintage-speedworks.nl\/de\/produkt\/sculpture-ferrari-550-marenello\/","og_site_name":"Vintage Speedworks","article_modified_time":"2025-06-03T12:23:10+00:00","og_image":[{"width":2560,"height":1601,"url":"https:\/\/www.vintage-speedworks.nl\/wp-content\/uploads\/Ferrari-550-maranello-sculpture-scuderia-Speedworks.jpg","type":"image\/jpeg"}],"twitter_card":"summary_large_image","twitter_misc":{"Gesch\u00e4tzte Lesezeit":"1\u00a0Minute"},"schema":{"@context":"https:\/\/schema.org","@graph":[{"@type":"WebPage","@id":"https:\/\/www.vintage-speedworks.nl\/product\/sculpture-ferrari-550-marenello\/","url":"https:\/\/www.vintage-speedworks.nl\/product\/sculpture-ferrari-550-marenello\/","name":"Speedworks - Ferrari 550 Maranello - Vintage Speedworks","isPartOf":{"@id":"https:\/\/www.vintage-speedworks.nl\/#website"},"datePublished":"2021-05-07T13:08:36+00:00","dateModified":"2025-06-03T12:23:10+00:00","description":"Unique and very Limited! Custom made Ferrari 550 Maranello sculpture, avaialble in custom sizes. Simple lines are very powerfull.","breadcrumb":{"@id":"https:\/\/www.vintage-speedworks.nl\/product\/sculpture-ferrari-550-marenello\/#breadcrumb"},"inLanguage":"de","potentialAction":[{"@type":"ReadAction","target":["https:\/\/www.vintage-speedworks.nl\/product\/sculpture-ferrari-550-marenello\/"]}]},{"@type":"BreadcrumbList","@id":"https:\/\/www.vintage-speedworks.nl\/product\/sculpture-ferrari-550-marenello\/#breadcrumb","itemListElement":[{"@type":"ListItem","position":1,"name":"Home","item":"https:\/\/www.vintage-speedworks.nl\/"},{"@type":"ListItem","position":2,"name":"Webshop","item":"https:\/\/www.vintage-speedworks.nl\/webshop\/"},{"@type":"ListItem","position":3,"name":"Speedworks &#8211; Ferrari 550 Maranello"}]},{"@type":"WebSite","@id":"https:\/\/www.vintage-speedworks.nl\/#website","url":"https:\/\/www.vintage-speedworks.nl\/","name":"Vintage Speedworks","description":"Vintage art for speedfreaks","potentialAction":[{"@type":"SearchAction","target":{"@type":"EntryPoint","urlTemplate":"https:\/\/www.vintage-speedworks.nl\/?s={search_term_string}"},"query-input":"required name=search_term_string"}],"inLanguage":"de"}]}},"_links":{"self":[{"href":"https:\/\/www.vintage-speedworks.nl\/de\/wp-json\/wp\/v2\/product\/3556"}],"collection":[{"href":"https:\/\/www.vintage-speedworks.nl\/de\/wp-json\/wp\/v2\/product"}],"about":[{"href":"https:\/\/www.vintage-speedworks.nl\/de\/wp-json\/wp\/v2\/types\/product"}],"wp:featuredmedia":[{"embeddable":true,"href":"https:\/\/www.vintage-speedworks.nl\/de\/wp-json\/wp\/v2\/media\/3946"}],"wp:attachment":[{"href":"https:\/\/www.vintage-speedworks.nl\/de\/wp-json\/wp\/v2\/media?parent=3556"}],"wp:term":[{"taxonomy":"product_cat","embeddable":true,"href":"https:\/\/www.vintage-speedworks.nl\/de\/wp-json\/wp\/v2\/product_cat?post=3556"},{"taxonomy":"product_tag","embeddable":true,"href":"https:\/\/www.vintage-speedworks.nl\/de\/wp-json\/wp\/v2\/product_tag?post=3556"}],"curies":[{"name":"wp","href":"https:\/\/api.w.org\/{rel}","templated":true}]}}