{"id":3542,"date":"2021-05-07T12:19:02","date_gmt":"2021-05-07T12:19:02","guid":{"rendered":"https:\/\/www.vintage-speedworks.nl\/?post_type=product&#038;p=3542"},"modified":"2026-01-15T01:49:40","modified_gmt":"2026-01-15T01:49:40","slug":"alfa-romeo-duetto-blueprint","status":"publish","type":"product","link":"https:\/\/www.vintage-speedworks.nl\/de\/produkt\/alfa-romeo-duetto-blueprint\/","title":{"rendered":"Alfa Romeo Duetto 1750 - Original-Werkszeichnung"},"content":{"rendered":"<div class=\"paragraph\">\n<div class=\"paragraph\">Alfa Romeo Duetto Blaupause aus der Alfa Romeo Zeichnungsabteilung.<\/div>\n<div>Die urspr\u00fcngliche Entwurfszeichnung wurde 1967 aktualisiert und von Herrn Spada unterzeichnet.<\/div>\n<\/div>\n<div><\/div>\n<div>Anfang 1986 wurde Alfa Romeo Teil der FIAT-Gruppe. Das Hauptwerk von Alfa Romeo in Arese wurde zu einem normalen Produktionswerk. FIAT hatte kein Interesse daran, die Archive zu bewahren, was bedeutete, dass viele Blaupausen zerst\u00f6rt und recycelt wurden. Eine kleine Gruppe von Ingenieuren versuchte, einige der Blaupausen zu retten und nahm sie mit nach Hause. Viele gingen danach verloren und nur eine Handvoll ist noch in privaten Sammlungen vorhanden.<\/div>\n<div><\/div>\n<div>Factory Drawing Zeichnung zeigt gro\u00dfe Patina und hat Original-Stempel und Markierungen. es wurde jetzt aus einer privaten Sammlung zur Verf\u00fcgung. Fr\u00fchere Alfa Romeo Blaupausen sind versteigert worden <a href=\"https:\/\/rmsothebys.com\/en\/auctions\/ve19\/villa-erba\/lots\/n0010-alfa-romeo-giulietta-sz-blueprint\/776877\">RmSothebys<\/a><\/div>\n<div><\/div>\n<div>Ein gro\u00dfartiges St\u00fcck, um es einer Sammlung hinzuzuf\u00fcgen oder an die Wand Ihrer Garage zu h\u00e4ngen.<\/div>\n<div><\/div>\n<div><\/div>\n<h2><b>Einzelheiten:<\/b><\/h2>\n<ul>\n<li>Alfa Romeo <a href=\"https:\/\/www.classicdriver.com\/en\/car\/alfa-romeo\/duetto\/1969\/205030\">Duetto<\/a> Blaupause von Alfa Romeo Zeichnungsabteilung<\/li>\n<li>Nur 1 St\u00fcck verf\u00fcgbar<\/li>\n<li>Echte Sammlerst\u00fccke<\/li>\n<li>Gr\u00f6\u00dfe: 104 x 60 cm<\/li>\n<\/ul>\n<h2><b>Lieferung:<\/b><\/h2>\n<ul>\n<li>Auf Lager<\/li>\n<li>Direkter Versand<\/li>\n<\/ul>","protected":false},"excerpt":{"rendered":"<div class=\"paragraph\">Erstaunliche Original-Werkszeichnung aus der Zeichnungsabteilung von Alfa Romeo.<\/div>\n<div>Duetto 1750 Spider : Technische Zeichnung des Bremssystems<\/div>\n<div><\/div>\n<div><\/div>\n<p>&nbsp;<\/p>\n<p>&nbsp;<\/p>\n<p>&nbsp;<\/p>\n<div class=\"woocommerce-product-details__short-description\"><\/div>","protected":false},"featured_media":3528,"template":"","meta":{"_exactmetrics_skip_tracking":false,"_exactmetrics_sitenote_active":false,"_exactmetrics_sitenote_note":"","_exactmetrics_sitenote_category":0,"jetpack_post_was_ever_published":false},"product_cat":[122],"product_tag":[117,118,184,189],"yoast_head":"<!-- This site is optimized with the Yoast SEO plugin v21.0 - https:\/\/yoast.com\/wordpress\/plugins\/seo\/ -->\n<title>Alfa Romeo Duetto 1750 - Original Factory Drawing - Vintage Speedworks<\/title>\n<meta name=\"description\" content=\"Alfa Romeo Duetto Blueprint, very rare and original artifact, now available for purchase at Vintage Speedworks.\" \/>\n<meta name=\"robots\" content=\"index, follow, max-snippet:-1, max-image-preview:large, max-video-preview:-1\" \/>\n<link rel=\"canonical\" href=\"https:\/\/www.vintage-speedworks.nl\/de\/produkt\/alfa-romeo-duetto-blueprint\/\" \/>\n<meta property=\"og:locale\" content=\"de_DE\" \/>\n<meta property=\"og:type\" content=\"article\" \/>\n<meta property=\"og:title\" content=\"Alfa Romeo Duetto 1750 - Original Factory Drawing - Vintage Speedworks\" \/>\n<meta property=\"og:description\" content=\"Alfa Romeo Duetto Blueprint, very rare and original artifact, now available for purchase at Vintage Speedworks.\" \/>\n<meta property=\"og:url\" content=\"https:\/\/www.vintage-speedworks.nl\/de\/produkt\/alfa-romeo-duetto-blueprint\/\" \/>\n<meta property=\"og:site_name\" content=\"Vintage Speedworks\" \/>\n<meta property=\"article:modified_time\" content=\"2026-01-15T01:49:40+00:00\" \/>\n<meta property=\"og:image\" content=\"https:\/\/www.vintage-speedworks.nl\/wp-content\/uploads\/Alfa_Romero_Spider_factory_drawing-scaled.jpg\" \/>\n\t<meta property=\"og:image:width\" content=\"2560\" \/>\n\t<meta property=\"og:image:height\" content=\"1920\" \/>\n\t<meta property=\"og:image:type\" content=\"image\/jpeg\" \/>\n<meta name=\"twitter:card\" content=\"summary_large_image\" \/>\n<meta name=\"twitter:label1\" content=\"Gesch\u00e4tzte Lesezeit\" \/>\n\t<meta name=\"twitter:data1\" content=\"1\u00a0Minute\" \/>\n<script type=\"application\/ld+json\" class=\"yoast-schema-graph\">{\"@context\":\"https:\/\/schema.org\",\"@graph\":[{\"@type\":\"WebPage\",\"@id\":\"https:\/\/www.vintage-speedworks.nl\/product\/alfa-romeo-duetto-blueprint\/\",\"url\":\"https:\/\/www.vintage-speedworks.nl\/product\/alfa-romeo-duetto-blueprint\/\",\"name\":\"Alfa Romeo Duetto 1750 - Original Factory Drawing - Vintage Speedworks\",\"isPartOf\":{\"@id\":\"https:\/\/www.vintage-speedworks.nl\/#website\"},\"datePublished\":\"2021-05-07T12:19:02+00:00\",\"dateModified\":\"2026-01-15T01:49:40+00:00\",\"description\":\"Alfa Romeo Duetto Blueprint, very rare and original artifact, now available for purchase at Vintage Speedworks.\",\"breadcrumb\":{\"@id\":\"https:\/\/www.vintage-speedworks.nl\/product\/alfa-romeo-duetto-blueprint\/#breadcrumb\"},\"inLanguage\":\"de\",\"potentialAction\":[{\"@type\":\"ReadAction\",\"target\":[\"https:\/\/www.vintage-speedworks.nl\/product\/alfa-romeo-duetto-blueprint\/\"]}]},{\"@type\":\"BreadcrumbList\",\"@id\":\"https:\/\/www.vintage-speedworks.nl\/product\/alfa-romeo-duetto-blueprint\/#breadcrumb\",\"itemListElement\":[{\"@type\":\"ListItem\",\"position\":1,\"name\":\"Home\",\"item\":\"https:\/\/www.vintage-speedworks.nl\/\"},{\"@type\":\"ListItem\",\"position\":2,\"name\":\"Webshop\",\"item\":\"https:\/\/www.vintage-speedworks.nl\/webshop\/\"},{\"@type\":\"ListItem\",\"position\":3,\"name\":\"Alfa Romeo Duetto 1750 &#8211; Original Factory Drawing\"}]},{\"@type\":\"WebSite\",\"@id\":\"https:\/\/www.vintage-speedworks.nl\/#website\",\"url\":\"https:\/\/www.vintage-speedworks.nl\/\",\"name\":\"Vintage Speedworks\",\"description\":\"Vintage art for speedfreaks\",\"potentialAction\":[{\"@type\":\"SearchAction\",\"target\":{\"@type\":\"EntryPoint\",\"urlTemplate\":\"https:\/\/www.vintage-speedworks.nl\/?s={search_term_string}\"},\"query-input\":\"required name=search_term_string\"}],\"inLanguage\":\"de\"}]}<\/script>\n<!-- \/ Yoast SEO plugin. -->","yoast_head_json":{"title":"Alfa Romeo Duetto 1750 - Original Factory Drawing - Vintage Speedworks","description":"Alfa Romeo Duetto Blueprint, very rare and original artifact, now available for purchase at Vintage Speedworks.","robots":{"index":"index","follow":"follow","max-snippet":"max-snippet:-1","max-image-preview":"max-image-preview:large","max-video-preview":"max-video-preview:-1"},"canonical":"https:\/\/www.vintage-speedworks.nl\/de\/produkt\/alfa-romeo-duetto-blueprint\/","og_locale":"de_DE","og_type":"article","og_title":"Alfa Romeo Duetto 1750 - Original Factory Drawing - Vintage Speedworks","og_description":"Alfa Romeo Duetto Blueprint, very rare and original artifact, now available for purchase at Vintage Speedworks.","og_url":"https:\/\/www.vintage-speedworks.nl\/de\/produkt\/alfa-romeo-duetto-blueprint\/","og_site_name":"Vintage Speedworks","article_modified_time":"2026-01-15T01:49:40+00:00","og_image":[{"width":2560,"height":1920,"url":"https:\/\/www.vintage-speedworks.nl\/wp-content\/uploads\/Alfa_Romero_Spider_factory_drawing-scaled.jpg","type":"image\/jpeg"}],"twitter_card":"summary_large_image","twitter_misc":{"Gesch\u00e4tzte Lesezeit":"1\u00a0Minute"},"schema":{"@context":"https:\/\/schema.org","@graph":[{"@type":"WebPage","@id":"https:\/\/www.vintage-speedworks.nl\/product\/alfa-romeo-duetto-blueprint\/","url":"https:\/\/www.vintage-speedworks.nl\/product\/alfa-romeo-duetto-blueprint\/","name":"Alfa Romeo Duetto 1750 - Original Factory Drawing - Vintage Speedworks","isPartOf":{"@id":"https:\/\/www.vintage-speedworks.nl\/#website"},"datePublished":"2021-05-07T12:19:02+00:00","dateModified":"2026-01-15T01:49:40+00:00","description":"Alfa Romeo Duetto Blueprint, very rare and original artifact, now available for purchase at Vintage Speedworks.","breadcrumb":{"@id":"https:\/\/www.vintage-speedworks.nl\/product\/alfa-romeo-duetto-blueprint\/#breadcrumb"},"inLanguage":"de","potentialAction":[{"@type":"ReadAction","target":["https:\/\/www.vintage-speedworks.nl\/product\/alfa-romeo-duetto-blueprint\/"]}]},{"@type":"BreadcrumbList","@id":"https:\/\/www.vintage-speedworks.nl\/product\/alfa-romeo-duetto-blueprint\/#breadcrumb","itemListElement":[{"@type":"ListItem","position":1,"name":"Home","item":"https:\/\/www.vintage-speedworks.nl\/"},{"@type":"ListItem","position":2,"name":"Webshop","item":"https:\/\/www.vintage-speedworks.nl\/webshop\/"},{"@type":"ListItem","position":3,"name":"Alfa Romeo Duetto 1750 &#8211; Original Factory Drawing"}]},{"@type":"WebSite","@id":"https:\/\/www.vintage-speedworks.nl\/#website","url":"https:\/\/www.vintage-speedworks.nl\/","name":"Vintage Speedworks","description":"Vintage art for speedfreaks","potentialAction":[{"@type":"SearchAction","target":{"@type":"EntryPoint","urlTemplate":"https:\/\/www.vintage-speedworks.nl\/?s={search_term_string}"},"query-input":"required name=search_term_string"}],"inLanguage":"de"}]}},"_links":{"self":[{"href":"https:\/\/www.vintage-speedworks.nl\/de\/wp-json\/wp\/v2\/product\/3542"}],"collection":[{"href":"https:\/\/www.vintage-speedworks.nl\/de\/wp-json\/wp\/v2\/product"}],"about":[{"href":"https:\/\/www.vintage-speedworks.nl\/de\/wp-json\/wp\/v2\/types\/product"}],"wp:featuredmedia":[{"embeddable":true,"href":"https:\/\/www.vintage-speedworks.nl\/de\/wp-json\/wp\/v2\/media\/3528"}],"wp:attachment":[{"href":"https:\/\/www.vintage-speedworks.nl\/de\/wp-json\/wp\/v2\/media?parent=3542"}],"wp:term":[{"taxonomy":"product_cat","embeddable":true,"href":"https:\/\/www.vintage-speedworks.nl\/de\/wp-json\/wp\/v2\/product_cat?post=3542"},{"taxonomy":"product_tag","embeddable":true,"href":"https:\/\/www.vintage-speedworks.nl\/de\/wp-json\/wp\/v2\/product_tag?post=3542"}],"curies":[{"name":"wp","href":"https:\/\/api.w.org\/{rel}","templated":true}]}}