{"id":3539,"date":"2021-05-07T12:09:28","date_gmt":"2021-05-07T12:09:28","guid":{"rendered":"https:\/\/www.vintage-speedworks.nl\/?post_type=product&#038;p=3539"},"modified":"2022-12-30T08:21:30","modified_gmt":"2022-12-30T08:21:30","slug":"alfa-romeo-gulia-original-factory-drawing","status":"publish","type":"product","link":"https:\/\/www.vintage-speedworks.nl\/de\/produkt\/alfa-romeo-gulia-original-factory-drawing\/","title":{"rendered":"Alfa Romeo GT1300 - Original Werkszeichnung"},"content":{"rendered":"<div class=\"paragraph\">\n<div class=\"paragraph\">Erstaunliche Original-Werkszeichnung aus der Zeichnungsabteilung von Alfa Romeo.<\/div>\n<div>GT1300 - Junior: Technische Zeichnung des Bremssystems<\/div>\n<\/div>\n<div><\/div>\n<div>In den 1960er Jahren von der Abteilung von Luigi Fusi entwickelt und von einem ehemaligen Mitarbeiter w\u00e4hrend der Fiat-Alfa-\u00dcbernahme in den 1980er Jahren gesammelt.<\/div>\n<div>Blaupause Zeichnung zeigt gro\u00dfe Patina und hat Original-Stempel und Markierungen. es wurde availbel jetzt aus einer privaten Sammlung.<\/div>\n<div><\/div>\n<div>Ein gro\u00dfartiges St\u00fcck, um es einer Sammlung hinzuzuf\u00fcgen oder an die Wand Ihrer Garage zu h\u00e4ngen.<\/div>\n<div><\/div>\n<h2><b>Einzelheiten:<\/b><\/h2>\n<ul>\n<li>Original Werkszeichnung von Alfa Romeo Zeichnungsabteilung<\/li>\n<li>Nur 1 St\u00fcck verf\u00fcgbar<\/li>\n<li>Echte Sammlerst\u00fccke<\/li>\n<li>Gr\u00f6\u00dfe: 104 x 60 cm<\/li>\n<\/ul>\n<h2><b>Lieferung:<\/b><\/h2>\n<ul>\n<li>Auf Lager<\/li>\n<li>Direkter Versand<\/li>\n<\/ul>","protected":false},"excerpt":{"rendered":"<div class=\"paragraph\">Erstaunliche Original-Werkszeichnung aus der Zeichnungsabteilung von Alfa Romeo.<\/div>\n<div>GT1300 - Junior: Technische Zeichnung des Bremssystems<\/div>\n<div><\/div>\n<div><\/div>\n<p>&nbsp;<\/p>\n<p>&nbsp;<\/p>\n<p>&nbsp;<\/p>\n<div class=\"woocommerce-product-details__short-description\"><\/div>","protected":false},"featured_media":3540,"template":"","meta":{"_exactmetrics_skip_tracking":false,"_exactmetrics_sitenote_active":false,"_exactmetrics_sitenote_note":"","_exactmetrics_sitenote_category":0,"jetpack_post_was_ever_published":false},"product_cat":[122],"product_tag":[117,118,184,185],"yoast_head":"<!-- This site is optimized with the Yoast SEO plugin v21.0 - https:\/\/yoast.com\/wordpress\/plugins\/seo\/ -->\n<title>Alfa Romeo GT1300 - Original Factory Drawing - Vintage Speedworks<\/title>\n<meta name=\"robots\" content=\"index, follow, max-snippet:-1, max-image-preview:large, max-video-preview:-1\" \/>\n<link rel=\"canonical\" href=\"https:\/\/www.vintage-speedworks.nl\/de\/produkt\/alfa-romeo-gulia-original-factory-drawing\/\" \/>\n<meta property=\"og:locale\" content=\"de_DE\" \/>\n<meta property=\"og:type\" content=\"article\" \/>\n<meta property=\"og:title\" content=\"Alfa Romeo GT1300 - Original Factory Drawing - Vintage Speedworks\" \/>\n<meta property=\"og:description\" content=\"Amazing original factory drawing from the Alfa Romeo Drawing department. GT1300 - Junior:\u00a0 Technical Drawing of Brake system   &nbsp;  &nbsp;  &nbsp;\" \/>\n<meta property=\"og:url\" content=\"https:\/\/www.vintage-speedworks.nl\/de\/produkt\/alfa-romeo-gulia-original-factory-drawing\/\" \/>\n<meta property=\"og:site_name\" content=\"Vintage Speedworks\" \/>\n<meta property=\"article:modified_time\" content=\"2022-12-30T08:21:30+00:00\" \/>\n<meta property=\"og:image\" content=\"https:\/\/www.vintage-speedworks.nl\/wp-content\/uploads\/Alfa_romeo_gulia_factory_drawing_overview2.jpg\" \/>\n\t<meta property=\"og:image:width\" content=\"1806\" \/>\n\t<meta property=\"og:image:height\" content=\"1012\" \/>\n\t<meta property=\"og:image:type\" content=\"image\/jpeg\" \/>\n<meta name=\"twitter:card\" content=\"summary_large_image\" \/>\n<meta name=\"twitter:label1\" content=\"Gesch\u00e4tzte Lesezeit\" \/>\n\t<meta name=\"twitter:data1\" content=\"1\u00a0Minute\" \/>\n<script type=\"application\/ld+json\" class=\"yoast-schema-graph\">{\"@context\":\"https:\/\/schema.org\",\"@graph\":[{\"@type\":\"WebPage\",\"@id\":\"https:\/\/www.vintage-speedworks.nl\/product\/alfa-romeo-gulia-original-factory-drawing\/\",\"url\":\"https:\/\/www.vintage-speedworks.nl\/product\/alfa-romeo-gulia-original-factory-drawing\/\",\"name\":\"Alfa Romeo GT1300 - Original Factory Drawing - Vintage Speedworks\",\"isPartOf\":{\"@id\":\"https:\/\/www.vintage-speedworks.nl\/#website\"},\"datePublished\":\"2021-05-07T12:09:28+00:00\",\"dateModified\":\"2022-12-30T08:21:30+00:00\",\"breadcrumb\":{\"@id\":\"https:\/\/www.vintage-speedworks.nl\/product\/alfa-romeo-gulia-original-factory-drawing\/#breadcrumb\"},\"inLanguage\":\"de\",\"potentialAction\":[{\"@type\":\"ReadAction\",\"target\":[\"https:\/\/www.vintage-speedworks.nl\/product\/alfa-romeo-gulia-original-factory-drawing\/\"]}]},{\"@type\":\"BreadcrumbList\",\"@id\":\"https:\/\/www.vintage-speedworks.nl\/product\/alfa-romeo-gulia-original-factory-drawing\/#breadcrumb\",\"itemListElement\":[{\"@type\":\"ListItem\",\"position\":1,\"name\":\"Home\",\"item\":\"https:\/\/www.vintage-speedworks.nl\/\"},{\"@type\":\"ListItem\",\"position\":2,\"name\":\"Webshop\",\"item\":\"https:\/\/www.vintage-speedworks.nl\/webshop\/\"},{\"@type\":\"ListItem\",\"position\":3,\"name\":\"Alfa Romeo GT1300 &#8211; Original Factory Drawing\"}]},{\"@type\":\"WebSite\",\"@id\":\"https:\/\/www.vintage-speedworks.nl\/#website\",\"url\":\"https:\/\/www.vintage-speedworks.nl\/\",\"name\":\"Vintage Speedworks\",\"description\":\"Vintage art for speedfreaks\",\"potentialAction\":[{\"@type\":\"SearchAction\",\"target\":{\"@type\":\"EntryPoint\",\"urlTemplate\":\"https:\/\/www.vintage-speedworks.nl\/?s={search_term_string}\"},\"query-input\":\"required name=search_term_string\"}],\"inLanguage\":\"de\"}]}<\/script>\n<!-- \/ Yoast SEO plugin. -->","yoast_head_json":{"title":"Alfa Romeo GT1300 - Original Factory Drawing - Vintage Speedworks","robots":{"index":"index","follow":"follow","max-snippet":"max-snippet:-1","max-image-preview":"max-image-preview:large","max-video-preview":"max-video-preview:-1"},"canonical":"https:\/\/www.vintage-speedworks.nl\/de\/produkt\/alfa-romeo-gulia-original-factory-drawing\/","og_locale":"de_DE","og_type":"article","og_title":"Alfa Romeo GT1300 - Original Factory Drawing - Vintage Speedworks","og_description":"Amazing original factory drawing from the Alfa Romeo Drawing department. GT1300 - Junior:\u00a0 Technical Drawing of Brake system   &nbsp;  &nbsp;  &nbsp;","og_url":"https:\/\/www.vintage-speedworks.nl\/de\/produkt\/alfa-romeo-gulia-original-factory-drawing\/","og_site_name":"Vintage Speedworks","article_modified_time":"2022-12-30T08:21:30+00:00","og_image":[{"width":1806,"height":1012,"url":"https:\/\/www.vintage-speedworks.nl\/wp-content\/uploads\/Alfa_romeo_gulia_factory_drawing_overview2.jpg","type":"image\/jpeg"}],"twitter_card":"summary_large_image","twitter_misc":{"Gesch\u00e4tzte Lesezeit":"1\u00a0Minute"},"schema":{"@context":"https:\/\/schema.org","@graph":[{"@type":"WebPage","@id":"https:\/\/www.vintage-speedworks.nl\/product\/alfa-romeo-gulia-original-factory-drawing\/","url":"https:\/\/www.vintage-speedworks.nl\/product\/alfa-romeo-gulia-original-factory-drawing\/","name":"Alfa Romeo GT1300 - Original Factory Drawing - Vintage Speedworks","isPartOf":{"@id":"https:\/\/www.vintage-speedworks.nl\/#website"},"datePublished":"2021-05-07T12:09:28+00:00","dateModified":"2022-12-30T08:21:30+00:00","breadcrumb":{"@id":"https:\/\/www.vintage-speedworks.nl\/product\/alfa-romeo-gulia-original-factory-drawing\/#breadcrumb"},"inLanguage":"de","potentialAction":[{"@type":"ReadAction","target":["https:\/\/www.vintage-speedworks.nl\/product\/alfa-romeo-gulia-original-factory-drawing\/"]}]},{"@type":"BreadcrumbList","@id":"https:\/\/www.vintage-speedworks.nl\/product\/alfa-romeo-gulia-original-factory-drawing\/#breadcrumb","itemListElement":[{"@type":"ListItem","position":1,"name":"Home","item":"https:\/\/www.vintage-speedworks.nl\/"},{"@type":"ListItem","position":2,"name":"Webshop","item":"https:\/\/www.vintage-speedworks.nl\/webshop\/"},{"@type":"ListItem","position":3,"name":"Alfa Romeo GT1300 &#8211; Original Factory Drawing"}]},{"@type":"WebSite","@id":"https:\/\/www.vintage-speedworks.nl\/#website","url":"https:\/\/www.vintage-speedworks.nl\/","name":"Vintage Speedworks","description":"Vintage art for speedfreaks","potentialAction":[{"@type":"SearchAction","target":{"@type":"EntryPoint","urlTemplate":"https:\/\/www.vintage-speedworks.nl\/?s={search_term_string}"},"query-input":"required name=search_term_string"}],"inLanguage":"de"}]}},"_links":{"self":[{"href":"https:\/\/www.vintage-speedworks.nl\/de\/wp-json\/wp\/v2\/product\/3539"}],"collection":[{"href":"https:\/\/www.vintage-speedworks.nl\/de\/wp-json\/wp\/v2\/product"}],"about":[{"href":"https:\/\/www.vintage-speedworks.nl\/de\/wp-json\/wp\/v2\/types\/product"}],"wp:featuredmedia":[{"embeddable":true,"href":"https:\/\/www.vintage-speedworks.nl\/de\/wp-json\/wp\/v2\/media\/3540"}],"wp:attachment":[{"href":"https:\/\/www.vintage-speedworks.nl\/de\/wp-json\/wp\/v2\/media?parent=3539"}],"wp:term":[{"taxonomy":"product_cat","embeddable":true,"href":"https:\/\/www.vintage-speedworks.nl\/de\/wp-json\/wp\/v2\/product_cat?post=3539"},{"taxonomy":"product_tag","embeddable":true,"href":"https:\/\/www.vintage-speedworks.nl\/de\/wp-json\/wp\/v2\/product_tag?post=3539"}],"curies":[{"name":"wp","href":"https:\/\/api.w.org\/{rel}","templated":true}]}}