{"id":3480,"date":"2020-12-22T09:52:31","date_gmt":"2020-12-22T09:52:31","guid":{"rendered":"https:\/\/www.vintage-speedworks.nl\/?post_type=product&#038;p=3480"},"modified":"2025-06-03T13:04:25","modified_gmt":"2025-06-03T13:04:25","slug":"sculpture-porsche-911-rs","status":"publish","type":"product","link":"https:\/\/www.vintage-speedworks.nl\/de\/produkt\/sculpture-porsche-911-rs\/","title":{"rendered":"Speedworks.Art - Porsche 911 RS Skulptur"},"content":{"rendered":"<h2>Speedworks Studio: Porsche 911 RS - Skulptur<\/h2>\n<p>Der Porsche <a href=\"https:\/\/en.wikipedia.org\/wiki\/Porsche_911#964_Series_(1989%E2%80%931993)\">911 RS<\/a> war eine leichtere Version des normalen Carrera. Ziel war es, das Auto noch wendiger und schneller zu machen, was sich bei den vielen Renn- und Rallye-Wettbewerben sicherlich bemerkbar machte. Das Auto hat einen markanten Heckspoiler, der auch als \"Ducktail\" bekannt ist. Dieser verleiht dem Auto eine erkennbare Form, obwohl man ihn wegen seines seltenen Charakters nicht oft auf \u00f6ffentlichen Stra\u00dfen sieht.<\/p>\n<p>Das Design ist einzigartig und hat einen starken Premium-Look, ideal f\u00fcr Wohnzimmer, Arbeitszimmer oder B\u00fcro.<\/p>\n<p>Die Porsche 911 RS-Sonderskulptur ist aus hochwertigem Material gefertigt und kann komplett individuell gestaltet werden.<\/p>\n<h2><b>Abmessungen<\/b><b>:<\/b><\/h2>\n<ul>\n<li>L\u00e4nge: 35 cm<\/li>\n<li>Breite: 16 cm<\/li>\n<\/ul>\n<h2><b>Einzelheiten:<\/b><\/h2>\n<ul>\n<li>Die Skulptur wurde mit einer 3D-Software f\u00fcr die Automobilindustrie entworfen.<\/li>\n<li>Sehr begrenzte Auflage<\/li>\n<li>Verschiedene Abmessungen m\u00f6glich<\/li>\n<li>Siehe auch die anderen <a href=\"https:\/\/www.vintage-speedworks.nl\/en\/product-categorie\/sculptures\/\">Entw\u00fcrfe<\/a><\/li>\n<\/ul>\n<h2><b>Lieferung:<\/b><\/h2>\n<ul>\n<li>Lieferzeit: 3 Wochen (wird auf Bestellung gefertigt)<\/li>\n<li>Versand in einer sch\u00fctzenden Box<\/li>\n<\/ul>","protected":false},"excerpt":{"rendered":"<p>Porsche 911 RS Individuelle Skulptur<\/p>\n<p>Der Wagen hat einen markanten Heckspoiler, der auch als \"Ducktail\" bekannt ist. Dieser verleiht dem Auto eine erkennbare Form, obwohl man ihn wegen seines seltenen Charakters nicht oft auf \u00f6ffentlichen Stra\u00dfen sieht. Das Design ist einzigartig und hat einen starken Premium-Look, ideal f\u00fcr Wohnzimmer, Arbeitszimmer oder B\u00fcro.<\/p>\n<p>&nbsp;<\/p>\n<p>&nbsp;<\/p>","protected":false},"featured_media":3950,"template":"","meta":{"_exactmetrics_skip_tracking":false,"_exactmetrics_sitenote_active":false,"_exactmetrics_sitenote_note":"","_exactmetrics_sitenote_category":0,"jetpack_post_was_ever_published":false},"product_cat":[182,22,65],"product_tag":[71,76,90,62],"yoast_head":"<!-- This site is optimized with the Yoast SEO plugin v21.0 - https:\/\/yoast.com\/wordpress\/plugins\/seo\/ -->\n<title>Speedworks.Art - Porsche 911 RS sculpture - Vintage Speedworks<\/title>\n<meta name=\"robots\" content=\"index, follow, max-snippet:-1, max-image-preview:large, max-video-preview:-1\" \/>\n<link rel=\"canonical\" href=\"https:\/\/www.vintage-speedworks.nl\/de\/produkt\/sculpture-porsche-911-rs\/\" \/>\n<meta property=\"og:locale\" content=\"de_DE\" \/>\n<meta property=\"og:type\" content=\"article\" \/>\n<meta property=\"og:title\" content=\"Speedworks.Art - Porsche 911 RS sculpture - Vintage Speedworks\" \/>\n<meta property=\"og:description\" content=\"Porsche 911 RS Custom Sculpture  De auto heeft een kenmerkende achterspoiler die ook bekend staat als &#039;Ducktail&#039;. Dit geeft de auto een herkenbare vorm, al zien we hem niet veel op de openbare weg vanwege zijn zeldzame karakter. Het ontwerp is uniek\u00a0 en heeft een sterk premium uitstraling, ideaal voor in woonkamer, studie kamer of kantoor.  &nbsp;  &nbsp;\" \/>\n<meta property=\"og:url\" content=\"https:\/\/www.vintage-speedworks.nl\/de\/produkt\/sculpture-porsche-911-rs\/\" \/>\n<meta property=\"og:site_name\" content=\"Vintage Speedworks\" \/>\n<meta property=\"article:modified_time\" content=\"2025-06-03T13:04:25+00:00\" \/>\n<meta property=\"og:image\" content=\"https:\/\/www.vintage-speedworks.nl\/wp-content\/uploads\/Porsche-964-RS-sculpture-911-Speedworks.jpg\" \/>\n\t<meta property=\"og:image:width\" content=\"2560\" \/>\n\t<meta property=\"og:image:height\" content=\"1601\" \/>\n\t<meta property=\"og:image:type\" content=\"image\/jpeg\" \/>\n<meta name=\"twitter:card\" content=\"summary_large_image\" \/>\n<meta name=\"twitter:label1\" content=\"Gesch\u00e4tzte Lesezeit\" \/>\n\t<meta name=\"twitter:data1\" content=\"1\u00a0Minute\" \/>\n<script type=\"application\/ld+json\" class=\"yoast-schema-graph\">{\"@context\":\"https:\/\/schema.org\",\"@graph\":[{\"@type\":\"WebPage\",\"@id\":\"https:\/\/www.vintage-speedworks.nl\/product\/sculpture-porsche-911-rs\/\",\"url\":\"https:\/\/www.vintage-speedworks.nl\/product\/sculpture-porsche-911-rs\/\",\"name\":\"Speedworks.Art - Porsche 911 RS sculpture - Vintage Speedworks\",\"isPartOf\":{\"@id\":\"https:\/\/www.vintage-speedworks.nl\/#website\"},\"datePublished\":\"2020-12-22T09:52:31+00:00\",\"dateModified\":\"2025-06-03T13:04:25+00:00\",\"breadcrumb\":{\"@id\":\"https:\/\/www.vintage-speedworks.nl\/product\/sculpture-porsche-911-rs\/#breadcrumb\"},\"inLanguage\":\"de\",\"potentialAction\":[{\"@type\":\"ReadAction\",\"target\":[\"https:\/\/www.vintage-speedworks.nl\/product\/sculpture-porsche-911-rs\/\"]}]},{\"@type\":\"BreadcrumbList\",\"@id\":\"https:\/\/www.vintage-speedworks.nl\/product\/sculpture-porsche-911-rs\/#breadcrumb\",\"itemListElement\":[{\"@type\":\"ListItem\",\"position\":1,\"name\":\"Home\",\"item\":\"https:\/\/www.vintage-speedworks.nl\/\"},{\"@type\":\"ListItem\",\"position\":2,\"name\":\"Webshop\",\"item\":\"https:\/\/www.vintage-speedworks.nl\/webshop\/\"},{\"@type\":\"ListItem\",\"position\":3,\"name\":\"Speedworks.Art &#8211; Porsche 911 RS sculpture\"}]},{\"@type\":\"WebSite\",\"@id\":\"https:\/\/www.vintage-speedworks.nl\/#website\",\"url\":\"https:\/\/www.vintage-speedworks.nl\/\",\"name\":\"Vintage Speedworks\",\"description\":\"Vintage art for speedfreaks\",\"potentialAction\":[{\"@type\":\"SearchAction\",\"target\":{\"@type\":\"EntryPoint\",\"urlTemplate\":\"https:\/\/www.vintage-speedworks.nl\/?s={search_term_string}\"},\"query-input\":\"required name=search_term_string\"}],\"inLanguage\":\"de\"}]}<\/script>\n<!-- \/ Yoast SEO plugin. -->","yoast_head_json":{"title":"Speedworks.Art - Porsche 911 RS sculpture - Vintage Speedworks","robots":{"index":"index","follow":"follow","max-snippet":"max-snippet:-1","max-image-preview":"max-image-preview:large","max-video-preview":"max-video-preview:-1"},"canonical":"https:\/\/www.vintage-speedworks.nl\/de\/produkt\/sculpture-porsche-911-rs\/","og_locale":"de_DE","og_type":"article","og_title":"Speedworks.Art - Porsche 911 RS sculpture - Vintage Speedworks","og_description":"Porsche 911 RS Custom Sculpture  De auto heeft een kenmerkende achterspoiler die ook bekend staat als 'Ducktail'. Dit geeft de auto een herkenbare vorm, al zien we hem niet veel op de openbare weg vanwege zijn zeldzame karakter. Het ontwerp is uniek\u00a0 en heeft een sterk premium uitstraling, ideaal voor in woonkamer, studie kamer of kantoor.  &nbsp;  &nbsp;","og_url":"https:\/\/www.vintage-speedworks.nl\/de\/produkt\/sculpture-porsche-911-rs\/","og_site_name":"Vintage Speedworks","article_modified_time":"2025-06-03T13:04:25+00:00","og_image":[{"width":2560,"height":1601,"url":"https:\/\/www.vintage-speedworks.nl\/wp-content\/uploads\/Porsche-964-RS-sculpture-911-Speedworks.jpg","type":"image\/jpeg"}],"twitter_card":"summary_large_image","twitter_misc":{"Gesch\u00e4tzte Lesezeit":"1\u00a0Minute"},"schema":{"@context":"https:\/\/schema.org","@graph":[{"@type":"WebPage","@id":"https:\/\/www.vintage-speedworks.nl\/product\/sculpture-porsche-911-rs\/","url":"https:\/\/www.vintage-speedworks.nl\/product\/sculpture-porsche-911-rs\/","name":"Speedworks.Art - Porsche 911 RS sculpture - Vintage Speedworks","isPartOf":{"@id":"https:\/\/www.vintage-speedworks.nl\/#website"},"datePublished":"2020-12-22T09:52:31+00:00","dateModified":"2025-06-03T13:04:25+00:00","breadcrumb":{"@id":"https:\/\/www.vintage-speedworks.nl\/product\/sculpture-porsche-911-rs\/#breadcrumb"},"inLanguage":"de","potentialAction":[{"@type":"ReadAction","target":["https:\/\/www.vintage-speedworks.nl\/product\/sculpture-porsche-911-rs\/"]}]},{"@type":"BreadcrumbList","@id":"https:\/\/www.vintage-speedworks.nl\/product\/sculpture-porsche-911-rs\/#breadcrumb","itemListElement":[{"@type":"ListItem","position":1,"name":"Home","item":"https:\/\/www.vintage-speedworks.nl\/"},{"@type":"ListItem","position":2,"name":"Webshop","item":"https:\/\/www.vintage-speedworks.nl\/webshop\/"},{"@type":"ListItem","position":3,"name":"Speedworks.Art &#8211; Porsche 911 RS sculpture"}]},{"@type":"WebSite","@id":"https:\/\/www.vintage-speedworks.nl\/#website","url":"https:\/\/www.vintage-speedworks.nl\/","name":"Vintage Speedworks","description":"Vintage art for speedfreaks","potentialAction":[{"@type":"SearchAction","target":{"@type":"EntryPoint","urlTemplate":"https:\/\/www.vintage-speedworks.nl\/?s={search_term_string}"},"query-input":"required name=search_term_string"}],"inLanguage":"de"}]}},"_links":{"self":[{"href":"https:\/\/www.vintage-speedworks.nl\/de\/wp-json\/wp\/v2\/product\/3480"}],"collection":[{"href":"https:\/\/www.vintage-speedworks.nl\/de\/wp-json\/wp\/v2\/product"}],"about":[{"href":"https:\/\/www.vintage-speedworks.nl\/de\/wp-json\/wp\/v2\/types\/product"}],"wp:featuredmedia":[{"embeddable":true,"href":"https:\/\/www.vintage-speedworks.nl\/de\/wp-json\/wp\/v2\/media\/3950"}],"wp:attachment":[{"href":"https:\/\/www.vintage-speedworks.nl\/de\/wp-json\/wp\/v2\/media?parent=3480"}],"wp:term":[{"taxonomy":"product_cat","embeddable":true,"href":"https:\/\/www.vintage-speedworks.nl\/de\/wp-json\/wp\/v2\/product_cat?post=3480"},{"taxonomy":"product_tag","embeddable":true,"href":"https:\/\/www.vintage-speedworks.nl\/de\/wp-json\/wp\/v2\/product_tag?post=3480"}],"curies":[{"name":"wp","href":"https:\/\/api.w.org\/{rel}","templated":true}]}}