{"id":3274,"date":"2020-01-29T09:48:35","date_gmt":"2020-01-29T09:48:35","guid":{"rendered":"https:\/\/www.vintage-speedworks.nl\/?post_type=product&#038;p=3274"},"modified":"2022-11-12T20:15:19","modified_gmt":"2022-11-12T20:15:19","slug":"1000km-nurburgring-porsche-rsr-limited-edition","status":"publish","type":"product","link":"https:\/\/www.vintage-speedworks.nl\/de\/produkt\/1000km-nurburgring-porsche-rsr-limited-edition\/","title":{"rendered":"1000km N\u00fcrburgring - Porsche RSR [Limitierte Auflage]"},"content":{"rendered":"<p>Originalentwurf von Tom Sangen<\/p>\n<div class=\"woocommerce-product-details__short-description\">\n<p>1000km N\u00fcrburgring Veranstaltungsplakat mit dem ikonischen Jagermeister Porsche <a href=\"https:\/\/en.wikipedia.org\/wiki\/Porsche_934\">RSR<\/a><\/p>\n<\/div>\n<p>Im Jahr 1976 wurde das 1000-km-Rennen noch auf dem urspr\u00fcnglichen N\u00fcrburgring ausgetragen.  Der Porsche RSR in J\u00e4germeister-Lackierung zog alle Blicke auf sich und konnte bei diesem Rennen seine Klasse gewinnen. Die J\u00e4germeister-Lackierung ist direkt mit den Porsches der 70er Jahre verbunden.<\/p>\n<p>Dieses Gem\u00e4lde ist das dritte und letzte einer neuen Serie von \"Event-Postern\" von Tom Sangen. Der Porsche wird mit charakteristischen Elementen wie dem Tankdeckel auf der Motorhaube dargestellt. Auch die verwendeten Farben und der Hintergrund sind gut durchdacht. Es ist ein typisches 'Sangen.<\/p>\n<p>Das Gem\u00e4lde ist jetzt auch als Kunstdruck und in limitierter Auflage auf Leinwand erh\u00e4ltlich.<\/p>\n<h2><b>Abmessungen<\/b><b>:<\/b><\/h2>\n<ul>\n<li>Abmessungen Kunstdruck: (cm): 50.00 x 70.00 cm<\/li>\n<li>Ma\u00dfe der Leinwand: (cm): 60,00 x 80,00 cm<\/li>\n<\/ul>\n<h2><b>Einzelheiten:<\/b><\/h2>\n<ul>\n<li>Das Gem\u00e4lde wird auf Premium-Papier oder hochwertiger Leinwand pr\u00e4sentiert<\/li>\n<li>Kunstdruck: Druckauflage: 50 St\u00fcck<\/li>\n<li>Leinwand: Druckauflage: 10 St\u00fcck<\/li>\n<\/ul>\n<h2><b>Lieferung:<\/b><\/h2>\n<ul>\n<li>Lieferzeit: Sofort lieferbar<\/li>\n<li>Versand in einer sch\u00fctzenden Box<\/li>\n<\/ul>","protected":false},"excerpt":{"rendered":"<p>Originalentwurf von Tom Sangen<\/p>\n<div class=\"woocommerce-product-details__short-description\">\n<p>1000km N\u00fcrburgring Event-Poster mit dem ikonischen Jagermeister Porsche RSR<\/p>\n<\/div>\n<p>Im Jahr 1976 wurde das 1000-km-Rennen noch auf dem urspr\u00fcnglichen N\u00fcrburgring ausgetragen.  Der Porsche RSR in J\u00e4germeister-Farbgebung erregte die Gem\u00fcter und konnte bei diesem Rennen seine Klasse gewinnen.<\/p>","protected":false},"featured_media":3289,"template":"","meta":{"_exactmetrics_skip_tracking":false,"_exactmetrics_sitenote_active":false,"_exactmetrics_sitenote_note":"","_exactmetrics_sitenote_category":0,"jetpack_post_was_ever_published":false},"product_cat":[21,139],"product_tag":[126,125,90,127,128],"yoast_head":"<!-- This site is optimized with the Yoast SEO plugin v21.0 - https:\/\/yoast.com\/wordpress\/plugins\/seo\/ -->\n<title>1000km Nurburgring - Porsche RSR [Limited Edition] - Vintage Speedworks<\/title>\n<meta name=\"description\" content=\"Original design by Tom Sangen1000km Nurburgring event poster with iconic Jagermeister Porsche RSR\" \/>\n<meta name=\"robots\" content=\"index, follow, max-snippet:-1, max-image-preview:large, max-video-preview:-1\" \/>\n<link rel=\"canonical\" href=\"https:\/\/www.vintage-speedworks.nl\/de\/produkt\/1000km-nurburgring-porsche-rsr-limited-edition\/\" \/>\n<meta property=\"og:locale\" content=\"de_DE\" \/>\n<meta property=\"og:type\" content=\"article\" \/>\n<meta property=\"og:title\" content=\"1000km Nurburgring - Porsche RSR [Limited Edition] - Vintage Speedworks\" \/>\n<meta property=\"og:description\" content=\"Original design by Tom Sangen1000km Nurburgring event poster with iconic Jagermeister Porsche RSR\" \/>\n<meta property=\"og:url\" content=\"https:\/\/www.vintage-speedworks.nl\/de\/produkt\/1000km-nurburgring-porsche-rsr-limited-edition\/\" \/>\n<meta property=\"og:site_name\" content=\"Vintage Speedworks\" \/>\n<meta property=\"article:modified_time\" content=\"2022-11-12T20:15:19+00:00\" \/>\n<meta property=\"og:image\" content=\"https:\/\/i0.wp.com\/www.vintage-speedworks.nl\/wp-content\/uploads\/Porsche-911-RSR-nurburgring-24h-1976-60x80-zwarte-lijst.jpg?fit=500%2C500&ssl=1\" \/>\n\t<meta property=\"og:image:width\" content=\"500\" \/>\n\t<meta property=\"og:image:height\" content=\"500\" \/>\n\t<meta property=\"og:image:type\" content=\"image\/jpeg\" \/>\n<meta name=\"twitter:card\" content=\"summary_large_image\" \/>\n<meta name=\"twitter:label1\" content=\"Gesch\u00e4tzte Lesezeit\" \/>\n\t<meta name=\"twitter:data1\" content=\"1\u00a0Minute\" \/>\n<script type=\"application\/ld+json\" class=\"yoast-schema-graph\">{\"@context\":\"https:\/\/schema.org\",\"@graph\":[{\"@type\":\"WebPage\",\"@id\":\"https:\/\/www.vintage-speedworks.nl\/product\/1000km-nurburgring-porsche-rsr-limited-edition\/\",\"url\":\"https:\/\/www.vintage-speedworks.nl\/product\/1000km-nurburgring-porsche-rsr-limited-edition\/\",\"name\":\"1000km Nurburgring - Porsche RSR [Limited Edition] - Vintage Speedworks\",\"isPartOf\":{\"@id\":\"https:\/\/www.vintage-speedworks.nl\/#website\"},\"datePublished\":\"2020-01-29T09:48:35+00:00\",\"dateModified\":\"2022-11-12T20:15:19+00:00\",\"description\":\"Original design by Tom Sangen1000km Nurburgring event poster with iconic Jagermeister Porsche RSR\",\"breadcrumb\":{\"@id\":\"https:\/\/www.vintage-speedworks.nl\/product\/1000km-nurburgring-porsche-rsr-limited-edition\/#breadcrumb\"},\"inLanguage\":\"de\",\"potentialAction\":[{\"@type\":\"ReadAction\",\"target\":[\"https:\/\/www.vintage-speedworks.nl\/product\/1000km-nurburgring-porsche-rsr-limited-edition\/\"]}]},{\"@type\":\"BreadcrumbList\",\"@id\":\"https:\/\/www.vintage-speedworks.nl\/product\/1000km-nurburgring-porsche-rsr-limited-edition\/#breadcrumb\",\"itemListElement\":[{\"@type\":\"ListItem\",\"position\":1,\"name\":\"Home\",\"item\":\"https:\/\/www.vintage-speedworks.nl\/\"},{\"@type\":\"ListItem\",\"position\":2,\"name\":\"Webshop\",\"item\":\"https:\/\/www.vintage-speedworks.nl\/webshop\/\"},{\"@type\":\"ListItem\",\"position\":3,\"name\":\"1000km Nurburgring &#8211; Porsche RSR [Limited Edition]\"}]},{\"@type\":\"WebSite\",\"@id\":\"https:\/\/www.vintage-speedworks.nl\/#website\",\"url\":\"https:\/\/www.vintage-speedworks.nl\/\",\"name\":\"Vintage Speedworks\",\"description\":\"Vintage art for speedfreaks\",\"potentialAction\":[{\"@type\":\"SearchAction\",\"target\":{\"@type\":\"EntryPoint\",\"urlTemplate\":\"https:\/\/www.vintage-speedworks.nl\/?s={search_term_string}\"},\"query-input\":\"required name=search_term_string\"}],\"inLanguage\":\"de\"}]}<\/script>\n<!-- \/ Yoast SEO plugin. -->","yoast_head_json":{"title":"1000km Nurburgring - Porsche RSR [Limited Edition] - Vintage Speedworks","description":"Original design by Tom Sangen1000km Nurburgring event poster with iconic Jagermeister Porsche RSR","robots":{"index":"index","follow":"follow","max-snippet":"max-snippet:-1","max-image-preview":"max-image-preview:large","max-video-preview":"max-video-preview:-1"},"canonical":"https:\/\/www.vintage-speedworks.nl\/de\/produkt\/1000km-nurburgring-porsche-rsr-limited-edition\/","og_locale":"de_DE","og_type":"article","og_title":"1000km Nurburgring - Porsche RSR [Limited Edition] - Vintage Speedworks","og_description":"Original design by Tom Sangen1000km Nurburgring event poster with iconic Jagermeister Porsche RSR","og_url":"https:\/\/www.vintage-speedworks.nl\/de\/produkt\/1000km-nurburgring-porsche-rsr-limited-edition\/","og_site_name":"Vintage Speedworks","article_modified_time":"2022-11-12T20:15:19+00:00","og_image":[{"width":500,"height":500,"url":"https:\/\/i0.wp.com\/www.vintage-speedworks.nl\/wp-content\/uploads\/Porsche-911-RSR-nurburgring-24h-1976-60x80-zwarte-lijst.jpg?fit=500%2C500&ssl=1","type":"image\/jpeg"}],"twitter_card":"summary_large_image","twitter_misc":{"Gesch\u00e4tzte Lesezeit":"1\u00a0Minute"},"schema":{"@context":"https:\/\/schema.org","@graph":[{"@type":"WebPage","@id":"https:\/\/www.vintage-speedworks.nl\/product\/1000km-nurburgring-porsche-rsr-limited-edition\/","url":"https:\/\/www.vintage-speedworks.nl\/product\/1000km-nurburgring-porsche-rsr-limited-edition\/","name":"1000km Nurburgring - Porsche RSR [Limited Edition] - Vintage Speedworks","isPartOf":{"@id":"https:\/\/www.vintage-speedworks.nl\/#website"},"datePublished":"2020-01-29T09:48:35+00:00","dateModified":"2022-11-12T20:15:19+00:00","description":"Original design by Tom Sangen1000km Nurburgring event poster with iconic Jagermeister Porsche RSR","breadcrumb":{"@id":"https:\/\/www.vintage-speedworks.nl\/product\/1000km-nurburgring-porsche-rsr-limited-edition\/#breadcrumb"},"inLanguage":"de","potentialAction":[{"@type":"ReadAction","target":["https:\/\/www.vintage-speedworks.nl\/product\/1000km-nurburgring-porsche-rsr-limited-edition\/"]}]},{"@type":"BreadcrumbList","@id":"https:\/\/www.vintage-speedworks.nl\/product\/1000km-nurburgring-porsche-rsr-limited-edition\/#breadcrumb","itemListElement":[{"@type":"ListItem","position":1,"name":"Home","item":"https:\/\/www.vintage-speedworks.nl\/"},{"@type":"ListItem","position":2,"name":"Webshop","item":"https:\/\/www.vintage-speedworks.nl\/webshop\/"},{"@type":"ListItem","position":3,"name":"1000km Nurburgring &#8211; Porsche RSR [Limited Edition]"}]},{"@type":"WebSite","@id":"https:\/\/www.vintage-speedworks.nl\/#website","url":"https:\/\/www.vintage-speedworks.nl\/","name":"Vintage Speedworks","description":"Vintage art for speedfreaks","potentialAction":[{"@type":"SearchAction","target":{"@type":"EntryPoint","urlTemplate":"https:\/\/www.vintage-speedworks.nl\/?s={search_term_string}"},"query-input":"required name=search_term_string"}],"inLanguage":"de"}]}},"_links":{"self":[{"href":"https:\/\/www.vintage-speedworks.nl\/de\/wp-json\/wp\/v2\/product\/3274"}],"collection":[{"href":"https:\/\/www.vintage-speedworks.nl\/de\/wp-json\/wp\/v2\/product"}],"about":[{"href":"https:\/\/www.vintage-speedworks.nl\/de\/wp-json\/wp\/v2\/types\/product"}],"wp:featuredmedia":[{"embeddable":true,"href":"https:\/\/www.vintage-speedworks.nl\/de\/wp-json\/wp\/v2\/media\/3289"}],"wp:attachment":[{"href":"https:\/\/www.vintage-speedworks.nl\/de\/wp-json\/wp\/v2\/media?parent=3274"}],"wp:term":[{"taxonomy":"product_cat","embeddable":true,"href":"https:\/\/www.vintage-speedworks.nl\/de\/wp-json\/wp\/v2\/product_cat?post=3274"},{"taxonomy":"product_tag","embeddable":true,"href":"https:\/\/www.vintage-speedworks.nl\/de\/wp-json\/wp\/v2\/product_tag?post=3274"}],"curies":[{"name":"wp","href":"https:\/\/api.w.org\/{rel}","templated":true}]}}