{"id":3105,"date":"2019-09-22T10:00:01","date_gmt":"2019-09-22T10:00:01","guid":{"rendered":"https:\/\/www.vintage-speedworks.nl\/?post_type=product&#038;p=3105"},"modified":"2020-01-29T12:30:47","modified_gmt":"2020-01-29T12:30:47","slug":"lamborghini-countach-light-speed","status":"publish","type":"product","link":"https:\/\/www.vintage-speedworks.nl\/de\/produkt\/lamborghini-countach-light-speed\/","title":{"rendered":"Lamborghini Countach - Lichtgeschwindigkeit"},"content":{"rendered":"<p>Artem Khalko ist ein Designer aus Wei\u00dfrussland, der in den 90er Jahren mit Autos wie Ladas und Volgas aufgewachsen ist. Als Kind wurde er manchmal von \"besonderen\" Autos wie Porsches und Ferraris \u00fcberrascht. Seine Liebe zu sportlichen und stilvollen Autos inspirierte ihn dazu, Automobilkunst mit digitalen Techniken zu schaffen. Sein Talent f\u00fcr visuelle Kunst hat er von seinem Vater, der neben seinem Beruf als Architekt auch malte und Skulpturen anfertigte.<\/p>\n<p>Arthem ist ein neues Talent, das in den kommenden Jahren f\u00fcr viel Aufsehen in der Automobilbranche sorgen wird.<\/p>\n<p>Dieses Design spiegelt den Lamborhini Countach LM wider.  Ein ikonisches Auto f\u00fcr jeden, der das Design der 80er Jahre zu sch\u00e4tzen wei\u00df. Die verspielten Linien auf der Leinwand machen es zu einer wunderbaren Erg\u00e4nzung f\u00fcr Ihr Interieur.<\/p>\n<h2><b>Einzelheiten:<\/b><\/h2>\n<ul>\n<li>Originalentwurf von Artem Khalko<\/li>\n<li>Hergestellt auf hochwertigem Giclee-Papier oder Dibond Aluminium<\/li>\n<li>Nur in sehr begrenzter Auflage erh\u00e4ltlich\n<ul>\n<li>Drucke: 35 St\u00fcck<\/li>\n<li>Aluminium: 5 St\u00fcck pro Format<\/li>\n<\/ul>\n<\/li>\n<\/ul>\n<h2>Abmessungen:<\/h2>\n<ul>\n<li>Gicl\u00e9e-Papier - Gro\u00df: 70,0 x 42,0 cm<\/li>\n<li>Aluminiumplatte - Medium: 85,0 x 50,0 cm<\/li>\n<li>Aluminiumplatte - Gro\u00df 105,0 x 65,0 cm<\/li>\n<\/ul>\n<h2>Lieferung:<\/h2>\n<ul>\n<li>Lieferfrist 2 Wochen<\/li>\n<\/ul>\n<p>&nbsp;<\/p>","protected":false},"excerpt":{"rendered":"<p>Original Kunst von Artem Khalko<\/p>\n<p>Verspieltes Design des legend\u00e4ren Lamborghini Countach LM<\/p>","protected":false},"featured_media":3108,"template":"","meta":{"_exactmetrics_skip_tracking":false,"_exactmetrics_sitenote_active":false,"_exactmetrics_sitenote_note":"","_exactmetrics_sitenote_category":0,"jetpack_post_was_ever_published":false},"product_cat":[175,21],"product_tag":[41,62],"yoast_head":"<!-- This site is optimized with the Yoast SEO plugin v21.0 - https:\/\/yoast.com\/wordpress\/plugins\/seo\/ -->\n<title>Lamborghini Countach - Light speed - Vintage Speedworks<\/title>\n<meta name=\"description\" content=\"Original Art by Artem KhalkoSpeels ontwerp van de iconische Lamborghini Countach LM\" \/>\n<meta name=\"robots\" content=\"index, follow, max-snippet:-1, max-image-preview:large, max-video-preview:-1\" \/>\n<link rel=\"canonical\" href=\"https:\/\/www.vintage-speedworks.nl\/de\/produkt\/lamborghini-countach-light-speed\/\" \/>\n<meta property=\"og:locale\" content=\"de_DE\" \/>\n<meta property=\"og:type\" content=\"article\" \/>\n<meta property=\"og:title\" content=\"Lamborghini Countach - Light speed - Vintage Speedworks\" \/>\n<meta property=\"og:description\" content=\"Original Art by Artem KhalkoSpeels ontwerp van de iconische Lamborghini Countach LM\" \/>\n<meta property=\"og:url\" content=\"https:\/\/www.vintage-speedworks.nl\/de\/produkt\/lamborghini-countach-light-speed\/\" \/>\n<meta property=\"og:site_name\" content=\"Vintage Speedworks\" \/>\n<meta property=\"article:modified_time\" content=\"2020-01-29T12:30:47+00:00\" \/>\n<meta property=\"og:image\" content=\"https:\/\/i1.wp.com\/www.vintage-speedworks.nl\/wp-content\/uploads\/Lamborghini_kunst_aluminium_limited_lemans_gallery.jpg?fit=756%2C712&ssl=1\" \/>\n\t<meta property=\"og:image:width\" content=\"756\" \/>\n\t<meta property=\"og:image:height\" content=\"712\" \/>\n\t<meta property=\"og:image:type\" content=\"image\/jpeg\" \/>\n<meta name=\"twitter:card\" content=\"summary_large_image\" \/>\n<meta name=\"twitter:label1\" content=\"Gesch\u00e4tzte Lesezeit\" \/>\n\t<meta name=\"twitter:data1\" content=\"1\u00a0Minute\" \/>\n<script type=\"application\/ld+json\" class=\"yoast-schema-graph\">{\"@context\":\"https:\/\/schema.org\",\"@graph\":[{\"@type\":\"WebPage\",\"@id\":\"https:\/\/www.vintage-speedworks.nl\/product\/lamborghini-countach-light-speed\/\",\"url\":\"https:\/\/www.vintage-speedworks.nl\/product\/lamborghini-countach-light-speed\/\",\"name\":\"Lamborghini Countach - Light speed - Vintage Speedworks\",\"isPartOf\":{\"@id\":\"https:\/\/www.vintage-speedworks.nl\/#website\"},\"datePublished\":\"2019-09-22T10:00:01+00:00\",\"dateModified\":\"2020-01-29T12:30:47+00:00\",\"description\":\"Original Art by Artem KhalkoSpeels ontwerp van de iconische Lamborghini Countach LM\",\"breadcrumb\":{\"@id\":\"https:\/\/www.vintage-speedworks.nl\/product\/lamborghini-countach-light-speed\/#breadcrumb\"},\"inLanguage\":\"de\",\"potentialAction\":[{\"@type\":\"ReadAction\",\"target\":[\"https:\/\/www.vintage-speedworks.nl\/product\/lamborghini-countach-light-speed\/\"]}]},{\"@type\":\"BreadcrumbList\",\"@id\":\"https:\/\/www.vintage-speedworks.nl\/product\/lamborghini-countach-light-speed\/#breadcrumb\",\"itemListElement\":[{\"@type\":\"ListItem\",\"position\":1,\"name\":\"Home\",\"item\":\"https:\/\/www.vintage-speedworks.nl\/\"},{\"@type\":\"ListItem\",\"position\":2,\"name\":\"Webshop\",\"item\":\"https:\/\/www.vintage-speedworks.nl\/webshop\/\"},{\"@type\":\"ListItem\",\"position\":3,\"name\":\"Lamborghini Countach &#8211; Light speed\"}]},{\"@type\":\"WebSite\",\"@id\":\"https:\/\/www.vintage-speedworks.nl\/#website\",\"url\":\"https:\/\/www.vintage-speedworks.nl\/\",\"name\":\"Vintage Speedworks\",\"description\":\"Vintage art for speedfreaks\",\"potentialAction\":[{\"@type\":\"SearchAction\",\"target\":{\"@type\":\"EntryPoint\",\"urlTemplate\":\"https:\/\/www.vintage-speedworks.nl\/?s={search_term_string}\"},\"query-input\":\"required name=search_term_string\"}],\"inLanguage\":\"de\"}]}<\/script>\n<!-- \/ Yoast SEO plugin. -->","yoast_head_json":{"title":"Lamborghini Countach - Light speed - Vintage Speedworks","description":"Original Art by Artem KhalkoSpeels ontwerp van de iconische Lamborghini Countach LM","robots":{"index":"index","follow":"follow","max-snippet":"max-snippet:-1","max-image-preview":"max-image-preview:large","max-video-preview":"max-video-preview:-1"},"canonical":"https:\/\/www.vintage-speedworks.nl\/de\/produkt\/lamborghini-countach-light-speed\/","og_locale":"de_DE","og_type":"article","og_title":"Lamborghini Countach - Light speed - Vintage Speedworks","og_description":"Original Art by Artem KhalkoSpeels ontwerp van de iconische Lamborghini Countach LM","og_url":"https:\/\/www.vintage-speedworks.nl\/de\/produkt\/lamborghini-countach-light-speed\/","og_site_name":"Vintage Speedworks","article_modified_time":"2020-01-29T12:30:47+00:00","og_image":[{"width":756,"height":712,"url":"https:\/\/i1.wp.com\/www.vintage-speedworks.nl\/wp-content\/uploads\/Lamborghini_kunst_aluminium_limited_lemans_gallery.jpg?fit=756%2C712&ssl=1","type":"image\/jpeg"}],"twitter_card":"summary_large_image","twitter_misc":{"Gesch\u00e4tzte Lesezeit":"1\u00a0Minute"},"schema":{"@context":"https:\/\/schema.org","@graph":[{"@type":"WebPage","@id":"https:\/\/www.vintage-speedworks.nl\/product\/lamborghini-countach-light-speed\/","url":"https:\/\/www.vintage-speedworks.nl\/product\/lamborghini-countach-light-speed\/","name":"Lamborghini Countach - Light speed - Vintage Speedworks","isPartOf":{"@id":"https:\/\/www.vintage-speedworks.nl\/#website"},"datePublished":"2019-09-22T10:00:01+00:00","dateModified":"2020-01-29T12:30:47+00:00","description":"Original Art by Artem KhalkoSpeels ontwerp van de iconische Lamborghini Countach LM","breadcrumb":{"@id":"https:\/\/www.vintage-speedworks.nl\/product\/lamborghini-countach-light-speed\/#breadcrumb"},"inLanguage":"de","potentialAction":[{"@type":"ReadAction","target":["https:\/\/www.vintage-speedworks.nl\/product\/lamborghini-countach-light-speed\/"]}]},{"@type":"BreadcrumbList","@id":"https:\/\/www.vintage-speedworks.nl\/product\/lamborghini-countach-light-speed\/#breadcrumb","itemListElement":[{"@type":"ListItem","position":1,"name":"Home","item":"https:\/\/www.vintage-speedworks.nl\/"},{"@type":"ListItem","position":2,"name":"Webshop","item":"https:\/\/www.vintage-speedworks.nl\/webshop\/"},{"@type":"ListItem","position":3,"name":"Lamborghini Countach &#8211; Light speed"}]},{"@type":"WebSite","@id":"https:\/\/www.vintage-speedworks.nl\/#website","url":"https:\/\/www.vintage-speedworks.nl\/","name":"Vintage Speedworks","description":"Vintage art for speedfreaks","potentialAction":[{"@type":"SearchAction","target":{"@type":"EntryPoint","urlTemplate":"https:\/\/www.vintage-speedworks.nl\/?s={search_term_string}"},"query-input":"required name=search_term_string"}],"inLanguage":"de"}]}},"_links":{"self":[{"href":"https:\/\/www.vintage-speedworks.nl\/de\/wp-json\/wp\/v2\/product\/3105"}],"collection":[{"href":"https:\/\/www.vintage-speedworks.nl\/de\/wp-json\/wp\/v2\/product"}],"about":[{"href":"https:\/\/www.vintage-speedworks.nl\/de\/wp-json\/wp\/v2\/types\/product"}],"wp:featuredmedia":[{"embeddable":true,"href":"https:\/\/www.vintage-speedworks.nl\/de\/wp-json\/wp\/v2\/media\/3108"}],"wp:attachment":[{"href":"https:\/\/www.vintage-speedworks.nl\/de\/wp-json\/wp\/v2\/media?parent=3105"}],"wp:term":[{"taxonomy":"product_cat","embeddable":true,"href":"https:\/\/www.vintage-speedworks.nl\/de\/wp-json\/wp\/v2\/product_cat?post=3105"},{"taxonomy":"product_tag","embeddable":true,"href":"https:\/\/www.vintage-speedworks.nl\/de\/wp-json\/wp\/v2\/product_tag?post=3105"}],"curies":[{"name":"wp","href":"https:\/\/api.w.org\/{rel}","templated":true}]}}