{"id":2885,"date":"2019-05-12T11:49:00","date_gmt":"2019-05-12T11:49:00","guid":{"rendered":"https:\/\/www.vintage-speedworks.nl\/?post_type=product&#038;p=2885"},"modified":"2022-12-30T08:37:42","modified_gmt":"2022-12-30T08:37:42","slug":"emmerson-fittipaldi-mclaren-m23","status":"publish","type":"product","link":"https:\/\/www.vintage-speedworks.nl\/de\/produkt\/emmerson-fittipaldi-mclaren-m23\/","title":{"rendered":"Emmerson Fittipaldi- McLaren M23"},"content":{"rendered":"<p>Die visuellen Formen und der Charakter eines Autos lassen sich nur schwer in einer einzigen Aufnahme einfangen. Im Laufe seiner Karriere als Autodesigner hat Andrew Barber nach verschiedenen Stilen gesucht, die ihm die Freiheit geben, den Charakter eines Fahrzeugs vollst\u00e4ndig zu erfassen.<\/p>\n<p>Die Methode, die Barber heute in seinen Werken anwendet, ist nach vielen Iterationen entstanden. Sie beginnt damit, dass er mehrere Bilder miteinander verschmilzt, als ob sie zu einem Film geh\u00f6ren. Dabei verwendet er sowohl Positiv- als auch Negativbilder, wobei die Negativbilder einen bewegten und spielerischen Effekt erzeugen.<\/p>\n<p>Im Laufe der Jahre hat Barber viele klassische und moderne Autos als Grundlage f\u00fcr seine Kunst genommen. Er erstellt das Kunstwerk mit digitaler Technologie und druckt es dann auf \"geb\u00fcrstetes\" Aluminium.<\/p>\n<p>Barber ist von seiner eigenen ausgefeilten Technik \u00fcberzeugt und wir m\u00fcssen zugeben, dass wir ihm vollkommen zustimmen. Sowohl als Kunstdrucke als auch in Aluminium sind die Entw\u00fcrfe sehr beeindruckend.<\/p>\n<h2><b>Einzelheiten:<\/b><\/h2>\n<ul>\n<li>Originalentwurf von Andrew Barber<\/li>\n<li>Hergestellt auf hochwertigem Giclee-Papier oder geb\u00fcrstetem Aluminium<\/li>\n<li>Nur in sehr limitierter Auflage erh\u00e4ltlich, vollst\u00e4ndig signiert und mit Zertifikat\n<ul>\n<li>Kunstdruck - Medium : 20 St\u00fcck<\/li>\n<li>Kunstdruck - Gro\u00df: 10 St\u00fcck<\/li>\n<\/ul>\n<\/li>\n<\/ul>\n<h2><b>Afmeti<\/b><b>ngen<\/b><b>:<\/b><\/h2>\n<ul>\n<li>Kunstdruck - Medium 60,0 x 34,5 cm<\/li>\n<li>Kunstdruck - Gro\u00df: 100,0 x 56,5 cm<\/li>\n<\/ul>\n<h2>Lieferung:<\/h2>\n<ul>\n<li>Lieferfrist 2 Wochen<\/li>\n<\/ul>\n<p>&nbsp;<\/p>","protected":false},"excerpt":{"rendered":"<p>Originalkunst von Andrew Barber<\/p>\n<p>Eine brillante Illustration von Emmerson Fittipaldi und seinem Champsionshio-Sieger McLaren M23<\/p>","protected":false},"featured_media":2891,"template":"","meta":{"_exactmetrics_skip_tracking":false,"_exactmetrics_sitenote_active":false,"_exactmetrics_sitenote_note":"","_exactmetrics_sitenote_category":0,"jetpack_post_was_ever_published":false},"product_cat":[170,121,21],"product_tag":[173,34,172,99],"yoast_head":"<!-- This site is optimized with the Yoast SEO plugin v21.0 - https:\/\/yoast.com\/wordpress\/plugins\/seo\/ -->\n<title>Emmerson Fittipaldi- McLaren M23 - Vintage Speedworks<\/title>\n<meta name=\"robots\" content=\"index, follow, max-snippet:-1, max-image-preview:large, max-video-preview:-1\" \/>\n<link rel=\"canonical\" href=\"https:\/\/www.vintage-speedworks.nl\/de\/produkt\/emmerson-fittipaldi-mclaren-m23\/\" \/>\n<meta property=\"og:locale\" content=\"de_DE\" \/>\n<meta property=\"og:type\" content=\"article\" \/>\n<meta property=\"og:title\" content=\"Emmerson Fittipaldi- McLaren M23 - Vintage Speedworks\" \/>\n<meta property=\"og:description\" content=\"Original Art by Andrew Barber  A briljant illustration of Emmerson Fittipaldi and his Champsionshio winning McLaren M23\" \/>\n<meta property=\"og:url\" content=\"https:\/\/www.vintage-speedworks.nl\/de\/produkt\/emmerson-fittipaldi-mclaren-m23\/\" \/>\n<meta property=\"og:site_name\" content=\"Vintage Speedworks\" \/>\n<meta property=\"article:modified_time\" content=\"2022-12-30T08:37:42+00:00\" \/>\n<meta property=\"og:image\" content=\"https:\/\/www.vintage-speedworks.nl\/wp-content\/uploads\/webshop_McLaren_FItipaldi_andrew_barber_F1_Art.jpg\" \/>\n\t<meta property=\"og:image:width\" content=\"1560\" \/>\n\t<meta property=\"og:image:height\" content=\"1552\" \/>\n\t<meta property=\"og:image:type\" content=\"image\/jpeg\" \/>\n<meta name=\"twitter:card\" content=\"summary_large_image\" \/>\n<meta name=\"twitter:label1\" content=\"Gesch\u00e4tzte Lesezeit\" \/>\n\t<meta name=\"twitter:data1\" content=\"2\u00a0Minuten\" \/>\n<script type=\"application\/ld+json\" class=\"yoast-schema-graph\">{\"@context\":\"https:\/\/schema.org\",\"@graph\":[{\"@type\":\"WebPage\",\"@id\":\"https:\/\/www.vintage-speedworks.nl\/product\/emmerson-fittipaldi-mclaren-m23\/\",\"url\":\"https:\/\/www.vintage-speedworks.nl\/product\/emmerson-fittipaldi-mclaren-m23\/\",\"name\":\"Emmerson Fittipaldi- McLaren M23 - Vintage Speedworks\",\"isPartOf\":{\"@id\":\"https:\/\/www.vintage-speedworks.nl\/#website\"},\"datePublished\":\"2019-05-12T11:49:00+00:00\",\"dateModified\":\"2022-12-30T08:37:42+00:00\",\"breadcrumb\":{\"@id\":\"https:\/\/www.vintage-speedworks.nl\/product\/emmerson-fittipaldi-mclaren-m23\/#breadcrumb\"},\"inLanguage\":\"de\",\"potentialAction\":[{\"@type\":\"ReadAction\",\"target\":[\"https:\/\/www.vintage-speedworks.nl\/product\/emmerson-fittipaldi-mclaren-m23\/\"]}]},{\"@type\":\"BreadcrumbList\",\"@id\":\"https:\/\/www.vintage-speedworks.nl\/product\/emmerson-fittipaldi-mclaren-m23\/#breadcrumb\",\"itemListElement\":[{\"@type\":\"ListItem\",\"position\":1,\"name\":\"Home\",\"item\":\"https:\/\/www.vintage-speedworks.nl\/\"},{\"@type\":\"ListItem\",\"position\":2,\"name\":\"Webshop\",\"item\":\"https:\/\/www.vintage-speedworks.nl\/webshop\/\"},{\"@type\":\"ListItem\",\"position\":3,\"name\":\"Emmerson Fittipaldi- McLaren M23\"}]},{\"@type\":\"WebSite\",\"@id\":\"https:\/\/www.vintage-speedworks.nl\/#website\",\"url\":\"https:\/\/www.vintage-speedworks.nl\/\",\"name\":\"Vintage Speedworks\",\"description\":\"Vintage art for speedfreaks\",\"potentialAction\":[{\"@type\":\"SearchAction\",\"target\":{\"@type\":\"EntryPoint\",\"urlTemplate\":\"https:\/\/www.vintage-speedworks.nl\/?s={search_term_string}\"},\"query-input\":\"required name=search_term_string\"}],\"inLanguage\":\"de\"}]}<\/script>\n<!-- \/ Yoast SEO plugin. -->","yoast_head_json":{"title":"Emmerson Fittipaldi- McLaren M23 - Vintage Speedworks","robots":{"index":"index","follow":"follow","max-snippet":"max-snippet:-1","max-image-preview":"max-image-preview:large","max-video-preview":"max-video-preview:-1"},"canonical":"https:\/\/www.vintage-speedworks.nl\/de\/produkt\/emmerson-fittipaldi-mclaren-m23\/","og_locale":"de_DE","og_type":"article","og_title":"Emmerson Fittipaldi- McLaren M23 - Vintage Speedworks","og_description":"Original Art by Andrew Barber  A briljant illustration of Emmerson Fittipaldi and his Champsionshio winning McLaren M23","og_url":"https:\/\/www.vintage-speedworks.nl\/de\/produkt\/emmerson-fittipaldi-mclaren-m23\/","og_site_name":"Vintage Speedworks","article_modified_time":"2022-12-30T08:37:42+00:00","og_image":[{"width":1560,"height":1552,"url":"https:\/\/www.vintage-speedworks.nl\/wp-content\/uploads\/webshop_McLaren_FItipaldi_andrew_barber_F1_Art.jpg","type":"image\/jpeg"}],"twitter_card":"summary_large_image","twitter_misc":{"Gesch\u00e4tzte Lesezeit":"2\u00a0Minuten"},"schema":{"@context":"https:\/\/schema.org","@graph":[{"@type":"WebPage","@id":"https:\/\/www.vintage-speedworks.nl\/product\/emmerson-fittipaldi-mclaren-m23\/","url":"https:\/\/www.vintage-speedworks.nl\/product\/emmerson-fittipaldi-mclaren-m23\/","name":"Emmerson Fittipaldi- McLaren M23 - Vintage Speedworks","isPartOf":{"@id":"https:\/\/www.vintage-speedworks.nl\/#website"},"datePublished":"2019-05-12T11:49:00+00:00","dateModified":"2022-12-30T08:37:42+00:00","breadcrumb":{"@id":"https:\/\/www.vintage-speedworks.nl\/product\/emmerson-fittipaldi-mclaren-m23\/#breadcrumb"},"inLanguage":"de","potentialAction":[{"@type":"ReadAction","target":["https:\/\/www.vintage-speedworks.nl\/product\/emmerson-fittipaldi-mclaren-m23\/"]}]},{"@type":"BreadcrumbList","@id":"https:\/\/www.vintage-speedworks.nl\/product\/emmerson-fittipaldi-mclaren-m23\/#breadcrumb","itemListElement":[{"@type":"ListItem","position":1,"name":"Home","item":"https:\/\/www.vintage-speedworks.nl\/"},{"@type":"ListItem","position":2,"name":"Webshop","item":"https:\/\/www.vintage-speedworks.nl\/webshop\/"},{"@type":"ListItem","position":3,"name":"Emmerson Fittipaldi- McLaren M23"}]},{"@type":"WebSite","@id":"https:\/\/www.vintage-speedworks.nl\/#website","url":"https:\/\/www.vintage-speedworks.nl\/","name":"Vintage Speedworks","description":"Vintage art for speedfreaks","potentialAction":[{"@type":"SearchAction","target":{"@type":"EntryPoint","urlTemplate":"https:\/\/www.vintage-speedworks.nl\/?s={search_term_string}"},"query-input":"required name=search_term_string"}],"inLanguage":"de"}]}},"_links":{"self":[{"href":"https:\/\/www.vintage-speedworks.nl\/de\/wp-json\/wp\/v2\/product\/2885"}],"collection":[{"href":"https:\/\/www.vintage-speedworks.nl\/de\/wp-json\/wp\/v2\/product"}],"about":[{"href":"https:\/\/www.vintage-speedworks.nl\/de\/wp-json\/wp\/v2\/types\/product"}],"wp:featuredmedia":[{"embeddable":true,"href":"https:\/\/www.vintage-speedworks.nl\/de\/wp-json\/wp\/v2\/media\/2891"}],"wp:attachment":[{"href":"https:\/\/www.vintage-speedworks.nl\/de\/wp-json\/wp\/v2\/media?parent=2885"}],"wp:term":[{"taxonomy":"product_cat","embeddable":true,"href":"https:\/\/www.vintage-speedworks.nl\/de\/wp-json\/wp\/v2\/product_cat?post=2885"},{"taxonomy":"product_tag","embeddable":true,"href":"https:\/\/www.vintage-speedworks.nl\/de\/wp-json\/wp\/v2\/product_tag?post=2885"}],"curies":[{"name":"wp","href":"https:\/\/api.w.org\/{rel}","templated":true}]}}