{"id":2855,"date":"2019-05-09T15:04:42","date_gmt":"2019-05-09T15:04:42","guid":{"rendered":"https:\/\/www.vintage-speedworks.nl\/?post_type=product&#038;p=2855"},"modified":"2022-12-30T08:31:56","modified_gmt":"2022-12-30T08:31:56","slug":"porsche-rsr-turbo-martini","status":"publish","type":"product","link":"https:\/\/www.vintage-speedworks.nl\/de\/produkt\/porsche-rsr-turbo-martini\/","title":{"rendered":"Porsche RSR Turbo - Martini"},"content":{"rendered":"<p>Die visuellen Formen und der Charakter eines Autos lassen sich nur schwer in einer einzigen Aufnahme einfangen. Im Laufe seiner Karriere als Autodesigner hat Andrew Barber nach verschiedenen Stilen gesucht, die ihm die Freiheit geben, den Charakter eines Fahrzeugs vollst\u00e4ndig zu erfassen.<\/p>\n<p>Die Methode, die Barber heute in seinen Werken anwendet, ist nach vielen Iterationen entstanden. Sie beginnt damit, dass er mehrere Bilder miteinander verschmilzt, als ob sie zu einem Film geh\u00f6ren. Dabei verwendet er sowohl Positiv- als auch Negativbilder, wobei die Negativbilder einen bewegten und spielerischen Effekt erzeugen.<\/p>\n<p>Im Laufe der Jahre hat Barber viele klassische und moderne Autos als Grundlage f\u00fcr seine Kunst genommen. Er erstellt das Kunstwerk mit digitaler Technologie und druckt es dann auf \"geb\u00fcrstetes\" Aluminium.<\/p>\n<p>Barber ist von seiner eigenen ausgefeilten Technik \u00fcberzeugt und wir m\u00fcssen zugeben, dass wir ihm vollkommen zustimmen. Sowohl als Kunstdrucke als auch in Aluminium sind die Entw\u00fcrfe sehr beeindruckend.<\/p>\n<h2><b>Einzelheiten:<\/b><\/h2>\n<ul>\n<li>Originalentwurf von Andrew Barber<\/li>\n<li>Hergestellt auf hochwertigem Giclee-Papier oder geb\u00fcrstetem Aluminium<\/li>\n<li>Nur in sehr limitierter Auflage erh\u00e4ltlich, vollst\u00e4ndig signiert und mit Zertifikat\n<ul>\n<li>Kunstdruck - Medium : 20 St\u00fcck<\/li>\n<li>Kunstdruck - Gro\u00df: 10 St\u00fcck<\/li>\n<li>Aluminiumplatte - Gro\u00df: 5 St\u00fcck<\/li>\n<\/ul>\n<\/li>\n<\/ul>\n<h2><b>Afmeti<\/b><b>ngen<\/b><b>:<\/b><\/h2>\n<ul>\n<li>Kunstdruck - Medium 60,0 x 28,0 cm<\/li>\n<li>Kunstdruck - Gro\u00df: 100,0 x 46,0 cm<\/li>\n<li>Aluminiumplatte - Gro\u00df: 100,0 x 46,0 cm<\/li>\n<\/ul>\n<h2>Lieferung:<\/h2>\n<ul>\n<li>Lieferfrist 2 Wochen<\/li>\n<\/ul>\n<p>&nbsp;<\/p>","protected":false},"excerpt":{"rendered":"<p>Originalkunst von Andrew Barber<\/p>\n<p>Der ber\u00fchmte Porsche RSR Turbo in Martini-Farben<\/p>","protected":false},"featured_media":2858,"template":"","meta":{"_exactmetrics_skip_tracking":false,"_exactmetrics_sitenote_active":false,"_exactmetrics_sitenote_note":"","_exactmetrics_sitenote_category":0,"jetpack_post_was_ever_published":false},"product_cat":[170,121,21],"product_tag":[90,62,128],"yoast_head":"<!-- This site is optimized with the Yoast SEO plugin v21.0 - https:\/\/yoast.com\/wordpress\/plugins\/seo\/ -->\n<title>Porsche RSR Turbo - Martini - Vintage Speedworks<\/title>\n<meta name=\"robots\" content=\"index, follow, max-snippet:-1, max-image-preview:large, max-video-preview:-1\" \/>\n<link rel=\"canonical\" href=\"https:\/\/www.vintage-speedworks.nl\/de\/produkt\/porsche-rsr-turbo-martini\/\" \/>\n<meta property=\"og:locale\" content=\"de_DE\" \/>\n<meta property=\"og:type\" content=\"article\" \/>\n<meta property=\"og:title\" content=\"Porsche RSR Turbo - Martini - Vintage Speedworks\" \/>\n<meta property=\"og:description\" content=\"Original Art by Andrew Barber  The famous Porsche RSR Turbo in Martini Colors\" \/>\n<meta property=\"og:url\" content=\"https:\/\/www.vintage-speedworks.nl\/de\/produkt\/porsche-rsr-turbo-martini\/\" \/>\n<meta property=\"og:site_name\" content=\"Vintage Speedworks\" \/>\n<meta property=\"article:modified_time\" content=\"2022-12-30T08:31:56+00:00\" \/>\n<meta property=\"og:image\" content=\"https:\/\/www.vintage-speedworks.nl\/wp-content\/uploads\/webshop_Porsche_RSR_935_barber_kunst_art-e1557414714791.jpg\" \/>\n\t<meta property=\"og:image:width\" content=\"800\" \/>\n\t<meta property=\"og:image:height\" content=\"802\" \/>\n\t<meta property=\"og:image:type\" content=\"image\/jpeg\" \/>\n<meta name=\"twitter:card\" content=\"summary_large_image\" \/>\n<meta name=\"twitter:label1\" content=\"Gesch\u00e4tzte Lesezeit\" \/>\n\t<meta name=\"twitter:data1\" content=\"2\u00a0Minuten\" \/>\n<script type=\"application\/ld+json\" class=\"yoast-schema-graph\">{\"@context\":\"https:\/\/schema.org\",\"@graph\":[{\"@type\":\"WebPage\",\"@id\":\"https:\/\/www.vintage-speedworks.nl\/product\/porsche-rsr-turbo-martini\/\",\"url\":\"https:\/\/www.vintage-speedworks.nl\/product\/porsche-rsr-turbo-martini\/\",\"name\":\"Porsche RSR Turbo - Martini - Vintage Speedworks\",\"isPartOf\":{\"@id\":\"https:\/\/www.vintage-speedworks.nl\/#website\"},\"datePublished\":\"2019-05-09T15:04:42+00:00\",\"dateModified\":\"2022-12-30T08:31:56+00:00\",\"breadcrumb\":{\"@id\":\"https:\/\/www.vintage-speedworks.nl\/product\/porsche-rsr-turbo-martini\/#breadcrumb\"},\"inLanguage\":\"de\",\"potentialAction\":[{\"@type\":\"ReadAction\",\"target\":[\"https:\/\/www.vintage-speedworks.nl\/product\/porsche-rsr-turbo-martini\/\"]}]},{\"@type\":\"BreadcrumbList\",\"@id\":\"https:\/\/www.vintage-speedworks.nl\/product\/porsche-rsr-turbo-martini\/#breadcrumb\",\"itemListElement\":[{\"@type\":\"ListItem\",\"position\":1,\"name\":\"Home\",\"item\":\"https:\/\/www.vintage-speedworks.nl\/\"},{\"@type\":\"ListItem\",\"position\":2,\"name\":\"Webshop\",\"item\":\"https:\/\/www.vintage-speedworks.nl\/webshop\/\"},{\"@type\":\"ListItem\",\"position\":3,\"name\":\"Porsche RSR Turbo &#8211; Martini\"}]},{\"@type\":\"WebSite\",\"@id\":\"https:\/\/www.vintage-speedworks.nl\/#website\",\"url\":\"https:\/\/www.vintage-speedworks.nl\/\",\"name\":\"Vintage Speedworks\",\"description\":\"Vintage art for speedfreaks\",\"potentialAction\":[{\"@type\":\"SearchAction\",\"target\":{\"@type\":\"EntryPoint\",\"urlTemplate\":\"https:\/\/www.vintage-speedworks.nl\/?s={search_term_string}\"},\"query-input\":\"required name=search_term_string\"}],\"inLanguage\":\"de\"}]}<\/script>\n<!-- \/ Yoast SEO plugin. -->","yoast_head_json":{"title":"Porsche RSR Turbo - Martini - Vintage Speedworks","robots":{"index":"index","follow":"follow","max-snippet":"max-snippet:-1","max-image-preview":"max-image-preview:large","max-video-preview":"max-video-preview:-1"},"canonical":"https:\/\/www.vintage-speedworks.nl\/de\/produkt\/porsche-rsr-turbo-martini\/","og_locale":"de_DE","og_type":"article","og_title":"Porsche RSR Turbo - Martini - Vintage Speedworks","og_description":"Original Art by Andrew Barber  The famous Porsche RSR Turbo in Martini Colors","og_url":"https:\/\/www.vintage-speedworks.nl\/de\/produkt\/porsche-rsr-turbo-martini\/","og_site_name":"Vintage Speedworks","article_modified_time":"2022-12-30T08:31:56+00:00","og_image":[{"width":800,"height":802,"url":"https:\/\/www.vintage-speedworks.nl\/wp-content\/uploads\/webshop_Porsche_RSR_935_barber_kunst_art-e1557414714791.jpg","type":"image\/jpeg"}],"twitter_card":"summary_large_image","twitter_misc":{"Gesch\u00e4tzte Lesezeit":"2\u00a0Minuten"},"schema":{"@context":"https:\/\/schema.org","@graph":[{"@type":"WebPage","@id":"https:\/\/www.vintage-speedworks.nl\/product\/porsche-rsr-turbo-martini\/","url":"https:\/\/www.vintage-speedworks.nl\/product\/porsche-rsr-turbo-martini\/","name":"Porsche RSR Turbo - Martini - Vintage Speedworks","isPartOf":{"@id":"https:\/\/www.vintage-speedworks.nl\/#website"},"datePublished":"2019-05-09T15:04:42+00:00","dateModified":"2022-12-30T08:31:56+00:00","breadcrumb":{"@id":"https:\/\/www.vintage-speedworks.nl\/product\/porsche-rsr-turbo-martini\/#breadcrumb"},"inLanguage":"de","potentialAction":[{"@type":"ReadAction","target":["https:\/\/www.vintage-speedworks.nl\/product\/porsche-rsr-turbo-martini\/"]}]},{"@type":"BreadcrumbList","@id":"https:\/\/www.vintage-speedworks.nl\/product\/porsche-rsr-turbo-martini\/#breadcrumb","itemListElement":[{"@type":"ListItem","position":1,"name":"Home","item":"https:\/\/www.vintage-speedworks.nl\/"},{"@type":"ListItem","position":2,"name":"Webshop","item":"https:\/\/www.vintage-speedworks.nl\/webshop\/"},{"@type":"ListItem","position":3,"name":"Porsche RSR Turbo &#8211; Martini"}]},{"@type":"WebSite","@id":"https:\/\/www.vintage-speedworks.nl\/#website","url":"https:\/\/www.vintage-speedworks.nl\/","name":"Vintage Speedworks","description":"Vintage art for speedfreaks","potentialAction":[{"@type":"SearchAction","target":{"@type":"EntryPoint","urlTemplate":"https:\/\/www.vintage-speedworks.nl\/?s={search_term_string}"},"query-input":"required name=search_term_string"}],"inLanguage":"de"}]}},"_links":{"self":[{"href":"https:\/\/www.vintage-speedworks.nl\/de\/wp-json\/wp\/v2\/product\/2855"}],"collection":[{"href":"https:\/\/www.vintage-speedworks.nl\/de\/wp-json\/wp\/v2\/product"}],"about":[{"href":"https:\/\/www.vintage-speedworks.nl\/de\/wp-json\/wp\/v2\/types\/product"}],"wp:featuredmedia":[{"embeddable":true,"href":"https:\/\/www.vintage-speedworks.nl\/de\/wp-json\/wp\/v2\/media\/2858"}],"wp:attachment":[{"href":"https:\/\/www.vintage-speedworks.nl\/de\/wp-json\/wp\/v2\/media?parent=2855"}],"wp:term":[{"taxonomy":"product_cat","embeddable":true,"href":"https:\/\/www.vintage-speedworks.nl\/de\/wp-json\/wp\/v2\/product_cat?post=2855"},{"taxonomy":"product_tag","embeddable":true,"href":"https:\/\/www.vintage-speedworks.nl\/de\/wp-json\/wp\/v2\/product_tag?post=2855"}],"curies":[{"name":"wp","href":"https:\/\/api.w.org\/{rel}","templated":true}]}}