{"id":2851,"date":"2019-05-09T14:12:32","date_gmt":"2019-05-09T14:12:32","guid":{"rendered":"https:\/\/www.vintage-speedworks.nl\/?post_type=product&#038;p=2851"},"modified":"2020-08-29T16:53:29","modified_gmt":"2020-08-29T16:53:29","slug":"bmw-motorsport-m3-gtr","status":"publish","type":"product","link":"https:\/\/www.vintage-speedworks.nl\/de\/produkt\/bmw-motorsport-m3-gtr\/","title":{"rendered":"BMW Motorsport - M3 GTR"},"content":{"rendered":"<p>Der BMW M3 GTR (e46) wurde 2001 eingef\u00fchrt und hatte einen 4-Liter-V8 mit 443 PS. Das Auto hatte ein magisches Aussehen mit seinen breiten Radk\u00e4sten und einem beeindruckenden Sound. Im Jahr 2001 gewann er die amerikanische Le-Mans-Meisterschaft und sp\u00e4ter die 24 Stunden auf dem N\u00fcrburgring.<\/p>\n<p>Tom Halvasek bewahrt die meisten kultigen Autos auf, so auch diesen e46 M3 GTR.<\/p>\n<h2><b>Einzelheiten:<\/b><\/h2>\n<ul>\n<li>Originalentwurf von Tom Havlasek<\/li>\n<li>Nur 25 Exemplare vorhanden, vollst\u00e4ndig signiert und mit Zertifikat<\/li>\n<\/ul>\n<h2><b>Afmeti<\/b><b>ngen<\/b><b>:<\/b><\/h2>\n<ul>\n<li>Abmessungen: 65,0 x 165,0 cm<\/li>\n<\/ul>\n<h2>Lieferung:<\/h2>\n<ul>\n<li>Lieferfrist 2 Wochen<\/li>\n<\/ul>\n<p>&nbsp;<\/p>","protected":false},"excerpt":{"rendered":"<p>Originalzeichnungen von Tom Havlasek.<\/p>\n<p>Der ber\u00fchmte BMW M3 GTR in Motorsport-Farbgebung.<\/p>","protected":false},"featured_media":2847,"template":"","meta":{"_exactmetrics_skip_tracking":false,"_exactmetrics_sitenote_active":false,"_exactmetrics_sitenote_note":"","_exactmetrics_sitenote_category":0,"jetpack_post_was_ever_published":false},"product_cat":[21,138],"product_tag":[50,90,169],"yoast_head":"<!-- This site is optimized with the Yoast SEO plugin v21.0 - https:\/\/yoast.com\/wordpress\/plugins\/seo\/ -->\n<title>BMW Motorsport - M3 GTR - Vintage Speedworks<\/title>\n<meta name=\"robots\" content=\"index, follow, max-snippet:-1, max-image-preview:large, max-video-preview:-1\" \/>\n<link rel=\"canonical\" href=\"https:\/\/www.vintage-speedworks.nl\/de\/produkt\/bmw-motorsport-m3-gtr\/\" \/>\n<meta property=\"og:locale\" content=\"de_DE\" \/>\n<meta property=\"og:type\" content=\"article\" \/>\n<meta property=\"og:title\" content=\"BMW Motorsport - M3 GTR - Vintage Speedworks\" \/>\n<meta property=\"og:description\" content=\"Original Art by Tom Havlasek.  The famous BMW M3 GTR in Motorsport coloring.\" \/>\n<meta property=\"og:url\" content=\"https:\/\/www.vintage-speedworks.nl\/de\/produkt\/bmw-motorsport-m3-gtr\/\" \/>\n<meta property=\"og:site_name\" content=\"Vintage Speedworks\" \/>\n<meta property=\"article:modified_time\" content=\"2020-08-29T16:53:29+00:00\" \/>\n<meta property=\"og:image\" content=\"https:\/\/i2.wp.com\/www.vintage-speedworks.nl\/wp-content\/uploads\/webshop_BMW-M3-GTR-Havlasek-kunst-art-e1557411250477.jpg?fit=800%2C798&ssl=1\" \/>\n\t<meta property=\"og:image:width\" content=\"800\" \/>\n\t<meta property=\"og:image:height\" content=\"798\" \/>\n\t<meta property=\"og:image:type\" content=\"image\/jpeg\" \/>\n<meta name=\"twitter:card\" content=\"summary_large_image\" \/>\n<script type=\"application\/ld+json\" class=\"yoast-schema-graph\">{\"@context\":\"https:\/\/schema.org\",\"@graph\":[{\"@type\":\"WebPage\",\"@id\":\"https:\/\/www.vintage-speedworks.nl\/product\/bmw-motorsport-m3-gtr\/\",\"url\":\"https:\/\/www.vintage-speedworks.nl\/product\/bmw-motorsport-m3-gtr\/\",\"name\":\"BMW Motorsport - M3 GTR - Vintage Speedworks\",\"isPartOf\":{\"@id\":\"https:\/\/www.vintage-speedworks.nl\/#website\"},\"datePublished\":\"2019-05-09T14:12:32+00:00\",\"dateModified\":\"2020-08-29T16:53:29+00:00\",\"breadcrumb\":{\"@id\":\"https:\/\/www.vintage-speedworks.nl\/product\/bmw-motorsport-m3-gtr\/#breadcrumb\"},\"inLanguage\":\"de\",\"potentialAction\":[{\"@type\":\"ReadAction\",\"target\":[\"https:\/\/www.vintage-speedworks.nl\/product\/bmw-motorsport-m3-gtr\/\"]}]},{\"@type\":\"BreadcrumbList\",\"@id\":\"https:\/\/www.vintage-speedworks.nl\/product\/bmw-motorsport-m3-gtr\/#breadcrumb\",\"itemListElement\":[{\"@type\":\"ListItem\",\"position\":1,\"name\":\"Home\",\"item\":\"https:\/\/www.vintage-speedworks.nl\/\"},{\"@type\":\"ListItem\",\"position\":2,\"name\":\"Webshop\",\"item\":\"https:\/\/www.vintage-speedworks.nl\/webshop\/\"},{\"@type\":\"ListItem\",\"position\":3,\"name\":\"BMW Motorsport &#8211; M3 GTR\"}]},{\"@type\":\"WebSite\",\"@id\":\"https:\/\/www.vintage-speedworks.nl\/#website\",\"url\":\"https:\/\/www.vintage-speedworks.nl\/\",\"name\":\"Vintage Speedworks\",\"description\":\"Vintage art for speedfreaks\",\"potentialAction\":[{\"@type\":\"SearchAction\",\"target\":{\"@type\":\"EntryPoint\",\"urlTemplate\":\"https:\/\/www.vintage-speedworks.nl\/?s={search_term_string}\"},\"query-input\":\"required name=search_term_string\"}],\"inLanguage\":\"de\"}]}<\/script>\n<!-- \/ Yoast SEO plugin. -->","yoast_head_json":{"title":"BMW Motorsport - M3 GTR - Vintage Speedworks","robots":{"index":"index","follow":"follow","max-snippet":"max-snippet:-1","max-image-preview":"max-image-preview:large","max-video-preview":"max-video-preview:-1"},"canonical":"https:\/\/www.vintage-speedworks.nl\/de\/produkt\/bmw-motorsport-m3-gtr\/","og_locale":"de_DE","og_type":"article","og_title":"BMW Motorsport - M3 GTR - Vintage Speedworks","og_description":"Original Art by Tom Havlasek.  The famous BMW M3 GTR in Motorsport coloring.","og_url":"https:\/\/www.vintage-speedworks.nl\/de\/produkt\/bmw-motorsport-m3-gtr\/","og_site_name":"Vintage Speedworks","article_modified_time":"2020-08-29T16:53:29+00:00","og_image":[{"width":800,"height":798,"url":"https:\/\/i2.wp.com\/www.vintage-speedworks.nl\/wp-content\/uploads\/webshop_BMW-M3-GTR-Havlasek-kunst-art-e1557411250477.jpg?fit=800%2C798&ssl=1","type":"image\/jpeg"}],"twitter_card":"summary_large_image","schema":{"@context":"https:\/\/schema.org","@graph":[{"@type":"WebPage","@id":"https:\/\/www.vintage-speedworks.nl\/product\/bmw-motorsport-m3-gtr\/","url":"https:\/\/www.vintage-speedworks.nl\/product\/bmw-motorsport-m3-gtr\/","name":"BMW Motorsport - M3 GTR - Vintage Speedworks","isPartOf":{"@id":"https:\/\/www.vintage-speedworks.nl\/#website"},"datePublished":"2019-05-09T14:12:32+00:00","dateModified":"2020-08-29T16:53:29+00:00","breadcrumb":{"@id":"https:\/\/www.vintage-speedworks.nl\/product\/bmw-motorsport-m3-gtr\/#breadcrumb"},"inLanguage":"de","potentialAction":[{"@type":"ReadAction","target":["https:\/\/www.vintage-speedworks.nl\/product\/bmw-motorsport-m3-gtr\/"]}]},{"@type":"BreadcrumbList","@id":"https:\/\/www.vintage-speedworks.nl\/product\/bmw-motorsport-m3-gtr\/#breadcrumb","itemListElement":[{"@type":"ListItem","position":1,"name":"Home","item":"https:\/\/www.vintage-speedworks.nl\/"},{"@type":"ListItem","position":2,"name":"Webshop","item":"https:\/\/www.vintage-speedworks.nl\/webshop\/"},{"@type":"ListItem","position":3,"name":"BMW Motorsport &#8211; M3 GTR"}]},{"@type":"WebSite","@id":"https:\/\/www.vintage-speedworks.nl\/#website","url":"https:\/\/www.vintage-speedworks.nl\/","name":"Vintage Speedworks","description":"Vintage art for speedfreaks","potentialAction":[{"@type":"SearchAction","target":{"@type":"EntryPoint","urlTemplate":"https:\/\/www.vintage-speedworks.nl\/?s={search_term_string}"},"query-input":"required name=search_term_string"}],"inLanguage":"de"}]}},"_links":{"self":[{"href":"https:\/\/www.vintage-speedworks.nl\/de\/wp-json\/wp\/v2\/product\/2851"}],"collection":[{"href":"https:\/\/www.vintage-speedworks.nl\/de\/wp-json\/wp\/v2\/product"}],"about":[{"href":"https:\/\/www.vintage-speedworks.nl\/de\/wp-json\/wp\/v2\/types\/product"}],"wp:featuredmedia":[{"embeddable":true,"href":"https:\/\/www.vintage-speedworks.nl\/de\/wp-json\/wp\/v2\/media\/2847"}],"wp:attachment":[{"href":"https:\/\/www.vintage-speedworks.nl\/de\/wp-json\/wp\/v2\/media?parent=2851"}],"wp:term":[{"taxonomy":"product_cat","embeddable":true,"href":"https:\/\/www.vintage-speedworks.nl\/de\/wp-json\/wp\/v2\/product_cat?post=2851"},{"taxonomy":"product_tag","embeddable":true,"href":"https:\/\/www.vintage-speedworks.nl\/de\/wp-json\/wp\/v2\/product_tag?post=2851"}],"curies":[{"name":"wp","href":"https:\/\/api.w.org\/{rel}","templated":true}]}}