{"id":2783,"date":"2019-03-10T12:36:14","date_gmt":"2019-03-10T12:36:14","guid":{"rendered":"https:\/\/www.vintage-speedworks.nl\/?post_type=product&#038;p=2783"},"modified":"2023-10-11T13:18:35","modified_gmt":"2023-10-11T13:18:35","slug":"macau-gp-young-rivals","status":"publish","type":"product","link":"https:\/\/www.vintage-speedworks.nl\/de\/produkt\/macau-gp-young-rivals\/","title":{"rendered":"Macau GP - Junge Rivalen"},"content":{"rendered":"<p>Originalentwurf von Jo\u00e3o Saldanha<\/p>\n<div>\n<p>\"Lewis Hamilton und Nico Rosberg beim F3-Grand-Prix von Macau 2004\".<\/p>\n<\/div>\n<p>\"2015 reiste Jo\u00e3o zum allerersten Mal in den Fernen Osten, insbesondere nach Macau und Hongkong. Dort erlebte er den legend\u00e4ren Macau Grand Prix. Im Jahr darauf kehrte er nach Macau zur\u00fcck, um seine erste Einzelausstellung mit der Kollektion MACAU GP LEGENDS zu pr\u00e4sentieren.<\/p>\n<p>Der GP Macau war einst Schauplatz vieler Rivalit\u00e4ten zwischen den beiden Weltmeistern Lewis Hamilton und Nico Rosberg. Im Jahr 2004 gewann Hamilton das Qualifikationsrennen vor Rosberg.<\/p>\n<p>Im Hauptrennen wurde Pole-Sitter Hamilton beim Start von Rosberg \u00fcberholt, aber in der zweiten Runde verpasste Rosberg seinen Bremspunkt in der Lisboa-Kurve und schlug in die Leitplanken ein, w\u00e4hrend Hamilton, der ihm dicht auf den Fersen war, die Kollision nicht vermeiden konnte, so dass das Rennen f\u00fcr beide dramatisch endete. Dieses Bild hatte seine Weltpremiere bei der MACAU GP LEGENDS Ausstellung im November 2016 in Macau, China. \"<\/p>\n<div>\n<p>Dieses Originalgem\u00e4lde ist exklusiv bei Vintage Speedworks erh\u00e4ltlich.<\/p>\n<\/div>\n<h2><b>Gr\u00f6\u00dfe<\/b><b>:<\/b><\/h2>\n<ul>\n<li>Abmessungen Leinwand: 80,00 x 50,00 cm<\/li>\n<\/ul>\n<h2><b>Einzelheiten:<\/b><\/h2>\n<ul>\n<li>Nur 1 Originalst\u00fcck verf\u00fcgbar<\/li>\n<li>Maltechnik: Acrylfarbe auf Leinwand<\/li>\n<\/ul>\n<h2><b>Lieferung:<\/b><\/h2>\n<ul>\n<li>Lieferzeit: Direktversand<\/li>\n<li>Transportiert in einer vollst\u00e4ndigen Schutzbox<\/li>\n<\/ul>","protected":false},"excerpt":{"rendered":"<p>Originalentwurf von Jo\u00e3o Saldanha<\/p>\n<p>Lewis Hamilton und Nico Rosberg beim F3-Grand-Prix in Macau 2004<\/p>\n<p>Acryl auf Leinwand | 80 x 50 cm<\/p>","protected":false},"featured_media":2794,"template":"","meta":{"_exactmetrics_skip_tracking":false,"_exactmetrics_sitenote_active":false,"_exactmetrics_sitenote_note":"","_exactmetrics_sitenote_category":0,"jetpack_post_was_ever_published":false},"product_cat":[165,121],"product_tag":[],"yoast_head":"<!-- This site is optimized with the Yoast SEO plugin v21.0 - https:\/\/yoast.com\/wordpress\/plugins\/seo\/ -->\n<title>Macau GP - Young Rivals - Vintage Speedworks<\/title>\n<meta name=\"robots\" content=\"index, follow, max-snippet:-1, max-image-preview:large, max-video-preview:-1\" \/>\n<link rel=\"canonical\" href=\"https:\/\/www.vintage-speedworks.nl\/de\/produkt\/macau-gp-young-rivals\/\" \/>\n<meta property=\"og:locale\" content=\"de_DE\" \/>\n<meta property=\"og:type\" content=\"article\" \/>\n<meta property=\"og:title\" content=\"Macau GP - Young Rivals - Vintage Speedworks\" \/>\n<meta property=\"og:description\" content=\"Original Design by Jo\u00e3o Saldanha  Lewis Hamilton &amp; Nico Rosberg at the Macau F3 Grand Prix in 2004  Acrylic on canvas |\u00a0 80 x 50 cm\" \/>\n<meta property=\"og:url\" content=\"https:\/\/www.vintage-speedworks.nl\/de\/produkt\/macau-gp-young-rivals\/\" \/>\n<meta property=\"og:site_name\" content=\"Vintage Speedworks\" \/>\n<meta property=\"article:modified_time\" content=\"2023-10-11T13:18:35+00:00\" \/>\n<meta property=\"og:image\" content=\"https:\/\/www.vintage-speedworks.nl\/wp-content\/uploads\/hamilton-rosberg-maucau_detail_art_schilderij-e1552223134385.jpg\" \/>\n\t<meta property=\"og:image:width\" content=\"800\" \/>\n\t<meta property=\"og:image:height\" content=\"797\" \/>\n\t<meta property=\"og:image:type\" content=\"image\/jpeg\" \/>\n<meta name=\"twitter:card\" content=\"summary_large_image\" \/>\n<meta name=\"twitter:label1\" content=\"Gesch\u00e4tzte Lesezeit\" \/>\n\t<meta name=\"twitter:data1\" content=\"1\u00a0Minute\" \/>\n<script type=\"application\/ld+json\" class=\"yoast-schema-graph\">{\"@context\":\"https:\/\/schema.org\",\"@graph\":[{\"@type\":\"WebPage\",\"@id\":\"https:\/\/www.vintage-speedworks.nl\/product\/macau-gp-young-rivals\/\",\"url\":\"https:\/\/www.vintage-speedworks.nl\/product\/macau-gp-young-rivals\/\",\"name\":\"Macau GP - Young Rivals - Vintage Speedworks\",\"isPartOf\":{\"@id\":\"https:\/\/www.vintage-speedworks.nl\/#website\"},\"datePublished\":\"2019-03-10T12:36:14+00:00\",\"dateModified\":\"2023-10-11T13:18:35+00:00\",\"breadcrumb\":{\"@id\":\"https:\/\/www.vintage-speedworks.nl\/product\/macau-gp-young-rivals\/#breadcrumb\"},\"inLanguage\":\"de\",\"potentialAction\":[{\"@type\":\"ReadAction\",\"target\":[\"https:\/\/www.vintage-speedworks.nl\/product\/macau-gp-young-rivals\/\"]}]},{\"@type\":\"BreadcrumbList\",\"@id\":\"https:\/\/www.vintage-speedworks.nl\/product\/macau-gp-young-rivals\/#breadcrumb\",\"itemListElement\":[{\"@type\":\"ListItem\",\"position\":1,\"name\":\"Home\",\"item\":\"https:\/\/www.vintage-speedworks.nl\/\"},{\"@type\":\"ListItem\",\"position\":2,\"name\":\"Webshop\",\"item\":\"https:\/\/www.vintage-speedworks.nl\/webshop\/\"},{\"@type\":\"ListItem\",\"position\":3,\"name\":\"Macau GP &#8211; Young Rivals\"}]},{\"@type\":\"WebSite\",\"@id\":\"https:\/\/www.vintage-speedworks.nl\/#website\",\"url\":\"https:\/\/www.vintage-speedworks.nl\/\",\"name\":\"Vintage Speedworks\",\"description\":\"Vintage art for speedfreaks\",\"potentialAction\":[{\"@type\":\"SearchAction\",\"target\":{\"@type\":\"EntryPoint\",\"urlTemplate\":\"https:\/\/www.vintage-speedworks.nl\/?s={search_term_string}\"},\"query-input\":\"required name=search_term_string\"}],\"inLanguage\":\"de\"}]}<\/script>\n<!-- \/ Yoast SEO plugin. -->","yoast_head_json":{"title":"Macau GP - Young Rivals - Vintage Speedworks","robots":{"index":"index","follow":"follow","max-snippet":"max-snippet:-1","max-image-preview":"max-image-preview:large","max-video-preview":"max-video-preview:-1"},"canonical":"https:\/\/www.vintage-speedworks.nl\/de\/produkt\/macau-gp-young-rivals\/","og_locale":"de_DE","og_type":"article","og_title":"Macau GP - Young Rivals - Vintage Speedworks","og_description":"Original Design by Jo\u00e3o Saldanha  Lewis Hamilton &amp; Nico Rosberg at the Macau F3 Grand Prix in 2004  Acrylic on canvas |\u00a0 80 x 50 cm","og_url":"https:\/\/www.vintage-speedworks.nl\/de\/produkt\/macau-gp-young-rivals\/","og_site_name":"Vintage Speedworks","article_modified_time":"2023-10-11T13:18:35+00:00","og_image":[{"width":800,"height":797,"url":"https:\/\/www.vintage-speedworks.nl\/wp-content\/uploads\/hamilton-rosberg-maucau_detail_art_schilderij-e1552223134385.jpg","type":"image\/jpeg"}],"twitter_card":"summary_large_image","twitter_misc":{"Gesch\u00e4tzte Lesezeit":"1\u00a0Minute"},"schema":{"@context":"https:\/\/schema.org","@graph":[{"@type":"WebPage","@id":"https:\/\/www.vintage-speedworks.nl\/product\/macau-gp-young-rivals\/","url":"https:\/\/www.vintage-speedworks.nl\/product\/macau-gp-young-rivals\/","name":"Macau GP - Young Rivals - Vintage Speedworks","isPartOf":{"@id":"https:\/\/www.vintage-speedworks.nl\/#website"},"datePublished":"2019-03-10T12:36:14+00:00","dateModified":"2023-10-11T13:18:35+00:00","breadcrumb":{"@id":"https:\/\/www.vintage-speedworks.nl\/product\/macau-gp-young-rivals\/#breadcrumb"},"inLanguage":"de","potentialAction":[{"@type":"ReadAction","target":["https:\/\/www.vintage-speedworks.nl\/product\/macau-gp-young-rivals\/"]}]},{"@type":"BreadcrumbList","@id":"https:\/\/www.vintage-speedworks.nl\/product\/macau-gp-young-rivals\/#breadcrumb","itemListElement":[{"@type":"ListItem","position":1,"name":"Home","item":"https:\/\/www.vintage-speedworks.nl\/"},{"@type":"ListItem","position":2,"name":"Webshop","item":"https:\/\/www.vintage-speedworks.nl\/webshop\/"},{"@type":"ListItem","position":3,"name":"Macau GP &#8211; Young Rivals"}]},{"@type":"WebSite","@id":"https:\/\/www.vintage-speedworks.nl\/#website","url":"https:\/\/www.vintage-speedworks.nl\/","name":"Vintage Speedworks","description":"Vintage art for speedfreaks","potentialAction":[{"@type":"SearchAction","target":{"@type":"EntryPoint","urlTemplate":"https:\/\/www.vintage-speedworks.nl\/?s={search_term_string}"},"query-input":"required name=search_term_string"}],"inLanguage":"de"}]}},"_links":{"self":[{"href":"https:\/\/www.vintage-speedworks.nl\/de\/wp-json\/wp\/v2\/product\/2783"}],"collection":[{"href":"https:\/\/www.vintage-speedworks.nl\/de\/wp-json\/wp\/v2\/product"}],"about":[{"href":"https:\/\/www.vintage-speedworks.nl\/de\/wp-json\/wp\/v2\/types\/product"}],"wp:featuredmedia":[{"embeddable":true,"href":"https:\/\/www.vintage-speedworks.nl\/de\/wp-json\/wp\/v2\/media\/2794"}],"wp:attachment":[{"href":"https:\/\/www.vintage-speedworks.nl\/de\/wp-json\/wp\/v2\/media?parent=2783"}],"wp:term":[{"taxonomy":"product_cat","embeddable":true,"href":"https:\/\/www.vintage-speedworks.nl\/de\/wp-json\/wp\/v2\/product_cat?post=2783"},{"taxonomy":"product_tag","embeddable":true,"href":"https:\/\/www.vintage-speedworks.nl\/de\/wp-json\/wp\/v2\/product_tag?post=2783"}],"curies":[{"name":"wp","href":"https:\/\/api.w.org\/{rel}","templated":true}]}}