{"id":2775,"date":"2019-03-10T12:16:35","date_gmt":"2019-03-10T12:16:35","guid":{"rendered":"https:\/\/www.vintage-speedworks.nl\/?post_type=product&#038;p=2775"},"modified":"2020-11-08T12:42:51","modified_gmt":"2020-11-08T12:42:51","slug":"ferrari-158-john-surtees","status":"publish","type":"product","link":"https:\/\/www.vintage-speedworks.nl\/de\/produkt\/ferrari-158-john-surtees\/","title":{"rendered":"Ferrari 158 - John Surtees"},"content":{"rendered":"<p>Originalentwurf von Jo\u00e3o Saldanha<\/p>\n<div>\n<p>Die Besessenheit des K\u00fcnstlers f\u00fcr Ferrari-Oldtimer aus den 1950er und 1960er Jahren ist gr\u00f6\u00dfer als nur f\u00fcr Stra\u00dfenfahrzeuge. Auch die Formel-1-Autos, die Ferrari entworfen und gebaut hat, sind eine Inspiration f\u00fcr Jo\u00e3o.  Dieses Gem\u00e4lde zeigt John Surtees am Steuer seines Ferrari 158 in der Saison 1964.<\/p>\n<p>Dieser Kunstdruck in limitierter Auflage ist exklusiv bei Vintage Speedworks erh\u00e4ltlich.<\/p>\n<\/div>\n<h2><b>Gr\u00f6\u00dfe<\/b><b>:<\/b><\/h2>\n<ul>\n<li>Abmessungen Kunstwerk: 70,00 x 50,00 cm<\/li>\n<\/ul>\n<h2><b>Einzelheiten:<\/b><\/h2>\n<ul>\n<li>Limitierte Auflage<\/li>\n<li>Maltechniken: Aquarell, Acrylfarbe und Bleistifte<\/li>\n<\/ul>\n<h2><b>Lieferung:<\/b><\/h2>\n<ul>\n<li>Lieferzeit: Direktversand<\/li>\n<li>Transportiert in einer vollst\u00e4ndigen Schutzbox<\/li>\n<\/ul>","protected":false},"excerpt":{"rendered":"<p>Originalentwurf von Jo\u00e3o Saldanha<\/p>\n<p>Ferrari 158 F1 - John Surtees<\/p>","protected":false},"featured_media":2782,"template":"","meta":{"_exactmetrics_skip_tracking":false,"_exactmetrics_sitenote_active":false,"_exactmetrics_sitenote_note":"","_exactmetrics_sitenote_category":0,"jetpack_post_was_ever_published":false},"product_cat":[165,21],"product_tag":[],"yoast_head":"<!-- This site is optimized with the Yoast SEO plugin v21.0 - https:\/\/yoast.com\/wordpress\/plugins\/seo\/ -->\n<title>Ferrari 158 - John Surtees - Vintage Speedworks<\/title>\n<meta name=\"robots\" content=\"index, follow, max-snippet:-1, max-image-preview:large, max-video-preview:-1\" \/>\n<link rel=\"canonical\" href=\"https:\/\/www.vintage-speedworks.nl\/de\/produkt\/ferrari-158-john-surtees\/\" \/>\n<meta property=\"og:locale\" content=\"de_DE\" \/>\n<meta property=\"og:type\" content=\"article\" \/>\n<meta property=\"og:title\" content=\"Ferrari 158 - John Surtees - Vintage Speedworks\" \/>\n<meta property=\"og:description\" content=\"Original Design by Jo\u00e3o Saldanha  Ferrari 158 F1 - John Surtees\" \/>\n<meta property=\"og:url\" content=\"https:\/\/www.vintage-speedworks.nl\/de\/produkt\/ferrari-158-john-surtees\/\" \/>\n<meta property=\"og:site_name\" content=\"Vintage Speedworks\" \/>\n<meta property=\"article:modified_time\" content=\"2020-11-08T12:42:51+00:00\" \/>\n<meta property=\"og:image\" content=\"https:\/\/i1.wp.com\/www.vintage-speedworks.nl\/wp-content\/uploads\/Ferrari_surtees_art_Gallery_kunst_gallery-e1552222498118.jpg?fit=800%2C800&ssl=1\" \/>\n\t<meta property=\"og:image:width\" content=\"800\" \/>\n\t<meta property=\"og:image:height\" content=\"800\" \/>\n\t<meta property=\"og:image:type\" content=\"image\/jpeg\" \/>\n<meta name=\"twitter:card\" content=\"summary_large_image\" \/>\n<script type=\"application\/ld+json\" class=\"yoast-schema-graph\">{\"@context\":\"https:\/\/schema.org\",\"@graph\":[{\"@type\":\"WebPage\",\"@id\":\"https:\/\/www.vintage-speedworks.nl\/product\/ferrari-158-john-surtees\/\",\"url\":\"https:\/\/www.vintage-speedworks.nl\/product\/ferrari-158-john-surtees\/\",\"name\":\"Ferrari 158 - John Surtees - Vintage Speedworks\",\"isPartOf\":{\"@id\":\"https:\/\/www.vintage-speedworks.nl\/#website\"},\"datePublished\":\"2019-03-10T12:16:35+00:00\",\"dateModified\":\"2020-11-08T12:42:51+00:00\",\"breadcrumb\":{\"@id\":\"https:\/\/www.vintage-speedworks.nl\/product\/ferrari-158-john-surtees\/#breadcrumb\"},\"inLanguage\":\"de\",\"potentialAction\":[{\"@type\":\"ReadAction\",\"target\":[\"https:\/\/www.vintage-speedworks.nl\/product\/ferrari-158-john-surtees\/\"]}]},{\"@type\":\"BreadcrumbList\",\"@id\":\"https:\/\/www.vintage-speedworks.nl\/product\/ferrari-158-john-surtees\/#breadcrumb\",\"itemListElement\":[{\"@type\":\"ListItem\",\"position\":1,\"name\":\"Home\",\"item\":\"https:\/\/www.vintage-speedworks.nl\/\"},{\"@type\":\"ListItem\",\"position\":2,\"name\":\"Webshop\",\"item\":\"https:\/\/www.vintage-speedworks.nl\/webshop\/\"},{\"@type\":\"ListItem\",\"position\":3,\"name\":\"Ferrari 158 &#8211; John Surtees\"}]},{\"@type\":\"WebSite\",\"@id\":\"https:\/\/www.vintage-speedworks.nl\/#website\",\"url\":\"https:\/\/www.vintage-speedworks.nl\/\",\"name\":\"Vintage Speedworks\",\"description\":\"Vintage art for speedfreaks\",\"potentialAction\":[{\"@type\":\"SearchAction\",\"target\":{\"@type\":\"EntryPoint\",\"urlTemplate\":\"https:\/\/www.vintage-speedworks.nl\/?s={search_term_string}\"},\"query-input\":\"required name=search_term_string\"}],\"inLanguage\":\"de\"}]}<\/script>\n<!-- \/ Yoast SEO plugin. -->","yoast_head_json":{"title":"Ferrari 158 - John Surtees - Vintage Speedworks","robots":{"index":"index","follow":"follow","max-snippet":"max-snippet:-1","max-image-preview":"max-image-preview:large","max-video-preview":"max-video-preview:-1"},"canonical":"https:\/\/www.vintage-speedworks.nl\/de\/produkt\/ferrari-158-john-surtees\/","og_locale":"de_DE","og_type":"article","og_title":"Ferrari 158 - John Surtees - Vintage Speedworks","og_description":"Original Design by Jo\u00e3o Saldanha  Ferrari 158 F1 - John Surtees","og_url":"https:\/\/www.vintage-speedworks.nl\/de\/produkt\/ferrari-158-john-surtees\/","og_site_name":"Vintage Speedworks","article_modified_time":"2020-11-08T12:42:51+00:00","og_image":[{"width":800,"height":800,"url":"https:\/\/i1.wp.com\/www.vintage-speedworks.nl\/wp-content\/uploads\/Ferrari_surtees_art_Gallery_kunst_gallery-e1552222498118.jpg?fit=800%2C800&ssl=1","type":"image\/jpeg"}],"twitter_card":"summary_large_image","schema":{"@context":"https:\/\/schema.org","@graph":[{"@type":"WebPage","@id":"https:\/\/www.vintage-speedworks.nl\/product\/ferrari-158-john-surtees\/","url":"https:\/\/www.vintage-speedworks.nl\/product\/ferrari-158-john-surtees\/","name":"Ferrari 158 - John Surtees - Vintage Speedworks","isPartOf":{"@id":"https:\/\/www.vintage-speedworks.nl\/#website"},"datePublished":"2019-03-10T12:16:35+00:00","dateModified":"2020-11-08T12:42:51+00:00","breadcrumb":{"@id":"https:\/\/www.vintage-speedworks.nl\/product\/ferrari-158-john-surtees\/#breadcrumb"},"inLanguage":"de","potentialAction":[{"@type":"ReadAction","target":["https:\/\/www.vintage-speedworks.nl\/product\/ferrari-158-john-surtees\/"]}]},{"@type":"BreadcrumbList","@id":"https:\/\/www.vintage-speedworks.nl\/product\/ferrari-158-john-surtees\/#breadcrumb","itemListElement":[{"@type":"ListItem","position":1,"name":"Home","item":"https:\/\/www.vintage-speedworks.nl\/"},{"@type":"ListItem","position":2,"name":"Webshop","item":"https:\/\/www.vintage-speedworks.nl\/webshop\/"},{"@type":"ListItem","position":3,"name":"Ferrari 158 &#8211; John Surtees"}]},{"@type":"WebSite","@id":"https:\/\/www.vintage-speedworks.nl\/#website","url":"https:\/\/www.vintage-speedworks.nl\/","name":"Vintage Speedworks","description":"Vintage art for speedfreaks","potentialAction":[{"@type":"SearchAction","target":{"@type":"EntryPoint","urlTemplate":"https:\/\/www.vintage-speedworks.nl\/?s={search_term_string}"},"query-input":"required name=search_term_string"}],"inLanguage":"de"}]}},"_links":{"self":[{"href":"https:\/\/www.vintage-speedworks.nl\/de\/wp-json\/wp\/v2\/product\/2775"}],"collection":[{"href":"https:\/\/www.vintage-speedworks.nl\/de\/wp-json\/wp\/v2\/product"}],"about":[{"href":"https:\/\/www.vintage-speedworks.nl\/de\/wp-json\/wp\/v2\/types\/product"}],"wp:featuredmedia":[{"embeddable":true,"href":"https:\/\/www.vintage-speedworks.nl\/de\/wp-json\/wp\/v2\/media\/2782"}],"wp:attachment":[{"href":"https:\/\/www.vintage-speedworks.nl\/de\/wp-json\/wp\/v2\/media?parent=2775"}],"wp:term":[{"taxonomy":"product_cat","embeddable":true,"href":"https:\/\/www.vintage-speedworks.nl\/de\/wp-json\/wp\/v2\/product_cat?post=2775"},{"taxonomy":"product_tag","embeddable":true,"href":"https:\/\/www.vintage-speedworks.nl\/de\/wp-json\/wp\/v2\/product_tag?post=2775"}],"curies":[{"name":"wp","href":"https:\/\/api.w.org\/{rel}","templated":true}]}}