{"id":2719,"date":"2019-02-24T13:40:24","date_gmt":"2019-02-24T13:40:24","guid":{"rendered":"https:\/\/www.vintage-speedworks.nl\/?post_type=product&#038;p=2719"},"modified":"2022-12-30T08:15:52","modified_gmt":"2022-12-30T08:15:52","slug":"ferrari-250-gto-original-fender","status":"publish","type":"product","link":"https:\/\/www.vintage-speedworks.nl\/de\/produkt\/ferrari-250-gto-original-fender\/","title":{"rendered":"Ferrari 250 GTO - Original-Kotfl\u00fcgel"},"content":{"rendered":"<p>Dies ist ein echter Kotfl\u00fcgel eines Ferrari 250 GTO, dieser Artikel wurde zwischen 1970 und 1980 als Ersatzteil f\u00fcr ein Auto, das damals Rennen fuhr, hergestellt. Es ist unvollendet und blieb in einer Garage f\u00fcr mehr als 30 Jahre. Einzigartiges St\u00fcck, das von einem erfahrenen Handwerker in Modena hergestellt wurde.<\/p>\n<p>Der Ferrari 250 GTO ist ein GT-Wagen, der von 1962 bis 1964 von Ferrari f\u00fcr die Homologation in der FIA-Kategorie Gruppe 3 Grand Touring Car produziert wurde. Er wurde von Ferraris Tipo 168\/62 Colombo V12-Motor angetrieben.<\/p>\n<p>Die 250\" in seinem Namen steht f\u00fcr den Hubraum in Kubikzentimetern jedes seiner Zylinder; GTO\" steht f\u00fcr Gran Turismo Omologata\", italienisch f\u00fcr Grand Touring Homologated\".<\/p>\n<p>Zwischen 1962 und 1964 wurden nur 36 250 GTOs hergestellt. Darunter waren 33 Fahrzeuge mit Karosserie von 1962-63 (Serie I) und drei mit Karosserie von 1964 (Serie II), die dem Ferrari 250 LM \u00e4hnelte. Vier der \u00e4lteren Fahrzeuge der Jahre 1962-1963 (Serie I) wurden 1964 mit Karosserien der Serie II \u00fcberarbeitet.<\/p>\n<h2><b>Abmessungen<\/b><b>:<\/b><\/h2>\n<ul>\n<li>Rahmengr\u00f6\u00dfe: 140cm x 50cm x 30cm<\/li>\n<\/ul>\n<h2><b>Einzelheiten:<\/b><\/h2>\n<ul>\n<li>Original-Kunstwerk<\/li>\n<li>nur 1 St\u00fcck verf\u00fcgbar<\/li>\n<\/ul>\n<h2><b>Lieferung:<\/b><\/h2>\n<ul>\n<li>Innerhalb von 2 Wochen<\/li>\n<\/ul>","protected":false},"excerpt":{"rendered":"<h4>Preis auf Anfrage!<\/h4>\n<p>Dies ist ein echter Kotfl\u00fcgel eines Ferrari 250 GTO, dieser Artikel wurde zwischen 1970 und 1980 als Ersatzteil f\u00fcr ein Auto, das damals Rennen fuhr, hergestellt. Es ist unvollendet und blieb in einer Garage f\u00fcr mehr als 30 Jahre. Einzigartiges St\u00fcck, das von einem erfahrenen Handwerker in Modena hergestellt wurde.<\/p>","protected":false},"featured_media":2724,"template":"","meta":{"_exactmetrics_skip_tracking":false,"_exactmetrics_sitenote_active":false,"_exactmetrics_sitenote_note":"","_exactmetrics_sitenote_category":0,"jetpack_post_was_ever_published":false},"product_cat":[122],"product_tag":[164,34,76],"yoast_head":"<!-- This site is optimized with the Yoast SEO plugin v21.0 - https:\/\/yoast.com\/wordpress\/plugins\/seo\/ -->\n<title>Ferrari 250 GTO - Original Fender - Vintage Speedworks<\/title>\n<meta name=\"robots\" content=\"index, follow, max-snippet:-1, max-image-preview:large, max-video-preview:-1\" \/>\n<link rel=\"canonical\" href=\"https:\/\/www.vintage-speedworks.nl\/de\/produkt\/ferrari-250-gto-original-fender\/\" \/>\n<meta property=\"og:locale\" content=\"de_DE\" \/>\n<meta property=\"og:type\" content=\"article\" \/>\n<meta property=\"og:title\" content=\"Ferrari 250 GTO - Original Fender - Vintage Speedworks\" \/>\n<meta property=\"og:description\" content=\"Price on Request! This is a real Fender of a Ferrari 250 GTO, this items was made between 1970 and 1980 as a spare parts for a car that was racing at the time. It is unfinished and remained in a garage for more than 30 years. Unique piece madeby\u00a0 expert artisan in Modena.\" \/>\n<meta property=\"og:url\" content=\"https:\/\/www.vintage-speedworks.nl\/de\/produkt\/ferrari-250-gto-original-fender\/\" \/>\n<meta property=\"og:site_name\" content=\"Vintage Speedworks\" \/>\n<meta property=\"article:modified_time\" content=\"2022-12-30T08:15:52+00:00\" \/>\n<meta property=\"og:image\" content=\"https:\/\/www.vintage-speedworks.nl\/wp-content\/uploads\/Ferrari_250_GTO_right_fender_gallery.png\" \/>\n\t<meta property=\"og:image:width\" content=\"962\" \/>\n\t<meta property=\"og:image:height\" content=\"950\" \/>\n\t<meta property=\"og:image:type\" content=\"image\/png\" \/>\n<meta name=\"twitter:card\" content=\"summary_large_image\" \/>\n<meta name=\"twitter:label1\" content=\"Gesch\u00e4tzte Lesezeit\" \/>\n\t<meta name=\"twitter:data1\" content=\"1\u00a0Minute\" \/>\n<script type=\"application\/ld+json\" class=\"yoast-schema-graph\">{\"@context\":\"https:\/\/schema.org\",\"@graph\":[{\"@type\":\"WebPage\",\"@id\":\"https:\/\/www.vintage-speedworks.nl\/product\/ferrari-250-gto-original-fender\/\",\"url\":\"https:\/\/www.vintage-speedworks.nl\/product\/ferrari-250-gto-original-fender\/\",\"name\":\"Ferrari 250 GTO - Original Fender - Vintage Speedworks\",\"isPartOf\":{\"@id\":\"https:\/\/www.vintage-speedworks.nl\/#website\"},\"datePublished\":\"2019-02-24T13:40:24+00:00\",\"dateModified\":\"2022-12-30T08:15:52+00:00\",\"breadcrumb\":{\"@id\":\"https:\/\/www.vintage-speedworks.nl\/product\/ferrari-250-gto-original-fender\/#breadcrumb\"},\"inLanguage\":\"de\",\"potentialAction\":[{\"@type\":\"ReadAction\",\"target\":[\"https:\/\/www.vintage-speedworks.nl\/product\/ferrari-250-gto-original-fender\/\"]}]},{\"@type\":\"BreadcrumbList\",\"@id\":\"https:\/\/www.vintage-speedworks.nl\/product\/ferrari-250-gto-original-fender\/#breadcrumb\",\"itemListElement\":[{\"@type\":\"ListItem\",\"position\":1,\"name\":\"Home\",\"item\":\"https:\/\/www.vintage-speedworks.nl\/\"},{\"@type\":\"ListItem\",\"position\":2,\"name\":\"Webshop\",\"item\":\"https:\/\/www.vintage-speedworks.nl\/webshop\/\"},{\"@type\":\"ListItem\",\"position\":3,\"name\":\"Ferrari 250 GTO &#8211; Original Fender\"}]},{\"@type\":\"WebSite\",\"@id\":\"https:\/\/www.vintage-speedworks.nl\/#website\",\"url\":\"https:\/\/www.vintage-speedworks.nl\/\",\"name\":\"Vintage Speedworks\",\"description\":\"Vintage art for speedfreaks\",\"potentialAction\":[{\"@type\":\"SearchAction\",\"target\":{\"@type\":\"EntryPoint\",\"urlTemplate\":\"https:\/\/www.vintage-speedworks.nl\/?s={search_term_string}\"},\"query-input\":\"required name=search_term_string\"}],\"inLanguage\":\"de\"}]}<\/script>\n<!-- \/ Yoast SEO plugin. -->","yoast_head_json":{"title":"Ferrari 250 GTO - Original Fender - Vintage Speedworks","robots":{"index":"index","follow":"follow","max-snippet":"max-snippet:-1","max-image-preview":"max-image-preview:large","max-video-preview":"max-video-preview:-1"},"canonical":"https:\/\/www.vintage-speedworks.nl\/de\/produkt\/ferrari-250-gto-original-fender\/","og_locale":"de_DE","og_type":"article","og_title":"Ferrari 250 GTO - Original Fender - Vintage Speedworks","og_description":"Price on Request! This is a real Fender of a Ferrari 250 GTO, this items was made between 1970 and 1980 as a spare parts for a car that was racing at the time. It is unfinished and remained in a garage for more than 30 years. Unique piece madeby\u00a0 expert artisan in Modena.","og_url":"https:\/\/www.vintage-speedworks.nl\/de\/produkt\/ferrari-250-gto-original-fender\/","og_site_name":"Vintage Speedworks","article_modified_time":"2022-12-30T08:15:52+00:00","og_image":[{"width":962,"height":950,"url":"https:\/\/www.vintage-speedworks.nl\/wp-content\/uploads\/Ferrari_250_GTO_right_fender_gallery.png","type":"image\/png"}],"twitter_card":"summary_large_image","twitter_misc":{"Gesch\u00e4tzte Lesezeit":"1\u00a0Minute"},"schema":{"@context":"https:\/\/schema.org","@graph":[{"@type":"WebPage","@id":"https:\/\/www.vintage-speedworks.nl\/product\/ferrari-250-gto-original-fender\/","url":"https:\/\/www.vintage-speedworks.nl\/product\/ferrari-250-gto-original-fender\/","name":"Ferrari 250 GTO - Original Fender - Vintage Speedworks","isPartOf":{"@id":"https:\/\/www.vintage-speedworks.nl\/#website"},"datePublished":"2019-02-24T13:40:24+00:00","dateModified":"2022-12-30T08:15:52+00:00","breadcrumb":{"@id":"https:\/\/www.vintage-speedworks.nl\/product\/ferrari-250-gto-original-fender\/#breadcrumb"},"inLanguage":"de","potentialAction":[{"@type":"ReadAction","target":["https:\/\/www.vintage-speedworks.nl\/product\/ferrari-250-gto-original-fender\/"]}]},{"@type":"BreadcrumbList","@id":"https:\/\/www.vintage-speedworks.nl\/product\/ferrari-250-gto-original-fender\/#breadcrumb","itemListElement":[{"@type":"ListItem","position":1,"name":"Home","item":"https:\/\/www.vintage-speedworks.nl\/"},{"@type":"ListItem","position":2,"name":"Webshop","item":"https:\/\/www.vintage-speedworks.nl\/webshop\/"},{"@type":"ListItem","position":3,"name":"Ferrari 250 GTO &#8211; Original Fender"}]},{"@type":"WebSite","@id":"https:\/\/www.vintage-speedworks.nl\/#website","url":"https:\/\/www.vintage-speedworks.nl\/","name":"Vintage Speedworks","description":"Vintage art for speedfreaks","potentialAction":[{"@type":"SearchAction","target":{"@type":"EntryPoint","urlTemplate":"https:\/\/www.vintage-speedworks.nl\/?s={search_term_string}"},"query-input":"required name=search_term_string"}],"inLanguage":"de"}]}},"_links":{"self":[{"href":"https:\/\/www.vintage-speedworks.nl\/de\/wp-json\/wp\/v2\/product\/2719"}],"collection":[{"href":"https:\/\/www.vintage-speedworks.nl\/de\/wp-json\/wp\/v2\/product"}],"about":[{"href":"https:\/\/www.vintage-speedworks.nl\/de\/wp-json\/wp\/v2\/types\/product"}],"wp:featuredmedia":[{"embeddable":true,"href":"https:\/\/www.vintage-speedworks.nl\/de\/wp-json\/wp\/v2\/media\/2724"}],"wp:attachment":[{"href":"https:\/\/www.vintage-speedworks.nl\/de\/wp-json\/wp\/v2\/media?parent=2719"}],"wp:term":[{"taxonomy":"product_cat","embeddable":true,"href":"https:\/\/www.vintage-speedworks.nl\/de\/wp-json\/wp\/v2\/product_cat?post=2719"},{"taxonomy":"product_tag","embeddable":true,"href":"https:\/\/www.vintage-speedworks.nl\/de\/wp-json\/wp\/v2\/product_tag?post=2719"}],"curies":[{"name":"wp","href":"https:\/\/api.w.org\/{rel}","templated":true}]}}