{"id":2369,"date":"2018-10-27T11:11:06","date_gmt":"2018-10-27T11:11:06","guid":{"rendered":"https:\/\/www.vintage-speedworks.nl\/?post_type=product&#038;p=2369"},"modified":"2018-10-27T11:38:15","modified_gmt":"2018-10-27T11:38:15","slug":"jaguar-d-type-contour-panel","status":"publish","type":"product","link":"https:\/\/www.vintage-speedworks.nl\/de\/produkt\/jaguar-d-type-contour-panel\/","title":{"rendered":"Jaguar D-Type - Konturplatte"},"content":{"rendered":"<p>Originalgrafik von Frederic Dams<\/p>\n<p>Limitierte Auflage der Aluminiumplatte: Jaguar D-Type<\/p>\n<p>Der Jaguar D-Type ist vielleicht der ber\u00fchmteste Jaguar-Rennwagen. Vor allem in der Nachkriegszeit ab 1950 war dieser Wagen sehr erfolgreich. Neben vielen Sportwagensiegen gewann er insgesamt dreimal die 24h von Le Mans.<\/p>\n<p>Der K\u00fcnstler Frederic Dams ist ein professioneller Autodesigner und hat in den letzten 10 Jahren f\u00fcr die luxuri\u00f6sesten Automarken gearbeitet. Seine Leidenschaft f\u00fcr Autos und Design hat ihn dorthin gebracht, wo er heute steht.  Neben seiner Rolle als Chefdesigner arbeitet er mit Vorliebe an Automobilkunst. Seine Technik ist sehr modern, da er mit einer virtuellen Leinwand arbeitet. Das gibt ihm \"totale Freiheit\", was zu diesen verr\u00fcckten Designs f\u00fchrt....<\/p>\n<p>Bei diesem Design hat Dams stilvolles Grau und British Racing Green kombiniert, was die Linien des Fahrzeugs sehr gut zur Geltung bringt. Die einzigartige \"Ultimate Edition\" auf geb\u00fcrstetem Aluminium sorgt f\u00fcr Tiefe und Dramatik.<\/p>\n<h2><b>Abmessungen<\/b><b>:<\/b><\/h2>\n<p>Aluminium-Panel:<\/p>\n<ul>\n<li>Abmessungen Gr\u00f6\u00dfe 1: 80,0 x 49,0 cm<\/li>\n<li>Abmessungen Gr\u00f6\u00dfe 2 100,0 x 61,0 cm<\/li>\n<li>Abmessungen der Gr\u00f6\u00dfe 3: 120,0 x 73,0 cm<\/li>\n<li>Abmessungen Gr\u00f6\u00dfe 4: 140,0 x 85,0 cm<\/li>\n<\/ul>\n<p>Geb\u00fcrstete Aluminiumplatte<\/p>\n<ul>\n<li>Abmessungen Gr\u00f6\u00dfe 1: 90,0 x 60,0 cm<\/li>\n<li>Abmessungen Gr\u00f6\u00dfe 2 120,0 x 80,0 cm<\/li>\n<\/ul>\n<h2><b>Einzelheiten:<\/b><\/h2>\n<ul>\n<li>Limitierte Auflage Aliminium-Panel: 25 St\u00fcck<\/li>\n<li>Die Tafeln werden sorgf\u00e4ltig gedruckt, gepr\u00fcft und vom K\u00fcnstler signiert<\/li>\n<\/ul>\n<h2><b>Lieferung:<\/b><\/h2>\n<ul>\n<li>Lagerartikel<\/li>\n<li>Versand innerhalb von 5 Arbeitstagen in einer vollst\u00e4ndigen Schutzverpackung<\/li>\n<\/ul>\n<p>&nbsp;<\/p>","protected":false},"excerpt":{"rendered":"<p>Originalgrafik von Frederic Dams<\/p>\n<p>Limitierte Auflage der Aluminiumplatte: Jaguar D-Type<\/p>\n<p>Der Jaguar D-Type ist vielleicht der ber\u00fchmteste Jaguar-Rennwagen. Vor allem in der Nachkriegszeit ab 1950 war dieser Wagen sehr erfolgreich. Neben vielen Sportwagensiegen gewann er insgesamt dreimal die 24h von Le Mans. Bei diesem Design hat Dams stilvolles Grau und British Racing Green kombiniert, wodurch die Linien des Wagens sehr sch\u00f6n zur Geltung kommen. Die einzigartige 'Ultimate Edition' auf geb\u00fcrstetem Aluminium verleiht ihm Tiefe und Dramatik.<\/p>","protected":false},"featured_media":2376,"template":"","meta":{"_exactmetrics_skip_tracking":false,"_exactmetrics_sitenote_active":false,"_exactmetrics_sitenote_note":"","_exactmetrics_sitenote_category":0,"jetpack_post_was_ever_published":false},"product_cat":[21,65,147],"product_tag":[154,153,131,90],"yoast_head":"<!-- This site is optimized with the Yoast SEO plugin v21.0 - https:\/\/yoast.com\/wordpress\/plugins\/seo\/ -->\n<title>Jaguar D type - Contour panel - Vintage Speedworks<\/title>\n<meta name=\"robots\" content=\"index, follow, max-snippet:-1, max-image-preview:large, max-video-preview:-1\" \/>\n<link rel=\"canonical\" href=\"https:\/\/www.vintage-speedworks.nl\/de\/produkt\/jaguar-d-type-contour-panel\/\" \/>\n<meta property=\"og:locale\" content=\"de_DE\" \/>\n<meta property=\"og:type\" content=\"article\" \/>\n<meta property=\"og:title\" content=\"Jaguar D type - Contour panel - Vintage Speedworks\" \/>\n<meta property=\"og:description\" content=\"Original art by Frederic Dams  Limited Edition Aluminium Panel: Jaguar D-Type  De Jaguar D-type is misschien wel de meest beroemde Jaguar race auto. Vooral in het post-war tijdperk van 1950 was deze auto erg succesvol. Naast vele sportcar overwinningen won hij in totaal drie maal de 24h van Le Mans. In dit ontwerp verwerkt Dams stijlvol grijs en britisch racing Green, waarbij de lijnen van de auto erg mooi worden belicht. De unieke &#039;Ultimate Edition&#039; op brushed aluminium geeft het geheel nog meer diepgang en drama.\" \/>\n<meta property=\"og:url\" content=\"https:\/\/www.vintage-speedworks.nl\/de\/produkt\/jaguar-d-type-contour-panel\/\" \/>\n<meta property=\"og:site_name\" content=\"Vintage Speedworks\" \/>\n<meta property=\"article:modified_time\" content=\"2018-10-27T11:38:15+00:00\" \/>\n<meta property=\"og:image\" content=\"https:\/\/i1.wp.com\/www.vintage-speedworks.nl\/wp-content\/uploads\/Dams_jaguar_Dtype_Art_kunst_gray-e1557663684408.jpg?fit=417%2C420&ssl=1\" \/>\n\t<meta property=\"og:image:width\" content=\"417\" \/>\n\t<meta property=\"og:image:height\" content=\"420\" \/>\n\t<meta property=\"og:image:type\" content=\"image\/jpeg\" \/>\n<meta name=\"twitter:card\" content=\"summary_large_image\" \/>\n<meta name=\"twitter:label1\" content=\"Gesch\u00e4tzte Lesezeit\" \/>\n\t<meta name=\"twitter:data1\" content=\"1\u00a0Minute\" \/>\n<script type=\"application\/ld+json\" class=\"yoast-schema-graph\">{\"@context\":\"https:\/\/schema.org\",\"@graph\":[{\"@type\":\"WebPage\",\"@id\":\"https:\/\/www.vintage-speedworks.nl\/product\/jaguar-d-type-contour-panel\/\",\"url\":\"https:\/\/www.vintage-speedworks.nl\/product\/jaguar-d-type-contour-panel\/\",\"name\":\"Jaguar D type - Contour panel - Vintage Speedworks\",\"isPartOf\":{\"@id\":\"https:\/\/www.vintage-speedworks.nl\/#website\"},\"datePublished\":\"2018-10-27T11:11:06+00:00\",\"dateModified\":\"2018-10-27T11:38:15+00:00\",\"breadcrumb\":{\"@id\":\"https:\/\/www.vintage-speedworks.nl\/product\/jaguar-d-type-contour-panel\/#breadcrumb\"},\"inLanguage\":\"de\",\"potentialAction\":[{\"@type\":\"ReadAction\",\"target\":[\"https:\/\/www.vintage-speedworks.nl\/product\/jaguar-d-type-contour-panel\/\"]}]},{\"@type\":\"BreadcrumbList\",\"@id\":\"https:\/\/www.vintage-speedworks.nl\/product\/jaguar-d-type-contour-panel\/#breadcrumb\",\"itemListElement\":[{\"@type\":\"ListItem\",\"position\":1,\"name\":\"Home\",\"item\":\"https:\/\/www.vintage-speedworks.nl\/\"},{\"@type\":\"ListItem\",\"position\":2,\"name\":\"Webshop\",\"item\":\"https:\/\/www.vintage-speedworks.nl\/webshop\/\"},{\"@type\":\"ListItem\",\"position\":3,\"name\":\"Jaguar D type &#8211; Contour panel\"}]},{\"@type\":\"WebSite\",\"@id\":\"https:\/\/www.vintage-speedworks.nl\/#website\",\"url\":\"https:\/\/www.vintage-speedworks.nl\/\",\"name\":\"Vintage Speedworks\",\"description\":\"Vintage art for speedfreaks\",\"potentialAction\":[{\"@type\":\"SearchAction\",\"target\":{\"@type\":\"EntryPoint\",\"urlTemplate\":\"https:\/\/www.vintage-speedworks.nl\/?s={search_term_string}\"},\"query-input\":\"required name=search_term_string\"}],\"inLanguage\":\"de\"}]}<\/script>\n<!-- \/ Yoast SEO plugin. -->","yoast_head_json":{"title":"Jaguar D type - Contour panel - Vintage Speedworks","robots":{"index":"index","follow":"follow","max-snippet":"max-snippet:-1","max-image-preview":"max-image-preview:large","max-video-preview":"max-video-preview:-1"},"canonical":"https:\/\/www.vintage-speedworks.nl\/de\/produkt\/jaguar-d-type-contour-panel\/","og_locale":"de_DE","og_type":"article","og_title":"Jaguar D type - Contour panel - Vintage Speedworks","og_description":"Original art by Frederic Dams  Limited Edition Aluminium Panel: Jaguar D-Type  De Jaguar D-type is misschien wel de meest beroemde Jaguar race auto. Vooral in het post-war tijdperk van 1950 was deze auto erg succesvol. Naast vele sportcar overwinningen won hij in totaal drie maal de 24h van Le Mans. In dit ontwerp verwerkt Dams stijlvol grijs en britisch racing Green, waarbij de lijnen van de auto erg mooi worden belicht. De unieke 'Ultimate Edition' op brushed aluminium geeft het geheel nog meer diepgang en drama.","og_url":"https:\/\/www.vintage-speedworks.nl\/de\/produkt\/jaguar-d-type-contour-panel\/","og_site_name":"Vintage Speedworks","article_modified_time":"2018-10-27T11:38:15+00:00","og_image":[{"width":417,"height":420,"url":"https:\/\/i1.wp.com\/www.vintage-speedworks.nl\/wp-content\/uploads\/Dams_jaguar_Dtype_Art_kunst_gray-e1557663684408.jpg?fit=417%2C420&ssl=1","type":"image\/jpeg"}],"twitter_card":"summary_large_image","twitter_misc":{"Gesch\u00e4tzte Lesezeit":"1\u00a0Minute"},"schema":{"@context":"https:\/\/schema.org","@graph":[{"@type":"WebPage","@id":"https:\/\/www.vintage-speedworks.nl\/product\/jaguar-d-type-contour-panel\/","url":"https:\/\/www.vintage-speedworks.nl\/product\/jaguar-d-type-contour-panel\/","name":"Jaguar D type - Contour panel - Vintage Speedworks","isPartOf":{"@id":"https:\/\/www.vintage-speedworks.nl\/#website"},"datePublished":"2018-10-27T11:11:06+00:00","dateModified":"2018-10-27T11:38:15+00:00","breadcrumb":{"@id":"https:\/\/www.vintage-speedworks.nl\/product\/jaguar-d-type-contour-panel\/#breadcrumb"},"inLanguage":"de","potentialAction":[{"@type":"ReadAction","target":["https:\/\/www.vintage-speedworks.nl\/product\/jaguar-d-type-contour-panel\/"]}]},{"@type":"BreadcrumbList","@id":"https:\/\/www.vintage-speedworks.nl\/product\/jaguar-d-type-contour-panel\/#breadcrumb","itemListElement":[{"@type":"ListItem","position":1,"name":"Home","item":"https:\/\/www.vintage-speedworks.nl\/"},{"@type":"ListItem","position":2,"name":"Webshop","item":"https:\/\/www.vintage-speedworks.nl\/webshop\/"},{"@type":"ListItem","position":3,"name":"Jaguar D type &#8211; Contour panel"}]},{"@type":"WebSite","@id":"https:\/\/www.vintage-speedworks.nl\/#website","url":"https:\/\/www.vintage-speedworks.nl\/","name":"Vintage Speedworks","description":"Vintage art for speedfreaks","potentialAction":[{"@type":"SearchAction","target":{"@type":"EntryPoint","urlTemplate":"https:\/\/www.vintage-speedworks.nl\/?s={search_term_string}"},"query-input":"required name=search_term_string"}],"inLanguage":"de"}]}},"_links":{"self":[{"href":"https:\/\/www.vintage-speedworks.nl\/de\/wp-json\/wp\/v2\/product\/2369"}],"collection":[{"href":"https:\/\/www.vintage-speedworks.nl\/de\/wp-json\/wp\/v2\/product"}],"about":[{"href":"https:\/\/www.vintage-speedworks.nl\/de\/wp-json\/wp\/v2\/types\/product"}],"wp:featuredmedia":[{"embeddable":true,"href":"https:\/\/www.vintage-speedworks.nl\/de\/wp-json\/wp\/v2\/media\/2376"}],"wp:attachment":[{"href":"https:\/\/www.vintage-speedworks.nl\/de\/wp-json\/wp\/v2\/media?parent=2369"}],"wp:term":[{"taxonomy":"product_cat","embeddable":true,"href":"https:\/\/www.vintage-speedworks.nl\/de\/wp-json\/wp\/v2\/product_cat?post=2369"},{"taxonomy":"product_tag","embeddable":true,"href":"https:\/\/www.vintage-speedworks.nl\/de\/wp-json\/wp\/v2\/product_tag?post=2369"}],"curies":[{"name":"wp","href":"https:\/\/api.w.org\/{rel}","templated":true}]}}