{"id":2315,"date":"2018-09-20T10:55:28","date_gmt":"2018-09-20T10:55:28","guid":{"rendered":"https:\/\/www.vintage-speedworks.nl\/?post_type=product&#038;p=2315"},"modified":"2018-10-27T13:52:21","modified_gmt":"2018-10-27T13:52:21","slug":"big-balls-ricardo-rodriguez","status":"publish","type":"product","link":"https:\/\/www.vintage-speedworks.nl\/de\/produkt\/big-balls-ricardo-rodriguez\/","title":{"rendered":"Gro\u00dfe Eier - Ricardo Rodriguez"},"content":{"rendered":"<p>Originalzeichnungen von Ricardo Rodriguez:<\/p>\n<p>Dieses sch\u00f6ne Werk von Ricardo Rodriguez tr\u00e4gt den Titel: 'Big balls' [James Hunt].<\/p>\n<p>In seiner Galerie in Valencia arbeitet Ricardo haupts\u00e4chlich mit Graut\u00f6nen. Die Bilder, die er schafft, sind immer \"gro\u00df\". Das gilt f\u00fcr die Gr\u00f6\u00dfe und nat\u00fcrlich f\u00fcr die Tiefe. Er ist sehr inspiriert von alten Helden und der Welt der Biker. Mit diesem sch\u00f6nen Werk portr\u00e4tiert er James Hunt, der als echter Charmeur und 'altmodischer' Rennfahrer bekannt ist. In einem Interview mit Stirling Moss verriet er, was das Geheimnis seiner Geschwindigkeit ist: Gro\u00dfe Eier.....<\/p>\n<h2><b>Einzelheiten:<\/b><\/h2>\n<ul>\n<li>Originalgem\u00e4lde '\u00d6l auf Leinwand' von Ricardo Rodriguez (Valencia)<\/li>\n<li>Nur 1 Exemplar vorhanden, vollst\u00e4ndig unterzeichnet und mit Zertifikat<\/li>\n<\/ul>\n<h2><b>Afmeti<\/b><b>ngen<\/b><b>:<\/b><\/h2>\n<ul>\n<li>Abmessungen (cm): 100,0 x 100,0 cm<\/li>\n<\/ul>\n<h2>Lieferung:<\/h2>\n<ul>\n<li>Versand innerhalb von 10 Tagen<\/li>\n<\/ul>\n<p>&nbsp;<\/p>","protected":false},"excerpt":{"rendered":"<p>Originalzeichnungen von Ricardo Rodriguez:<\/p>\n<p>Dieses sch\u00f6ne Werk von Ricardo Rodriguez tr\u00e4gt den Titel: 'Big balls' [James Hunt].<\/p>\n<p>In seiner Galerie in Valencia arbeitet Ricardo haupts\u00e4chlich mit Graut\u00f6nen. Die Bilder, die er schafft, sind immer \"gro\u00df\". Das gilt f\u00fcr die Gr\u00f6\u00dfe und nat\u00fcrlich f\u00fcr die Tiefe. Er ist sehr inspiriert von alten Helden und der Welt der Biker. Mit diesem sch\u00f6nen Werk portr\u00e4tiert er James Hunt, der als echter Charmeur und 'altmodischer' Rennfahrer bekannt ist. In einem Interview mit Stirling Moss verriet er, was das Geheimnis seiner Geschwindigkeit ist: Gro\u00dfe Eier.....<\/p>","protected":false},"featured_media":2318,"template":"","meta":{"_exactmetrics_skip_tracking":false,"_exactmetrics_sitenote_active":false,"_exactmetrics_sitenote_note":"","_exactmetrics_sitenote_category":0,"jetpack_post_was_ever_published":false},"product_cat":[121,137],"product_tag":[90,150,149],"yoast_head":"<!-- This site is optimized with the Yoast SEO plugin v21.0 - https:\/\/yoast.com\/wordpress\/plugins\/seo\/ -->\n<title>Big balls - Ricardo Rodriguez - Vintage Speedworks<\/title>\n<meta name=\"robots\" content=\"index, follow, max-snippet:-1, max-image-preview:large, max-video-preview:-1\" \/>\n<link rel=\"canonical\" href=\"https:\/\/www.vintage-speedworks.nl\/de\/produkt\/big-balls-ricardo-rodriguez\/\" \/>\n<meta property=\"og:locale\" content=\"de_DE\" \/>\n<meta property=\"og:type\" content=\"article\" \/>\n<meta property=\"og:title\" content=\"Big balls - Ricardo Rodriguez - Vintage Speedworks\" \/>\n<meta property=\"og:description\" content=\"Original art by Ricardo Rodriguez:  Dit prachtige werk van Ricardo Rodriguez heeft de naam:\u00a0 &#039;Big balls&#039; [James Hunt]  Ricardo werkt vanuit zijn gallery in Valencia vooral met grijs tinten. De schilderijen die hij maakt zijn\u00a0 altijd &#039;groots&#039;. De geldt voor de afmetingen en zeker ook de diepgang. Hij is erg geinspireerd door vintage helden en de bikers wereld. Met dit prachtige werk portretteert hij James Hunt die bekend staat als een echte charmeur en &#039;old fashion&#039; racer. In een interview met Stirling Moss verklapte hij wat het geheim van zijn snelheid is:\u00a0 Big balls.....\" \/>\n<meta property=\"og:url\" content=\"https:\/\/www.vintage-speedworks.nl\/de\/produkt\/big-balls-ricardo-rodriguez\/\" \/>\n<meta property=\"og:site_name\" content=\"Vintage Speedworks\" \/>\n<meta property=\"article:modified_time\" content=\"2018-10-27T13:52:21+00:00\" \/>\n<meta property=\"og:image\" content=\"https:\/\/i2.wp.com\/www.vintage-speedworks.nl\/wp-content\/uploads\/small_james-hunt-portrait-ricardo-rodriguez-vintage-speedworks-art-e1537441254489.jpeg?fit=800%2C806&ssl=1\" \/>\n\t<meta property=\"og:image:width\" content=\"800\" \/>\n\t<meta property=\"og:image:height\" content=\"806\" \/>\n\t<meta property=\"og:image:type\" content=\"image\/jpeg\" \/>\n<meta name=\"twitter:card\" content=\"summary_large_image\" \/>\n<meta name=\"twitter:label1\" content=\"Gesch\u00e4tzte Lesezeit\" \/>\n\t<meta name=\"twitter:data1\" content=\"1\u00a0Minute\" \/>\n<script type=\"application\/ld+json\" class=\"yoast-schema-graph\">{\"@context\":\"https:\/\/schema.org\",\"@graph\":[{\"@type\":\"WebPage\",\"@id\":\"https:\/\/www.vintage-speedworks.nl\/product\/big-balls-ricardo-rodriguez\/\",\"url\":\"https:\/\/www.vintage-speedworks.nl\/product\/big-balls-ricardo-rodriguez\/\",\"name\":\"Big balls - Ricardo Rodriguez - Vintage Speedworks\",\"isPartOf\":{\"@id\":\"https:\/\/www.vintage-speedworks.nl\/#website\"},\"datePublished\":\"2018-09-20T10:55:28+00:00\",\"dateModified\":\"2018-10-27T13:52:21+00:00\",\"breadcrumb\":{\"@id\":\"https:\/\/www.vintage-speedworks.nl\/product\/big-balls-ricardo-rodriguez\/#breadcrumb\"},\"inLanguage\":\"de\",\"potentialAction\":[{\"@type\":\"ReadAction\",\"target\":[\"https:\/\/www.vintage-speedworks.nl\/product\/big-balls-ricardo-rodriguez\/\"]}]},{\"@type\":\"BreadcrumbList\",\"@id\":\"https:\/\/www.vintage-speedworks.nl\/product\/big-balls-ricardo-rodriguez\/#breadcrumb\",\"itemListElement\":[{\"@type\":\"ListItem\",\"position\":1,\"name\":\"Home\",\"item\":\"https:\/\/www.vintage-speedworks.nl\/\"},{\"@type\":\"ListItem\",\"position\":2,\"name\":\"Webshop\",\"item\":\"https:\/\/www.vintage-speedworks.nl\/webshop\/\"},{\"@type\":\"ListItem\",\"position\":3,\"name\":\"Big balls &#8211; Ricardo Rodriguez\"}]},{\"@type\":\"WebSite\",\"@id\":\"https:\/\/www.vintage-speedworks.nl\/#website\",\"url\":\"https:\/\/www.vintage-speedworks.nl\/\",\"name\":\"Vintage Speedworks\",\"description\":\"Vintage art for speedfreaks\",\"potentialAction\":[{\"@type\":\"SearchAction\",\"target\":{\"@type\":\"EntryPoint\",\"urlTemplate\":\"https:\/\/www.vintage-speedworks.nl\/?s={search_term_string}\"},\"query-input\":\"required name=search_term_string\"}],\"inLanguage\":\"de\"}]}<\/script>\n<!-- \/ Yoast SEO plugin. -->","yoast_head_json":{"title":"Big balls - Ricardo Rodriguez - Vintage Speedworks","robots":{"index":"index","follow":"follow","max-snippet":"max-snippet:-1","max-image-preview":"max-image-preview:large","max-video-preview":"max-video-preview:-1"},"canonical":"https:\/\/www.vintage-speedworks.nl\/de\/produkt\/big-balls-ricardo-rodriguez\/","og_locale":"de_DE","og_type":"article","og_title":"Big balls - Ricardo Rodriguez - Vintage Speedworks","og_description":"Original art by Ricardo Rodriguez:  Dit prachtige werk van Ricardo Rodriguez heeft de naam:\u00a0 'Big balls' [James Hunt]  Ricardo werkt vanuit zijn gallery in Valencia vooral met grijs tinten. De schilderijen die hij maakt zijn\u00a0 altijd 'groots'. De geldt voor de afmetingen en zeker ook de diepgang. Hij is erg geinspireerd door vintage helden en de bikers wereld. Met dit prachtige werk portretteert hij James Hunt die bekend staat als een echte charmeur en 'old fashion' racer. In een interview met Stirling Moss verklapte hij wat het geheim van zijn snelheid is:\u00a0 Big balls.....","og_url":"https:\/\/www.vintage-speedworks.nl\/de\/produkt\/big-balls-ricardo-rodriguez\/","og_site_name":"Vintage Speedworks","article_modified_time":"2018-10-27T13:52:21+00:00","og_image":[{"width":800,"height":806,"url":"https:\/\/i2.wp.com\/www.vintage-speedworks.nl\/wp-content\/uploads\/small_james-hunt-portrait-ricardo-rodriguez-vintage-speedworks-art-e1537441254489.jpeg?fit=800%2C806&ssl=1","type":"image\/jpeg"}],"twitter_card":"summary_large_image","twitter_misc":{"Gesch\u00e4tzte Lesezeit":"1\u00a0Minute"},"schema":{"@context":"https:\/\/schema.org","@graph":[{"@type":"WebPage","@id":"https:\/\/www.vintage-speedworks.nl\/product\/big-balls-ricardo-rodriguez\/","url":"https:\/\/www.vintage-speedworks.nl\/product\/big-balls-ricardo-rodriguez\/","name":"Big balls - Ricardo Rodriguez - Vintage Speedworks","isPartOf":{"@id":"https:\/\/www.vintage-speedworks.nl\/#website"},"datePublished":"2018-09-20T10:55:28+00:00","dateModified":"2018-10-27T13:52:21+00:00","breadcrumb":{"@id":"https:\/\/www.vintage-speedworks.nl\/product\/big-balls-ricardo-rodriguez\/#breadcrumb"},"inLanguage":"de","potentialAction":[{"@type":"ReadAction","target":["https:\/\/www.vintage-speedworks.nl\/product\/big-balls-ricardo-rodriguez\/"]}]},{"@type":"BreadcrumbList","@id":"https:\/\/www.vintage-speedworks.nl\/product\/big-balls-ricardo-rodriguez\/#breadcrumb","itemListElement":[{"@type":"ListItem","position":1,"name":"Home","item":"https:\/\/www.vintage-speedworks.nl\/"},{"@type":"ListItem","position":2,"name":"Webshop","item":"https:\/\/www.vintage-speedworks.nl\/webshop\/"},{"@type":"ListItem","position":3,"name":"Big balls &#8211; Ricardo Rodriguez"}]},{"@type":"WebSite","@id":"https:\/\/www.vintage-speedworks.nl\/#website","url":"https:\/\/www.vintage-speedworks.nl\/","name":"Vintage Speedworks","description":"Vintage art for speedfreaks","potentialAction":[{"@type":"SearchAction","target":{"@type":"EntryPoint","urlTemplate":"https:\/\/www.vintage-speedworks.nl\/?s={search_term_string}"},"query-input":"required name=search_term_string"}],"inLanguage":"de"}]}},"_links":{"self":[{"href":"https:\/\/www.vintage-speedworks.nl\/de\/wp-json\/wp\/v2\/product\/2315"}],"collection":[{"href":"https:\/\/www.vintage-speedworks.nl\/de\/wp-json\/wp\/v2\/product"}],"about":[{"href":"https:\/\/www.vintage-speedworks.nl\/de\/wp-json\/wp\/v2\/types\/product"}],"wp:featuredmedia":[{"embeddable":true,"href":"https:\/\/www.vintage-speedworks.nl\/de\/wp-json\/wp\/v2\/media\/2318"}],"wp:attachment":[{"href":"https:\/\/www.vintage-speedworks.nl\/de\/wp-json\/wp\/v2\/media?parent=2315"}],"wp:term":[{"taxonomy":"product_cat","embeddable":true,"href":"https:\/\/www.vintage-speedworks.nl\/de\/wp-json\/wp\/v2\/product_cat?post=2315"},{"taxonomy":"product_tag","embeddable":true,"href":"https:\/\/www.vintage-speedworks.nl\/de\/wp-json\/wp\/v2\/product_tag?post=2315"}],"curies":[{"name":"wp","href":"https:\/\/api.w.org\/{rel}","templated":true}]}}