{"id":2296,"date":"2018-09-20T09:30:37","date_gmt":"2018-09-20T09:30:37","guid":{"rendered":"https:\/\/www.vintage-speedworks.nl\/?post_type=product&#038;p=2296"},"modified":"2018-10-27T13:52:57","modified_gmt":"2018-10-27T13:52:57","slug":"the-bikers-helmet-ricardo-rodriguez","status":"publish","type":"product","link":"https:\/\/www.vintage-speedworks.nl\/de\/produkt\/the-bikers-helmet-ricardo-rodriguez\/","title":{"rendered":"Der Biker-Helm - Ricardo Rodriguez"},"content":{"rendered":"<p>Originalzeichnungen von Ricardo Rodriguez:<\/p>\n<p>Dieses sch\u00f6ne Werk von Ricardo Rodriguez tr\u00e4gt den Titel: The Bikers Helmet<\/p>\n<p>In seiner Galerie in Valencia arbeitet Ricardo haupts\u00e4chlich mit Graut\u00f6nen. Au\u00dferdem sind die Bilder, die er schafft, immer \"gro\u00df\". Die Dimensionen sind oft gro\u00df und nat\u00fcrlich auch die Tiefe. Er ist sehr inspiriert vom Vintage-Stil und der Welt der Biker. Diese Leinwand ist 195 x 150 cm gro\u00df, ein echter Blickfang in Ihrem Zuhause. Der Vintage-Motorradhelm und der tiefe Blick des Fahrers machen es zu einem sch\u00f6nen und ausgewogenen Ganzen.<\/p>\n<h2><b>Einzelheiten:<\/b><\/h2>\n<ul>\n<li>Originalgem\u00e4lde '\u00d6l auf Leinwand' von Ricardo Rodriguez (Valencia)<\/li>\n<li>Nur 1 Exemplar vorhanden, vollst\u00e4ndig unterzeichnet und mit Zertifikat<\/li>\n<\/ul>\n<h2><b>Afmeti<\/b><b>ngen<\/b><b>:<\/b><\/h2>\n<ul>\n<li>Abmessungen (cm): 195,0 x 150,0 cm<\/li>\n<\/ul>\n<h2>Lieferung:<\/h2>\n<ul>\n<li>Versand innerhalb von 10 Tagen<\/li>\n<\/ul>\n<p>&nbsp;<\/p>","protected":false},"excerpt":{"rendered":"<p>Originalzeichnungen von Ricardo Rodriguez:<\/p>\n<p>Dieses sch\u00f6ne Werk von Ricardo Rodriguez tr\u00e4gt den Titel: The Bikers Helmet<\/p>\n<p>In seiner Galerie in Valencia arbeitet Ricardo haupts\u00e4chlich mit Graut\u00f6nen. Au\u00dferdem sind die Bilder, die er schafft, immer \"gro\u00df\". Die Dimensionen sind oft gro\u00df und nat\u00fcrlich auch die Tiefe. Er ist sehr inspiriert vom Vintage-Stil und der Welt der Biker. Diese Leinwand ist 195 x 150 cm gro\u00df, ein echter Blickfang in Ihrem Zuhause. Der Vintage-Motorradhelm und der tiefe Blick des Fahrers machen es zu einem sch\u00f6nen und ausgewogenen Ganzen.<\/p>\n<p>Welt der Biker.<\/p>\n<p>&nbsp;<\/p>\n<p>&nbsp;<\/p>","protected":false},"featured_media":2301,"template":"","meta":{"_exactmetrics_skip_tracking":false,"_exactmetrics_sitenote_active":false,"_exactmetrics_sitenote_note":"","_exactmetrics_sitenote_category":0,"jetpack_post_was_ever_published":false},"product_cat":[121,137],"product_tag":[103,90,136,62],"yoast_head":"<!-- This site is optimized with the Yoast SEO plugin v21.0 - https:\/\/yoast.com\/wordpress\/plugins\/seo\/ -->\n<title>The Bikers Helmet - Ricardo Rodriguez - Vintage Speedworks<\/title>\n<meta name=\"robots\" content=\"index, follow, max-snippet:-1, max-image-preview:large, max-video-preview:-1\" \/>\n<link rel=\"canonical\" href=\"https:\/\/www.vintage-speedworks.nl\/de\/produkt\/the-bikers-helmet-ricardo-rodriguez\/\" \/>\n<meta property=\"og:locale\" content=\"de_DE\" \/>\n<meta property=\"og:type\" content=\"article\" \/>\n<meta property=\"og:title\" content=\"The Bikers Helmet - Ricardo Rodriguez - Vintage Speedworks\" \/>\n<meta property=\"og:description\" content=\"Original art by Ricardo Rodriguez:  Dit prachtige werk van Ricardo Rodriguez heeft de naam:\u00a0 The Bikers Helmet  Ricardo werkt vanuit zijn gallery in Valencia vooral met grijs tinten. De schilderijen die hij maakt zijn daarnaast altijd &#039;groots&#039;. De afmetingen zijn vaak groot en zeker ook de diepgang. Hij is erg geinspireerd door vintage style en de bikers wereld. Dit doek is 195 x 150 cm, een echte eye-catcher in je huis. De vintage motor helm en de diepe blik van de coureur maken het tot een prachtig en gebalanceerd geheel.  bikers wereld.  &nbsp;  &nbsp;\" \/>\n<meta property=\"og:url\" content=\"https:\/\/www.vintage-speedworks.nl\/de\/produkt\/the-bikers-helmet-ricardo-rodriguez\/\" \/>\n<meta property=\"og:site_name\" content=\"Vintage Speedworks\" \/>\n<meta property=\"article:modified_time\" content=\"2018-10-27T13:52:57+00:00\" \/>\n<meta property=\"og:image\" content=\"https:\/\/i0.wp.com\/www.vintage-speedworks.nl\/wp-content\/uploads\/small_helmet-3-rodriquez-art-vintage-speedworks-e1537436512483.jpg?fit=800%2C822&ssl=1\" \/>\n\t<meta property=\"og:image:width\" content=\"800\" \/>\n\t<meta property=\"og:image:height\" content=\"822\" \/>\n\t<meta property=\"og:image:type\" content=\"image\/jpeg\" \/>\n<meta name=\"twitter:card\" content=\"summary_large_image\" \/>\n<meta name=\"twitter:label1\" content=\"Gesch\u00e4tzte Lesezeit\" \/>\n\t<meta name=\"twitter:data1\" content=\"1\u00a0Minute\" \/>\n<script type=\"application\/ld+json\" class=\"yoast-schema-graph\">{\"@context\":\"https:\/\/schema.org\",\"@graph\":[{\"@type\":\"WebPage\",\"@id\":\"https:\/\/www.vintage-speedworks.nl\/product\/the-bikers-helmet-ricardo-rodriguez\/\",\"url\":\"https:\/\/www.vintage-speedworks.nl\/product\/the-bikers-helmet-ricardo-rodriguez\/\",\"name\":\"The Bikers Helmet - Ricardo Rodriguez - Vintage Speedworks\",\"isPartOf\":{\"@id\":\"https:\/\/www.vintage-speedworks.nl\/#website\"},\"datePublished\":\"2018-09-20T09:30:37+00:00\",\"dateModified\":\"2018-10-27T13:52:57+00:00\",\"breadcrumb\":{\"@id\":\"https:\/\/www.vintage-speedworks.nl\/product\/the-bikers-helmet-ricardo-rodriguez\/#breadcrumb\"},\"inLanguage\":\"de\",\"potentialAction\":[{\"@type\":\"ReadAction\",\"target\":[\"https:\/\/www.vintage-speedworks.nl\/product\/the-bikers-helmet-ricardo-rodriguez\/\"]}]},{\"@type\":\"BreadcrumbList\",\"@id\":\"https:\/\/www.vintage-speedworks.nl\/product\/the-bikers-helmet-ricardo-rodriguez\/#breadcrumb\",\"itemListElement\":[{\"@type\":\"ListItem\",\"position\":1,\"name\":\"Home\",\"item\":\"https:\/\/www.vintage-speedworks.nl\/\"},{\"@type\":\"ListItem\",\"position\":2,\"name\":\"Webshop\",\"item\":\"https:\/\/www.vintage-speedworks.nl\/webshop\/\"},{\"@type\":\"ListItem\",\"position\":3,\"name\":\"The Bikers Helmet &#8211; Ricardo Rodriguez\"}]},{\"@type\":\"WebSite\",\"@id\":\"https:\/\/www.vintage-speedworks.nl\/#website\",\"url\":\"https:\/\/www.vintage-speedworks.nl\/\",\"name\":\"Vintage Speedworks\",\"description\":\"Vintage art for speedfreaks\",\"potentialAction\":[{\"@type\":\"SearchAction\",\"target\":{\"@type\":\"EntryPoint\",\"urlTemplate\":\"https:\/\/www.vintage-speedworks.nl\/?s={search_term_string}\"},\"query-input\":\"required name=search_term_string\"}],\"inLanguage\":\"de\"}]}<\/script>\n<!-- \/ Yoast SEO plugin. -->","yoast_head_json":{"title":"The Bikers Helmet - Ricardo Rodriguez - Vintage Speedworks","robots":{"index":"index","follow":"follow","max-snippet":"max-snippet:-1","max-image-preview":"max-image-preview:large","max-video-preview":"max-video-preview:-1"},"canonical":"https:\/\/www.vintage-speedworks.nl\/de\/produkt\/the-bikers-helmet-ricardo-rodriguez\/","og_locale":"de_DE","og_type":"article","og_title":"The Bikers Helmet - Ricardo Rodriguez - Vintage Speedworks","og_description":"Original art by Ricardo Rodriguez:  Dit prachtige werk van Ricardo Rodriguez heeft de naam:\u00a0 The Bikers Helmet  Ricardo werkt vanuit zijn gallery in Valencia vooral met grijs tinten. De schilderijen die hij maakt zijn daarnaast altijd 'groots'. De afmetingen zijn vaak groot en zeker ook de diepgang. Hij is erg geinspireerd door vintage style en de bikers wereld. Dit doek is 195 x 150 cm, een echte eye-catcher in je huis. De vintage motor helm en de diepe blik van de coureur maken het tot een prachtig en gebalanceerd geheel.  bikers wereld.  &nbsp;  &nbsp;","og_url":"https:\/\/www.vintage-speedworks.nl\/de\/produkt\/the-bikers-helmet-ricardo-rodriguez\/","og_site_name":"Vintage Speedworks","article_modified_time":"2018-10-27T13:52:57+00:00","og_image":[{"width":800,"height":822,"url":"https:\/\/i0.wp.com\/www.vintage-speedworks.nl\/wp-content\/uploads\/small_helmet-3-rodriquez-art-vintage-speedworks-e1537436512483.jpg?fit=800%2C822&ssl=1","type":"image\/jpeg"}],"twitter_card":"summary_large_image","twitter_misc":{"Gesch\u00e4tzte Lesezeit":"1\u00a0Minute"},"schema":{"@context":"https:\/\/schema.org","@graph":[{"@type":"WebPage","@id":"https:\/\/www.vintage-speedworks.nl\/product\/the-bikers-helmet-ricardo-rodriguez\/","url":"https:\/\/www.vintage-speedworks.nl\/product\/the-bikers-helmet-ricardo-rodriguez\/","name":"The Bikers Helmet - Ricardo Rodriguez - Vintage Speedworks","isPartOf":{"@id":"https:\/\/www.vintage-speedworks.nl\/#website"},"datePublished":"2018-09-20T09:30:37+00:00","dateModified":"2018-10-27T13:52:57+00:00","breadcrumb":{"@id":"https:\/\/www.vintage-speedworks.nl\/product\/the-bikers-helmet-ricardo-rodriguez\/#breadcrumb"},"inLanguage":"de","potentialAction":[{"@type":"ReadAction","target":["https:\/\/www.vintage-speedworks.nl\/product\/the-bikers-helmet-ricardo-rodriguez\/"]}]},{"@type":"BreadcrumbList","@id":"https:\/\/www.vintage-speedworks.nl\/product\/the-bikers-helmet-ricardo-rodriguez\/#breadcrumb","itemListElement":[{"@type":"ListItem","position":1,"name":"Home","item":"https:\/\/www.vintage-speedworks.nl\/"},{"@type":"ListItem","position":2,"name":"Webshop","item":"https:\/\/www.vintage-speedworks.nl\/webshop\/"},{"@type":"ListItem","position":3,"name":"The Bikers Helmet &#8211; Ricardo Rodriguez"}]},{"@type":"WebSite","@id":"https:\/\/www.vintage-speedworks.nl\/#website","url":"https:\/\/www.vintage-speedworks.nl\/","name":"Vintage Speedworks","description":"Vintage art for speedfreaks","potentialAction":[{"@type":"SearchAction","target":{"@type":"EntryPoint","urlTemplate":"https:\/\/www.vintage-speedworks.nl\/?s={search_term_string}"},"query-input":"required name=search_term_string"}],"inLanguage":"de"}]}},"_links":{"self":[{"href":"https:\/\/www.vintage-speedworks.nl\/de\/wp-json\/wp\/v2\/product\/2296"}],"collection":[{"href":"https:\/\/www.vintage-speedworks.nl\/de\/wp-json\/wp\/v2\/product"}],"about":[{"href":"https:\/\/www.vintage-speedworks.nl\/de\/wp-json\/wp\/v2\/types\/product"}],"wp:featuredmedia":[{"embeddable":true,"href":"https:\/\/www.vintage-speedworks.nl\/de\/wp-json\/wp\/v2\/media\/2301"}],"wp:attachment":[{"href":"https:\/\/www.vintage-speedworks.nl\/de\/wp-json\/wp\/v2\/media?parent=2296"}],"wp:term":[{"taxonomy":"product_cat","embeddable":true,"href":"https:\/\/www.vintage-speedworks.nl\/de\/wp-json\/wp\/v2\/product_cat?post=2296"},{"taxonomy":"product_tag","embeddable":true,"href":"https:\/\/www.vintage-speedworks.nl\/de\/wp-json\/wp\/v2\/product_tag?post=2296"}],"curies":[{"name":"wp","href":"https:\/\/api.w.org\/{rel}","templated":true}]}}