{"id":2210,"date":"2018-08-24T19:00:32","date_gmt":"2018-08-24T19:00:32","guid":{"rendered":"https:\/\/www.vintage-speedworks.nl\/?post_type=product&#038;p=2210"},"modified":"2019-08-23T11:34:57","modified_gmt":"2019-08-23T11:34:57","slug":"ayrton-senna-in-focus","status":"publish","type":"product","link":"https:\/\/www.vintage-speedworks.nl\/de\/produkt\/ayrton-senna-in-focus\/","title":{"rendered":"Ayrton Senna - Im Blickpunkt"},"content":{"rendered":"<p>F\u00fcr viele ist Ayrton Senna der beste Fahrer aller Zeiten. Besonders der erbitterte Kampf mit Alain Prost brachte ihn an seine Grenzen. Das Wort Aufgeben gab es f\u00fcr ihn nicht und so mancher Kampf wurde bis zum \u00c4u\u00dfersten gef\u00fchrt.<\/p>\n<p>Die Rennen in Monaco und auch das Regenrennen in Donnington Park machen ihn zu einer echten Legende, zu einem echten Champion. Tom Havlasek interessiert sich immer noch sehr f\u00fcr die \u00c4ra der echten Helden: Lauda, Prost, Hunt und nat\u00fcrlich Senna. Dieses Gem\u00e4lde l\u00e4sst uns ganz nah an den Fahrer herankommen, denn die Leinwand ist gr\u00f6\u00dftenteils mit dem Cockpit seines MP4\/6 gef\u00fcllt.<\/p>\n<p>Das Gem\u00e4lde ist ein \"Unikat\" und daher ist nur 1 Originalexemplar im Umlauf.<\/p>\n<h2><b>Einzelheiten:<\/b><\/h2>\n<ul>\n<li>Original-Akril-Gem\u00e4lde von Tom Havlasek<\/li>\n<li>Nur 1 Exemplar vorhanden, vollst\u00e4ndig unterzeichnet und mit Zertifikat<\/li>\n<\/ul>\n<h2><b>Afmeti<\/b><b>ngen<\/b><b>:<\/b><\/h2>\n<ul>\n<li>Abmessungen (cm): 95,0 x 95,0 cm<\/li>\n<\/ul>\n<h2>Lieferung:<\/h2>\n<ul>\n<li>Lieferfrist 2 Wochen<\/li>\n<\/ul>\n<p>&nbsp;<\/p>","protected":false},"excerpt":{"rendered":"<p>Originalzeichnungen von Tom Havlasek.<\/p>\n<p>Ayrton Senna in voller Konzentration w\u00e4hrend des GP von Monaco 1991<\/p>","protected":false},"featured_media":2215,"template":"","meta":{"_exactmetrics_skip_tracking":false,"_exactmetrics_sitenote_active":false,"_exactmetrics_sitenote_note":"","_exactmetrics_sitenote_category":0,"jetpack_post_was_ever_published":false},"product_cat":[121,138],"product_tag":[34,39,78,99,86],"yoast_head":"<!-- This site is optimized with the Yoast SEO plugin v21.0 - https:\/\/yoast.com\/wordpress\/plugins\/seo\/ -->\n<title>Ayrton Senna - In Focus - Vintage Speedworks<\/title>\n<meta name=\"robots\" content=\"index, follow, max-snippet:-1, max-image-preview:large, max-video-preview:-1\" \/>\n<link rel=\"canonical\" href=\"https:\/\/www.vintage-speedworks.nl\/de\/produkt\/ayrton-senna-in-focus\/\" \/>\n<meta property=\"og:locale\" content=\"de_DE\" \/>\n<meta property=\"og:type\" content=\"article\" \/>\n<meta property=\"og:title\" content=\"Ayrton Senna - In Focus - Vintage Speedworks\" \/>\n<meta property=\"og:description\" content=\"Original Art by Tom Havlasek.  Ayrton Senna in full focus during the 1991 Monaco GP\" \/>\n<meta property=\"og:url\" content=\"https:\/\/www.vintage-speedworks.nl\/de\/produkt\/ayrton-senna-in-focus\/\" \/>\n<meta property=\"og:site_name\" content=\"Vintage Speedworks\" \/>\n<meta property=\"article:modified_time\" content=\"2019-08-23T11:34:57+00:00\" \/>\n<meta property=\"og:image\" content=\"https:\/\/i2.wp.com\/www.vintage-speedworks.nl\/wp-content\/uploads\/senna-mclaren-artwork-original_front-1-e1566560073881.jpg?fit=680%2C654&ssl=1\" \/>\n\t<meta property=\"og:image:width\" content=\"680\" \/>\n\t<meta property=\"og:image:height\" content=\"654\" \/>\n\t<meta property=\"og:image:type\" content=\"image\/jpeg\" \/>\n<meta name=\"twitter:card\" content=\"summary_large_image\" \/>\n<meta name=\"twitter:label1\" content=\"Gesch\u00e4tzte Lesezeit\" \/>\n\t<meta name=\"twitter:data1\" content=\"1\u00a0Minute\" \/>\n<script type=\"application\/ld+json\" class=\"yoast-schema-graph\">{\"@context\":\"https:\/\/schema.org\",\"@graph\":[{\"@type\":\"WebPage\",\"@id\":\"https:\/\/www.vintage-speedworks.nl\/product\/ayrton-senna-in-focus\/\",\"url\":\"https:\/\/www.vintage-speedworks.nl\/product\/ayrton-senna-in-focus\/\",\"name\":\"Ayrton Senna - In Focus - Vintage Speedworks\",\"isPartOf\":{\"@id\":\"https:\/\/www.vintage-speedworks.nl\/#website\"},\"datePublished\":\"2018-08-24T19:00:32+00:00\",\"dateModified\":\"2019-08-23T11:34:57+00:00\",\"breadcrumb\":{\"@id\":\"https:\/\/www.vintage-speedworks.nl\/product\/ayrton-senna-in-focus\/#breadcrumb\"},\"inLanguage\":\"de\",\"potentialAction\":[{\"@type\":\"ReadAction\",\"target\":[\"https:\/\/www.vintage-speedworks.nl\/product\/ayrton-senna-in-focus\/\"]}]},{\"@type\":\"BreadcrumbList\",\"@id\":\"https:\/\/www.vintage-speedworks.nl\/product\/ayrton-senna-in-focus\/#breadcrumb\",\"itemListElement\":[{\"@type\":\"ListItem\",\"position\":1,\"name\":\"Home\",\"item\":\"https:\/\/www.vintage-speedworks.nl\/\"},{\"@type\":\"ListItem\",\"position\":2,\"name\":\"Webshop\",\"item\":\"https:\/\/www.vintage-speedworks.nl\/webshop\/\"},{\"@type\":\"ListItem\",\"position\":3,\"name\":\"Ayrton Senna &#8211; In Focus\"}]},{\"@type\":\"WebSite\",\"@id\":\"https:\/\/www.vintage-speedworks.nl\/#website\",\"url\":\"https:\/\/www.vintage-speedworks.nl\/\",\"name\":\"Vintage Speedworks\",\"description\":\"Vintage art for speedfreaks\",\"potentialAction\":[{\"@type\":\"SearchAction\",\"target\":{\"@type\":\"EntryPoint\",\"urlTemplate\":\"https:\/\/www.vintage-speedworks.nl\/?s={search_term_string}\"},\"query-input\":\"required name=search_term_string\"}],\"inLanguage\":\"de\"}]}<\/script>\n<!-- \/ Yoast SEO plugin. -->","yoast_head_json":{"title":"Ayrton Senna - In Focus - Vintage Speedworks","robots":{"index":"index","follow":"follow","max-snippet":"max-snippet:-1","max-image-preview":"max-image-preview:large","max-video-preview":"max-video-preview:-1"},"canonical":"https:\/\/www.vintage-speedworks.nl\/de\/produkt\/ayrton-senna-in-focus\/","og_locale":"de_DE","og_type":"article","og_title":"Ayrton Senna - In Focus - Vintage Speedworks","og_description":"Original Art by Tom Havlasek.  Ayrton Senna in full focus during the 1991 Monaco GP","og_url":"https:\/\/www.vintage-speedworks.nl\/de\/produkt\/ayrton-senna-in-focus\/","og_site_name":"Vintage Speedworks","article_modified_time":"2019-08-23T11:34:57+00:00","og_image":[{"width":680,"height":654,"url":"https:\/\/i2.wp.com\/www.vintage-speedworks.nl\/wp-content\/uploads\/senna-mclaren-artwork-original_front-1-e1566560073881.jpg?fit=680%2C654&ssl=1","type":"image\/jpeg"}],"twitter_card":"summary_large_image","twitter_misc":{"Gesch\u00e4tzte Lesezeit":"1\u00a0Minute"},"schema":{"@context":"https:\/\/schema.org","@graph":[{"@type":"WebPage","@id":"https:\/\/www.vintage-speedworks.nl\/product\/ayrton-senna-in-focus\/","url":"https:\/\/www.vintage-speedworks.nl\/product\/ayrton-senna-in-focus\/","name":"Ayrton Senna - In Focus - Vintage Speedworks","isPartOf":{"@id":"https:\/\/www.vintage-speedworks.nl\/#website"},"datePublished":"2018-08-24T19:00:32+00:00","dateModified":"2019-08-23T11:34:57+00:00","breadcrumb":{"@id":"https:\/\/www.vintage-speedworks.nl\/product\/ayrton-senna-in-focus\/#breadcrumb"},"inLanguage":"de","potentialAction":[{"@type":"ReadAction","target":["https:\/\/www.vintage-speedworks.nl\/product\/ayrton-senna-in-focus\/"]}]},{"@type":"BreadcrumbList","@id":"https:\/\/www.vintage-speedworks.nl\/product\/ayrton-senna-in-focus\/#breadcrumb","itemListElement":[{"@type":"ListItem","position":1,"name":"Home","item":"https:\/\/www.vintage-speedworks.nl\/"},{"@type":"ListItem","position":2,"name":"Webshop","item":"https:\/\/www.vintage-speedworks.nl\/webshop\/"},{"@type":"ListItem","position":3,"name":"Ayrton Senna &#8211; In Focus"}]},{"@type":"WebSite","@id":"https:\/\/www.vintage-speedworks.nl\/#website","url":"https:\/\/www.vintage-speedworks.nl\/","name":"Vintage Speedworks","description":"Vintage art for speedfreaks","potentialAction":[{"@type":"SearchAction","target":{"@type":"EntryPoint","urlTemplate":"https:\/\/www.vintage-speedworks.nl\/?s={search_term_string}"},"query-input":"required name=search_term_string"}],"inLanguage":"de"}]}},"_links":{"self":[{"href":"https:\/\/www.vintage-speedworks.nl\/de\/wp-json\/wp\/v2\/product\/2210"}],"collection":[{"href":"https:\/\/www.vintage-speedworks.nl\/de\/wp-json\/wp\/v2\/product"}],"about":[{"href":"https:\/\/www.vintage-speedworks.nl\/de\/wp-json\/wp\/v2\/types\/product"}],"wp:featuredmedia":[{"embeddable":true,"href":"https:\/\/www.vintage-speedworks.nl\/de\/wp-json\/wp\/v2\/media\/2215"}],"wp:attachment":[{"href":"https:\/\/www.vintage-speedworks.nl\/de\/wp-json\/wp\/v2\/media?parent=2210"}],"wp:term":[{"taxonomy":"product_cat","embeddable":true,"href":"https:\/\/www.vintage-speedworks.nl\/de\/wp-json\/wp\/v2\/product_cat?post=2210"},{"taxonomy":"product_tag","embeddable":true,"href":"https:\/\/www.vintage-speedworks.nl\/de\/wp-json\/wp\/v2\/product_tag?post=2210"}],"curies":[{"name":"wp","href":"https:\/\/api.w.org\/{rel}","templated":true}]}}