{"id":2194,"date":"2018-08-11T15:44:56","date_gmt":"2018-08-11T15:44:56","guid":{"rendered":"https:\/\/www.vintage-speedworks.nl\/?post_type=product&#038;p=2194"},"modified":"2019-08-23T11:38:09","modified_gmt":"2019-08-23T11:38:09","slug":"austin-martin-lmp1-007","status":"publish","type":"product","link":"https:\/\/www.vintage-speedworks.nl\/de\/produkt\/austin-martin-lmp1-007\/","title":{"rendered":"Austin Martin - LMP1 007"},"content":{"rendered":"<p>Austin Martin ist eine Marke mit echtem \"Erbe\". Seit vielen Jahren werden die Fahrzeuge bei den gr\u00f6\u00dften Rennen und GT-Meisterschaften eingesetzt. Nach mehreren Erfolgen in Le Mans beschloss Austin Martin, f\u00fcr 2008 gemeinsam mit Lola ein LMP1-Auto zu entwickeln. Beim Le-Mans-Rennen 2009 belegte der Wagen mit der ikonischen Nummer 007 den 4. Platz in der Gesamtwertung. Fahrer: Tomas Enge, Jan Charouz und Stefan Mucke.<\/p>\n<p>Nicht zuletzt wegen des Gulf-Sponsorings und der 007-Nummer ist das Auto bereits ein echter Klassiker. Tom Halvasek zeigt seine Leidenschaft und sein K\u00f6nnen in diesem originellen Werk. Durch seinen einzigartigen Malstil spritzt die Geschwindigkeit von der Leinwand....<\/p>\n<h2><b>Einzelheiten:<\/b><\/h2>\n<ul>\n<li>Original-Akril-Gem\u00e4lde von Tom Havlasek<\/li>\n<li>Nur 1 Exemplar vorhanden, vollst\u00e4ndig unterzeichnet und mit Zertifikat<\/li>\n<\/ul>\n<h2><b>Afmeti<\/b><b>ngen<\/b><b>:<\/b><\/h2>\n<ul>\n<li>Abmessungen (cm): 95,0 x 95,0 cm<\/li>\n<\/ul>\n<h2>Lieferung:<\/h2>\n<ul>\n<li>Lieferfrist 2 Wochen<\/li>\n<\/ul>\n<p>&nbsp;<\/p>","protected":false},"excerpt":{"rendered":"<p>Originalzeichnungen von Tom Havlasek.<\/p>\n<p>Der klassische Austin Martin LMP1-Wagen aus dem Le Mans-Rennen 2009 mit der Nummer 007<\/p>","protected":false},"featured_media":2196,"template":"","meta":{"_exactmetrics_skip_tracking":false,"_exactmetrics_sitenote_active":false,"_exactmetrics_sitenote_note":"","_exactmetrics_sitenote_category":0,"jetpack_post_was_ever_published":false},"product_cat":[121,138],"product_tag":[36,34,39,78,86,38],"yoast_head":"<!-- This site is optimized with the Yoast SEO plugin v21.0 - https:\/\/yoast.com\/wordpress\/plugins\/seo\/ -->\n<title>Austin Martin - LMP1 007 - Vintage Speedworks<\/title>\n<meta name=\"robots\" content=\"index, follow, max-snippet:-1, max-image-preview:large, max-video-preview:-1\" \/>\n<link rel=\"canonical\" href=\"https:\/\/www.vintage-speedworks.nl\/de\/produkt\/austin-martin-lmp1-007\/\" \/>\n<meta property=\"og:locale\" content=\"de_DE\" \/>\n<meta property=\"og:type\" content=\"article\" \/>\n<meta property=\"og:title\" content=\"Austin Martin - LMP1 007 - Vintage Speedworks\" \/>\n<meta property=\"og:description\" content=\"Original Art by Tom Havlasek.  The classic Austin Martin LMP1 car from the 2009 Le Mans race with number 007\" \/>\n<meta property=\"og:url\" content=\"https:\/\/www.vintage-speedworks.nl\/de\/produkt\/austin-martin-lmp1-007\/\" \/>\n<meta property=\"og:site_name\" content=\"Vintage Speedworks\" \/>\n<meta property=\"article:modified_time\" content=\"2019-08-23T11:38:09+00:00\" \/>\n<meta property=\"og:image\" content=\"https:\/\/i0.wp.com\/www.vintage-speedworks.nl\/wp-content\/uploads\/007-austin-martin-lemans-art_front_page-e1566560279119.jpg?fit=680%2C676&ssl=1\" \/>\n\t<meta property=\"og:image:width\" content=\"680\" \/>\n\t<meta property=\"og:image:height\" content=\"676\" \/>\n\t<meta property=\"og:image:type\" content=\"image\/jpeg\" \/>\n<meta name=\"twitter:card\" content=\"summary_large_image\" \/>\n<meta name=\"twitter:label1\" content=\"Gesch\u00e4tzte Lesezeit\" \/>\n\t<meta name=\"twitter:data1\" content=\"1\u00a0Minute\" \/>\n<script type=\"application\/ld+json\" class=\"yoast-schema-graph\">{\"@context\":\"https:\/\/schema.org\",\"@graph\":[{\"@type\":\"WebPage\",\"@id\":\"https:\/\/www.vintage-speedworks.nl\/product\/austin-martin-lmp1-007\/\",\"url\":\"https:\/\/www.vintage-speedworks.nl\/product\/austin-martin-lmp1-007\/\",\"name\":\"Austin Martin - LMP1 007 - Vintage Speedworks\",\"isPartOf\":{\"@id\":\"https:\/\/www.vintage-speedworks.nl\/#website\"},\"datePublished\":\"2018-08-11T15:44:56+00:00\",\"dateModified\":\"2019-08-23T11:38:09+00:00\",\"breadcrumb\":{\"@id\":\"https:\/\/www.vintage-speedworks.nl\/product\/austin-martin-lmp1-007\/#breadcrumb\"},\"inLanguage\":\"de\",\"potentialAction\":[{\"@type\":\"ReadAction\",\"target\":[\"https:\/\/www.vintage-speedworks.nl\/product\/austin-martin-lmp1-007\/\"]}]},{\"@type\":\"BreadcrumbList\",\"@id\":\"https:\/\/www.vintage-speedworks.nl\/product\/austin-martin-lmp1-007\/#breadcrumb\",\"itemListElement\":[{\"@type\":\"ListItem\",\"position\":1,\"name\":\"Home\",\"item\":\"https:\/\/www.vintage-speedworks.nl\/\"},{\"@type\":\"ListItem\",\"position\":2,\"name\":\"Webshop\",\"item\":\"https:\/\/www.vintage-speedworks.nl\/webshop\/\"},{\"@type\":\"ListItem\",\"position\":3,\"name\":\"Austin Martin &#8211; LMP1 007\"}]},{\"@type\":\"WebSite\",\"@id\":\"https:\/\/www.vintage-speedworks.nl\/#website\",\"url\":\"https:\/\/www.vintage-speedworks.nl\/\",\"name\":\"Vintage Speedworks\",\"description\":\"Vintage art for speedfreaks\",\"potentialAction\":[{\"@type\":\"SearchAction\",\"target\":{\"@type\":\"EntryPoint\",\"urlTemplate\":\"https:\/\/www.vintage-speedworks.nl\/?s={search_term_string}\"},\"query-input\":\"required name=search_term_string\"}],\"inLanguage\":\"de\"}]}<\/script>\n<!-- \/ Yoast SEO plugin. -->","yoast_head_json":{"title":"Austin Martin - LMP1 007 - Vintage Speedworks","robots":{"index":"index","follow":"follow","max-snippet":"max-snippet:-1","max-image-preview":"max-image-preview:large","max-video-preview":"max-video-preview:-1"},"canonical":"https:\/\/www.vintage-speedworks.nl\/de\/produkt\/austin-martin-lmp1-007\/","og_locale":"de_DE","og_type":"article","og_title":"Austin Martin - LMP1 007 - Vintage Speedworks","og_description":"Original Art by Tom Havlasek.  The classic Austin Martin LMP1 car from the 2009 Le Mans race with number 007","og_url":"https:\/\/www.vintage-speedworks.nl\/de\/produkt\/austin-martin-lmp1-007\/","og_site_name":"Vintage Speedworks","article_modified_time":"2019-08-23T11:38:09+00:00","og_image":[{"width":680,"height":676,"url":"https:\/\/i0.wp.com\/www.vintage-speedworks.nl\/wp-content\/uploads\/007-austin-martin-lemans-art_front_page-e1566560279119.jpg?fit=680%2C676&ssl=1","type":"image\/jpeg"}],"twitter_card":"summary_large_image","twitter_misc":{"Gesch\u00e4tzte Lesezeit":"1\u00a0Minute"},"schema":{"@context":"https:\/\/schema.org","@graph":[{"@type":"WebPage","@id":"https:\/\/www.vintage-speedworks.nl\/product\/austin-martin-lmp1-007\/","url":"https:\/\/www.vintage-speedworks.nl\/product\/austin-martin-lmp1-007\/","name":"Austin Martin - LMP1 007 - Vintage Speedworks","isPartOf":{"@id":"https:\/\/www.vintage-speedworks.nl\/#website"},"datePublished":"2018-08-11T15:44:56+00:00","dateModified":"2019-08-23T11:38:09+00:00","breadcrumb":{"@id":"https:\/\/www.vintage-speedworks.nl\/product\/austin-martin-lmp1-007\/#breadcrumb"},"inLanguage":"de","potentialAction":[{"@type":"ReadAction","target":["https:\/\/www.vintage-speedworks.nl\/product\/austin-martin-lmp1-007\/"]}]},{"@type":"BreadcrumbList","@id":"https:\/\/www.vintage-speedworks.nl\/product\/austin-martin-lmp1-007\/#breadcrumb","itemListElement":[{"@type":"ListItem","position":1,"name":"Home","item":"https:\/\/www.vintage-speedworks.nl\/"},{"@type":"ListItem","position":2,"name":"Webshop","item":"https:\/\/www.vintage-speedworks.nl\/webshop\/"},{"@type":"ListItem","position":3,"name":"Austin Martin &#8211; LMP1 007"}]},{"@type":"WebSite","@id":"https:\/\/www.vintage-speedworks.nl\/#website","url":"https:\/\/www.vintage-speedworks.nl\/","name":"Vintage Speedworks","description":"Vintage art for speedfreaks","potentialAction":[{"@type":"SearchAction","target":{"@type":"EntryPoint","urlTemplate":"https:\/\/www.vintage-speedworks.nl\/?s={search_term_string}"},"query-input":"required name=search_term_string"}],"inLanguage":"de"}]}},"_links":{"self":[{"href":"https:\/\/www.vintage-speedworks.nl\/de\/wp-json\/wp\/v2\/product\/2194"}],"collection":[{"href":"https:\/\/www.vintage-speedworks.nl\/de\/wp-json\/wp\/v2\/product"}],"about":[{"href":"https:\/\/www.vintage-speedworks.nl\/de\/wp-json\/wp\/v2\/types\/product"}],"wp:featuredmedia":[{"embeddable":true,"href":"https:\/\/www.vintage-speedworks.nl\/de\/wp-json\/wp\/v2\/media\/2196"}],"wp:attachment":[{"href":"https:\/\/www.vintage-speedworks.nl\/de\/wp-json\/wp\/v2\/media?parent=2194"}],"wp:term":[{"taxonomy":"product_cat","embeddable":true,"href":"https:\/\/www.vintage-speedworks.nl\/de\/wp-json\/wp\/v2\/product_cat?post=2194"},{"taxonomy":"product_tag","embeddable":true,"href":"https:\/\/www.vintage-speedworks.nl\/de\/wp-json\/wp\/v2\/product_tag?post=2194"}],"curies":[{"name":"wp","href":"https:\/\/api.w.org\/{rel}","templated":true}]}}