{"id":2175,"date":"2018-08-11T12:00:05","date_gmt":"2018-08-11T12:00:05","guid":{"rendered":"https:\/\/www.vintage-speedworks.nl\/?post_type=product&#038;p=2175"},"modified":"2019-01-03T17:44:24","modified_gmt":"2019-01-03T17:44:24","slug":"legends-porsche-956","status":"publish","type":"product","link":"https:\/\/www.vintage-speedworks.nl\/de\/produkt\/legends-porsche-956\/","title":{"rendered":"LEGENDS - Porsche 956"},"content":{"rendered":"<p>Jedes Auto kann eine Legende werden<\/p>\n<p>Alte Legenden werden mit der Kunst von AfterTheRace wiederbelebt. Designs und Stripings legend\u00e4rer Autos und Rennen werden in einer v\u00f6llig einzigartigen und detaillierten Weise wieder zum Leben erweckt. Die Kunstwerke verdienen einen prominenten Platz in jedermanns Wohnzimmer, Arbeitszimmer oder B\u00fcro.<\/p>\n<p>Das Rennen von Le Mans 1982 war ein reines Porsche-Podium. Der Porsche 956 war aufgrund seiner Schnelligkeit und Zuverl\u00e4ssigkeit das Ma\u00df aller Dinge. Das Duo Jacky Icks und Derek Bell gewann das Rennen mit dem von Rothmans gesponserten Auto. Die Partnerschaft von Porsche und Rothmans war in Le Mans und sogar bei der Dakar sehr erfolgreich. Was uns betrifft, so geh\u00f6rt die Lackierung in die Liste der Ikonen mit Gulf und Martini und anderen.<\/p>\n<h2>AfterTheRace<\/h2>\n<p>AFTER THE RACE ist ein Duo, das aus einer wahren Freundschaft entstanden ist. Eine Freundschaft zwischen Jean-Denis Claessens und Edmond Thonnard (alias Pogo). Jean-Denis ist Grafikdesigner, gelernter Unternehmer und seit seiner Kindheit ein Liebhaber von Autos.  Pogo ist ein vielseitiger Maler und K\u00fcnstler mit gro\u00dfer Erfahrung in der Stra\u00dfenkunst.<\/p>\n<p>Die beiden Belgier sind stolz darauf, dieses einzigartige Produkt gemeinsam herzustellen. Die Techniken, die sie anwenden, sind innovativ, k\u00fchn und schrullig.<\/p>\n<h2><b>Einzelheiten:<\/b><\/h2>\n<ul>\n<li>Diese Kunstwerke sind aus Aluminium gefertigt<\/li>\n<li>Jedes St\u00fcck ist handgefertigt und hat ein individuelles Design mit einem einzigartigen Aussehen und Gef\u00fchl<\/li>\n<li>Die authentische Patina wird durch eine Kombination verschiedener Behandlungen und Techniken erreicht.<\/li>\n<li>Jedes Kunstwerk ist ein Einzelst\u00fcck, ein vom K\u00fcnstler signiertes Meisterwerk<\/li>\n<li>Verwendete Materialien: Eisenlack, \u00d6l, Gummi von Rennreifen und andere Zutaten<\/li>\n<li>Das Werk kann lose oder in einem ma\u00dfgefertigten Backrahmen verkauft werden.<\/li>\n<li>Abmessungen: 140 x 35 cm<\/li>\n<\/ul>\n<h2><b>Sonderanfertigung:<\/b><\/h2>\n<ul>\n<li>Die W\u00fcnsche jedes Kunden sind unterschiedlich. Um eine vollst\u00e4ndig ma\u00dfgeschneiderte Arbeit zu garantieren, wird das Kunstwerk erst nach einer ausf\u00fchrlichen Beratung zwischen Jean-Denis und dem Kunden in Angriff genommen.<\/li>\n<\/ul>\n<ul>\n<li>Aufgrund dieses Prozesses betr\u00e4gt die Lieferzeit 3-6 Wochen.<\/li>\n<\/ul>","protected":false},"excerpt":{"rendered":"<p>Jedes Auto kann eine Legende werden<\/p>\n<p>Alte Legenden werden mit der Kunst von AfterTheRace wiederbelebt. Designs und Stripings legend\u00e4rer Autos und Rennen werden auf v\u00f6llig einzigartige und detaillierte Weise wieder zum Leben erweckt.<\/p>\n<p>Das Rennen von Le Mans 1982 war ein reines Porsche-Podium. Der Porsche 956 war aufgrund seiner Schnelligkeit und Zuverl\u00e4ssigkeit das Ma\u00df aller Dinge. Das Duo Jacky Icks und Derek Bell gewann das Rennen mit dem von Rothmans gesponserten Auto.<\/p>","protected":false},"featured_media":2179,"template":"","meta":{"_exactmetrics_skip_tracking":false,"_exactmetrics_sitenote_active":false,"_exactmetrics_sitenote_note":"","_exactmetrics_sitenote_category":0,"jetpack_post_was_ever_published":false},"product_cat":[121,141],"product_tag":[129,90,62],"yoast_head":"<!-- This site is optimized with the Yoast SEO plugin v21.0 - https:\/\/yoast.com\/wordpress\/plugins\/seo\/ -->\n<title>LEGENDS - Porsche 956 - Vintage Speedworks<\/title>\n<meta name=\"robots\" content=\"index, follow, max-snippet:-1, max-image-preview:large, max-video-preview:-1\" \/>\n<link rel=\"canonical\" href=\"https:\/\/www.vintage-speedworks.nl\/de\/produkt\/legends-porsche-956\/\" \/>\n<meta property=\"og:locale\" content=\"de_DE\" \/>\n<meta property=\"og:type\" content=\"article\" \/>\n<meta property=\"og:title\" content=\"LEGENDS - Porsche 956 - Vintage Speedworks\" \/>\n<meta property=\"og:description\" content=\"&#039;Every car can become a legend&#039;  Oude legendes herleven met de kunst van AfterTheRace. Designs en stripings van legendarische \u00a0auto&#039;s en races worden opnieuw tot leven gewekt op een geheel eigen en gedetailleerde wijze.  De Le Mans race van 1982 was een geheel Porsche Podium. De Porsche 956 was oppermachtig vanwege zijn snelheid en betrouwbaarheid. Het duo Jacky Icks en Derek Bell wonnen de race met de auto met Rothmans sponsering.\" \/>\n<meta property=\"og:url\" content=\"https:\/\/www.vintage-speedworks.nl\/de\/produkt\/legends-porsche-956\/\" \/>\n<meta property=\"og:site_name\" content=\"Vintage Speedworks\" \/>\n<meta property=\"article:modified_time\" content=\"2019-01-03T17:44:24+00:00\" \/>\n<meta property=\"og:image\" content=\"https:\/\/i0.wp.com\/www.vintage-speedworks.nl\/wp-content\/uploads\/porsche-rothmans-e1546537451353.jpg?fit=600%2C596&ssl=1\" \/>\n\t<meta property=\"og:image:width\" content=\"600\" \/>\n\t<meta property=\"og:image:height\" content=\"596\" \/>\n\t<meta property=\"og:image:type\" content=\"image\/jpeg\" \/>\n<meta name=\"twitter:card\" content=\"summary_large_image\" \/>\n<meta name=\"twitter:label1\" content=\"Gesch\u00e4tzte Lesezeit\" \/>\n\t<meta name=\"twitter:data1\" content=\"1\u00a0Minute\" \/>\n<script type=\"application\/ld+json\" class=\"yoast-schema-graph\">{\"@context\":\"https:\/\/schema.org\",\"@graph\":[{\"@type\":\"WebPage\",\"@id\":\"https:\/\/www.vintage-speedworks.nl\/product\/legends-porsche-956\/\",\"url\":\"https:\/\/www.vintage-speedworks.nl\/product\/legends-porsche-956\/\",\"name\":\"LEGENDS - Porsche 956 - Vintage Speedworks\",\"isPartOf\":{\"@id\":\"https:\/\/www.vintage-speedworks.nl\/#website\"},\"datePublished\":\"2018-08-11T12:00:05+00:00\",\"dateModified\":\"2019-01-03T17:44:24+00:00\",\"breadcrumb\":{\"@id\":\"https:\/\/www.vintage-speedworks.nl\/product\/legends-porsche-956\/#breadcrumb\"},\"inLanguage\":\"de\",\"potentialAction\":[{\"@type\":\"ReadAction\",\"target\":[\"https:\/\/www.vintage-speedworks.nl\/product\/legends-porsche-956\/\"]}]},{\"@type\":\"BreadcrumbList\",\"@id\":\"https:\/\/www.vintage-speedworks.nl\/product\/legends-porsche-956\/#breadcrumb\",\"itemListElement\":[{\"@type\":\"ListItem\",\"position\":1,\"name\":\"Home\",\"item\":\"https:\/\/www.vintage-speedworks.nl\/\"},{\"@type\":\"ListItem\",\"position\":2,\"name\":\"Webshop\",\"item\":\"https:\/\/www.vintage-speedworks.nl\/webshop\/\"},{\"@type\":\"ListItem\",\"position\":3,\"name\":\"LEGENDS &#8211; Porsche 956\"}]},{\"@type\":\"WebSite\",\"@id\":\"https:\/\/www.vintage-speedworks.nl\/#website\",\"url\":\"https:\/\/www.vintage-speedworks.nl\/\",\"name\":\"Vintage Speedworks\",\"description\":\"Vintage art for speedfreaks\",\"potentialAction\":[{\"@type\":\"SearchAction\",\"target\":{\"@type\":\"EntryPoint\",\"urlTemplate\":\"https:\/\/www.vintage-speedworks.nl\/?s={search_term_string}\"},\"query-input\":\"required name=search_term_string\"}],\"inLanguage\":\"de\"}]}<\/script>\n<!-- \/ Yoast SEO plugin. -->","yoast_head_json":{"title":"LEGENDS - Porsche 956 - Vintage Speedworks","robots":{"index":"index","follow":"follow","max-snippet":"max-snippet:-1","max-image-preview":"max-image-preview:large","max-video-preview":"max-video-preview:-1"},"canonical":"https:\/\/www.vintage-speedworks.nl\/de\/produkt\/legends-porsche-956\/","og_locale":"de_DE","og_type":"article","og_title":"LEGENDS - Porsche 956 - Vintage Speedworks","og_description":"'Every car can become a legend'  Oude legendes herleven met de kunst van AfterTheRace. Designs en stripings van legendarische \u00a0auto's en races worden opnieuw tot leven gewekt op een geheel eigen en gedetailleerde wijze.  De Le Mans race van 1982 was een geheel Porsche Podium. De Porsche 956 was oppermachtig vanwege zijn snelheid en betrouwbaarheid. Het duo Jacky Icks en Derek Bell wonnen de race met de auto met Rothmans sponsering.","og_url":"https:\/\/www.vintage-speedworks.nl\/de\/produkt\/legends-porsche-956\/","og_site_name":"Vintage Speedworks","article_modified_time":"2019-01-03T17:44:24+00:00","og_image":[{"width":600,"height":596,"url":"https:\/\/i0.wp.com\/www.vintage-speedworks.nl\/wp-content\/uploads\/porsche-rothmans-e1546537451353.jpg?fit=600%2C596&ssl=1","type":"image\/jpeg"}],"twitter_card":"summary_large_image","twitter_misc":{"Gesch\u00e4tzte Lesezeit":"1\u00a0Minute"},"schema":{"@context":"https:\/\/schema.org","@graph":[{"@type":"WebPage","@id":"https:\/\/www.vintage-speedworks.nl\/product\/legends-porsche-956\/","url":"https:\/\/www.vintage-speedworks.nl\/product\/legends-porsche-956\/","name":"LEGENDS - Porsche 956 - Vintage Speedworks","isPartOf":{"@id":"https:\/\/www.vintage-speedworks.nl\/#website"},"datePublished":"2018-08-11T12:00:05+00:00","dateModified":"2019-01-03T17:44:24+00:00","breadcrumb":{"@id":"https:\/\/www.vintage-speedworks.nl\/product\/legends-porsche-956\/#breadcrumb"},"inLanguage":"de","potentialAction":[{"@type":"ReadAction","target":["https:\/\/www.vintage-speedworks.nl\/product\/legends-porsche-956\/"]}]},{"@type":"BreadcrumbList","@id":"https:\/\/www.vintage-speedworks.nl\/product\/legends-porsche-956\/#breadcrumb","itemListElement":[{"@type":"ListItem","position":1,"name":"Home","item":"https:\/\/www.vintage-speedworks.nl\/"},{"@type":"ListItem","position":2,"name":"Webshop","item":"https:\/\/www.vintage-speedworks.nl\/webshop\/"},{"@type":"ListItem","position":3,"name":"LEGENDS &#8211; Porsche 956"}]},{"@type":"WebSite","@id":"https:\/\/www.vintage-speedworks.nl\/#website","url":"https:\/\/www.vintage-speedworks.nl\/","name":"Vintage Speedworks","description":"Vintage art for speedfreaks","potentialAction":[{"@type":"SearchAction","target":{"@type":"EntryPoint","urlTemplate":"https:\/\/www.vintage-speedworks.nl\/?s={search_term_string}"},"query-input":"required name=search_term_string"}],"inLanguage":"de"}]}},"_links":{"self":[{"href":"https:\/\/www.vintage-speedworks.nl\/de\/wp-json\/wp\/v2\/product\/2175"}],"collection":[{"href":"https:\/\/www.vintage-speedworks.nl\/de\/wp-json\/wp\/v2\/product"}],"about":[{"href":"https:\/\/www.vintage-speedworks.nl\/de\/wp-json\/wp\/v2\/types\/product"}],"wp:featuredmedia":[{"embeddable":true,"href":"https:\/\/www.vintage-speedworks.nl\/de\/wp-json\/wp\/v2\/media\/2179"}],"wp:attachment":[{"href":"https:\/\/www.vintage-speedworks.nl\/de\/wp-json\/wp\/v2\/media?parent=2175"}],"wp:term":[{"taxonomy":"product_cat","embeddable":true,"href":"https:\/\/www.vintage-speedworks.nl\/de\/wp-json\/wp\/v2\/product_cat?post=2175"},{"taxonomy":"product_tag","embeddable":true,"href":"https:\/\/www.vintage-speedworks.nl\/de\/wp-json\/wp\/v2\/product_tag?post=2175"}],"curies":[{"name":"wp","href":"https:\/\/api.w.org\/{rel}","templated":true}]}}