{"id":2147,"date":"2018-08-04T19:11:00","date_gmt":"2018-08-04T19:11:00","guid":{"rendered":"https:\/\/www.vintage-speedworks.nl\/?post_type=product&#038;p=2147"},"modified":"2019-08-23T11:35:45","modified_gmt":"2019-08-23T11:35:45","slug":"damon-hill-williams-fw16","status":"publish","type":"product","link":"https:\/\/www.vintage-speedworks.nl\/de\/produkt\/damon-hill-williams-fw16\/","title":{"rendered":"Damon Hill - Williams FW16"},"content":{"rendered":"<p>Nach dem Tod von Ayrton Senna musste Damon Hill das Williams-Team ins Schlepptau nehmen und gegen Michael Schumachers Benneton antreten. Die Saison 1994 war eine schwierige f\u00fcr Hill, und bald schien er keine Chance mehr auf den Titel zu haben. Nach einem heroischen Regenrennen auf der japanischen Rennstrecke Suzuka war der Titelkampf noch v\u00f6llig offen und musste auf australischem Boden entschieden werden.<\/p>\n<p>Der Titelkampf endete mit einem Unfall, der sowohl f\u00fcr Hill als auch f\u00fcr Schumacher das Aus im Rennen bedeutete. Nur zwei Jahre sp\u00e4ter konnte sich Hill mit Williams den Titel sichern, aber in der Saison 1994 war er sicherlich als Spitzenreiter hervorgegangen.<\/p>\n<p>Tom Halvasek zeigt seine Leidenschaft und sein K\u00f6nnen in diesem originellen Werk. Durch seinen einzigartigen Malstil spritzt die Geschwindigkeit von der Leinwand....<\/p>\n<h2><b>Einzelheiten:<\/b><\/h2>\n<ul>\n<li>Original-Akril-Gem\u00e4lde von Tom Havlasek<\/li>\n<li>Nur 1 Exemplar vorhanden, vollst\u00e4ndig unterzeichnet und mit Zertifikat<\/li>\n<\/ul>\n<h2><b>Afmeti<\/b><b>ngen<\/b><b>:<\/b><\/h2>\n<ul>\n<li>Abmessungen (cm): 95,0 x 95,0 cm<\/li>\n<\/ul>\n<h2>Lieferung:<\/h2>\n<ul>\n<li>Lieferfrist 2 Wochen<\/li>\n<\/ul>\n<p>&nbsp;<\/p>","protected":false},"excerpt":{"rendered":"<p>Originalzeichnungen von Tom Havlasek.<\/p>\n<p>Damon Hill auf der Jagd nach Michael Schumacher im Kampf um die Meisterschaft 1994.<\/p>","protected":false},"featured_media":2150,"template":"","meta":{"_exactmetrics_skip_tracking":false,"_exactmetrics_sitenote_active":false,"_exactmetrics_sitenote_note":"","_exactmetrics_sitenote_category":0,"jetpack_post_was_ever_published":false},"product_cat":[121,138],"product_tag":[36,34,39,78,86,38],"yoast_head":"<!-- This site is optimized with the Yoast SEO plugin v21.0 - https:\/\/yoast.com\/wordpress\/plugins\/seo\/ -->\n<title>Damon Hill - Williams FW16 - Vintage Speedworks<\/title>\n<meta name=\"robots\" content=\"index, follow, max-snippet:-1, max-image-preview:large, max-video-preview:-1\" \/>\n<link rel=\"canonical\" href=\"https:\/\/www.vintage-speedworks.nl\/de\/produkt\/damon-hill-williams-fw16\/\" \/>\n<meta property=\"og:locale\" content=\"de_DE\" \/>\n<meta property=\"og:type\" content=\"article\" \/>\n<meta property=\"og:title\" content=\"Damon Hill - Williams FW16 - Vintage Speedworks\" \/>\n<meta property=\"og:description\" content=\"Original Art by Tom Havlasek.  Damon Hill chasing Michael Schumacher for the 1994 championship.\" \/>\n<meta property=\"og:url\" content=\"https:\/\/www.vintage-speedworks.nl\/de\/produkt\/damon-hill-williams-fw16\/\" \/>\n<meta property=\"og:site_name\" content=\"Vintage Speedworks\" \/>\n<meta property=\"article:modified_time\" content=\"2019-08-23T11:35:45+00:00\" \/>\n<meta property=\"og:image\" content=\"https:\/\/i0.wp.com\/www.vintage-speedworks.nl\/wp-content\/uploads\/damon-hill-williams-art-front-e1566560136802.jpg?fit=680%2C691&ssl=1\" \/>\n\t<meta property=\"og:image:width\" content=\"680\" \/>\n\t<meta property=\"og:image:height\" content=\"691\" \/>\n\t<meta property=\"og:image:type\" content=\"image\/jpeg\" \/>\n<meta name=\"twitter:card\" content=\"summary_large_image\" \/>\n<meta name=\"twitter:label1\" content=\"Gesch\u00e4tzte Lesezeit\" \/>\n\t<meta name=\"twitter:data1\" content=\"1\u00a0Minute\" \/>\n<script type=\"application\/ld+json\" class=\"yoast-schema-graph\">{\"@context\":\"https:\/\/schema.org\",\"@graph\":[{\"@type\":\"WebPage\",\"@id\":\"https:\/\/www.vintage-speedworks.nl\/product\/damon-hill-williams-fw16\/\",\"url\":\"https:\/\/www.vintage-speedworks.nl\/product\/damon-hill-williams-fw16\/\",\"name\":\"Damon Hill - Williams FW16 - Vintage Speedworks\",\"isPartOf\":{\"@id\":\"https:\/\/www.vintage-speedworks.nl\/#website\"},\"datePublished\":\"2018-08-04T19:11:00+00:00\",\"dateModified\":\"2019-08-23T11:35:45+00:00\",\"breadcrumb\":{\"@id\":\"https:\/\/www.vintage-speedworks.nl\/product\/damon-hill-williams-fw16\/#breadcrumb\"},\"inLanguage\":\"de\",\"potentialAction\":[{\"@type\":\"ReadAction\",\"target\":[\"https:\/\/www.vintage-speedworks.nl\/product\/damon-hill-williams-fw16\/\"]}]},{\"@type\":\"BreadcrumbList\",\"@id\":\"https:\/\/www.vintage-speedworks.nl\/product\/damon-hill-williams-fw16\/#breadcrumb\",\"itemListElement\":[{\"@type\":\"ListItem\",\"position\":1,\"name\":\"Home\",\"item\":\"https:\/\/www.vintage-speedworks.nl\/\"},{\"@type\":\"ListItem\",\"position\":2,\"name\":\"Webshop\",\"item\":\"https:\/\/www.vintage-speedworks.nl\/webshop\/\"},{\"@type\":\"ListItem\",\"position\":3,\"name\":\"Damon Hill &#8211; Williams FW16\"}]},{\"@type\":\"WebSite\",\"@id\":\"https:\/\/www.vintage-speedworks.nl\/#website\",\"url\":\"https:\/\/www.vintage-speedworks.nl\/\",\"name\":\"Vintage Speedworks\",\"description\":\"Vintage art for speedfreaks\",\"potentialAction\":[{\"@type\":\"SearchAction\",\"target\":{\"@type\":\"EntryPoint\",\"urlTemplate\":\"https:\/\/www.vintage-speedworks.nl\/?s={search_term_string}\"},\"query-input\":\"required name=search_term_string\"}],\"inLanguage\":\"de\"}]}<\/script>\n<!-- \/ Yoast SEO plugin. -->","yoast_head_json":{"title":"Damon Hill - Williams FW16 - Vintage Speedworks","robots":{"index":"index","follow":"follow","max-snippet":"max-snippet:-1","max-image-preview":"max-image-preview:large","max-video-preview":"max-video-preview:-1"},"canonical":"https:\/\/www.vintage-speedworks.nl\/de\/produkt\/damon-hill-williams-fw16\/","og_locale":"de_DE","og_type":"article","og_title":"Damon Hill - Williams FW16 - Vintage Speedworks","og_description":"Original Art by Tom Havlasek.  Damon Hill chasing Michael Schumacher for the 1994 championship.","og_url":"https:\/\/www.vintage-speedworks.nl\/de\/produkt\/damon-hill-williams-fw16\/","og_site_name":"Vintage Speedworks","article_modified_time":"2019-08-23T11:35:45+00:00","og_image":[{"width":680,"height":691,"url":"https:\/\/i0.wp.com\/www.vintage-speedworks.nl\/wp-content\/uploads\/damon-hill-williams-art-front-e1566560136802.jpg?fit=680%2C691&ssl=1","type":"image\/jpeg"}],"twitter_card":"summary_large_image","twitter_misc":{"Gesch\u00e4tzte Lesezeit":"1\u00a0Minute"},"schema":{"@context":"https:\/\/schema.org","@graph":[{"@type":"WebPage","@id":"https:\/\/www.vintage-speedworks.nl\/product\/damon-hill-williams-fw16\/","url":"https:\/\/www.vintage-speedworks.nl\/product\/damon-hill-williams-fw16\/","name":"Damon Hill - Williams FW16 - Vintage Speedworks","isPartOf":{"@id":"https:\/\/www.vintage-speedworks.nl\/#website"},"datePublished":"2018-08-04T19:11:00+00:00","dateModified":"2019-08-23T11:35:45+00:00","breadcrumb":{"@id":"https:\/\/www.vintage-speedworks.nl\/product\/damon-hill-williams-fw16\/#breadcrumb"},"inLanguage":"de","potentialAction":[{"@type":"ReadAction","target":["https:\/\/www.vintage-speedworks.nl\/product\/damon-hill-williams-fw16\/"]}]},{"@type":"BreadcrumbList","@id":"https:\/\/www.vintage-speedworks.nl\/product\/damon-hill-williams-fw16\/#breadcrumb","itemListElement":[{"@type":"ListItem","position":1,"name":"Home","item":"https:\/\/www.vintage-speedworks.nl\/"},{"@type":"ListItem","position":2,"name":"Webshop","item":"https:\/\/www.vintage-speedworks.nl\/webshop\/"},{"@type":"ListItem","position":3,"name":"Damon Hill &#8211; Williams FW16"}]},{"@type":"WebSite","@id":"https:\/\/www.vintage-speedworks.nl\/#website","url":"https:\/\/www.vintage-speedworks.nl\/","name":"Vintage Speedworks","description":"Vintage art for speedfreaks","potentialAction":[{"@type":"SearchAction","target":{"@type":"EntryPoint","urlTemplate":"https:\/\/www.vintage-speedworks.nl\/?s={search_term_string}"},"query-input":"required name=search_term_string"}],"inLanguage":"de"}]}},"_links":{"self":[{"href":"https:\/\/www.vintage-speedworks.nl\/de\/wp-json\/wp\/v2\/product\/2147"}],"collection":[{"href":"https:\/\/www.vintage-speedworks.nl\/de\/wp-json\/wp\/v2\/product"}],"about":[{"href":"https:\/\/www.vintage-speedworks.nl\/de\/wp-json\/wp\/v2\/types\/product"}],"wp:featuredmedia":[{"embeddable":true,"href":"https:\/\/www.vintage-speedworks.nl\/de\/wp-json\/wp\/v2\/media\/2150"}],"wp:attachment":[{"href":"https:\/\/www.vintage-speedworks.nl\/de\/wp-json\/wp\/v2\/media?parent=2147"}],"wp:term":[{"taxonomy":"product_cat","embeddable":true,"href":"https:\/\/www.vintage-speedworks.nl\/de\/wp-json\/wp\/v2\/product_cat?post=2147"},{"taxonomy":"product_tag","embeddable":true,"href":"https:\/\/www.vintage-speedworks.nl\/de\/wp-json\/wp\/v2\/product_tag?post=2147"}],"curies":[{"name":"wp","href":"https:\/\/api.w.org\/{rel}","templated":true}]}}