{"id":2069,"date":"2018-07-07T11:55:21","date_gmt":"2018-07-07T11:55:21","guid":{"rendered":"https:\/\/www.vintage-speedworks.nl\/?post_type=product&#038;p=2069"},"modified":"2021-05-14T07:29:58","modified_gmt":"2021-05-14T07:29:58","slug":"trilogy-by-tom-havlasek-f1-turbo-era","status":"publish","type":"product","link":"https:\/\/www.vintage-speedworks.nl\/de\/produkt\/trilogy-by-tom-havlasek-f1-turbo-era\/","title":{"rendered":"Trilogie von Tom Havlasek - F1 Turbo-\u00c4ra"},"content":{"rendered":"<p>Die 60er und 70er Jahre waren in der Formel 1 f\u00fcr ihre extreme Gef\u00e4hrlichkeit bekannt. Die 80er Jahre waren nicht viel sicherer, aber bekannt f\u00fcr extreme Motorleistung. Leistungen \u00fcber 1000 PS waren dank der Turbomotoren keine Ausnahme. Die Autos wurden von einigen sogar als \"unkontrollierbar\" bezeichnet.<\/p>\n<p>Tom hat zu Ehren dieser \u00c4ra ein Triptychon herausgebracht, das die Fahrer von damals zeigt: Keke Rosberg, Nelson Piquet und Marc Surer (Arrows A4). Die gerahmten Kunstdrucke sind bereit zum Aufh\u00e4ngen!<\/p>\n<p>&nbsp;<\/p>\n<h2><b>Einzelheiten:<\/b><\/h2>\n<ul>\n<li>Premium-Kunstdrucke sind von Tom Halvaseks Originalwerken abgeleitet<\/li>\n<li>Vollst\u00e4ndig gerahmt und zum Aufh\u00e4ngen bereit<\/li>\n<\/ul>\n<p><b>Afmeti<\/b><b>ngen<\/b><b>:<\/b><\/p>\n<ul>\n<li>Abmessungen (cm): 45,0 x 45,0 cm<\/li>\n<\/ul>\n<h2>Lieferung:<\/h2>\n<ul>\n<li>Lieferfrist 10 Tage<\/li>\n<\/ul>\n<p>&nbsp;<\/p>","protected":false},"excerpt":{"rendered":"<p>Kunst von Tom Havlasek<\/p>\n<p>Die 60er und 70er Jahre waren in der Formel 1 f\u00fcr ihre extreme Gef\u00e4hrlichkeit bekannt. Die 80er Jahre waren nicht viel sicherer, aber bekannt f\u00fcr extreme Motorleistung. Leistungen \u00fcber 1000 PS waren dank der Turbomotoren keine Ausnahme. Die Autos wurden von einigen sogar als \"unkontrollierbar\" bezeichnet.<\/p>\n<p>&nbsp;<\/p>\n<p>&nbsp;<\/p>","protected":false},"featured_media":2071,"template":"","meta":{"_exactmetrics_skip_tracking":false,"_exactmetrics_sitenote_active":false,"_exactmetrics_sitenote_note":"","_exactmetrics_sitenote_category":0,"jetpack_post_was_ever_published":false},"product_cat":[21,65,138],"product_tag":[34,39,78,86,38],"yoast_head":"<!-- This site is optimized with the Yoast SEO plugin v21.0 - https:\/\/yoast.com\/wordpress\/plugins\/seo\/ -->\n<title>Trilogy by Tom Havlasek - F1 Turbo era - Vintage Speedworks<\/title>\n<meta name=\"robots\" content=\"index, follow, max-snippet:-1, max-image-preview:large, max-video-preview:-1\" \/>\n<link rel=\"canonical\" href=\"https:\/\/www.vintage-speedworks.nl\/de\/produkt\/trilogy-by-tom-havlasek-f1-turbo-era\/\" \/>\n<meta property=\"og:locale\" content=\"de_DE\" \/>\n<meta property=\"og:type\" content=\"article\" \/>\n<meta property=\"og:title\" content=\"Trilogy by Tom Havlasek - F1 Turbo era - Vintage Speedworks\" \/>\n<meta property=\"og:description\" content=\"Art by Tom Havlasek  De 60s en 70s stonden bekend als uiterst gevaarlijk in de Formule 1. De 80s waren niet veel veiliger maar stonden voor bekend om het extreme motorvermogen. Vermogens boven de 1000pk waren door de Turbo motoren geen uitzondering. De autos werden zelfs &#039;onbestuurdbaar&#039; genoemd door sommigen..  &nbsp;  &nbsp;\" \/>\n<meta property=\"og:url\" content=\"https:\/\/www.vintage-speedworks.nl\/de\/produkt\/trilogy-by-tom-havlasek-f1-turbo-era\/\" \/>\n<meta property=\"og:site_name\" content=\"Vintage Speedworks\" \/>\n<meta property=\"article:modified_time\" content=\"2021-05-14T07:29:58+00:00\" \/>\n<meta property=\"og:image\" content=\"https:\/\/i2.wp.com\/www.vintage-speedworks.nl\/wp-content\/uploads\/Set_F1_turbo_age_1980-e1530964663236.jpg?fit=900%2C596&ssl=1\" \/>\n\t<meta property=\"og:image:width\" content=\"900\" \/>\n\t<meta property=\"og:image:height\" content=\"596\" \/>\n\t<meta property=\"og:image:type\" content=\"image\/jpeg\" \/>\n<meta name=\"twitter:card\" content=\"summary_large_image\" \/>\n<meta name=\"twitter:label1\" content=\"Gesch\u00e4tzte Lesezeit\" \/>\n\t<meta name=\"twitter:data1\" content=\"1\u00a0Minute\" \/>\n<script type=\"application\/ld+json\" class=\"yoast-schema-graph\">{\"@context\":\"https:\/\/schema.org\",\"@graph\":[{\"@type\":\"WebPage\",\"@id\":\"https:\/\/www.vintage-speedworks.nl\/product\/trilogy-by-tom-havlasek-f1-turbo-era\/\",\"url\":\"https:\/\/www.vintage-speedworks.nl\/product\/trilogy-by-tom-havlasek-f1-turbo-era\/\",\"name\":\"Trilogy by Tom Havlasek - F1 Turbo era - Vintage Speedworks\",\"isPartOf\":{\"@id\":\"https:\/\/www.vintage-speedworks.nl\/#website\"},\"datePublished\":\"2018-07-07T11:55:21+00:00\",\"dateModified\":\"2021-05-14T07:29:58+00:00\",\"breadcrumb\":{\"@id\":\"https:\/\/www.vintage-speedworks.nl\/product\/trilogy-by-tom-havlasek-f1-turbo-era\/#breadcrumb\"},\"inLanguage\":\"de\",\"potentialAction\":[{\"@type\":\"ReadAction\",\"target\":[\"https:\/\/www.vintage-speedworks.nl\/product\/trilogy-by-tom-havlasek-f1-turbo-era\/\"]}]},{\"@type\":\"BreadcrumbList\",\"@id\":\"https:\/\/www.vintage-speedworks.nl\/product\/trilogy-by-tom-havlasek-f1-turbo-era\/#breadcrumb\",\"itemListElement\":[{\"@type\":\"ListItem\",\"position\":1,\"name\":\"Home\",\"item\":\"https:\/\/www.vintage-speedworks.nl\/\"},{\"@type\":\"ListItem\",\"position\":2,\"name\":\"Webshop\",\"item\":\"https:\/\/www.vintage-speedworks.nl\/webshop\/\"},{\"@type\":\"ListItem\",\"position\":3,\"name\":\"Trilogy by Tom Havlasek &#8211; F1 Turbo era\"}]},{\"@type\":\"WebSite\",\"@id\":\"https:\/\/www.vintage-speedworks.nl\/#website\",\"url\":\"https:\/\/www.vintage-speedworks.nl\/\",\"name\":\"Vintage Speedworks\",\"description\":\"Vintage art for speedfreaks\",\"potentialAction\":[{\"@type\":\"SearchAction\",\"target\":{\"@type\":\"EntryPoint\",\"urlTemplate\":\"https:\/\/www.vintage-speedworks.nl\/?s={search_term_string}\"},\"query-input\":\"required name=search_term_string\"}],\"inLanguage\":\"de\"}]}<\/script>\n<!-- \/ Yoast SEO plugin. -->","yoast_head_json":{"title":"Trilogy by Tom Havlasek - F1 Turbo era - Vintage Speedworks","robots":{"index":"index","follow":"follow","max-snippet":"max-snippet:-1","max-image-preview":"max-image-preview:large","max-video-preview":"max-video-preview:-1"},"canonical":"https:\/\/www.vintage-speedworks.nl\/de\/produkt\/trilogy-by-tom-havlasek-f1-turbo-era\/","og_locale":"de_DE","og_type":"article","og_title":"Trilogy by Tom Havlasek - F1 Turbo era - Vintage Speedworks","og_description":"Art by Tom Havlasek  De 60s en 70s stonden bekend als uiterst gevaarlijk in de Formule 1. De 80s waren niet veel veiliger maar stonden voor bekend om het extreme motorvermogen. Vermogens boven de 1000pk waren door de Turbo motoren geen uitzondering. De autos werden zelfs 'onbestuurdbaar' genoemd door sommigen..  &nbsp;  &nbsp;","og_url":"https:\/\/www.vintage-speedworks.nl\/de\/produkt\/trilogy-by-tom-havlasek-f1-turbo-era\/","og_site_name":"Vintage Speedworks","article_modified_time":"2021-05-14T07:29:58+00:00","og_image":[{"width":900,"height":596,"url":"https:\/\/i2.wp.com\/www.vintage-speedworks.nl\/wp-content\/uploads\/Set_F1_turbo_age_1980-e1530964663236.jpg?fit=900%2C596&ssl=1","type":"image\/jpeg"}],"twitter_card":"summary_large_image","twitter_misc":{"Gesch\u00e4tzte Lesezeit":"1\u00a0Minute"},"schema":{"@context":"https:\/\/schema.org","@graph":[{"@type":"WebPage","@id":"https:\/\/www.vintage-speedworks.nl\/product\/trilogy-by-tom-havlasek-f1-turbo-era\/","url":"https:\/\/www.vintage-speedworks.nl\/product\/trilogy-by-tom-havlasek-f1-turbo-era\/","name":"Trilogy by Tom Havlasek - F1 Turbo era - Vintage Speedworks","isPartOf":{"@id":"https:\/\/www.vintage-speedworks.nl\/#website"},"datePublished":"2018-07-07T11:55:21+00:00","dateModified":"2021-05-14T07:29:58+00:00","breadcrumb":{"@id":"https:\/\/www.vintage-speedworks.nl\/product\/trilogy-by-tom-havlasek-f1-turbo-era\/#breadcrumb"},"inLanguage":"de","potentialAction":[{"@type":"ReadAction","target":["https:\/\/www.vintage-speedworks.nl\/product\/trilogy-by-tom-havlasek-f1-turbo-era\/"]}]},{"@type":"BreadcrumbList","@id":"https:\/\/www.vintage-speedworks.nl\/product\/trilogy-by-tom-havlasek-f1-turbo-era\/#breadcrumb","itemListElement":[{"@type":"ListItem","position":1,"name":"Home","item":"https:\/\/www.vintage-speedworks.nl\/"},{"@type":"ListItem","position":2,"name":"Webshop","item":"https:\/\/www.vintage-speedworks.nl\/webshop\/"},{"@type":"ListItem","position":3,"name":"Trilogy by Tom Havlasek &#8211; F1 Turbo era"}]},{"@type":"WebSite","@id":"https:\/\/www.vintage-speedworks.nl\/#website","url":"https:\/\/www.vintage-speedworks.nl\/","name":"Vintage Speedworks","description":"Vintage art for speedfreaks","potentialAction":[{"@type":"SearchAction","target":{"@type":"EntryPoint","urlTemplate":"https:\/\/www.vintage-speedworks.nl\/?s={search_term_string}"},"query-input":"required name=search_term_string"}],"inLanguage":"de"}]}},"_links":{"self":[{"href":"https:\/\/www.vintage-speedworks.nl\/de\/wp-json\/wp\/v2\/product\/2069"}],"collection":[{"href":"https:\/\/www.vintage-speedworks.nl\/de\/wp-json\/wp\/v2\/product"}],"about":[{"href":"https:\/\/www.vintage-speedworks.nl\/de\/wp-json\/wp\/v2\/types\/product"}],"wp:featuredmedia":[{"embeddable":true,"href":"https:\/\/www.vintage-speedworks.nl\/de\/wp-json\/wp\/v2\/media\/2071"}],"wp:attachment":[{"href":"https:\/\/www.vintage-speedworks.nl\/de\/wp-json\/wp\/v2\/media?parent=2069"}],"wp:term":[{"taxonomy":"product_cat","embeddable":true,"href":"https:\/\/www.vintage-speedworks.nl\/de\/wp-json\/wp\/v2\/product_cat?post=2069"},{"taxonomy":"product_tag","embeddable":true,"href":"https:\/\/www.vintage-speedworks.nl\/de\/wp-json\/wp\/v2\/product_tag?post=2069"}],"curies":[{"name":"wp","href":"https:\/\/api.w.org\/{rel}","templated":true}]}}