{"id":1746,"date":"2018-04-21T11:58:00","date_gmt":"2018-04-21T11:58:00","guid":{"rendered":"https:\/\/www.vintage-speedworks.nl\/?post_type=product&#038;p=1746"},"modified":"2018-10-27T13:57:34","modified_gmt":"2018-10-27T13:57:34","slug":"legends-senna-lotus-97t","status":"publish","type":"product","link":"https:\/\/www.vintage-speedworks.nl\/de\/produkt\/legends-senna-lotus-97t\/","title":{"rendered":"LEGENDEN - SENNA LOTUS 97T"},"content":{"rendered":"<h2>Jedes Auto kann eine Legende werden<\/h2>\n<p>Alte Legenden werden mit der Kunst von AfterTheRace wiederbelebt. Designs und Stripings legend\u00e4rer Autos und Rennen werden in einer v\u00f6llig einzigartigen und detaillierten Weise wieder zum Leben erweckt. Die Kunstwerke verdienen einen prominenten Platz in jedermanns Wohnzimmer, Arbeitszimmer oder B\u00fcro.<\/p>\n<p>Dieses Kunstwerk wurde zu Ehren von Ayrton Senna und seinem Lotus 97T geschaffen. Ayrton Senna war in seiner ersten Saison mit Lotus oft vorne dabei und konnte sich mit seinem Sieg auf der Rennstrecke von Estoril sogar sein zweites Rennen f\u00fcr Lotus sichern. Sp\u00e4ter in dieser Saison gewann er auch den GP von Belgien in SPa-Francorchamps. Dieser Sieg in Spa war sein erster von insgesamt f\u00fcnf Siegen auf dieser Strecke.<\/p>\n<h2>AfterTheRace<\/h2>\n<p>AFTER THE RACE ist ein Duo, das aus einer wahren Freundschaft entstanden ist. Eine Freundschaft zwischen Jean-Denis Claessens und Edmond Thonnard (alias Pogo). Jean-Denis ist Grafikdesigner, gelernter Unternehmer und seit seiner Kindheit ein Liebhaber von Autos.  Pogo ist ein vielseitiger Maler und K\u00fcnstler mit gro\u00dfer Erfahrung in der Stra\u00dfenkunst.<\/p>\n<p>Die beiden Belgier sind stolz darauf, dieses einzigartige Produkt gemeinsam herzustellen. Die Techniken, die sie anwenden, sind innovativ, k\u00fchn und schrullig.<\/p>\n<h2><b>Einzelheiten:<\/b><\/h2>\n<ul>\n<li>Diese Kunstwerke sind aus Aluminium gefertigt<\/li>\n<li>Jedes St\u00fcck ist handgefertigt und hat ein individuelles Design mit einem einzigartigen Aussehen und Gef\u00fchl<\/li>\n<li>Die authentische Patina wird durch eine Kombination verschiedener Behandlungen und Techniken erreicht.<\/li>\n<li>Jedes Kunstwerk ist ein Einzelst\u00fcck, ein vom K\u00fcnstler signiertes Meisterwerk<\/li>\n<li>Verwendete Materialien: Eisenlack, \u00d6l, Gummi von Rennreifen und andere Zutaten<\/li>\n<li>Das Werk kann lose oder in einem ma\u00dfgefertigten Backrahmen verkauft werden.<\/li>\n<li>Abmessungen: 140 x 35 cm<\/li>\n<\/ul>\n<h2><b>Sonderanfertigung:<\/b><\/h2>\n<ul>\n<li>Die W\u00fcnsche jedes Kunden sind unterschiedlich. Um eine vollst\u00e4ndig ma\u00dfgeschneiderte Arbeit zu garantieren, wird das Kunstwerk erst nach einer ausf\u00fchrlichen Beratung zwischen Jean-Denis und dem Kunden in Angriff genommen.<\/li>\n<\/ul>\n<ul>\n<li>Aufgrund dieses Prozesses betr\u00e4gt die Lieferzeit 3-6 Wochen.<\/li>\n<\/ul>","protected":false},"excerpt":{"rendered":"<h3>Jedes Auto kann eine Legende werden<\/h3>\n<p>Alte Legenden werden mit der Kunst von AfterTheRace wiederbelebt. Designs und Stripings legend\u00e4rer Autos und Rennen werden in einer v\u00f6llig einzigartigen und detaillierten Weise wieder zum Leben erweckt. Die Kunstwerke verdienen einen prominenten Platz in jedermanns Wohnzimmer, Arbeitszimmer oder B\u00fcro.<\/p>\n<p>In seiner ersten Saison bei Lotus war Ayrton Senna oft an der Spitze zu finden und konnte sich mit dem Sieg in Estoril sogar sein zweites Rennen f\u00fcr Lotus sichern. Sp\u00e4ter in dieser Saison gewann er auch den GP von Belgien in SPa-Francorchamps. Dieser Sieg in Spa war sein erster von insgesamt f\u00fcnf Siegen auf dieser Strecke.<\/p>","protected":false},"featured_media":1749,"template":"","meta":{"_exactmetrics_skip_tracking":false,"_exactmetrics_sitenote_active":false,"_exactmetrics_sitenote_note":"","_exactmetrics_sitenote_category":0,"jetpack_post_was_ever_published":false},"product_cat":[121,141],"product_tag":[34,76,77],"yoast_head":"<!-- This site is optimized with the Yoast SEO plugin v21.0 - https:\/\/yoast.com\/wordpress\/plugins\/seo\/ -->\n<title>LEGENDS - SENNA LOTUS 97T - Vintage Speedworks<\/title>\n<meta name=\"robots\" content=\"index, follow, max-snippet:-1, max-image-preview:large, max-video-preview:-1\" \/>\n<link rel=\"canonical\" href=\"https:\/\/www.vintage-speedworks.nl\/de\/produkt\/legends-senna-lotus-97t\/\" \/>\n<meta property=\"og:locale\" content=\"de_DE\" \/>\n<meta property=\"og:type\" content=\"article\" \/>\n<meta property=\"og:title\" content=\"LEGENDS - SENNA LOTUS 97T - Vintage Speedworks\" \/>\n<meta property=\"og:description\" content=\"&#039;Every car can become a legend&#039; Oude legendes herleven met de kunst van AfterTheRace. Designs en stripings van legendarische \u00a0auto&#039;s en races worden opnieuw tot leven gewekt op een geheel eigen en gedetailleerde wijze. De kunstwerken verdienen een prominente plek in ieders woonkamer, studeerkamer of kantoor.  Ayrton Senna liet zich tijdens zijn eerste seizoen bij Lotus vaak van voren zien en slaagde er zelfs in om zijn tweede race voor lotus als zijn overwinning binnen te slepen op het circuit van Estoril. Later dat seizoen won hij ook nog de GP van Belgie op SPa-Francorchamps. Deze overwinning op Spa bleek zijn eerste van in Totaal 5 overwinningen op dit circuit.\" \/>\n<meta property=\"og:url\" content=\"https:\/\/www.vintage-speedworks.nl\/de\/produkt\/legends-senna-lotus-97t\/\" \/>\n<meta property=\"og:site_name\" content=\"Vintage Speedworks\" \/>\n<meta property=\"article:modified_time\" content=\"2018-10-27T13:57:34+00:00\" \/>\n<meta property=\"og:image\" content=\"https:\/\/i0.wp.com\/www.vintage-speedworks.nl\/wp-content\/uploads\/Senna-lotus_f1_kunst-art-aftertherace_frame.jpg?fit=1800%2C1200&ssl=1\" \/>\n\t<meta property=\"og:image:width\" content=\"1800\" \/>\n\t<meta property=\"og:image:height\" content=\"1200\" \/>\n\t<meta property=\"og:image:type\" content=\"image\/jpeg\" \/>\n<meta name=\"twitter:card\" content=\"summary_large_image\" \/>\n<meta name=\"twitter:label1\" content=\"Gesch\u00e4tzte Lesezeit\" \/>\n\t<meta name=\"twitter:data1\" content=\"2\u00a0Minuten\" \/>\n<script type=\"application\/ld+json\" class=\"yoast-schema-graph\">{\"@context\":\"https:\/\/schema.org\",\"@graph\":[{\"@type\":\"WebPage\",\"@id\":\"https:\/\/www.vintage-speedworks.nl\/product\/legends-senna-lotus-97t\/\",\"url\":\"https:\/\/www.vintage-speedworks.nl\/product\/legends-senna-lotus-97t\/\",\"name\":\"LEGENDS - SENNA LOTUS 97T - Vintage Speedworks\",\"isPartOf\":{\"@id\":\"https:\/\/www.vintage-speedworks.nl\/#website\"},\"datePublished\":\"2018-04-21T11:58:00+00:00\",\"dateModified\":\"2018-10-27T13:57:34+00:00\",\"breadcrumb\":{\"@id\":\"https:\/\/www.vintage-speedworks.nl\/product\/legends-senna-lotus-97t\/#breadcrumb\"},\"inLanguage\":\"de\",\"potentialAction\":[{\"@type\":\"ReadAction\",\"target\":[\"https:\/\/www.vintage-speedworks.nl\/product\/legends-senna-lotus-97t\/\"]}]},{\"@type\":\"BreadcrumbList\",\"@id\":\"https:\/\/www.vintage-speedworks.nl\/product\/legends-senna-lotus-97t\/#breadcrumb\",\"itemListElement\":[{\"@type\":\"ListItem\",\"position\":1,\"name\":\"Home\",\"item\":\"https:\/\/www.vintage-speedworks.nl\/\"},{\"@type\":\"ListItem\",\"position\":2,\"name\":\"Webshop\",\"item\":\"https:\/\/www.vintage-speedworks.nl\/webshop\/\"},{\"@type\":\"ListItem\",\"position\":3,\"name\":\"LEGENDS &#8211; SENNA LOTUS 97T\"}]},{\"@type\":\"WebSite\",\"@id\":\"https:\/\/www.vintage-speedworks.nl\/#website\",\"url\":\"https:\/\/www.vintage-speedworks.nl\/\",\"name\":\"Vintage Speedworks\",\"description\":\"Vintage art for speedfreaks\",\"potentialAction\":[{\"@type\":\"SearchAction\",\"target\":{\"@type\":\"EntryPoint\",\"urlTemplate\":\"https:\/\/www.vintage-speedworks.nl\/?s={search_term_string}\"},\"query-input\":\"required name=search_term_string\"}],\"inLanguage\":\"de\"}]}<\/script>\n<!-- \/ Yoast SEO plugin. -->","yoast_head_json":{"title":"LEGENDS - SENNA LOTUS 97T - Vintage Speedworks","robots":{"index":"index","follow":"follow","max-snippet":"max-snippet:-1","max-image-preview":"max-image-preview:large","max-video-preview":"max-video-preview:-1"},"canonical":"https:\/\/www.vintage-speedworks.nl\/de\/produkt\/legends-senna-lotus-97t\/","og_locale":"de_DE","og_type":"article","og_title":"LEGENDS - SENNA LOTUS 97T - Vintage Speedworks","og_description":"'Every car can become a legend' Oude legendes herleven met de kunst van AfterTheRace. Designs en stripings van legendarische \u00a0auto's en races worden opnieuw tot leven gewekt op een geheel eigen en gedetailleerde wijze. De kunstwerken verdienen een prominente plek in ieders woonkamer, studeerkamer of kantoor.  Ayrton Senna liet zich tijdens zijn eerste seizoen bij Lotus vaak van voren zien en slaagde er zelfs in om zijn tweede race voor lotus als zijn overwinning binnen te slepen op het circuit van Estoril. Later dat seizoen won hij ook nog de GP van Belgie op SPa-Francorchamps. Deze overwinning op Spa bleek zijn eerste van in Totaal 5 overwinningen op dit circuit.","og_url":"https:\/\/www.vintage-speedworks.nl\/de\/produkt\/legends-senna-lotus-97t\/","og_site_name":"Vintage Speedworks","article_modified_time":"2018-10-27T13:57:34+00:00","og_image":[{"width":1800,"height":1200,"url":"https:\/\/i0.wp.com\/www.vintage-speedworks.nl\/wp-content\/uploads\/Senna-lotus_f1_kunst-art-aftertherace_frame.jpg?fit=1800%2C1200&ssl=1","type":"image\/jpeg"}],"twitter_card":"summary_large_image","twitter_misc":{"Gesch\u00e4tzte Lesezeit":"2\u00a0Minuten"},"schema":{"@context":"https:\/\/schema.org","@graph":[{"@type":"WebPage","@id":"https:\/\/www.vintage-speedworks.nl\/product\/legends-senna-lotus-97t\/","url":"https:\/\/www.vintage-speedworks.nl\/product\/legends-senna-lotus-97t\/","name":"LEGENDS - SENNA LOTUS 97T - Vintage Speedworks","isPartOf":{"@id":"https:\/\/www.vintage-speedworks.nl\/#website"},"datePublished":"2018-04-21T11:58:00+00:00","dateModified":"2018-10-27T13:57:34+00:00","breadcrumb":{"@id":"https:\/\/www.vintage-speedworks.nl\/product\/legends-senna-lotus-97t\/#breadcrumb"},"inLanguage":"de","potentialAction":[{"@type":"ReadAction","target":["https:\/\/www.vintage-speedworks.nl\/product\/legends-senna-lotus-97t\/"]}]},{"@type":"BreadcrumbList","@id":"https:\/\/www.vintage-speedworks.nl\/product\/legends-senna-lotus-97t\/#breadcrumb","itemListElement":[{"@type":"ListItem","position":1,"name":"Home","item":"https:\/\/www.vintage-speedworks.nl\/"},{"@type":"ListItem","position":2,"name":"Webshop","item":"https:\/\/www.vintage-speedworks.nl\/webshop\/"},{"@type":"ListItem","position":3,"name":"LEGENDS &#8211; SENNA LOTUS 97T"}]},{"@type":"WebSite","@id":"https:\/\/www.vintage-speedworks.nl\/#website","url":"https:\/\/www.vintage-speedworks.nl\/","name":"Vintage Speedworks","description":"Vintage art for speedfreaks","potentialAction":[{"@type":"SearchAction","target":{"@type":"EntryPoint","urlTemplate":"https:\/\/www.vintage-speedworks.nl\/?s={search_term_string}"},"query-input":"required name=search_term_string"}],"inLanguage":"de"}]}},"_links":{"self":[{"href":"https:\/\/www.vintage-speedworks.nl\/de\/wp-json\/wp\/v2\/product\/1746"}],"collection":[{"href":"https:\/\/www.vintage-speedworks.nl\/de\/wp-json\/wp\/v2\/product"}],"about":[{"href":"https:\/\/www.vintage-speedworks.nl\/de\/wp-json\/wp\/v2\/types\/product"}],"wp:featuredmedia":[{"embeddable":true,"href":"https:\/\/www.vintage-speedworks.nl\/de\/wp-json\/wp\/v2\/media\/1749"}],"wp:attachment":[{"href":"https:\/\/www.vintage-speedworks.nl\/de\/wp-json\/wp\/v2\/media?parent=1746"}],"wp:term":[{"taxonomy":"product_cat","embeddable":true,"href":"https:\/\/www.vintage-speedworks.nl\/de\/wp-json\/wp\/v2\/product_cat?post=1746"},{"taxonomy":"product_tag","embeddable":true,"href":"https:\/\/www.vintage-speedworks.nl\/de\/wp-json\/wp\/v2\/product_tag?post=1746"}],"curies":[{"name":"wp","href":"https:\/\/api.w.org\/{rel}","templated":true}]}}