{"id":1655,"date":"2018-03-17T14:18:03","date_gmt":"2018-03-17T14:18:03","guid":{"rendered":"https:\/\/www.vintage-speedworks.nl\/?post_type=product&#038;p=1655"},"modified":"2022-12-30T08:47:38","modified_gmt":"2022-12-30T08:47:38","slug":"spa-1000km-porsche-917k","status":"publish","type":"product","link":"https:\/\/www.vintage-speedworks.nl\/de\/produkt\/spa-1000km-porsche-917k\/","title":{"rendered":"Spa 1000km - Porsche 917K"},"content":{"rendered":"<p>Originalgrafik von John Ketchell<\/p>\n<p>Limitierter Druck: Spa 1000km- Porsche 917K<\/p>\n<p>Das 1000-km-Rennen von Spa war das wichtigste Langstreckenrennen neben dem Rennen in Le Mans. Viele Marken nahmen daran teil, so auch Porsche mit dem 917K (Kurz Heck). Das Auto in Golf-Lackierung wurde von Derek Bell und Jo Siffert gefahren und musste sich mit dem zweiten Platz hinter ihren Teamkollegen begn\u00fcgen...<\/p>\n<p>Der K\u00fcnstler John Ketchell ist international bekannt. Er ist ein Automobilk\u00fcnstler, der bereits viele Auftr\u00e4ge von Privatpersonen und bekannten Unternehmen erhalten hat. Wenn man sich Ketchells Arbeiten ansieht, erkennt man sofort, dass ihn die Geschwindigkeit fasziniert. Sein halb-abstrakter Stil l\u00e4sst uns allen viel Freiheit bei der Interpretation des Werks.  Schon in jungen Jahren war John Ketchell vom Rennsport fasziniert, vor allem der GP Talbot-Lago war bald sein Favorit. Nach der Kunstschule in Preston wurde John bald ein professioneller K\u00fcnstler.<\/p>\n<p>Der Kunstdruck in limitierter Auflage wird mit einem nummerierten und vom K\u00fcnstler handsignierten Zertifikat geliefert.<\/p>\n<h2><b>Abmessungen<\/b><b>:<\/b><\/h2>\n<ul>\n<li>Druckgr\u00f6\u00dfe (S): 33,0 x 25,0 cm<\/li>\n<li>Abmessungen des Drucks (L): 54,0 x 43,0 cm<\/li>\n<li>Abmessungen Rahmen (S): 42,0 x 34,0 cm (optional)<\/li>\n<li>Abmessungen Rahmen (L): 76,0 x 66,0 cm (optional)<\/li>\n<\/ul>\n<h2><b>Einzelheiten:<\/b><\/h2>\n<ul>\n<li>Gedruckt auf Hahnem\u00fchle 100% Baumwoll-Premium-Kunstdruckpapier<\/li>\n<li>Limitierte Auflage von 75 St\u00fcck (signiert und nummeriert)<\/li>\n<\/ul>\n<h2><b>Lieferung:<\/b><\/h2>\n<ul>\n<li>Lagerartikel<\/li>\n<li>Versand innerhalb von 5 Arbeitstagen in einer vollst\u00e4ndigen Schutzverpackung<\/li>\n<\/ul>\n<p>&nbsp;<\/p>","protected":false},"excerpt":{"rendered":"<p>Originalgrafik von John Ketchell<\/p>\n<p>Limitierter Druck: Spa 1000km- Porsche 917K<\/p>\n<p>Das 1000-km-Rennen von Spa war das wichtigste Langstreckenrennen neben dem Rennen in Le Mans. Viele Marken nahmen daran teil, so auch Porsche mit dem 917K (Kurz Heck). Das Auto in Golf-Lackierung wurde von Derek Bell und Jo Siffert gefahren und musste sich mit dem zweiten Platz hinter ihren Teamkollegen begn\u00fcgen...<\/p>","protected":false},"featured_media":3146,"template":"","meta":{"_exactmetrics_skip_tracking":false,"_exactmetrics_sitenote_active":false,"_exactmetrics_sitenote_note":"","_exactmetrics_sitenote_category":0,"jetpack_post_was_ever_published":false},"product_cat":[21,65,148],"product_tag":[63,90,62,25],"yoast_head":"<!-- This site is optimized with the Yoast SEO plugin v21.0 - https:\/\/yoast.com\/wordpress\/plugins\/seo\/ -->\n<title>Spa 1000km - Porsche 917K - Vintage Speedworks<\/title>\n<meta name=\"robots\" content=\"index, follow, max-snippet:-1, max-image-preview:large, max-video-preview:-1\" \/>\n<link rel=\"canonical\" href=\"https:\/\/www.vintage-speedworks.nl\/de\/produkt\/spa-1000km-porsche-917k\/\" \/>\n<meta property=\"og:locale\" content=\"de_DE\" \/>\n<meta property=\"og:type\" content=\"article\" \/>\n<meta property=\"og:title\" content=\"Spa 1000km - Porsche 917K - Vintage Speedworks\" \/>\n<meta property=\"og:description\" content=\"Original art by John Ketchell  Limited Edition Print: Spa 1000km- Porsche 917K  De Spa 1000km race was de belangrijkste lange afstand race naast de race op LeMans. Vele merken deden mee en zo ook Porsche met de 917K (Kurz Heck). De auto in Gulf livery werd bestuurd door Derek Bell en Jo Siffert en moesten genoegen nemen met de tweede plaats, achter hun teamgenoten...\" \/>\n<meta property=\"og:url\" content=\"https:\/\/www.vintage-speedworks.nl\/de\/produkt\/spa-1000km-porsche-917k\/\" \/>\n<meta property=\"og:site_name\" content=\"Vintage Speedworks\" \/>\n<meta property=\"article:modified_time\" content=\"2022-12-30T08:47:38+00:00\" \/>\n<meta property=\"og:image\" content=\"https:\/\/www.vintage-speedworks.nl\/wp-content\/uploads\/Ketchell-lemans-spa-porsche-917-kunt-art-frame-black-1.jpg\" \/>\n\t<meta property=\"og:image:width\" content=\"668\" \/>\n\t<meta property=\"og:image:height\" content=\"668\" \/>\n\t<meta property=\"og:image:type\" content=\"image\/jpeg\" \/>\n<meta name=\"twitter:card\" content=\"summary_large_image\" \/>\n<meta name=\"twitter:label1\" content=\"Gesch\u00e4tzte Lesezeit\" \/>\n\t<meta name=\"twitter:data1\" content=\"1\u00a0Minute\" \/>\n<script type=\"application\/ld+json\" class=\"yoast-schema-graph\">{\"@context\":\"https:\/\/schema.org\",\"@graph\":[{\"@type\":\"WebPage\",\"@id\":\"https:\/\/www.vintage-speedworks.nl\/product\/spa-1000km-porsche-917k\/\",\"url\":\"https:\/\/www.vintage-speedworks.nl\/product\/spa-1000km-porsche-917k\/\",\"name\":\"Spa 1000km - Porsche 917K - Vintage Speedworks\",\"isPartOf\":{\"@id\":\"https:\/\/www.vintage-speedworks.nl\/#website\"},\"datePublished\":\"2018-03-17T14:18:03+00:00\",\"dateModified\":\"2022-12-30T08:47:38+00:00\",\"breadcrumb\":{\"@id\":\"https:\/\/www.vintage-speedworks.nl\/product\/spa-1000km-porsche-917k\/#breadcrumb\"},\"inLanguage\":\"de\",\"potentialAction\":[{\"@type\":\"ReadAction\",\"target\":[\"https:\/\/www.vintage-speedworks.nl\/product\/spa-1000km-porsche-917k\/\"]}]},{\"@type\":\"BreadcrumbList\",\"@id\":\"https:\/\/www.vintage-speedworks.nl\/product\/spa-1000km-porsche-917k\/#breadcrumb\",\"itemListElement\":[{\"@type\":\"ListItem\",\"position\":1,\"name\":\"Home\",\"item\":\"https:\/\/www.vintage-speedworks.nl\/\"},{\"@type\":\"ListItem\",\"position\":2,\"name\":\"Webshop\",\"item\":\"https:\/\/www.vintage-speedworks.nl\/webshop\/\"},{\"@type\":\"ListItem\",\"position\":3,\"name\":\"Spa 1000km &#8211; Porsche 917K\"}]},{\"@type\":\"WebSite\",\"@id\":\"https:\/\/www.vintage-speedworks.nl\/#website\",\"url\":\"https:\/\/www.vintage-speedworks.nl\/\",\"name\":\"Vintage Speedworks\",\"description\":\"Vintage art for speedfreaks\",\"potentialAction\":[{\"@type\":\"SearchAction\",\"target\":{\"@type\":\"EntryPoint\",\"urlTemplate\":\"https:\/\/www.vintage-speedworks.nl\/?s={search_term_string}\"},\"query-input\":\"required name=search_term_string\"}],\"inLanguage\":\"de\"}]}<\/script>\n<!-- \/ Yoast SEO plugin. -->","yoast_head_json":{"title":"Spa 1000km - Porsche 917K - Vintage Speedworks","robots":{"index":"index","follow":"follow","max-snippet":"max-snippet:-1","max-image-preview":"max-image-preview:large","max-video-preview":"max-video-preview:-1"},"canonical":"https:\/\/www.vintage-speedworks.nl\/de\/produkt\/spa-1000km-porsche-917k\/","og_locale":"de_DE","og_type":"article","og_title":"Spa 1000km - Porsche 917K - Vintage Speedworks","og_description":"Original art by John Ketchell  Limited Edition Print: Spa 1000km- Porsche 917K  De Spa 1000km race was de belangrijkste lange afstand race naast de race op LeMans. Vele merken deden mee en zo ook Porsche met de 917K (Kurz Heck). De auto in Gulf livery werd bestuurd door Derek Bell en Jo Siffert en moesten genoegen nemen met de tweede plaats, achter hun teamgenoten...","og_url":"https:\/\/www.vintage-speedworks.nl\/de\/produkt\/spa-1000km-porsche-917k\/","og_site_name":"Vintage Speedworks","article_modified_time":"2022-12-30T08:47:38+00:00","og_image":[{"width":668,"height":668,"url":"https:\/\/www.vintage-speedworks.nl\/wp-content\/uploads\/Ketchell-lemans-spa-porsche-917-kunt-art-frame-black-1.jpg","type":"image\/jpeg"}],"twitter_card":"summary_large_image","twitter_misc":{"Gesch\u00e4tzte Lesezeit":"1\u00a0Minute"},"schema":{"@context":"https:\/\/schema.org","@graph":[{"@type":"WebPage","@id":"https:\/\/www.vintage-speedworks.nl\/product\/spa-1000km-porsche-917k\/","url":"https:\/\/www.vintage-speedworks.nl\/product\/spa-1000km-porsche-917k\/","name":"Spa 1000km - Porsche 917K - Vintage Speedworks","isPartOf":{"@id":"https:\/\/www.vintage-speedworks.nl\/#website"},"datePublished":"2018-03-17T14:18:03+00:00","dateModified":"2022-12-30T08:47:38+00:00","breadcrumb":{"@id":"https:\/\/www.vintage-speedworks.nl\/product\/spa-1000km-porsche-917k\/#breadcrumb"},"inLanguage":"de","potentialAction":[{"@type":"ReadAction","target":["https:\/\/www.vintage-speedworks.nl\/product\/spa-1000km-porsche-917k\/"]}]},{"@type":"BreadcrumbList","@id":"https:\/\/www.vintage-speedworks.nl\/product\/spa-1000km-porsche-917k\/#breadcrumb","itemListElement":[{"@type":"ListItem","position":1,"name":"Home","item":"https:\/\/www.vintage-speedworks.nl\/"},{"@type":"ListItem","position":2,"name":"Webshop","item":"https:\/\/www.vintage-speedworks.nl\/webshop\/"},{"@type":"ListItem","position":3,"name":"Spa 1000km &#8211; Porsche 917K"}]},{"@type":"WebSite","@id":"https:\/\/www.vintage-speedworks.nl\/#website","url":"https:\/\/www.vintage-speedworks.nl\/","name":"Vintage Speedworks","description":"Vintage art for speedfreaks","potentialAction":[{"@type":"SearchAction","target":{"@type":"EntryPoint","urlTemplate":"https:\/\/www.vintage-speedworks.nl\/?s={search_term_string}"},"query-input":"required name=search_term_string"}],"inLanguage":"de"}]}},"_links":{"self":[{"href":"https:\/\/www.vintage-speedworks.nl\/de\/wp-json\/wp\/v2\/product\/1655"}],"collection":[{"href":"https:\/\/www.vintage-speedworks.nl\/de\/wp-json\/wp\/v2\/product"}],"about":[{"href":"https:\/\/www.vintage-speedworks.nl\/de\/wp-json\/wp\/v2\/types\/product"}],"wp:featuredmedia":[{"embeddable":true,"href":"https:\/\/www.vintage-speedworks.nl\/de\/wp-json\/wp\/v2\/media\/3146"}],"wp:attachment":[{"href":"https:\/\/www.vintage-speedworks.nl\/de\/wp-json\/wp\/v2\/media?parent=1655"}],"wp:term":[{"taxonomy":"product_cat","embeddable":true,"href":"https:\/\/www.vintage-speedworks.nl\/de\/wp-json\/wp\/v2\/product_cat?post=1655"},{"taxonomy":"product_tag","embeddable":true,"href":"https:\/\/www.vintage-speedworks.nl\/de\/wp-json\/wp\/v2\/product_tag?post=1655"}],"curies":[{"name":"wp","href":"https:\/\/api.w.org\/{rel}","templated":true}]}}