{"id":1643,"date":"2018-03-11T17:20:58","date_gmt":"2018-03-11T17:20:58","guid":{"rendered":"https:\/\/www.vintage-speedworks.nl\/?post_type=product&#038;p=1643"},"modified":"2022-12-30T08:47:51","modified_gmt":"2022-12-30T08:47:51","slug":"le-mans-1971-porsche-917k","status":"publish","type":"product","link":"https:\/\/www.vintage-speedworks.nl\/de\/produkt\/le-mans-1971-porsche-917k\/","title":{"rendered":"Le Mans 1971 - Porsche 917K"},"content":{"rendered":"<p>Originalgrafik von John Ketchell<\/p>\n<p>Limitierte Auflage Druck: Le Mans 1971 - Porsche 917K<\/p>\n<p>Das Rennen von Le Mans 1971 war 39 Jahre lang das schnellste aller Zeiten. Gijs van Lennep und Helmut Matko gewannen das Rennen mit dem ber\u00fchmten Porsche 917K (kurz heck) mit einer atemberaubenden Distanz von 397 Runden und 5335 km. Der sch\u00f6ne 917 mit Martini-Lackierung wurde mit einem Magnesium-Rohrrahmen gebaut und schlug 1971 sogar die schnelle Long Tail-Version.<\/p>\n<p>Der K\u00fcnstler John Ketchell ist international bekannt. Er ist ein Automobilk\u00fcnstler, der bereits viele Auftr\u00e4ge von Privatpersonen und bekannten Unternehmen erhalten hat. Wenn man sich Ketchells Arbeiten ansieht, erkennt man sofort, dass ihn die Geschwindigkeit fasziniert. Sein halb-abstrakter Stil l\u00e4sst uns allen viel Freiheit bei der Interpretation des Werks.  Schon in jungen Jahren war John Ketchell vom Rennsport fasziniert, vor allem der GP Talbot-Lago war bald sein Favorit. Nach der Kunstschule in Preston wurde John bald ein professioneller K\u00fcnstler.<\/p>\n<p>Der Kunstdruck in limitierter Auflage wird mit einem nummerierten und vom K\u00fcnstler handsignierten Zertifikat geliefert.<\/p>\n<h2><b>Abmessungen<\/b><b>:<\/b><\/h2>\n<ul>\n<li>Druckgr\u00f6\u00dfe (S): 33,0 x 25,0 cm<\/li>\n<li>Abmessungen des Drucks (L): 57,0 x 43,0 cm<\/li>\n<li>Abmessungen Rahmen (S): 42,0 x 34,0 cm (optional)<\/li>\n<li>Abmessungen Rahmen (L): 79,0 x 65,0 cm (optional)<\/li>\n<\/ul>\n<h2><b>Einzelheiten:<\/b><\/h2>\n<ul>\n<li>Gedruckt auf Hahnem\u00fchle 100% Baumwoll-Premium-Kunstdruckpapier<\/li>\n<li>Limitierte Auflage von 75 St\u00fcck (signiert und nummeriert)<\/li>\n<\/ul>\n<h2><b>Lieferung:<\/b><\/h2>\n<ul>\n<li>Lagerartikel<\/li>\n<li>Versand innerhalb von 3 Arbeitstagen in einer vollst\u00e4ndigen Schutzverpackung<\/li>\n<\/ul>\n<p>&nbsp;<\/p>","protected":false},"excerpt":{"rendered":"<p>Originalgrafik von John Ketchell<\/p>\n<p>Limitierte Auflage Druck: Le Mans 1971 - Porsche 917K<\/p>\n<p>Das Rennen von Le Mans 1971 war 39 Jahre lang das schnellste aller Zeiten. Gijs van Lennep und Helmut Matko gewannen das Rennen mit dem ber\u00fchmten Porsche 917K (kurz heck) mit einer atemberaubenden Distanz von 397 Runden und 5335 km. Der sch\u00f6ne 917 mit Martini-Lackierung wurde mit einem Magnesium-Rohrrahmen gebaut und schlug 1971 sogar die schnelle Long Tail-Version.<\/p>","protected":false},"featured_media":3144,"template":"","meta":{"_exactmetrics_skip_tracking":false,"_exactmetrics_sitenote_active":false,"_exactmetrics_sitenote_note":"","_exactmetrics_sitenote_category":0,"jetpack_post_was_ever_published":false},"product_cat":[21,65,148],"product_tag":[63,90,62],"yoast_head":"<!-- This site is optimized with the Yoast SEO plugin v21.0 - https:\/\/yoast.com\/wordpress\/plugins\/seo\/ -->\n<title>Le Mans 1971 - Porsche 917K - Vintage Speedworks<\/title>\n<meta name=\"robots\" content=\"index, follow, max-snippet:-1, max-image-preview:large, max-video-preview:-1\" \/>\n<link rel=\"canonical\" href=\"https:\/\/www.vintage-speedworks.nl\/de\/produkt\/le-mans-1971-porsche-917k\/\" \/>\n<meta property=\"og:locale\" content=\"de_DE\" \/>\n<meta property=\"og:type\" content=\"article\" \/>\n<meta property=\"og:title\" content=\"Le Mans 1971 - Porsche 917K - Vintage Speedworks\" \/>\n<meta property=\"og:description\" content=\"Original art by John Ketchell  Limited Edition Print: Le Mans 1971 - Porsche 917K  De Le Mans race van 1971 was voor 39 jaar de snelste aller tijden. Gijs van Lennep en Helmut Matko wonnen de race met de fameuze Porsche 917K (kurz heck) met een verbluffende afstand van 397 ronden en 5335 Km. De prachtige 917 met Martini livery was opgebouwd met een magnesium buizenframe en was in 1971 zelfs de snelle Long Tail versie de baas.\" \/>\n<meta property=\"og:url\" content=\"https:\/\/www.vintage-speedworks.nl\/de\/produkt\/le-mans-1971-porsche-917k\/\" \/>\n<meta property=\"og:site_name\" content=\"Vintage Speedworks\" \/>\n<meta property=\"article:modified_time\" content=\"2022-12-30T08:47:51+00:00\" \/>\n<meta property=\"og:image\" content=\"https:\/\/www.vintage-speedworks.nl\/wp-content\/uploads\/Ketchell_917_martini_lemans_kunst-art.jpg\" \/>\n\t<meta property=\"og:image:width\" content=\"500\" \/>\n\t<meta property=\"og:image:height\" content=\"501\" \/>\n\t<meta property=\"og:image:type\" content=\"image\/jpeg\" \/>\n<meta name=\"twitter:card\" content=\"summary_large_image\" \/>\n<meta name=\"twitter:label1\" content=\"Gesch\u00e4tzte Lesezeit\" \/>\n\t<meta name=\"twitter:data1\" content=\"1\u00a0Minute\" \/>\n<script type=\"application\/ld+json\" class=\"yoast-schema-graph\">{\"@context\":\"https:\/\/schema.org\",\"@graph\":[{\"@type\":\"WebPage\",\"@id\":\"https:\/\/www.vintage-speedworks.nl\/product\/le-mans-1971-porsche-917k\/\",\"url\":\"https:\/\/www.vintage-speedworks.nl\/product\/le-mans-1971-porsche-917k\/\",\"name\":\"Le Mans 1971 - Porsche 917K - Vintage Speedworks\",\"isPartOf\":{\"@id\":\"https:\/\/www.vintage-speedworks.nl\/#website\"},\"datePublished\":\"2018-03-11T17:20:58+00:00\",\"dateModified\":\"2022-12-30T08:47:51+00:00\",\"breadcrumb\":{\"@id\":\"https:\/\/www.vintage-speedworks.nl\/product\/le-mans-1971-porsche-917k\/#breadcrumb\"},\"inLanguage\":\"de\",\"potentialAction\":[{\"@type\":\"ReadAction\",\"target\":[\"https:\/\/www.vintage-speedworks.nl\/product\/le-mans-1971-porsche-917k\/\"]}]},{\"@type\":\"BreadcrumbList\",\"@id\":\"https:\/\/www.vintage-speedworks.nl\/product\/le-mans-1971-porsche-917k\/#breadcrumb\",\"itemListElement\":[{\"@type\":\"ListItem\",\"position\":1,\"name\":\"Home\",\"item\":\"https:\/\/www.vintage-speedworks.nl\/\"},{\"@type\":\"ListItem\",\"position\":2,\"name\":\"Webshop\",\"item\":\"https:\/\/www.vintage-speedworks.nl\/webshop\/\"},{\"@type\":\"ListItem\",\"position\":3,\"name\":\"Le Mans 1971 &#8211; Porsche 917K\"}]},{\"@type\":\"WebSite\",\"@id\":\"https:\/\/www.vintage-speedworks.nl\/#website\",\"url\":\"https:\/\/www.vintage-speedworks.nl\/\",\"name\":\"Vintage Speedworks\",\"description\":\"Vintage art for speedfreaks\",\"potentialAction\":[{\"@type\":\"SearchAction\",\"target\":{\"@type\":\"EntryPoint\",\"urlTemplate\":\"https:\/\/www.vintage-speedworks.nl\/?s={search_term_string}\"},\"query-input\":\"required name=search_term_string\"}],\"inLanguage\":\"de\"}]}<\/script>\n<!-- \/ Yoast SEO plugin. -->","yoast_head_json":{"title":"Le Mans 1971 - Porsche 917K - Vintage Speedworks","robots":{"index":"index","follow":"follow","max-snippet":"max-snippet:-1","max-image-preview":"max-image-preview:large","max-video-preview":"max-video-preview:-1"},"canonical":"https:\/\/www.vintage-speedworks.nl\/de\/produkt\/le-mans-1971-porsche-917k\/","og_locale":"de_DE","og_type":"article","og_title":"Le Mans 1971 - Porsche 917K - Vintage Speedworks","og_description":"Original art by John Ketchell  Limited Edition Print: Le Mans 1971 - Porsche 917K  De Le Mans race van 1971 was voor 39 jaar de snelste aller tijden. Gijs van Lennep en Helmut Matko wonnen de race met de fameuze Porsche 917K (kurz heck) met een verbluffende afstand van 397 ronden en 5335 Km. De prachtige 917 met Martini livery was opgebouwd met een magnesium buizenframe en was in 1971 zelfs de snelle Long Tail versie de baas.","og_url":"https:\/\/www.vintage-speedworks.nl\/de\/produkt\/le-mans-1971-porsche-917k\/","og_site_name":"Vintage Speedworks","article_modified_time":"2022-12-30T08:47:51+00:00","og_image":[{"width":500,"height":501,"url":"https:\/\/www.vintage-speedworks.nl\/wp-content\/uploads\/Ketchell_917_martini_lemans_kunst-art.jpg","type":"image\/jpeg"}],"twitter_card":"summary_large_image","twitter_misc":{"Gesch\u00e4tzte Lesezeit":"1\u00a0Minute"},"schema":{"@context":"https:\/\/schema.org","@graph":[{"@type":"WebPage","@id":"https:\/\/www.vintage-speedworks.nl\/product\/le-mans-1971-porsche-917k\/","url":"https:\/\/www.vintage-speedworks.nl\/product\/le-mans-1971-porsche-917k\/","name":"Le Mans 1971 - Porsche 917K - Vintage Speedworks","isPartOf":{"@id":"https:\/\/www.vintage-speedworks.nl\/#website"},"datePublished":"2018-03-11T17:20:58+00:00","dateModified":"2022-12-30T08:47:51+00:00","breadcrumb":{"@id":"https:\/\/www.vintage-speedworks.nl\/product\/le-mans-1971-porsche-917k\/#breadcrumb"},"inLanguage":"de","potentialAction":[{"@type":"ReadAction","target":["https:\/\/www.vintage-speedworks.nl\/product\/le-mans-1971-porsche-917k\/"]}]},{"@type":"BreadcrumbList","@id":"https:\/\/www.vintage-speedworks.nl\/product\/le-mans-1971-porsche-917k\/#breadcrumb","itemListElement":[{"@type":"ListItem","position":1,"name":"Home","item":"https:\/\/www.vintage-speedworks.nl\/"},{"@type":"ListItem","position":2,"name":"Webshop","item":"https:\/\/www.vintage-speedworks.nl\/webshop\/"},{"@type":"ListItem","position":3,"name":"Le Mans 1971 &#8211; Porsche 917K"}]},{"@type":"WebSite","@id":"https:\/\/www.vintage-speedworks.nl\/#website","url":"https:\/\/www.vintage-speedworks.nl\/","name":"Vintage Speedworks","description":"Vintage art for speedfreaks","potentialAction":[{"@type":"SearchAction","target":{"@type":"EntryPoint","urlTemplate":"https:\/\/www.vintage-speedworks.nl\/?s={search_term_string}"},"query-input":"required name=search_term_string"}],"inLanguage":"de"}]}},"_links":{"self":[{"href":"https:\/\/www.vintage-speedworks.nl\/de\/wp-json\/wp\/v2\/product\/1643"}],"collection":[{"href":"https:\/\/www.vintage-speedworks.nl\/de\/wp-json\/wp\/v2\/product"}],"about":[{"href":"https:\/\/www.vintage-speedworks.nl\/de\/wp-json\/wp\/v2\/types\/product"}],"wp:featuredmedia":[{"embeddable":true,"href":"https:\/\/www.vintage-speedworks.nl\/de\/wp-json\/wp\/v2\/media\/3144"}],"wp:attachment":[{"href":"https:\/\/www.vintage-speedworks.nl\/de\/wp-json\/wp\/v2\/media?parent=1643"}],"wp:term":[{"taxonomy":"product_cat","embeddable":true,"href":"https:\/\/www.vintage-speedworks.nl\/de\/wp-json\/wp\/v2\/product_cat?post=1643"},{"taxonomy":"product_tag","embeddable":true,"href":"https:\/\/www.vintage-speedworks.nl\/de\/wp-json\/wp\/v2\/product_tag?post=1643"}],"curies":[{"name":"wp","href":"https:\/\/api.w.org\/{rel}","templated":true}]}}