{"id":1631,"date":"2018-03-11T16:42:04","date_gmt":"2018-03-11T16:42:04","guid":{"rendered":"https:\/\/www.vintage-speedworks.nl\/?post_type=product&#038;p=1631"},"modified":"2022-12-30T08:48:05","modified_gmt":"2022-12-30T08:48:05","slug":"swiss-gp-caracciola-1938-rainmaster","status":"publish","type":"product","link":"https:\/\/www.vintage-speedworks.nl\/de\/produkt\/swiss-gp-caracciola-1938-rainmaster\/","title":{"rendered":"Schweizer GP - Caracciola - 1938 Rainmaster"},"content":{"rendered":"<p>Originalgrafik von John Ketchell<\/p>\n<p>Limitierter Druck: Swiss GP - Caracciola - 1938 Rainmaster<\/p>\n<p>Der Mercedes W154 wurde speziell f\u00fcr die Saison 1938 entwickelt. Der Konstrukteur Rudolf Ahlenhaut hatte den W125 so modifiziert, dass er dem neuen Reglement entsprach. Der Fahrer Rudolf Caracciola gewann die Europameisterschaft mit \u00fcberw\u00e4ltigender Mehrheit. Der Sieg beim verregneten GP der Schweiz war einer der H\u00f6hepunkte. Bei diesem Rennen \u00fcbernahmen die drei \"Silberpfeile\" sofort die F\u00fchrung und gaben sie nicht mehr ab. Es war also ein volles Silberpodium.<\/p>\n<p>Der K\u00fcnstler John Ketchell ist international bekannt. Er ist ein Automobilk\u00fcnstler, der bereits viele Auftr\u00e4ge von Privatpersonen und bekannten Unternehmen erhalten hat. Wenn man sich Ketchells Arbeiten ansieht, erkennt man sofort, dass ihn die Geschwindigkeit fasziniert. Sein halb-abstrakter Stil l\u00e4sst uns allen viel Freiheit bei der Interpretation des Werks.  Schon in jungen Jahren war John Ketchell vom Rennsport fasziniert, vor allem der GP Talbot-Lago war bald sein Favorit. Nach der Kunstschule in Preston wurde John bald ein professioneller K\u00fcnstler.<\/p>\n<p>Der Kunstdruck in limitierter Auflage wird mit einem nummerierten und vom K\u00fcnstler handsignierten Zertifikat geliefert.<\/p>\n<h2><b>Abmessungen<\/b><b>:<\/b><\/h2>\n<ul>\n<li>Abmessungen des Drucks: 57,0 x 43,0 cm<\/li>\n<li>Abmessungen Rahmen: 79,0 x 65,0 cm (optional)<\/li>\n<\/ul>\n<h2><b>Einzelheiten:<\/b><\/h2>\n<ul>\n<li>Gedruckt auf Hahnem\u00fchle 100% Baumwoll-Premium-Kunstdruckpapier<\/li>\n<li>Limitierte Auflage von 95 St\u00fcck (signiert und nummeriert)<\/li>\n<\/ul>\n<h2><b>Lieferung:<\/b><\/h2>\n<ul>\n<li>Lagerartikel<\/li>\n<li>Versand innerhalb von 3 Arbeitstagen in einer vollst\u00e4ndigen Schutzverpackung<\/li>\n<\/ul>\n<p>&nbsp;<\/p>","protected":false},"excerpt":{"rendered":"<p>Originalgrafik von John Ketchell<\/p>\n<p>Limitierter Druck: Swiss GP - Caracciola - 1938 Rainmaster<\/p>\n<p>Der Mercedes W154 wurde speziell f\u00fcr die Saison 1938 entwickelt. Der Konstrukteur Rudolf Ahlenhaut hatte den W125 so modifiziert, dass er dem neuen Reglement entsprach. Der Fahrer Rudolf Caracciola gewann die Europameisterschaft mit \u00fcberw\u00e4ltigender Mehrheit. Der Sieg beim verregneten GP der Schweiz war einer der H\u00f6hepunkte. Bei diesem Rennen \u00fcbernahmen die drei \"Silberpfeile\" sofort die F\u00fchrung und gaben sie nicht mehr ab. Es war also ein volles Silberpodium.<\/p>","protected":false},"featured_media":3148,"template":"","meta":{"_exactmetrics_skip_tracking":false,"_exactmetrics_sitenote_active":false,"_exactmetrics_sitenote_note":"","_exactmetrics_sitenote_category":0,"jetpack_post_was_ever_published":false},"product_cat":[21,65,148],"product_tag":[111,110,34,108,109],"yoast_head":"<!-- This site is optimized with the Yoast SEO plugin v21.0 - https:\/\/yoast.com\/wordpress\/plugins\/seo\/ -->\n<title>Swiss GP - Caracciola - 1938 Rainmaster - Vintage Speedworks<\/title>\n<meta name=\"robots\" content=\"index, follow, max-snippet:-1, max-image-preview:large, max-video-preview:-1\" \/>\n<link rel=\"canonical\" href=\"https:\/\/www.vintage-speedworks.nl\/de\/produkt\/swiss-gp-caracciola-1938-rainmaster\/\" \/>\n<meta property=\"og:locale\" content=\"de_DE\" \/>\n<meta property=\"og:type\" content=\"article\" \/>\n<meta property=\"og:title\" content=\"Swiss GP - Caracciola - 1938 Rainmaster - Vintage Speedworks\" \/>\n<meta property=\"og:description\" content=\"Original art by John Ketchell  Limited Edition Print: Swiss GP - Caracciola - 1938 Rainmaster  De Mercedes W154 was speciaal ontworpen voor het seizoen vn 1938. Ontwerper Rudolf Ahlenhaut had de W125 aangepast zodat deze aan de nieuwe regelgeving voldeed. Coureur Rudolf Caracciola won het Europese kampioenschap met overmacht. De overwinning tijdens de verregene GP van Zwitserland\u00a0 was 1 van de hoogtepunten. Tijdens deze race namen de drie &#039;Silberpfeile&#039; gelijk de leiding en stonden deze niet meer af. Het was dan ook een voltallig zilver podium.\" \/>\n<meta property=\"og:url\" content=\"https:\/\/www.vintage-speedworks.nl\/de\/produkt\/swiss-gp-caracciola-1938-rainmaster\/\" \/>\n<meta property=\"og:site_name\" content=\"Vintage Speedworks\" \/>\n<meta property=\"article:modified_time\" content=\"2022-12-30T08:48:05+00:00\" \/>\n<meta property=\"og:image\" content=\"https:\/\/www.vintage-speedworks.nl\/wp-content\/uploads\/Ketchell-f1-mercedes-benz-1955-art-frame-kunst.jpg\" \/>\n\t<meta property=\"og:image:width\" content=\"880\" \/>\n\t<meta property=\"og:image:height\" content=\"880\" \/>\n\t<meta property=\"og:image:type\" content=\"image\/jpeg\" \/>\n<meta name=\"twitter:card\" content=\"summary_large_image\" \/>\n<meta name=\"twitter:label1\" content=\"Gesch\u00e4tzte Lesezeit\" \/>\n\t<meta name=\"twitter:data1\" content=\"1\u00a0Minute\" \/>\n<script type=\"application\/ld+json\" class=\"yoast-schema-graph\">{\"@context\":\"https:\/\/schema.org\",\"@graph\":[{\"@type\":\"WebPage\",\"@id\":\"https:\/\/www.vintage-speedworks.nl\/product\/swiss-gp-caracciola-1938-rainmaster\/\",\"url\":\"https:\/\/www.vintage-speedworks.nl\/product\/swiss-gp-caracciola-1938-rainmaster\/\",\"name\":\"Swiss GP - Caracciola - 1938 Rainmaster - Vintage Speedworks\",\"isPartOf\":{\"@id\":\"https:\/\/www.vintage-speedworks.nl\/#website\"},\"datePublished\":\"2018-03-11T16:42:04+00:00\",\"dateModified\":\"2022-12-30T08:48:05+00:00\",\"breadcrumb\":{\"@id\":\"https:\/\/www.vintage-speedworks.nl\/product\/swiss-gp-caracciola-1938-rainmaster\/#breadcrumb\"},\"inLanguage\":\"de\",\"potentialAction\":[{\"@type\":\"ReadAction\",\"target\":[\"https:\/\/www.vintage-speedworks.nl\/product\/swiss-gp-caracciola-1938-rainmaster\/\"]}]},{\"@type\":\"BreadcrumbList\",\"@id\":\"https:\/\/www.vintage-speedworks.nl\/product\/swiss-gp-caracciola-1938-rainmaster\/#breadcrumb\",\"itemListElement\":[{\"@type\":\"ListItem\",\"position\":1,\"name\":\"Home\",\"item\":\"https:\/\/www.vintage-speedworks.nl\/\"},{\"@type\":\"ListItem\",\"position\":2,\"name\":\"Webshop\",\"item\":\"https:\/\/www.vintage-speedworks.nl\/webshop\/\"},{\"@type\":\"ListItem\",\"position\":3,\"name\":\"Swiss GP &#8211; Caracciola &#8211; 1938 Rainmaster\"}]},{\"@type\":\"WebSite\",\"@id\":\"https:\/\/www.vintage-speedworks.nl\/#website\",\"url\":\"https:\/\/www.vintage-speedworks.nl\/\",\"name\":\"Vintage Speedworks\",\"description\":\"Vintage art for speedfreaks\",\"potentialAction\":[{\"@type\":\"SearchAction\",\"target\":{\"@type\":\"EntryPoint\",\"urlTemplate\":\"https:\/\/www.vintage-speedworks.nl\/?s={search_term_string}\"},\"query-input\":\"required name=search_term_string\"}],\"inLanguage\":\"de\"}]}<\/script>\n<!-- \/ Yoast SEO plugin. -->","yoast_head_json":{"title":"Swiss GP - Caracciola - 1938 Rainmaster - Vintage Speedworks","robots":{"index":"index","follow":"follow","max-snippet":"max-snippet:-1","max-image-preview":"max-image-preview:large","max-video-preview":"max-video-preview:-1"},"canonical":"https:\/\/www.vintage-speedworks.nl\/de\/produkt\/swiss-gp-caracciola-1938-rainmaster\/","og_locale":"de_DE","og_type":"article","og_title":"Swiss GP - Caracciola - 1938 Rainmaster - Vintage Speedworks","og_description":"Original art by John Ketchell  Limited Edition Print: Swiss GP - Caracciola - 1938 Rainmaster  De Mercedes W154 was speciaal ontworpen voor het seizoen vn 1938. Ontwerper Rudolf Ahlenhaut had de W125 aangepast zodat deze aan de nieuwe regelgeving voldeed. Coureur Rudolf Caracciola won het Europese kampioenschap met overmacht. De overwinning tijdens de verregene GP van Zwitserland\u00a0 was 1 van de hoogtepunten. Tijdens deze race namen de drie 'Silberpfeile' gelijk de leiding en stonden deze niet meer af. Het was dan ook een voltallig zilver podium.","og_url":"https:\/\/www.vintage-speedworks.nl\/de\/produkt\/swiss-gp-caracciola-1938-rainmaster\/","og_site_name":"Vintage Speedworks","article_modified_time":"2022-12-30T08:48:05+00:00","og_image":[{"width":880,"height":880,"url":"https:\/\/www.vintage-speedworks.nl\/wp-content\/uploads\/Ketchell-f1-mercedes-benz-1955-art-frame-kunst.jpg","type":"image\/jpeg"}],"twitter_card":"summary_large_image","twitter_misc":{"Gesch\u00e4tzte Lesezeit":"1\u00a0Minute"},"schema":{"@context":"https:\/\/schema.org","@graph":[{"@type":"WebPage","@id":"https:\/\/www.vintage-speedworks.nl\/product\/swiss-gp-caracciola-1938-rainmaster\/","url":"https:\/\/www.vintage-speedworks.nl\/product\/swiss-gp-caracciola-1938-rainmaster\/","name":"Swiss GP - Caracciola - 1938 Rainmaster - Vintage Speedworks","isPartOf":{"@id":"https:\/\/www.vintage-speedworks.nl\/#website"},"datePublished":"2018-03-11T16:42:04+00:00","dateModified":"2022-12-30T08:48:05+00:00","breadcrumb":{"@id":"https:\/\/www.vintage-speedworks.nl\/product\/swiss-gp-caracciola-1938-rainmaster\/#breadcrumb"},"inLanguage":"de","potentialAction":[{"@type":"ReadAction","target":["https:\/\/www.vintage-speedworks.nl\/product\/swiss-gp-caracciola-1938-rainmaster\/"]}]},{"@type":"BreadcrumbList","@id":"https:\/\/www.vintage-speedworks.nl\/product\/swiss-gp-caracciola-1938-rainmaster\/#breadcrumb","itemListElement":[{"@type":"ListItem","position":1,"name":"Home","item":"https:\/\/www.vintage-speedworks.nl\/"},{"@type":"ListItem","position":2,"name":"Webshop","item":"https:\/\/www.vintage-speedworks.nl\/webshop\/"},{"@type":"ListItem","position":3,"name":"Swiss GP &#8211; Caracciola &#8211; 1938 Rainmaster"}]},{"@type":"WebSite","@id":"https:\/\/www.vintage-speedworks.nl\/#website","url":"https:\/\/www.vintage-speedworks.nl\/","name":"Vintage Speedworks","description":"Vintage art for speedfreaks","potentialAction":[{"@type":"SearchAction","target":{"@type":"EntryPoint","urlTemplate":"https:\/\/www.vintage-speedworks.nl\/?s={search_term_string}"},"query-input":"required name=search_term_string"}],"inLanguage":"de"}]}},"_links":{"self":[{"href":"https:\/\/www.vintage-speedworks.nl\/de\/wp-json\/wp\/v2\/product\/1631"}],"collection":[{"href":"https:\/\/www.vintage-speedworks.nl\/de\/wp-json\/wp\/v2\/product"}],"about":[{"href":"https:\/\/www.vintage-speedworks.nl\/de\/wp-json\/wp\/v2\/types\/product"}],"wp:featuredmedia":[{"embeddable":true,"href":"https:\/\/www.vintage-speedworks.nl\/de\/wp-json\/wp\/v2\/media\/3148"}],"wp:attachment":[{"href":"https:\/\/www.vintage-speedworks.nl\/de\/wp-json\/wp\/v2\/media?parent=1631"}],"wp:term":[{"taxonomy":"product_cat","embeddable":true,"href":"https:\/\/www.vintage-speedworks.nl\/de\/wp-json\/wp\/v2\/product_cat?post=1631"},{"taxonomy":"product_tag","embeddable":true,"href":"https:\/\/www.vintage-speedworks.nl\/de\/wp-json\/wp\/v2\/product_tag?post=1631"}],"curies":[{"name":"wp","href":"https:\/\/api.w.org\/{rel}","templated":true}]}}