{"id":1594,"date":"2018-03-05T12:45:56","date_gmt":"2018-03-05T12:45:56","guid":{"rendered":"https:\/\/www.vintage-speedworks.nl\/?post_type=product&#038;p=1594"},"modified":"2019-05-12T12:12:51","modified_gmt":"2019-05-12T12:12:51","slug":"porsche-rsr-sebring-12hr","status":"publish","type":"product","link":"https:\/\/www.vintage-speedworks.nl\/de\/produkt\/porsche-rsr-sebring-12hr\/","title":{"rendered":"Porsche RSR - Sebring 12Hr"},"content":{"rendered":"<p>Originalgrafik von Frederic Dams<\/p>\n<p>Limitierter Druck: Porsche RSR - Sebring 12hr<\/p>\n<p>Die Version Porsche 911 RS wurde 1973 eingef\u00fchrt. Diese Rennversion war leichter und leistungsst\u00e4rker als der normale 911. Der RS wurde schlie\u00dflich wegen seines unverwechselbaren Stils und nat\u00fcrlich des \"Entenschwanzes\" sehr beliebt. Die RSR-Version nahm an vielen Langstreckenrennen teil, unter anderem an den 12 Stunden von Sebring. Peter Gregg, Hurley Haywood und Dave Helmick waren die unangefochtenen Sieger mit diesem Auto....<\/p>\n<p>Der K\u00fcnstler Frederic Dams ist ein professioneller Autodesigner und hat in den letzten 10 Jahren f\u00fcr die luxuri\u00f6sesten Automarken gearbeitet. Seine Leidenschaft f\u00fcr Autos und Design hat ihn dorthin gebracht, wo er heute steht.  Neben seiner Rolle als Chefdesigner arbeitet er mit Vorliebe an Automobilkunst. Seine Technik ist sehr modern, da er mit einer virtuellen Leinwand arbeitet. Das gibt ihm \"totale Freiheit\", was zu diesen verr\u00fcckten Designs f\u00fchrt....<\/p>\n<p>Der Kunstdruck in limitierter Auflage ist nummeriert und vom K\u00fcnstler signiert.<\/p>\n<h2><b>Abmessungen<\/b><b>:<\/b><\/h2>\n<ul>\n<li>Druckgr\u00f6\u00dfe (S): 39,0 x 16,0 cm<\/li>\n<li>Abmessungen des Drucks (L): 78,0 x 32,0 cm<\/li>\n<li>Abmessungen Rahmen (S): 54,0 x 31,0 cm (optional)<\/li>\n<li>Abmessungen Rahmen (L): 93,0 x 47,0 cm (optional)<\/li>\n<\/ul>\n<h2><b>Einzelheiten:<\/b><\/h2>\n<ul>\n<li>Gedruckt auf 300 g\/m\u00b2 Premium-Kunstdruckpapier<\/li>\n<li>Limitierte Auflage von 50 St\u00fcck (signiert und nummeriert)<\/li>\n<\/ul>\n<h2><b>Lieferung:<\/b><\/h2>\n<ul>\n<li>Lagerartikel<\/li>\n<li>Versand innerhalb von 3 Arbeitstagen in einer vollst\u00e4ndigen Schutzverpackung<\/li>\n<\/ul>\n<p>&nbsp;<\/p>","protected":false},"excerpt":{"rendered":"<p>Originalgrafik von Frederic Dams<\/p>\n<p>Limitierter Druck: Porsche RSR - Sebring 12hr<\/p>\n<p>Die Version Porsche 911 RS wurde 1973 eingef\u00fchrt. Diese Rennversion war leichter und leistungsst\u00e4rker als der normale 911. Der RS wurde schlie\u00dflich wegen seines unverwechselbaren Stils und nat\u00fcrlich des \"Entenschwanzes\" sehr beliebt. Die RSR-Version nahm an vielen Langstreckenrennen teil, unter anderem an den 12 Stunden von Sebring. Peter Gregg, Hurley Haywood und Dave Helmick waren die unangefochtenen Sieger mit diesem Auto....<\/p>","protected":false},"featured_media":2903,"template":"","meta":{"_exactmetrics_skip_tracking":false,"_exactmetrics_sitenote_active":false,"_exactmetrics_sitenote_note":"","_exactmetrics_sitenote_category":0,"jetpack_post_was_ever_published":false},"product_cat":[21,65,147],"product_tag":[90,62,101],"yoast_head":"<!-- This site is optimized with the Yoast SEO plugin v21.0 - https:\/\/yoast.com\/wordpress\/plugins\/seo\/ -->\n<title>Porsche RSR - Sebring 12Hr - Vintage Speedworks<\/title>\n<meta name=\"robots\" content=\"index, follow, max-snippet:-1, max-image-preview:large, max-video-preview:-1\" \/>\n<link rel=\"canonical\" href=\"https:\/\/www.vintage-speedworks.nl\/de\/produkt\/porsche-rsr-sebring-12hr\/\" \/>\n<meta property=\"og:locale\" content=\"de_DE\" \/>\n<meta property=\"og:type\" content=\"article\" \/>\n<meta property=\"og:title\" content=\"Porsche RSR - Sebring 12Hr - Vintage Speedworks\" \/>\n<meta property=\"og:description\" content=\"Original art by Frederic Dams  Limited Edition Print: Porsche RSR - Sebring 12hr  De Porsche 911 RS versie werd geintroduceerd in 1973. Deze race versie was lichter en krachtiger dan de standaard 911. De RS werd uiteindlijk erg gewild vanwege zijn eigen stijl en natuurlijk de \u2018duck tail\u2019. De RSR versie nam deel aan vele lange afstand races waaronder de 12 uur van Sebring. Peter Gregg, Hurley Haywood en Dave Helmick waren met deze auto de onbetwiste winnaar..\" \/>\n<meta property=\"og:url\" content=\"https:\/\/www.vintage-speedworks.nl\/de\/produkt\/porsche-rsr-sebring-12hr\/\" \/>\n<meta property=\"og:site_name\" content=\"Vintage Speedworks\" \/>\n<meta property=\"article:modified_time\" content=\"2019-05-12T12:12:51+00:00\" \/>\n<meta property=\"og:image\" content=\"https:\/\/i2.wp.com\/www.vintage-speedworks.nl\/wp-content\/uploads\/webshop_dams_RSR_sebring_art_kunst-e1557663151147.jpg?fit=800%2C796&ssl=1\" \/>\n\t<meta property=\"og:image:width\" content=\"800\" \/>\n\t<meta property=\"og:image:height\" content=\"796\" \/>\n\t<meta property=\"og:image:type\" content=\"image\/jpeg\" \/>\n<meta name=\"twitter:card\" content=\"summary_large_image\" \/>\n<meta name=\"twitter:label1\" content=\"Gesch\u00e4tzte Lesezeit\" \/>\n\t<meta name=\"twitter:data1\" content=\"1\u00a0Minute\" \/>\n<script type=\"application\/ld+json\" class=\"yoast-schema-graph\">{\"@context\":\"https:\/\/schema.org\",\"@graph\":[{\"@type\":\"WebPage\",\"@id\":\"https:\/\/www.vintage-speedworks.nl\/product\/porsche-rsr-sebring-12hr\/\",\"url\":\"https:\/\/www.vintage-speedworks.nl\/product\/porsche-rsr-sebring-12hr\/\",\"name\":\"Porsche RSR - Sebring 12Hr - Vintage Speedworks\",\"isPartOf\":{\"@id\":\"https:\/\/www.vintage-speedworks.nl\/#website\"},\"datePublished\":\"2018-03-05T12:45:56+00:00\",\"dateModified\":\"2019-05-12T12:12:51+00:00\",\"breadcrumb\":{\"@id\":\"https:\/\/www.vintage-speedworks.nl\/product\/porsche-rsr-sebring-12hr\/#breadcrumb\"},\"inLanguage\":\"de\",\"potentialAction\":[{\"@type\":\"ReadAction\",\"target\":[\"https:\/\/www.vintage-speedworks.nl\/product\/porsche-rsr-sebring-12hr\/\"]}]},{\"@type\":\"BreadcrumbList\",\"@id\":\"https:\/\/www.vintage-speedworks.nl\/product\/porsche-rsr-sebring-12hr\/#breadcrumb\",\"itemListElement\":[{\"@type\":\"ListItem\",\"position\":1,\"name\":\"Home\",\"item\":\"https:\/\/www.vintage-speedworks.nl\/\"},{\"@type\":\"ListItem\",\"position\":2,\"name\":\"Webshop\",\"item\":\"https:\/\/www.vintage-speedworks.nl\/webshop\/\"},{\"@type\":\"ListItem\",\"position\":3,\"name\":\"Porsche RSR &#8211; Sebring 12Hr\"}]},{\"@type\":\"WebSite\",\"@id\":\"https:\/\/www.vintage-speedworks.nl\/#website\",\"url\":\"https:\/\/www.vintage-speedworks.nl\/\",\"name\":\"Vintage Speedworks\",\"description\":\"Vintage art for speedfreaks\",\"potentialAction\":[{\"@type\":\"SearchAction\",\"target\":{\"@type\":\"EntryPoint\",\"urlTemplate\":\"https:\/\/www.vintage-speedworks.nl\/?s={search_term_string}\"},\"query-input\":\"required name=search_term_string\"}],\"inLanguage\":\"de\"}]}<\/script>\n<!-- \/ Yoast SEO plugin. -->","yoast_head_json":{"title":"Porsche RSR - Sebring 12Hr - Vintage Speedworks","robots":{"index":"index","follow":"follow","max-snippet":"max-snippet:-1","max-image-preview":"max-image-preview:large","max-video-preview":"max-video-preview:-1"},"canonical":"https:\/\/www.vintage-speedworks.nl\/de\/produkt\/porsche-rsr-sebring-12hr\/","og_locale":"de_DE","og_type":"article","og_title":"Porsche RSR - Sebring 12Hr - Vintage Speedworks","og_description":"Original art by Frederic Dams  Limited Edition Print: Porsche RSR - Sebring 12hr  De Porsche 911 RS versie werd geintroduceerd in 1973. Deze race versie was lichter en krachtiger dan de standaard 911. De RS werd uiteindlijk erg gewild vanwege zijn eigen stijl en natuurlijk de \u2018duck tail\u2019. De RSR versie nam deel aan vele lange afstand races waaronder de 12 uur van Sebring. Peter Gregg, Hurley Haywood en Dave Helmick waren met deze auto de onbetwiste winnaar..","og_url":"https:\/\/www.vintage-speedworks.nl\/de\/produkt\/porsche-rsr-sebring-12hr\/","og_site_name":"Vintage Speedworks","article_modified_time":"2019-05-12T12:12:51+00:00","og_image":[{"width":800,"height":796,"url":"https:\/\/i2.wp.com\/www.vintage-speedworks.nl\/wp-content\/uploads\/webshop_dams_RSR_sebring_art_kunst-e1557663151147.jpg?fit=800%2C796&ssl=1","type":"image\/jpeg"}],"twitter_card":"summary_large_image","twitter_misc":{"Gesch\u00e4tzte Lesezeit":"1\u00a0Minute"},"schema":{"@context":"https:\/\/schema.org","@graph":[{"@type":"WebPage","@id":"https:\/\/www.vintage-speedworks.nl\/product\/porsche-rsr-sebring-12hr\/","url":"https:\/\/www.vintage-speedworks.nl\/product\/porsche-rsr-sebring-12hr\/","name":"Porsche RSR - Sebring 12Hr - Vintage Speedworks","isPartOf":{"@id":"https:\/\/www.vintage-speedworks.nl\/#website"},"datePublished":"2018-03-05T12:45:56+00:00","dateModified":"2019-05-12T12:12:51+00:00","breadcrumb":{"@id":"https:\/\/www.vintage-speedworks.nl\/product\/porsche-rsr-sebring-12hr\/#breadcrumb"},"inLanguage":"de","potentialAction":[{"@type":"ReadAction","target":["https:\/\/www.vintage-speedworks.nl\/product\/porsche-rsr-sebring-12hr\/"]}]},{"@type":"BreadcrumbList","@id":"https:\/\/www.vintage-speedworks.nl\/product\/porsche-rsr-sebring-12hr\/#breadcrumb","itemListElement":[{"@type":"ListItem","position":1,"name":"Home","item":"https:\/\/www.vintage-speedworks.nl\/"},{"@type":"ListItem","position":2,"name":"Webshop","item":"https:\/\/www.vintage-speedworks.nl\/webshop\/"},{"@type":"ListItem","position":3,"name":"Porsche RSR &#8211; Sebring 12Hr"}]},{"@type":"WebSite","@id":"https:\/\/www.vintage-speedworks.nl\/#website","url":"https:\/\/www.vintage-speedworks.nl\/","name":"Vintage Speedworks","description":"Vintage art for speedfreaks","potentialAction":[{"@type":"SearchAction","target":{"@type":"EntryPoint","urlTemplate":"https:\/\/www.vintage-speedworks.nl\/?s={search_term_string}"},"query-input":"required name=search_term_string"}],"inLanguage":"de"}]}},"_links":{"self":[{"href":"https:\/\/www.vintage-speedworks.nl\/de\/wp-json\/wp\/v2\/product\/1594"}],"collection":[{"href":"https:\/\/www.vintage-speedworks.nl\/de\/wp-json\/wp\/v2\/product"}],"about":[{"href":"https:\/\/www.vintage-speedworks.nl\/de\/wp-json\/wp\/v2\/types\/product"}],"wp:featuredmedia":[{"embeddable":true,"href":"https:\/\/www.vintage-speedworks.nl\/de\/wp-json\/wp\/v2\/media\/2903"}],"wp:attachment":[{"href":"https:\/\/www.vintage-speedworks.nl\/de\/wp-json\/wp\/v2\/media?parent=1594"}],"wp:term":[{"taxonomy":"product_cat","embeddable":true,"href":"https:\/\/www.vintage-speedworks.nl\/de\/wp-json\/wp\/v2\/product_cat?post=1594"},{"taxonomy":"product_tag","embeddable":true,"href":"https:\/\/www.vintage-speedworks.nl\/de\/wp-json\/wp\/v2\/product_tag?post=1594"}],"curies":[{"name":"wp","href":"https:\/\/api.w.org\/{rel}","templated":true}]}}