{"id":1523,"date":"2018-02-25T11:24:46","date_gmt":"2018-02-25T11:24:46","guid":{"rendered":"https:\/\/www.vintage-speedworks.nl\/?post_type=product&#038;p=1523"},"modified":"2018-11-11T14:15:00","modified_gmt":"2018-11-11T14:15:00","slug":"ferrari-f156-sharknose","status":"publish","type":"product","link":"https:\/\/www.vintage-speedworks.nl\/de\/produkt\/ferrari-f156-sharknose\/","title":{"rendered":"Ferrari F156 - Haifischnase"},"content":{"rendered":"<p>Originalgrafik von Frederic Dams<\/p>\n<p>Limitierter Druck: Ferrari F156 Haifischnase<\/p>\n<p>Der Ferrari F156 Shark Nose war das Grand-Prix-Auto von Phil Hill und Wolfgang von Trap im Jahr 1961. Das unverkennbare Design der Nase gab dem Wagen seinen vielsagenden Spitznamen. Phil Hill wurde 1961 Weltmeister und war damit der erste Amerikaner, der den Titel holte.<\/p>\n<p>Der K\u00fcnstler Frederic Dams ist ein professioneller Autodesigner und hat in den letzten 10 Jahren f\u00fcr die luxuri\u00f6sesten Automarken gearbeitet. Seine Leidenschaft f\u00fcr Autos und Design hat ihn dorthin gebracht, wo er heute steht.  Neben seiner Rolle als Chefdesigner arbeitet er mit Vorliebe an Automobilkunst. Seine Technik ist sehr modern, da er mit einer virtuellen Leinwand arbeitet. Das gibt ihm \"totale Freiheit\", was zu diesen verr\u00fcckten Designs f\u00fchrt....<\/p>\n<p>Der Kunstdruck in limitierter Auflage ist nummeriert und vom K\u00fcnstler signiert.<\/p>\n<h2><b>Abmessungen<\/b><b>:<\/b><\/h2>\n<ul>\n<li>Druckgr\u00f6\u00dfe (S): 44,0 x 15,0 cm<\/li>\n<li>Abmessungen des Drucks (L): 88,0 x 30,0 cm<\/li>\n<li>Abmessungen Rahmen (S): 50,0 x 20,0 cm (optional)<\/li>\n<li>Abmessungen Rahmen (L): 90,0 x 33,0 cm (optional)<\/li>\n<\/ul>\n<h2><b>Einzelheiten:<\/b><\/h2>\n<ul>\n<li>Gedruckt auf 300 g\/m\u00b2 Premium-Papier<\/li>\n<li>Limitierte Auflage von 75 St\u00fcck (signiert und nummeriert)<\/li>\n<\/ul>\n<h2><b>Lieferung:<\/b><\/h2>\n<ul>\n<li>Lagerartikel<\/li>\n<li>Versand innerhalb von 3 Arbeitstagen in einer vollst\u00e4ndigen Schutzverpackung<\/li>\n<\/ul>\n<p>&nbsp;<\/p>","protected":false},"excerpt":{"rendered":"<p>Originalgrafik von Frederic Dams<\/p>\n<p>Limitierter Druck: Ferrari F156 Haifischnase<\/p>\n<p>Der Ferrari F156 Shark Nose war das Grand-Prix-Auto von Phil Hill und Wolfgang von Trap im Jahr 1961. Das unverkennbare Design der Nase gab dem Wagen seinen vielsagenden Spitznamen. Phil Hill wurde 1961 Weltmeister und war damit der erste Amerikaner, der den Titel holte.<\/p>","protected":false},"featured_media":2530,"template":"","meta":{"_exactmetrics_skip_tracking":false,"_exactmetrics_sitenote_active":false,"_exactmetrics_sitenote_note":"","_exactmetrics_sitenote_category":0,"jetpack_post_was_ever_published":false},"product_cat":[21,65,147],"product_tag":[34,102,76],"yoast_head":"<!-- This site is optimized with the Yoast SEO plugin v21.0 - https:\/\/yoast.com\/wordpress\/plugins\/seo\/ -->\n<title>Ferrari F156 - Sharknose - Vintage Speedworks<\/title>\n<meta name=\"robots\" content=\"index, follow, max-snippet:-1, max-image-preview:large, max-video-preview:-1\" \/>\n<link rel=\"canonical\" href=\"https:\/\/www.vintage-speedworks.nl\/de\/produkt\/ferrari-f156-sharknose\/\" \/>\n<meta property=\"og:locale\" content=\"de_DE\" \/>\n<meta property=\"og:type\" content=\"article\" \/>\n<meta property=\"og:title\" content=\"Ferrari F156 - Sharknose - Vintage Speedworks\" \/>\n<meta property=\"og:description\" content=\"Original art by Frederic Dams  Limited Edition Print: Ferrari F156 Shark Nose  De Ferrari F156 Shark Nose was de Grand Prix auto van Phil Hill en Wolfgang von Trap in 1961. Het herkenbare neus ontwerp gaf de auto zijn sprekende bijnaam. Phil Hill werd in 1961 wereldkampioen, waarmee hij als eerste Amerikaan de titel veroverde.\" \/>\n<meta property=\"og:url\" content=\"https:\/\/www.vintage-speedworks.nl\/de\/produkt\/ferrari-f156-sharknose\/\" \/>\n<meta property=\"og:site_name\" content=\"Vintage Speedworks\" \/>\n<meta property=\"article:modified_time\" content=\"2018-11-11T14:15:00+00:00\" \/>\n<meta property=\"og:image\" content=\"https:\/\/i1.wp.com\/www.vintage-speedworks.nl\/wp-content\/uploads\/Frederic_dams-F1-Ferrari-frame-black_2-1.jpg?fit=510%2C408&ssl=1\" \/>\n\t<meta property=\"og:image:width\" content=\"510\" \/>\n\t<meta property=\"og:image:height\" content=\"408\" \/>\n\t<meta property=\"og:image:type\" content=\"image\/jpeg\" \/>\n<meta name=\"twitter:card\" content=\"summary_large_image\" \/>\n<meta name=\"twitter:label1\" content=\"Gesch\u00e4tzte Lesezeit\" \/>\n\t<meta name=\"twitter:data1\" content=\"1\u00a0Minute\" \/>\n<script type=\"application\/ld+json\" class=\"yoast-schema-graph\">{\"@context\":\"https:\/\/schema.org\",\"@graph\":[{\"@type\":\"WebPage\",\"@id\":\"https:\/\/www.vintage-speedworks.nl\/product\/ferrari-f156-sharknose\/\",\"url\":\"https:\/\/www.vintage-speedworks.nl\/product\/ferrari-f156-sharknose\/\",\"name\":\"Ferrari F156 - Sharknose - Vintage Speedworks\",\"isPartOf\":{\"@id\":\"https:\/\/www.vintage-speedworks.nl\/#website\"},\"datePublished\":\"2018-02-25T11:24:46+00:00\",\"dateModified\":\"2018-11-11T14:15:00+00:00\",\"breadcrumb\":{\"@id\":\"https:\/\/www.vintage-speedworks.nl\/product\/ferrari-f156-sharknose\/#breadcrumb\"},\"inLanguage\":\"de\",\"potentialAction\":[{\"@type\":\"ReadAction\",\"target\":[\"https:\/\/www.vintage-speedworks.nl\/product\/ferrari-f156-sharknose\/\"]}]},{\"@type\":\"BreadcrumbList\",\"@id\":\"https:\/\/www.vintage-speedworks.nl\/product\/ferrari-f156-sharknose\/#breadcrumb\",\"itemListElement\":[{\"@type\":\"ListItem\",\"position\":1,\"name\":\"Home\",\"item\":\"https:\/\/www.vintage-speedworks.nl\/\"},{\"@type\":\"ListItem\",\"position\":2,\"name\":\"Webshop\",\"item\":\"https:\/\/www.vintage-speedworks.nl\/webshop\/\"},{\"@type\":\"ListItem\",\"position\":3,\"name\":\"Ferrari F156 &#8211; Sharknose\"}]},{\"@type\":\"WebSite\",\"@id\":\"https:\/\/www.vintage-speedworks.nl\/#website\",\"url\":\"https:\/\/www.vintage-speedworks.nl\/\",\"name\":\"Vintage Speedworks\",\"description\":\"Vintage art for speedfreaks\",\"potentialAction\":[{\"@type\":\"SearchAction\",\"target\":{\"@type\":\"EntryPoint\",\"urlTemplate\":\"https:\/\/www.vintage-speedworks.nl\/?s={search_term_string}\"},\"query-input\":\"required name=search_term_string\"}],\"inLanguage\":\"de\"}]}<\/script>\n<!-- \/ Yoast SEO plugin. -->","yoast_head_json":{"title":"Ferrari F156 - Sharknose - Vintage Speedworks","robots":{"index":"index","follow":"follow","max-snippet":"max-snippet:-1","max-image-preview":"max-image-preview:large","max-video-preview":"max-video-preview:-1"},"canonical":"https:\/\/www.vintage-speedworks.nl\/de\/produkt\/ferrari-f156-sharknose\/","og_locale":"de_DE","og_type":"article","og_title":"Ferrari F156 - Sharknose - Vintage Speedworks","og_description":"Original art by Frederic Dams  Limited Edition Print: Ferrari F156 Shark Nose  De Ferrari F156 Shark Nose was de Grand Prix auto van Phil Hill en Wolfgang von Trap in 1961. Het herkenbare neus ontwerp gaf de auto zijn sprekende bijnaam. Phil Hill werd in 1961 wereldkampioen, waarmee hij als eerste Amerikaan de titel veroverde.","og_url":"https:\/\/www.vintage-speedworks.nl\/de\/produkt\/ferrari-f156-sharknose\/","og_site_name":"Vintage Speedworks","article_modified_time":"2018-11-11T14:15:00+00:00","og_image":[{"width":510,"height":408,"url":"https:\/\/i1.wp.com\/www.vintage-speedworks.nl\/wp-content\/uploads\/Frederic_dams-F1-Ferrari-frame-black_2-1.jpg?fit=510%2C408&ssl=1","type":"image\/jpeg"}],"twitter_card":"summary_large_image","twitter_misc":{"Gesch\u00e4tzte Lesezeit":"1\u00a0Minute"},"schema":{"@context":"https:\/\/schema.org","@graph":[{"@type":"WebPage","@id":"https:\/\/www.vintage-speedworks.nl\/product\/ferrari-f156-sharknose\/","url":"https:\/\/www.vintage-speedworks.nl\/product\/ferrari-f156-sharknose\/","name":"Ferrari F156 - Sharknose - Vintage Speedworks","isPartOf":{"@id":"https:\/\/www.vintage-speedworks.nl\/#website"},"datePublished":"2018-02-25T11:24:46+00:00","dateModified":"2018-11-11T14:15:00+00:00","breadcrumb":{"@id":"https:\/\/www.vintage-speedworks.nl\/product\/ferrari-f156-sharknose\/#breadcrumb"},"inLanguage":"de","potentialAction":[{"@type":"ReadAction","target":["https:\/\/www.vintage-speedworks.nl\/product\/ferrari-f156-sharknose\/"]}]},{"@type":"BreadcrumbList","@id":"https:\/\/www.vintage-speedworks.nl\/product\/ferrari-f156-sharknose\/#breadcrumb","itemListElement":[{"@type":"ListItem","position":1,"name":"Home","item":"https:\/\/www.vintage-speedworks.nl\/"},{"@type":"ListItem","position":2,"name":"Webshop","item":"https:\/\/www.vintage-speedworks.nl\/webshop\/"},{"@type":"ListItem","position":3,"name":"Ferrari F156 &#8211; Sharknose"}]},{"@type":"WebSite","@id":"https:\/\/www.vintage-speedworks.nl\/#website","url":"https:\/\/www.vintage-speedworks.nl\/","name":"Vintage Speedworks","description":"Vintage art for speedfreaks","potentialAction":[{"@type":"SearchAction","target":{"@type":"EntryPoint","urlTemplate":"https:\/\/www.vintage-speedworks.nl\/?s={search_term_string}"},"query-input":"required name=search_term_string"}],"inLanguage":"de"}]}},"_links":{"self":[{"href":"https:\/\/www.vintage-speedworks.nl\/de\/wp-json\/wp\/v2\/product\/1523"}],"collection":[{"href":"https:\/\/www.vintage-speedworks.nl\/de\/wp-json\/wp\/v2\/product"}],"about":[{"href":"https:\/\/www.vintage-speedworks.nl\/de\/wp-json\/wp\/v2\/types\/product"}],"wp:featuredmedia":[{"embeddable":true,"href":"https:\/\/www.vintage-speedworks.nl\/de\/wp-json\/wp\/v2\/media\/2530"}],"wp:attachment":[{"href":"https:\/\/www.vintage-speedworks.nl\/de\/wp-json\/wp\/v2\/media?parent=1523"}],"wp:term":[{"taxonomy":"product_cat","embeddable":true,"href":"https:\/\/www.vintage-speedworks.nl\/de\/wp-json\/wp\/v2\/product_cat?post=1523"},{"taxonomy":"product_tag","embeddable":true,"href":"https:\/\/www.vintage-speedworks.nl\/de\/wp-json\/wp\/v2\/product_tag?post=1523"}],"curies":[{"name":"wp","href":"https:\/\/api.w.org\/{rel}","templated":true}]}}