{"id":1483,"date":"2018-02-21T19:07:12","date_gmt":"2018-02-21T19:07:12","guid":{"rendered":"https:\/\/www.vintage-speedworks.nl\/?post_type=product&#038;p=1483"},"modified":"2019-06-28T16:54:20","modified_gmt":"2019-06-28T16:54:20","slug":"on-track-porsche-rs","status":"publish","type":"product","link":"https:\/\/www.vintage-speedworks.nl\/de\/produkt\/on-track-porsche-rs\/","title":{"rendered":"Auf der Strecke - Porsche RS"},"content":{"rendered":"<p>Der Porsche 911 ist f\u00fcr viele eine Ikone, insbesondere die 1973 eingef\u00fchrte Carrera RS-Version. Diese Rennversion war leichter und wurde schlie\u00dflich wegen ihres unverwechselbaren Stils und nat\u00fcrlich des \"Entenhecks\" sehr begehrt. Der Fotograf Tom Wheatley hat auf seine Weise die Rennstrecke und den RS wunderbar in Szene gesetzt.<\/p>\n<p>Tom Wheatley ist ein freischaffender Fotograf, der sich auf \"Automobilfotografie\" spezialisiert hat. Sein moderner Stil kombiniert oft hervorragende Fotos mit gewagter Nachbearbeitung. Angesichts seines noch jungen Alters werden wir in Zukunft noch viel von Tom sehen.<\/p>\n<h2><b>Abmessungen<\/b><b>:<\/b><\/h2>\n<ul>\n<li>Abmessungen (cm): 42,00 x 29,00 cm<\/li>\n<li>Abmessungen Rahmen (cm): 60.00 x 40.00<\/li>\n<li>Andere Abmessungen auf Anfrage erh\u00e4ltlich<\/li>\n<\/ul>\n<h2><b>Einzelheiten:<\/b><\/h2>\n<ul>\n<li>Das Foto wird auf hochwertigem 300 g\/m\u00b2 mattem Papier gedruckt.<\/li>\n<\/ul>\n<h2><b>Lieferung:<\/b><\/h2>\n<ul>\n<li>Lieferfrist: 5 Tage<\/li>\n<li>Versand in einer sch\u00fctzenden Box<\/li>\n<\/ul>","protected":false},"excerpt":{"rendered":"<p>Fotografie von Tom Wheatley<\/p>\n<p>Der Porsche 911 ist f\u00fcr viele eine Ikone, insbesondere die 1973 eingef\u00fchrte Carrera RS-Version. Diese Rennversion war leichter und wurde schlie\u00dflich wegen ihres unverwechselbaren Stils und nat\u00fcrlich des \"Entenhecks\" sehr begehrt. Der Fotograf Tom Wheatley hat auf seine Weise die Rennstrecke und den RS wunderbar in Szene gesetzt.<\/p>","protected":false},"featured_media":2929,"template":"","meta":{"_exactmetrics_skip_tracking":false,"_exactmetrics_sitenote_active":false,"_exactmetrics_sitenote_note":"","_exactmetrics_sitenote_category":0,"jetpack_post_was_ever_published":false},"product_cat":[23,65,144],"product_tag":[97,90,62,101],"yoast_head":"<!-- This site is optimized with the Yoast SEO plugin v21.0 - https:\/\/yoast.com\/wordpress\/plugins\/seo\/ -->\n<title>On Track - Porsche RS - Vintage Speedworks<\/title>\n<meta name=\"robots\" content=\"index, follow, max-snippet:-1, max-image-preview:large, max-video-preview:-1\" \/>\n<link rel=\"canonical\" href=\"https:\/\/www.vintage-speedworks.nl\/de\/produkt\/on-track-porsche-rs\/\" \/>\n<meta property=\"og:locale\" content=\"de_DE\" \/>\n<meta property=\"og:type\" content=\"article\" \/>\n<meta property=\"og:title\" content=\"On Track - Porsche RS - Vintage Speedworks\" \/>\n<meta property=\"og:description\" content=\"Photography van Tom Wheatley  De Porsche 911 is voor velen een icoon, zeker de Carrera RS versie die werd geintroduceerd in 1973. Deze race versie was lichter en werd uiteindlijk erg gewild vanwege zijn eigen stijl en natuurlijk de &#039;duck tail&#039;. Fotograaf Tom Wheatley heeft op eigen wijze het circuit en de RS mooi samengebracht.\" \/>\n<meta property=\"og:url\" content=\"https:\/\/www.vintage-speedworks.nl\/de\/produkt\/on-track-porsche-rs\/\" \/>\n<meta property=\"og:site_name\" content=\"Vintage Speedworks\" \/>\n<meta property=\"article:modified_time\" content=\"2019-06-28T16:54:20+00:00\" \/>\n<meta property=\"og:image\" content=\"https:\/\/i0.wp.com\/www.vintage-speedworks.nl\/wp-content\/uploads\/Porsche-911-RS-photografie-weathly-new.jpg?fit=410%2C411&ssl=1\" \/>\n\t<meta property=\"og:image:width\" content=\"410\" \/>\n\t<meta property=\"og:image:height\" content=\"411\" \/>\n\t<meta property=\"og:image:type\" content=\"image\/jpeg\" \/>\n<meta name=\"twitter:card\" content=\"summary_large_image\" \/>\n<meta name=\"twitter:label1\" content=\"Gesch\u00e4tzte Lesezeit\" \/>\n\t<meta name=\"twitter:data1\" content=\"1\u00a0Minute\" \/>\n<script type=\"application\/ld+json\" class=\"yoast-schema-graph\">{\"@context\":\"https:\/\/schema.org\",\"@graph\":[{\"@type\":\"WebPage\",\"@id\":\"https:\/\/www.vintage-speedworks.nl\/product\/on-track-porsche-rs\/\",\"url\":\"https:\/\/www.vintage-speedworks.nl\/product\/on-track-porsche-rs\/\",\"name\":\"On Track - Porsche RS - Vintage Speedworks\",\"isPartOf\":{\"@id\":\"https:\/\/www.vintage-speedworks.nl\/#website\"},\"datePublished\":\"2018-02-21T19:07:12+00:00\",\"dateModified\":\"2019-06-28T16:54:20+00:00\",\"breadcrumb\":{\"@id\":\"https:\/\/www.vintage-speedworks.nl\/product\/on-track-porsche-rs\/#breadcrumb\"},\"inLanguage\":\"de\",\"potentialAction\":[{\"@type\":\"ReadAction\",\"target\":[\"https:\/\/www.vintage-speedworks.nl\/product\/on-track-porsche-rs\/\"]}]},{\"@type\":\"BreadcrumbList\",\"@id\":\"https:\/\/www.vintage-speedworks.nl\/product\/on-track-porsche-rs\/#breadcrumb\",\"itemListElement\":[{\"@type\":\"ListItem\",\"position\":1,\"name\":\"Home\",\"item\":\"https:\/\/www.vintage-speedworks.nl\/\"},{\"@type\":\"ListItem\",\"position\":2,\"name\":\"Webshop\",\"item\":\"https:\/\/www.vintage-speedworks.nl\/webshop\/\"},{\"@type\":\"ListItem\",\"position\":3,\"name\":\"On Track &#8211; Porsche RS\"}]},{\"@type\":\"WebSite\",\"@id\":\"https:\/\/www.vintage-speedworks.nl\/#website\",\"url\":\"https:\/\/www.vintage-speedworks.nl\/\",\"name\":\"Vintage Speedworks\",\"description\":\"Vintage art for speedfreaks\",\"potentialAction\":[{\"@type\":\"SearchAction\",\"target\":{\"@type\":\"EntryPoint\",\"urlTemplate\":\"https:\/\/www.vintage-speedworks.nl\/?s={search_term_string}\"},\"query-input\":\"required name=search_term_string\"}],\"inLanguage\":\"de\"}]}<\/script>\n<!-- \/ Yoast SEO plugin. -->","yoast_head_json":{"title":"On Track - Porsche RS - Vintage Speedworks","robots":{"index":"index","follow":"follow","max-snippet":"max-snippet:-1","max-image-preview":"max-image-preview:large","max-video-preview":"max-video-preview:-1"},"canonical":"https:\/\/www.vintage-speedworks.nl\/de\/produkt\/on-track-porsche-rs\/","og_locale":"de_DE","og_type":"article","og_title":"On Track - Porsche RS - Vintage Speedworks","og_description":"Photography van Tom Wheatley  De Porsche 911 is voor velen een icoon, zeker de Carrera RS versie die werd geintroduceerd in 1973. Deze race versie was lichter en werd uiteindlijk erg gewild vanwege zijn eigen stijl en natuurlijk de 'duck tail'. Fotograaf Tom Wheatley heeft op eigen wijze het circuit en de RS mooi samengebracht.","og_url":"https:\/\/www.vintage-speedworks.nl\/de\/produkt\/on-track-porsche-rs\/","og_site_name":"Vintage Speedworks","article_modified_time":"2019-06-28T16:54:20+00:00","og_image":[{"width":410,"height":411,"url":"https:\/\/i0.wp.com\/www.vintage-speedworks.nl\/wp-content\/uploads\/Porsche-911-RS-photografie-weathly-new.jpg?fit=410%2C411&ssl=1","type":"image\/jpeg"}],"twitter_card":"summary_large_image","twitter_misc":{"Gesch\u00e4tzte Lesezeit":"1\u00a0Minute"},"schema":{"@context":"https:\/\/schema.org","@graph":[{"@type":"WebPage","@id":"https:\/\/www.vintage-speedworks.nl\/product\/on-track-porsche-rs\/","url":"https:\/\/www.vintage-speedworks.nl\/product\/on-track-porsche-rs\/","name":"On Track - Porsche RS - Vintage Speedworks","isPartOf":{"@id":"https:\/\/www.vintage-speedworks.nl\/#website"},"datePublished":"2018-02-21T19:07:12+00:00","dateModified":"2019-06-28T16:54:20+00:00","breadcrumb":{"@id":"https:\/\/www.vintage-speedworks.nl\/product\/on-track-porsche-rs\/#breadcrumb"},"inLanguage":"de","potentialAction":[{"@type":"ReadAction","target":["https:\/\/www.vintage-speedworks.nl\/product\/on-track-porsche-rs\/"]}]},{"@type":"BreadcrumbList","@id":"https:\/\/www.vintage-speedworks.nl\/product\/on-track-porsche-rs\/#breadcrumb","itemListElement":[{"@type":"ListItem","position":1,"name":"Home","item":"https:\/\/www.vintage-speedworks.nl\/"},{"@type":"ListItem","position":2,"name":"Webshop","item":"https:\/\/www.vintage-speedworks.nl\/webshop\/"},{"@type":"ListItem","position":3,"name":"On Track &#8211; Porsche RS"}]},{"@type":"WebSite","@id":"https:\/\/www.vintage-speedworks.nl\/#website","url":"https:\/\/www.vintage-speedworks.nl\/","name":"Vintage Speedworks","description":"Vintage art for speedfreaks","potentialAction":[{"@type":"SearchAction","target":{"@type":"EntryPoint","urlTemplate":"https:\/\/www.vintage-speedworks.nl\/?s={search_term_string}"},"query-input":"required name=search_term_string"}],"inLanguage":"de"}]}},"_links":{"self":[{"href":"https:\/\/www.vintage-speedworks.nl\/de\/wp-json\/wp\/v2\/product\/1483"}],"collection":[{"href":"https:\/\/www.vintage-speedworks.nl\/de\/wp-json\/wp\/v2\/product"}],"about":[{"href":"https:\/\/www.vintage-speedworks.nl\/de\/wp-json\/wp\/v2\/types\/product"}],"wp:featuredmedia":[{"embeddable":true,"href":"https:\/\/www.vintage-speedworks.nl\/de\/wp-json\/wp\/v2\/media\/2929"}],"wp:attachment":[{"href":"https:\/\/www.vintage-speedworks.nl\/de\/wp-json\/wp\/v2\/media?parent=1483"}],"wp:term":[{"taxonomy":"product_cat","embeddable":true,"href":"https:\/\/www.vintage-speedworks.nl\/de\/wp-json\/wp\/v2\/product_cat?post=1483"},{"taxonomy":"product_tag","embeddable":true,"href":"https:\/\/www.vintage-speedworks.nl\/de\/wp-json\/wp\/v2\/product_tag?post=1483"}],"curies":[{"name":"wp","href":"https:\/\/api.w.org\/{rel}","templated":true}]}}