{"id":1225,"date":"2018-01-27T19:19:28","date_gmt":"2018-01-27T19:19:28","guid":{"rendered":"https:\/\/www.vintage-speedworks.nl\/?post_type=product&#038;p=1225"},"modified":"2018-09-20T11:28:38","modified_gmt":"2018-09-20T11:28:38","slug":"alfa-romeo-giulia-gta","status":"publish","type":"product","link":"https:\/\/www.vintage-speedworks.nl\/de\/produkt\/alfa-romeo-giulia-gta\/","title":{"rendered":"Alfa Romeo - Giulia GTA"},"content":{"rendered":"<p>Fotografie von Pablo Burillo<\/p>\n<p>In den 1960er Jahren stellte Alfa Romeo die sch\u00f6ne Giulia vor. Sp\u00e4ter entwickelte Alfa Romeo selbst die Giulia GT, die AutoDelta zur ber\u00fchmten GTA-Version aufwertete. Die Aufnahme von Pablo Burillo hat einen starken Vintage-Look und hebt den markanten Grill und die Scheinwerfer hervor.<\/p>\n<h2><b>Abmessungen<\/b><b>:<\/b><\/h2>\n<ul>\n<li>Abmessungen des Fotos (cm): 42,00 x 29,00 cm<\/li>\n<li>Ma\u00dfe R\u00fcckenrahmen (cm): 50,00 x 40,00 cm (optional)<\/li>\n<li>Andere Abmessungen auf Anfrage erh\u00e4ltlich<\/li>\n<\/ul>\n<h2><b>Einzelheiten:<\/b><\/h2>\n<ul>\n<li>Das Foto wird auf hochwertigem 300 g\/m\u00b2 mattem Papier gedruckt.<\/li>\n<\/ul>\n<h2><b>Lieferung:<\/b><\/h2>\n<ul>\n<li>Lieferfrist: 10 Tage<\/li>\n<li>Versand in einer sch\u00fctzenden Box<\/li>\n<\/ul>","protected":false},"excerpt":{"rendered":"<p>Sch\u00f6nes Rendering der klassischen Alfa Romeo Giulia GTA<\/p>","protected":false},"featured_media":1227,"template":"","meta":{"_exactmetrics_skip_tracking":false,"_exactmetrics_sitenote_active":false,"_exactmetrics_sitenote_note":"","_exactmetrics_sitenote_category":0,"jetpack_post_was_ever_published":false},"product_cat":[23,65,145],"product_tag":[],"yoast_head":"<!-- This site is optimized with the Yoast SEO plugin v21.0 - https:\/\/yoast.com\/wordpress\/plugins\/seo\/ -->\n<title>Alfa Romeo - Giulia GTA - Vintage Speedworks<\/title>\n<meta name=\"robots\" content=\"index, follow, max-snippet:-1, max-image-preview:large, max-video-preview:-1\" \/>\n<link rel=\"canonical\" href=\"https:\/\/www.vintage-speedworks.nl\/de\/produkt\/alfa-romeo-giulia-gta\/\" \/>\n<meta property=\"og:locale\" content=\"de_DE\" \/>\n<meta property=\"og:type\" content=\"article\" \/>\n<meta property=\"og:title\" content=\"Alfa Romeo - Giulia GTA - Vintage Speedworks\" \/>\n<meta property=\"og:description\" content=\"Prachtige weergave van de klassieke Alfa Romeo Giulia GTA\" \/>\n<meta property=\"og:url\" content=\"https:\/\/www.vintage-speedworks.nl\/de\/produkt\/alfa-romeo-giulia-gta\/\" \/>\n<meta property=\"og:site_name\" content=\"Vintage Speedworks\" \/>\n<meta property=\"article:modified_time\" content=\"2018-09-20T11:28:38+00:00\" \/>\n<meta property=\"og:image\" content=\"https:\/\/i2.wp.com\/www.vintage-speedworks.nl\/wp-content\/uploads\/vintage-alfa-romeo-gulia-1-e1517081381669.jpg?fit=500%2C333&ssl=1\" \/>\n\t<meta property=\"og:image:width\" content=\"500\" \/>\n\t<meta property=\"og:image:height\" content=\"333\" \/>\n\t<meta property=\"og:image:type\" content=\"image\/jpeg\" \/>\n<meta name=\"twitter:card\" content=\"summary_large_image\" \/>\n<script type=\"application\/ld+json\" class=\"yoast-schema-graph\">{\"@context\":\"https:\/\/schema.org\",\"@graph\":[{\"@type\":\"WebPage\",\"@id\":\"https:\/\/www.vintage-speedworks.nl\/product\/alfa-romeo-giulia-gta\/\",\"url\":\"https:\/\/www.vintage-speedworks.nl\/product\/alfa-romeo-giulia-gta\/\",\"name\":\"Alfa Romeo - Giulia GTA - Vintage Speedworks\",\"isPartOf\":{\"@id\":\"https:\/\/www.vintage-speedworks.nl\/#website\"},\"datePublished\":\"2018-01-27T19:19:28+00:00\",\"dateModified\":\"2018-09-20T11:28:38+00:00\",\"breadcrumb\":{\"@id\":\"https:\/\/www.vintage-speedworks.nl\/product\/alfa-romeo-giulia-gta\/#breadcrumb\"},\"inLanguage\":\"de\",\"potentialAction\":[{\"@type\":\"ReadAction\",\"target\":[\"https:\/\/www.vintage-speedworks.nl\/product\/alfa-romeo-giulia-gta\/\"]}]},{\"@type\":\"BreadcrumbList\",\"@id\":\"https:\/\/www.vintage-speedworks.nl\/product\/alfa-romeo-giulia-gta\/#breadcrumb\",\"itemListElement\":[{\"@type\":\"ListItem\",\"position\":1,\"name\":\"Home\",\"item\":\"https:\/\/www.vintage-speedworks.nl\/\"},{\"@type\":\"ListItem\",\"position\":2,\"name\":\"Webshop\",\"item\":\"https:\/\/www.vintage-speedworks.nl\/webshop\/\"},{\"@type\":\"ListItem\",\"position\":3,\"name\":\"Alfa Romeo &#8211; Giulia GTA\"}]},{\"@type\":\"WebSite\",\"@id\":\"https:\/\/www.vintage-speedworks.nl\/#website\",\"url\":\"https:\/\/www.vintage-speedworks.nl\/\",\"name\":\"Vintage Speedworks\",\"description\":\"Vintage art for speedfreaks\",\"potentialAction\":[{\"@type\":\"SearchAction\",\"target\":{\"@type\":\"EntryPoint\",\"urlTemplate\":\"https:\/\/www.vintage-speedworks.nl\/?s={search_term_string}\"},\"query-input\":\"required name=search_term_string\"}],\"inLanguage\":\"de\"}]}<\/script>\n<!-- \/ Yoast SEO plugin. -->","yoast_head_json":{"title":"Alfa Romeo - Giulia GTA - Vintage Speedworks","robots":{"index":"index","follow":"follow","max-snippet":"max-snippet:-1","max-image-preview":"max-image-preview:large","max-video-preview":"max-video-preview:-1"},"canonical":"https:\/\/www.vintage-speedworks.nl\/de\/produkt\/alfa-romeo-giulia-gta\/","og_locale":"de_DE","og_type":"article","og_title":"Alfa Romeo - Giulia GTA - Vintage Speedworks","og_description":"Prachtige weergave van de klassieke Alfa Romeo Giulia GTA","og_url":"https:\/\/www.vintage-speedworks.nl\/de\/produkt\/alfa-romeo-giulia-gta\/","og_site_name":"Vintage Speedworks","article_modified_time":"2018-09-20T11:28:38+00:00","og_image":[{"width":500,"height":333,"url":"https:\/\/i2.wp.com\/www.vintage-speedworks.nl\/wp-content\/uploads\/vintage-alfa-romeo-gulia-1-e1517081381669.jpg?fit=500%2C333&ssl=1","type":"image\/jpeg"}],"twitter_card":"summary_large_image","schema":{"@context":"https:\/\/schema.org","@graph":[{"@type":"WebPage","@id":"https:\/\/www.vintage-speedworks.nl\/product\/alfa-romeo-giulia-gta\/","url":"https:\/\/www.vintage-speedworks.nl\/product\/alfa-romeo-giulia-gta\/","name":"Alfa Romeo - Giulia GTA - Vintage Speedworks","isPartOf":{"@id":"https:\/\/www.vintage-speedworks.nl\/#website"},"datePublished":"2018-01-27T19:19:28+00:00","dateModified":"2018-09-20T11:28:38+00:00","breadcrumb":{"@id":"https:\/\/www.vintage-speedworks.nl\/product\/alfa-romeo-giulia-gta\/#breadcrumb"},"inLanguage":"de","potentialAction":[{"@type":"ReadAction","target":["https:\/\/www.vintage-speedworks.nl\/product\/alfa-romeo-giulia-gta\/"]}]},{"@type":"BreadcrumbList","@id":"https:\/\/www.vintage-speedworks.nl\/product\/alfa-romeo-giulia-gta\/#breadcrumb","itemListElement":[{"@type":"ListItem","position":1,"name":"Home","item":"https:\/\/www.vintage-speedworks.nl\/"},{"@type":"ListItem","position":2,"name":"Webshop","item":"https:\/\/www.vintage-speedworks.nl\/webshop\/"},{"@type":"ListItem","position":3,"name":"Alfa Romeo &#8211; Giulia GTA"}]},{"@type":"WebSite","@id":"https:\/\/www.vintage-speedworks.nl\/#website","url":"https:\/\/www.vintage-speedworks.nl\/","name":"Vintage Speedworks","description":"Vintage art for speedfreaks","potentialAction":[{"@type":"SearchAction","target":{"@type":"EntryPoint","urlTemplate":"https:\/\/www.vintage-speedworks.nl\/?s={search_term_string}"},"query-input":"required name=search_term_string"}],"inLanguage":"de"}]}},"_links":{"self":[{"href":"https:\/\/www.vintage-speedworks.nl\/de\/wp-json\/wp\/v2\/product\/1225"}],"collection":[{"href":"https:\/\/www.vintage-speedworks.nl\/de\/wp-json\/wp\/v2\/product"}],"about":[{"href":"https:\/\/www.vintage-speedworks.nl\/de\/wp-json\/wp\/v2\/types\/product"}],"wp:featuredmedia":[{"embeddable":true,"href":"https:\/\/www.vintage-speedworks.nl\/de\/wp-json\/wp\/v2\/media\/1227"}],"wp:attachment":[{"href":"https:\/\/www.vintage-speedworks.nl\/de\/wp-json\/wp\/v2\/media?parent=1225"}],"wp:term":[{"taxonomy":"product_cat","embeddable":true,"href":"https:\/\/www.vintage-speedworks.nl\/de\/wp-json\/wp\/v2\/product_cat?post=1225"},{"taxonomy":"product_tag","embeddable":true,"href":"https:\/\/www.vintage-speedworks.nl\/de\/wp-json\/wp\/v2\/product_tag?post=1225"}],"curies":[{"name":"wp","href":"https:\/\/api.w.org\/{rel}","templated":true}]}}