{"id":1183,"date":"2018-01-17T20:28:09","date_gmt":"2018-01-17T20:28:09","guid":{"rendered":"https:\/\/www.vintage-speedworks.nl\/?post_type=product&#038;p=1183"},"modified":"2019-03-10T14:48:06","modified_gmt":"2019-03-10T14:48:06","slug":"legends-porsche-martini-bonnet-2","status":"publish","type":"product","link":"https:\/\/www.vintage-speedworks.nl\/de\/produkt\/legends-porsche-martini-bonnet-2\/","title":{"rendered":"LEGENDS - Porsche 911 Martini"},"content":{"rendered":"<h2>Jedes Auto kann eine Legende werden<\/h2>\n<p>Lassen Sie alte Legenden mit den einzigartigen Motorhauben von AfterTheRace wieder aufleben. Designs und Streifen von legend\u00e4ren Autos und Rennen werden auf einzigartige und detaillierte Weise wieder zum Leben erweckt. Die Kunstwerke verdienen einen prominenten Platz in jedermanns Wohnzimmer, Arbeitszimmer oder B\u00fcro.<\/p>\n<h2>AfterTheRace<\/h2>\n<p>AFTER THE RACE ist ein Duo, das aus einer wahren Freundschaft entstanden ist. Eine Freundschaft zwischen Jean-Denis Claessens und Edmond Thonnard (alias Pogo). Jean-Denis ist Grafikdesigner, gelernter Unternehmer und seit seiner Kindheit ein Liebhaber von Autos.  Pogo ist ein vielseitiger Maler und K\u00fcnstler mit gro\u00dfer Erfahrung in der Stra\u00dfenkunst.<\/p>\n<p>Die beiden Belgier sind stolz darauf, dieses einzigartige Produkt gemeinsam herzustellen. Die Techniken, die sie anwenden, sind innovativ, k\u00fchn und schrullig.<\/p>\n<h2><b>Einzelheiten:<\/b><\/h2>\n<ul>\n<li>Jede M\u00fctze ist handgefertigt und hat ein individuelles Design mit einem einzigartigen Aussehen und Gef\u00fchl<\/li>\n<li>Eine originale Motorhaube des Porsche 911 Typ G wird verwendet<\/li>\n<li>Die authentische Patina wird durch eine Kombination verschiedener Behandlungen und Techniken erreicht.<\/li>\n<li>Jede Haube ist ein Einzelst\u00fcck, ein von der K\u00fcnstlerin signiertes Meisterwerk<\/li>\n<li>Verwendete Materialien: Eisenlack, \u00d6l, Gummi von Rennreifen und andere Zutaten<\/li>\n<\/ul>\n<h2><b>Sonderanfertigung:<\/b><\/h2>\n<ul>\n<li>Die W\u00fcnsche jedes Kunden sind unterschiedlich. Um eine vollst\u00e4ndig ma\u00dfgeschneiderte Arbeit zu garantieren, wird das Kunstwerk erst nach einer ausf\u00fchrlichen Beratung zwischen Jean-Denis und dem Kunden in Angriff genommen.<\/li>\n<\/ul>\n<ul>\n<li>Aufgrund dieses Prozesses betr\u00e4gt die Lieferzeit 3-6 Wochen.<\/li>\n<\/ul>","protected":false},"excerpt":{"rendered":"<p>Einzigartige, original Porsche 911 Motorhaube in Martini-Rennfarben lackiert.<\/p>\n<p>Inspiration:  Der Porsche 911 von Gijs van Lennep. Targa Florio Rallye 1973<\/p>\n<p>&nbsp;<\/p>","protected":false},"featured_media":2830,"template":"","meta":{"_exactmetrics_skip_tracking":false,"_exactmetrics_sitenote_active":false,"_exactmetrics_sitenote_note":"","_exactmetrics_sitenote_category":0,"jetpack_post_was_ever_published":false},"product_cat":[22,141],"product_tag":[90,92,62],"yoast_head":"<!-- This site is optimized with the Yoast SEO plugin v21.0 - https:\/\/yoast.com\/wordpress\/plugins\/seo\/ -->\n<title>LEGENDS - Porsche 911 Martini - Vintage Speedworks<\/title>\n<meta name=\"robots\" content=\"index, follow, max-snippet:-1, max-image-preview:large, max-video-preview:-1\" \/>\n<link rel=\"canonical\" href=\"https:\/\/www.vintage-speedworks.nl\/de\/produkt\/legends-porsche-martini-bonnet-2\/\" \/>\n<meta property=\"og:locale\" content=\"de_DE\" \/>\n<meta property=\"og:type\" content=\"article\" \/>\n<meta property=\"og:title\" content=\"LEGENDS - Porsche 911 Martini - Vintage Speedworks\" \/>\n<meta property=\"og:description\" content=\"Unieke, orginele Porsche 911 motorkap beschilderd in Martini race kleuren.  Inspiratie:\u00a0 Porsche 911 van Gijs van Lennep. Targa Florio rally 1973  &nbsp;\" \/>\n<meta property=\"og:url\" content=\"https:\/\/www.vintage-speedworks.nl\/de\/produkt\/legends-porsche-martini-bonnet-2\/\" \/>\n<meta property=\"og:site_name\" content=\"Vintage Speedworks\" \/>\n<meta property=\"article:modified_time\" content=\"2019-03-10T14:48:06+00:00\" \/>\n<meta property=\"og:image\" content=\"https:\/\/i2.wp.com\/www.vintage-speedworks.nl\/wp-content\/uploads\/AfterTheRace_schildrij_art_sculpture_911_Martini_vintage_speedworks.jpg?fit=796%2C792&ssl=1\" \/>\n\t<meta property=\"og:image:width\" content=\"796\" \/>\n\t<meta property=\"og:image:height\" content=\"792\" \/>\n\t<meta property=\"og:image:type\" content=\"image\/jpeg\" \/>\n<meta name=\"twitter:card\" content=\"summary_large_image\" \/>\n<meta name=\"twitter:label1\" content=\"Gesch\u00e4tzte Lesezeit\" \/>\n\t<meta name=\"twitter:data1\" content=\"1\u00a0Minute\" \/>\n<script type=\"application\/ld+json\" class=\"yoast-schema-graph\">{\"@context\":\"https:\/\/schema.org\",\"@graph\":[{\"@type\":\"WebPage\",\"@id\":\"https:\/\/www.vintage-speedworks.nl\/product\/legends-porsche-martini-bonnet-2\/\",\"url\":\"https:\/\/www.vintage-speedworks.nl\/product\/legends-porsche-martini-bonnet-2\/\",\"name\":\"LEGENDS - Porsche 911 Martini - Vintage Speedworks\",\"isPartOf\":{\"@id\":\"https:\/\/www.vintage-speedworks.nl\/#website\"},\"datePublished\":\"2018-01-17T20:28:09+00:00\",\"dateModified\":\"2019-03-10T14:48:06+00:00\",\"breadcrumb\":{\"@id\":\"https:\/\/www.vintage-speedworks.nl\/product\/legends-porsche-martini-bonnet-2\/#breadcrumb\"},\"inLanguage\":\"de\",\"potentialAction\":[{\"@type\":\"ReadAction\",\"target\":[\"https:\/\/www.vintage-speedworks.nl\/product\/legends-porsche-martini-bonnet-2\/\"]}]},{\"@type\":\"BreadcrumbList\",\"@id\":\"https:\/\/www.vintage-speedworks.nl\/product\/legends-porsche-martini-bonnet-2\/#breadcrumb\",\"itemListElement\":[{\"@type\":\"ListItem\",\"position\":1,\"name\":\"Home\",\"item\":\"https:\/\/www.vintage-speedworks.nl\/\"},{\"@type\":\"ListItem\",\"position\":2,\"name\":\"Webshop\",\"item\":\"https:\/\/www.vintage-speedworks.nl\/webshop\/\"},{\"@type\":\"ListItem\",\"position\":3,\"name\":\"LEGENDS &#8211; Porsche 911 Martini\"}]},{\"@type\":\"WebSite\",\"@id\":\"https:\/\/www.vintage-speedworks.nl\/#website\",\"url\":\"https:\/\/www.vintage-speedworks.nl\/\",\"name\":\"Vintage Speedworks\",\"description\":\"Vintage art for speedfreaks\",\"potentialAction\":[{\"@type\":\"SearchAction\",\"target\":{\"@type\":\"EntryPoint\",\"urlTemplate\":\"https:\/\/www.vintage-speedworks.nl\/?s={search_term_string}\"},\"query-input\":\"required name=search_term_string\"}],\"inLanguage\":\"de\"}]}<\/script>\n<!-- \/ Yoast SEO plugin. -->","yoast_head_json":{"title":"LEGENDS - Porsche 911 Martini - Vintage Speedworks","robots":{"index":"index","follow":"follow","max-snippet":"max-snippet:-1","max-image-preview":"max-image-preview:large","max-video-preview":"max-video-preview:-1"},"canonical":"https:\/\/www.vintage-speedworks.nl\/de\/produkt\/legends-porsche-martini-bonnet-2\/","og_locale":"de_DE","og_type":"article","og_title":"LEGENDS - Porsche 911 Martini - Vintage Speedworks","og_description":"Unieke, orginele Porsche 911 motorkap beschilderd in Martini race kleuren.  Inspiratie:\u00a0 Porsche 911 van Gijs van Lennep. Targa Florio rally 1973  &nbsp;","og_url":"https:\/\/www.vintage-speedworks.nl\/de\/produkt\/legends-porsche-martini-bonnet-2\/","og_site_name":"Vintage Speedworks","article_modified_time":"2019-03-10T14:48:06+00:00","og_image":[{"width":796,"height":792,"url":"https:\/\/i2.wp.com\/www.vintage-speedworks.nl\/wp-content\/uploads\/AfterTheRace_schildrij_art_sculpture_911_Martini_vintage_speedworks.jpg?fit=796%2C792&ssl=1","type":"image\/jpeg"}],"twitter_card":"summary_large_image","twitter_misc":{"Gesch\u00e4tzte Lesezeit":"1\u00a0Minute"},"schema":{"@context":"https:\/\/schema.org","@graph":[{"@type":"WebPage","@id":"https:\/\/www.vintage-speedworks.nl\/product\/legends-porsche-martini-bonnet-2\/","url":"https:\/\/www.vintage-speedworks.nl\/product\/legends-porsche-martini-bonnet-2\/","name":"LEGENDS - Porsche 911 Martini - Vintage Speedworks","isPartOf":{"@id":"https:\/\/www.vintage-speedworks.nl\/#website"},"datePublished":"2018-01-17T20:28:09+00:00","dateModified":"2019-03-10T14:48:06+00:00","breadcrumb":{"@id":"https:\/\/www.vintage-speedworks.nl\/product\/legends-porsche-martini-bonnet-2\/#breadcrumb"},"inLanguage":"de","potentialAction":[{"@type":"ReadAction","target":["https:\/\/www.vintage-speedworks.nl\/product\/legends-porsche-martini-bonnet-2\/"]}]},{"@type":"BreadcrumbList","@id":"https:\/\/www.vintage-speedworks.nl\/product\/legends-porsche-martini-bonnet-2\/#breadcrumb","itemListElement":[{"@type":"ListItem","position":1,"name":"Home","item":"https:\/\/www.vintage-speedworks.nl\/"},{"@type":"ListItem","position":2,"name":"Webshop","item":"https:\/\/www.vintage-speedworks.nl\/webshop\/"},{"@type":"ListItem","position":3,"name":"LEGENDS &#8211; Porsche 911 Martini"}]},{"@type":"WebSite","@id":"https:\/\/www.vintage-speedworks.nl\/#website","url":"https:\/\/www.vintage-speedworks.nl\/","name":"Vintage Speedworks","description":"Vintage art for speedfreaks","potentialAction":[{"@type":"SearchAction","target":{"@type":"EntryPoint","urlTemplate":"https:\/\/www.vintage-speedworks.nl\/?s={search_term_string}"},"query-input":"required name=search_term_string"}],"inLanguage":"de"}]}},"_links":{"self":[{"href":"https:\/\/www.vintage-speedworks.nl\/de\/wp-json\/wp\/v2\/product\/1183"}],"collection":[{"href":"https:\/\/www.vintage-speedworks.nl\/de\/wp-json\/wp\/v2\/product"}],"about":[{"href":"https:\/\/www.vintage-speedworks.nl\/de\/wp-json\/wp\/v2\/types\/product"}],"wp:featuredmedia":[{"embeddable":true,"href":"https:\/\/www.vintage-speedworks.nl\/de\/wp-json\/wp\/v2\/media\/2830"}],"wp:attachment":[{"href":"https:\/\/www.vintage-speedworks.nl\/de\/wp-json\/wp\/v2\/media?parent=1183"}],"wp:term":[{"taxonomy":"product_cat","embeddable":true,"href":"https:\/\/www.vintage-speedworks.nl\/de\/wp-json\/wp\/v2\/product_cat?post=1183"},{"taxonomy":"product_tag","embeddable":true,"href":"https:\/\/www.vintage-speedworks.nl\/de\/wp-json\/wp\/v2\/product_tag?post=1183"}],"curies":[{"name":"wp","href":"https:\/\/api.w.org\/{rel}","templated":true}]}}