{"id":31,"date":"2017-11-12T11:12:03","date_gmt":"2017-11-12T11:12:03","guid":{"rendered":"http:\/\/www.vintage-speedworks.nl\/?page_id=31"},"modified":"2022-12-30T10:02:50","modified_gmt":"2022-12-30T10:02:50","slug":"custom-art","status":"publish","type":"page","link":"https:\/\/www.vintage-speedworks.nl\/de\/custom-art\/","title":{"rendered":"Custom-Art"},"content":{"rendered":"<div class=\"flex_column av_one_full  flex_column_div av-zero-column-padding first\" style='border-radius:0px; '><div style='padding-bottom:8px;font-size:32px;' class='av-special-heading av-special-heading-h3  blockquote modern-quote modern-centered  av-inherit-size'><h3 class='av-special-heading-tag'  itemprop=\"headline\"  >Benutzerdefinierte Kunst<\/h3><div class='special-heading-border'><div class='special-heading-inner-border' ><\/div><\/div><\/div><\/div>\n<div class=\"flex_column av_one_full  flex_column_div av-zero-column-padding first\" style='border-radius:0px; '><section class=\"av_textblock_section\"  itemscope=\"itemscope\" itemtype=\"https:\/\/schema.org\/CreativeWork\" ><div class='avia_textblock'  style='font-size:16px; '  itemprop=\"text\" ><h5 style=\"text-align: center;\">Jedes Auto kann eine Legende werden<\/h5>\n<p style=\"text-align: center;\">Dieser Satz dr\u00fcckt f\u00fcr uns aus, warum wir mit Ihnen zusammenarbeiten m\u00f6chten.<\/p>\n<p style=\"text-align: center;\">Ein Gespr\u00e4ch, in dem wir Erinnerungen an den Motorsport austauschen und gemeinsam das ultimative Kunstwerk f\u00fcr Ihr Interieur oder B\u00fcro entwerfen.<\/p>\n<\/div><\/section><\/div>\n<div class=\"flex_column av_one_third  flex_column_div av-zero-column-padding first\" style='border-radius:0px; '><p><div class='avia-image-container  av-styling-    avia-align-center'  itemscope=\"itemscope\" itemtype=\"https:\/\/schema.org\/ImageObject\"  ><div class='avia-image-container-inner'><img class='avia_image' src='https:\/\/i0.wp.com\/www.vintage-speedworks.nl\/wp-content\/uploads\/about-vintage-speedworks-e1628602403311.jpg?resize=495%2C400&ssl=1' alt='about-vintage-speedworks' title='\u00dcber Vintage-Speedworks'   itemprop=\"thumbnailUrl\"  \/><\/div><\/div><br \/>\n<div style='height:50px' class='hr hr-invisible'><span class='hr-inner' ><span class='hr-inner-style'><\/span><\/span><\/div><br \/>\n<section class=\"av_textblock_section\"  itemscope=\"itemscope\" itemtype=\"https:\/\/schema.org\/CreativeWork\" ><div class='avia_textblock'   itemprop=\"text\" ><h3>Schritt 1: Interview<\/h3>\n<p>W\u00e4hrend des ersten Gespr\u00e4chs sind wir sehr an Ihrer Autoport-Erfahrung interessiert und sehen, was Ihre W\u00fcnsche sind. Au\u00dferdem k\u00f6nnen wir bereits ein Brainstorming \u00fcber m\u00f6gliche Optionen durchf\u00fchren und den am besten geeigneten K\u00fcnstler suchen.<\/p>\n<\/div><\/section><\/p><\/div>\n<div class=\"flex_column av_one_third  flex_column_div av-zero-column-padding\" style='border-radius:0px; '><p><div class='avia-image-container  av-styling-    avia-align-center'  itemscope=\"itemscope\" itemtype=\"https:\/\/schema.org\/ImageObject\"  ><div class='avia-image-container-inner'><img class='avia_image' src='https:\/\/i0.wp.com\/www.vintage-speedworks.nl\/wp-content\/uploads\/art-creation-sculpture.jpg?resize=495%2C400&ssl=1' alt='' title='Kunst-Sch\u00f6pfung-Skulptur'   itemprop=\"thumbnailUrl\"  \/><\/div><\/div><br \/>\n<div style='height:50px' class='hr hr-invisible'><span class='hr-inner' ><span class='hr-inner-style'><\/span><\/span><\/div><br \/>\n<section class=\"av_textblock_section\"  itemscope=\"itemscope\" itemtype=\"https:\/\/schema.org\/CreativeWork\" ><div class='avia_textblock'   itemprop=\"text\" ><h3>Schritt 2: K\u00fcnstlerische Gestaltung<\/h3>\n<p>Im zweiten Schritt beginnt der K\u00fcnstler mit der Arbeit an dem Kunstwerk, wobei wir Sie regelm\u00e4\u00dfig mit Hilfe von Fotos und Videos \u00fcber den Prozess informieren, so dass Sie auch diesen Teil miterleben k\u00f6nnen.<\/p>\n<\/div><\/section><\/p><\/div>\n<div class=\"flex_column av_one_third  flex_column_div av-zero-column-padding\" style='border-radius:0px; '><p><div class='avia-image-container  av-styling-    avia-align-center'  itemscope=\"itemscope\" itemtype=\"https:\/\/schema.org\/ImageObject\"  ><div class='avia-image-container-inner'><img class='avia_image' src='https:\/\/i0.wp.com\/www.vintage-speedworks.nl\/wp-content\/uploads\/sculpture-custom-vintage-speedworks-motorsport2-scaled.jpg?resize=495%2C400&ssl=1' alt='sculpture-custom-vintage-speedworks-motorsport' title='bildhauerei-individuell-altmodisch-speedworks-motorsport'   itemprop=\"thumbnailUrl\"  \/><\/div><\/div><br \/>\n<div style='height:50px' class='hr hr-invisible'><span class='hr-inner' ><span class='hr-inner-style'><\/span><\/span><\/div><br \/>\n<section class=\"av_textblock_section\"  itemscope=\"itemscope\" itemtype=\"https:\/\/schema.org\/CreativeWork\" ><div class='avia_textblock'   itemprop=\"text\" ><h3>Schritt 3: Eindeutiges Ergebnis<\/h3>\n<p>Das Endergebnis ist ein einzigartiges Kunstwerk, das ganz pers\u00f6nlich gestaltet ist. Das Gem\u00e4lde oder die Skulptur wird Ihnen pers\u00f6nlich \u00fcberreicht. Auf Wunsch kann es auch im Rahmen einer unserer Veranstaltungen ausgestellt werden.<\/p>\n<\/div><\/section><\/p><\/div>\n<div class=\"flex_column av_one_full  flex_column_div av-zero-column-padding first\" style='border-radius:0px; '><div style='padding-bottom:26px;font-size:32px;' class='av-special-heading av-special-heading-h3  blockquote modern-quote modern-centered  av-inherit-size'><h3 class='av-special-heading-tag'  itemprop=\"headline\"  >Projekt-Portfolio<\/h3><div class='special-heading-border'><div class='special-heading-inner-border' ><\/div><\/div><\/div><\/div>\n<div id='av-masonry-1' class='av-masonry noHover av-fixed-size av-large-gap av-hover-overlay- av-masonry-col-flexible av-caption-always av-caption-style- av-masonry-gallery'  ><div class='av-masonry-container isotope av-js-disabled' ><div class='av-masonry-entry isotope-item av-masonry-item-no-image'><\/div><a href=\"https:\/\/i0.wp.com\/www.vintage-speedworks.nl\/wp-content\/uploads\/TagHeur-911-sculpture_design.jpg?fit=1030%2C760&ssl=1\" id='av-masonry-1-item-3769' data-av-masonry-item='3769' class='av-masonry-entry isotope-item post-3769 attachment type-attachment status-inherit hentry  av-masonry-item-with-image' title=\"\"  itemprop=\"thumbnailUrl\" ><div class='av-inner-masonry-sizer'><\/div><figure class='av-inner-masonry main_color'><div class=\"av-masonry-outerimage-container\"><div class=\"av-masonry-image-container\" style=\"background-image: url(https:\/\/i0.wp.com\/www.vintage-speedworks.nl\/wp-content\/uploads\/TagHeur-911-sculpture_design.jpg?fit=705%2C520&ssl=1);\"><img src=\"https:\/\/i0.wp.com\/www.vintage-speedworks.nl\/wp-content\/uploads\/TagHeur-911-sculpture_design.jpg?fit=705%2C520&ssl=1\" title=\"TagHeur-911-Skulptur_Design\" alt=\"\" \/><\/div><\/div><\/figure><\/a><!--end av-masonry entry--><a href=\"https:\/\/i0.wp.com\/www.vintage-speedworks.nl\/wp-content\/uploads\/TagHeur-911-sculpture_manufacturing.jpg?fit=756%2C558&ssl=1\" id='av-masonry-1-item-3771' data-av-masonry-item='3771' class='av-masonry-entry isotope-item post-3771 attachment type-attachment status-inherit hentry  av-masonry-item-with-image' title=\"\"  itemprop=\"thumbnailUrl\" ><div class='av-inner-masonry-sizer'><\/div><figure class='av-inner-masonry main_color'><div class=\"av-masonry-outerimage-container\"><div class=\"av-masonry-image-container\" style=\"background-image: url(https:\/\/i0.wp.com\/www.vintage-speedworks.nl\/wp-content\/uploads\/TagHeur-911-sculpture_manufacturing.jpg?fit=705%2C520&ssl=1);\"><img src=\"https:\/\/i0.wp.com\/www.vintage-speedworks.nl\/wp-content\/uploads\/TagHeur-911-sculpture_manufacturing.jpg?fit=705%2C520&ssl=1\" title=\"TagHeur-911-Skulptur_Herstellung\" alt=\"\" \/><\/div><\/div><\/figure><\/a><!--end av-masonry entry--><a href=\"https:\/\/i0.wp.com\/www.vintage-speedworks.nl\/wp-content\/uploads\/TagHeur-911-sculpture.jpg?fit=1030%2C687&ssl=1\" id='av-masonry-1-item-3765' data-av-masonry-item='3765' class='av-masonry-entry isotope-item post-3765 attachment type-attachment status-inherit hentry  av-masonry-item-with-image' title=\"\"  itemprop=\"thumbnailUrl\" ><div class='av-inner-masonry-sizer'><\/div><figure class='av-inner-masonry main_color'><div class=\"av-masonry-outerimage-container\"><div class=\"av-masonry-image-container\" style=\"background-image: url(https:\/\/i0.wp.com\/www.vintage-speedworks.nl\/wp-content\/uploads\/TagHeur-911-sculpture.jpg?fit=705%2C470&ssl=1);\"><img src=\"https:\/\/i0.wp.com\/www.vintage-speedworks.nl\/wp-content\/uploads\/TagHeur-911-sculpture.jpg?fit=705%2C470&ssl=1\" title=\"TagHeur-911-Skulptur\" alt=\"\" \/><\/div><\/div><\/figure><\/a><!--end av-masonry entry--><a href=\"https:\/\/i0.wp.com\/www.vintage-speedworks.nl\/wp-content\/uploads\/TagHeur-911-sculpture_Ginza.jpg?fit=1030%2C686&ssl=1\" id='av-masonry-1-item-3770' data-av-masonry-item='3770' class='av-masonry-entry isotope-item post-3770 attachment type-attachment status-inherit hentry  av-masonry-item-with-image' title=\"\"  itemprop=\"thumbnailUrl\" ><div class='av-inner-masonry-sizer'><\/div><figure class='av-inner-masonry main_color'><div class=\"av-masonry-outerimage-container\"><div class=\"av-masonry-image-container\" style=\"background-image: url(https:\/\/i0.wp.com\/www.vintage-speedworks.nl\/wp-content\/uploads\/TagHeur-911-sculpture_Ginza.jpg?fit=705%2C470&ssl=1);\"><img src=\"https:\/\/i0.wp.com\/www.vintage-speedworks.nl\/wp-content\/uploads\/TagHeur-911-sculpture_Ginza.jpg?fit=705%2C470&ssl=1\" title=\"TagHeur-911-Skulptur_Ginza\" alt=\"\" \/><\/div><\/div><\/figure><\/a><!--end av-masonry entry--><a href=\"https:\/\/i0.wp.com\/www.vintage-speedworks.nl\/wp-content\/uploads\/sculpture-550-maranello-design.jpg?fit=1030%2C687&ssl=1\" id='av-masonry-1-item-3773' data-av-masonry-item='3773' class='av-masonry-entry isotope-item post-3773 attachment type-attachment status-inherit hentry  av-masonry-item-with-image' title=\"\"  itemprop=\"thumbnailUrl\" ><div class='av-inner-masonry-sizer'><\/div><figure class='av-inner-masonry main_color'><div class=\"av-masonry-outerimage-container\"><div class=\"av-masonry-image-container\" style=\"background-image: url(https:\/\/i0.wp.com\/www.vintage-speedworks.nl\/wp-content\/uploads\/sculpture-550-maranello-design.jpg?fit=705%2C470&ssl=1);\"><img src=\"https:\/\/i0.wp.com\/www.vintage-speedworks.nl\/wp-content\/uploads\/sculpture-550-maranello-design.jpg?fit=705%2C470&ssl=1\" title=\"bildhauerei-550-maranello-design\" alt=\"\" \/><\/div><\/div><\/figure><\/a><!--end av-masonry entry--><a href=\"https:\/\/i0.wp.com\/www.vintage-speedworks.nl\/wp-content\/uploads\/sculpture-550-maranello-design2.jpg?fit=1030%2C687&ssl=1\" id='av-masonry-1-item-3774' data-av-masonry-item='3774' class='av-masonry-entry isotope-item post-3774 attachment type-attachment status-inherit hentry  av-masonry-item-with-image' title=\"\"  itemprop=\"thumbnailUrl\" ><div class='av-inner-masonry-sizer'><\/div><figure class='av-inner-masonry main_color'><div class=\"av-masonry-outerimage-container\"><div class=\"av-masonry-image-container\" style=\"background-image: url(https:\/\/i0.wp.com\/www.vintage-speedworks.nl\/wp-content\/uploads\/sculpture-550-maranello-design2.jpg?fit=705%2C470&ssl=1);\"><img src=\"https:\/\/i0.wp.com\/www.vintage-speedworks.nl\/wp-content\/uploads\/sculpture-550-maranello-design2.jpg?fit=705%2C470&ssl=1\" title=\"bildhauerei-550-maranello-entwurf2\" alt=\"\" \/><\/div><\/div><\/figure><\/a><!--end av-masonry entry--><a href=\"https:\/\/i0.wp.com\/www.vintage-speedworks.nl\/wp-content\/uploads\/Ferrari_sculpture_550_maranello_work_in_progress.jpg?fit=1030%2C731&ssl=1\" id='av-masonry-1-item-3562' data-av-masonry-item='3562' class='av-masonry-entry isotope-item post-3562 attachment type-attachment status-inherit hentry  av-masonry-item-with-image' title=\"\"  itemprop=\"thumbnailUrl\" ><div class='av-inner-masonry-sizer'><\/div><figure class='av-inner-masonry main_color'><div class=\"av-masonry-outerimage-container\"><div class=\"av-masonry-image-container\" style=\"background-image: url(https:\/\/i0.wp.com\/www.vintage-speedworks.nl\/wp-content\/uploads\/Ferrari_sculpture_550_maranello_work_in_progress.jpg?fit=705%2C501&ssl=1);\"><img src=\"https:\/\/i0.wp.com\/www.vintage-speedworks.nl\/wp-content\/uploads\/Ferrari_sculpture_550_maranello_work_in_progress.jpg?fit=705%2C501&ssl=1\" title=\"Ferrari_Skulptur_550_maranell_Arbeiten_im_Vorgang\" alt=\"Ferrari_sculpture_550_maranello_work_in_progress\" \/><\/div><\/div><\/figure><\/a><!--end av-masonry entry--><a href=\"https:\/\/i0.wp.com\/www.vintage-speedworks.nl\/wp-content\/uploads\/Ferrari_sculpture_550_maranello-scaled.jpg?fit=1030%2C773&ssl=1\" id='av-masonry-1-item-3561' data-av-masonry-item='3561' class='av-masonry-entry isotope-item post-3561 attachment type-attachment status-inherit hentry  av-masonry-item-with-image' title=\"\"  itemprop=\"thumbnailUrl\" ><div class='av-inner-masonry-sizer'><\/div><figure class='av-inner-masonry main_color'><div class=\"av-masonry-outerimage-container\"><div class=\"av-masonry-image-container\" style=\"background-image: url(https:\/\/i0.wp.com\/www.vintage-speedworks.nl\/wp-content\/uploads\/Ferrari_sculpture_550_maranello-scaled.jpg?fit=705%2C529&ssl=1);\"><img src=\"https:\/\/i0.wp.com\/www.vintage-speedworks.nl\/wp-content\/uploads\/Ferrari_sculpture_550_maranello-scaled.jpg?fit=705%2C529&ssl=1\" title=\"Ferrari_Skulptur_550_maranello\" alt=\"Ferrari_sculpture_550_maranello\" \/><\/div><\/div><\/figure><\/a><!--end av-masonry entry--><a href=\"https:\/\/i0.wp.com\/www.vintage-speedworks.nl\/wp-content\/uploads\/commission-havlasek-911-s2000-design2.jpg?fit=1030%2C579&ssl=1\" id='av-masonry-1-item-3778' data-av-masonry-item='3778' class='av-masonry-entry isotope-item post-3778 attachment type-attachment status-inherit hentry  av-masonry-item-with-image' title=\"\"  itemprop=\"thumbnailUrl\" ><div class='av-inner-masonry-sizer'><\/div><figure class='av-inner-masonry main_color'><div class=\"av-masonry-outerimage-container\"><div class=\"av-masonry-image-container\" style=\"background-image: url(https:\/\/i0.wp.com\/www.vintage-speedworks.nl\/wp-content\/uploads\/commission-havlasek-911-s2000-design2.jpg?fit=705%2C397&ssl=1);\"><img src=\"https:\/\/i0.wp.com\/www.vintage-speedworks.nl\/wp-content\/uploads\/commission-havlasek-911-s2000-design2.jpg?fit=705%2C397&ssl=1\" title=\"commission-havlasek-911-s2000-design2\" alt=\"\" \/><\/div><\/div><\/figure><\/a><!--end av-masonry entry--><a href=\"https:\/\/i0.wp.com\/www.vintage-speedworks.nl\/wp-content\/uploads\/commission-havlasek-911-s2000-design.jpg?fit=1030%2C579&ssl=1\" id='av-masonry-1-item-3777' data-av-masonry-item='3777' class='av-masonry-entry isotope-item post-3777 attachment type-attachment status-inherit hentry  av-masonry-item-with-image' title=\"\"  itemprop=\"thumbnailUrl\" ><div class='av-inner-masonry-sizer'><\/div><figure class='av-inner-masonry main_color'><div class=\"av-masonry-outerimage-container\"><div class=\"av-masonry-image-container\" style=\"background-image: url(https:\/\/i0.wp.com\/www.vintage-speedworks.nl\/wp-content\/uploads\/commission-havlasek-911-s2000-design.jpg?fit=705%2C397&ssl=1);\"><img src=\"https:\/\/i0.wp.com\/www.vintage-speedworks.nl\/wp-content\/uploads\/commission-havlasek-911-s2000-design.jpg?fit=705%2C397&ssl=1\" title=\"commission-havlasek-911-s2000-design\" alt=\"\" \/><\/div><\/div><\/figure><\/a><!--end av-masonry entry--><a href=\"https:\/\/i0.wp.com\/www.vintage-speedworks.nl\/wp-content\/uploads\/commission-havlasek-911-s2000.jpg?fit=1030%2C687&ssl=1\" id='av-masonry-1-item-3776' data-av-masonry-item='3776' class='av-masonry-entry isotope-item post-3776 attachment type-attachment status-inherit hentry  av-masonry-item-with-image' title=\"\"  itemprop=\"thumbnailUrl\" ><div class='av-inner-masonry-sizer'><\/div><figure class='av-inner-masonry main_color'><div class=\"av-masonry-outerimage-container\"><div class=\"av-masonry-image-container\" style=\"background-image: url(https:\/\/i0.wp.com\/www.vintage-speedworks.nl\/wp-content\/uploads\/commission-havlasek-911-s2000.jpg?fit=705%2C470&ssl=1);\"><img src=\"https:\/\/i0.wp.com\/www.vintage-speedworks.nl\/wp-content\/uploads\/commission-havlasek-911-s2000.jpg?fit=705%2C470&ssl=1\" title=\"commission-havlasek-911-s2000\" alt=\"\" \/><\/div><\/div><\/figure><\/a><!--end av-masonry entry--><a href=\"https:\/\/i0.wp.com\/www.vintage-speedworks.nl\/wp-content\/uploads\/commission-havlasek-911-s2000-spa-classic.jpg?fit=1030%2C687&ssl=1\" id='av-masonry-1-item-3779' data-av-masonry-item='3779' class='av-masonry-entry isotope-item post-3779 attachment type-attachment status-inherit hentry  av-masonry-item-with-image' title=\"\"  itemprop=\"thumbnailUrl\" ><div class='av-inner-masonry-sizer'><\/div><figure class='av-inner-masonry main_color'><div class=\"av-masonry-outerimage-container\"><div class=\"av-masonry-image-container\" style=\"background-image: url(https:\/\/i0.wp.com\/www.vintage-speedworks.nl\/wp-content\/uploads\/commission-havlasek-911-s2000-spa-classic.jpg?fit=705%2C470&ssl=1);\"><img src=\"https:\/\/i0.wp.com\/www.vintage-speedworks.nl\/wp-content\/uploads\/commission-havlasek-911-s2000-spa-classic.jpg?fit=705%2C470&ssl=1\" title=\"commission-havlasek-911-s2000-spa-classic\" alt=\"\" \/><\/div><\/div><\/figure><\/a><!--end av-masonry entry--><a href=\"https:\/\/i0.wp.com\/www.vintage-speedworks.nl\/wp-content\/uploads\/LeMAns_2018_Porsche_Pink_pig.jpg?fit=1030%2C579&ssl=1\" id='av-masonry-1-item-3614' data-av-masonry-item='3614' class='av-masonry-entry isotope-item post-3614 attachment type-attachment status-inherit hentry  av-masonry-item-with-image' title=\"\"  itemprop=\"thumbnailUrl\" ><div class='av-inner-masonry-sizer'><\/div><figure class='av-inner-masonry main_color'><div class=\"av-masonry-outerimage-container\"><div class=\"av-masonry-image-container\" style=\"background-image: url(https:\/\/i0.wp.com\/www.vintage-speedworks.nl\/wp-content\/uploads\/LeMAns_2018_Porsche_Pink_pig.jpg?fit=705%2C397&ssl=1);\"><img src=\"https:\/\/i0.wp.com\/www.vintage-speedworks.nl\/wp-content\/uploads\/LeMAns_2018_Porsche_Pink_pig.jpg?fit=705%2C397&ssl=1\" title=\"LeMAns_2018_Porsche_Pink_Schwein\" alt=\"\" \/><\/div><\/div><\/figure><\/a><!--end av-masonry entry--><a href=\"https:\/\/i0.wp.com\/www.vintage-speedworks.nl\/wp-content\/uploads\/LeMans_Porsche_991_GTE.jpg?fit=612%2C588&ssl=1\" id='av-masonry-1-item-3615' data-av-masonry-item='3615' class='av-masonry-entry isotope-item post-3615 attachment type-attachment status-inherit hentry  av-masonry-item-with-image' title=\"\"  itemprop=\"thumbnailUrl\" ><div class='av-inner-masonry-sizer'><\/div><figure class='av-inner-masonry main_color'><div class=\"av-masonry-outerimage-container\"><div class=\"av-masonry-image-container\" style=\"background-image: url(https:\/\/i0.wp.com\/www.vintage-speedworks.nl\/wp-content\/uploads\/LeMans_Porsche_991_GTE.jpg?fit=612%2C588&ssl=1);\"><img src=\"https:\/\/i0.wp.com\/www.vintage-speedworks.nl\/wp-content\/uploads\/LeMans_Porsche_991_GTE.jpg?fit=612%2C588&ssl=1\" title=\"LeMans_Porsche_991_GTE\" alt=\"\" \/><\/div><\/div><\/figure><\/a><!--end av-masonry entry--><a href=\"https:\/\/i0.wp.com\/www.vintage-speedworks.nl\/wp-content\/uploads\/Porsche_GT1_LeMans.jpg?fit=1030%2C674&ssl=1\" id='av-masonry-1-item-3601' data-av-masonry-item='3601' class='av-masonry-entry isotope-item post-3601 attachment type-attachment status-inherit hentry  av-masonry-item-with-image' title=\"\"  itemprop=\"thumbnailUrl\" ><div class='av-inner-masonry-sizer'><\/div><figure class='av-inner-masonry main_color'><div class=\"av-masonry-outerimage-container\"><div class=\"av-masonry-image-container\" style=\"background-image: url(https:\/\/i0.wp.com\/www.vintage-speedworks.nl\/wp-content\/uploads\/Porsche_GT1_LeMans.jpg?fit=705%2C461&ssl=1);\"><img src=\"https:\/\/i0.wp.com\/www.vintage-speedworks.nl\/wp-content\/uploads\/Porsche_GT1_LeMans.jpg?fit=705%2C461&ssl=1\" title=\"Porsche_GT1_LeMans\" alt=\"Porsche_GT1_LeMans\" \/><\/div><\/div><\/figure><\/a><!--end av-masonry entry--><a href=\"https:\/\/i0.wp.com\/www.vintage-speedworks.nl\/wp-content\/uploads\/Aftertherace_Porsche_GT1_Art.jpg?fit=1030%2C938&ssl=1\" id='av-masonry-1-item-3602' data-av-masonry-item='3602' class='av-masonry-entry isotope-item post-3602 attachment type-attachment status-inherit hentry  av-masonry-item-with-image' title=\"\"  itemprop=\"thumbnailUrl\" ><div class='av-inner-masonry-sizer'><\/div><figure class='av-inner-masonry main_color'><div class=\"av-masonry-outerimage-container\"><div class=\"av-masonry-image-container\" style=\"background-image: url(https:\/\/i0.wp.com\/www.vintage-speedworks.nl\/wp-content\/uploads\/Aftertherace_Porsche_GT1_Art.jpg?fit=705%2C642&ssl=1);\"><img src=\"https:\/\/i0.wp.com\/www.vintage-speedworks.nl\/wp-content\/uploads\/Aftertherace_Porsche_GT1_Art.jpg?fit=705%2C642&ssl=1\" title=\"Aftertherace_Porsche_GT1_Art\" alt=\"\" \/><\/div><\/div><\/figure><\/a><!--end av-masonry entry--><\/div><\/div>","protected":false},"excerpt":{"rendered":"","protected":false},"author":2,"featured_media":0,"parent":0,"menu_order":0,"comment_status":"closed","ping_status":"closed","template":"","meta":{"_exactmetrics_skip_tracking":false,"_exactmetrics_sitenote_active":false,"_exactmetrics_sitenote_note":"","_exactmetrics_sitenote_category":0,"jetpack_post_was_ever_published":false},"yoast_head":"<!-- This site is optimized with the Yoast SEO plugin v21.0 - https:\/\/yoast.com\/wordpress\/plugins\/seo\/ -->\n<title>Custom-Art - Vintage Speedworks<\/title>\n<meta name=\"description\" content=\"Every Car can become a Legend. Wij gaan samen met u op reis om het ultieme kunstwerk te maken op basis van uw wensen.\" \/>\n<meta name=\"robots\" content=\"index, follow, max-snippet:-1, max-image-preview:large, max-video-preview:-1\" \/>\n<link rel=\"canonical\" href=\"https:\/\/www.vintage-speedworks.nl\/de\/custom-art\/\" \/>\n<meta property=\"og:locale\" content=\"de_DE\" \/>\n<meta property=\"og:type\" content=\"article\" \/>\n<meta property=\"og:title\" content=\"Custom-Art - Vintage Speedworks\" \/>\n<meta property=\"og:description\" content=\"Every Car can become a Legend. Wij gaan samen met u op reis om het ultieme kunstwerk te maken op basis van uw wensen.\" \/>\n<meta property=\"og:url\" content=\"https:\/\/www.vintage-speedworks.nl\/de\/custom-art\/\" \/>\n<meta property=\"og:site_name\" content=\"Vintage Speedworks\" \/>\n<meta property=\"article:modified_time\" content=\"2022-12-30T10:02:50+00:00\" \/>\n<meta name=\"twitter:card\" content=\"summary_large_image\" \/>\n<meta name=\"twitter:label1\" content=\"Gesch\u00e4tzte Lesezeit\" \/>\n\t<meta name=\"twitter:data1\" content=\"3\u00a0Minuten\" \/>\n<script type=\"application\/ld+json\" class=\"yoast-schema-graph\">{\"@context\":\"https:\/\/schema.org\",\"@graph\":[{\"@type\":\"WebPage\",\"@id\":\"https:\/\/www.vintage-speedworks.nl\/custom-art\/\",\"url\":\"https:\/\/www.vintage-speedworks.nl\/custom-art\/\",\"name\":\"Custom-Art - Vintage Speedworks\",\"isPartOf\":{\"@id\":\"https:\/\/www.vintage-speedworks.nl\/#website\"},\"datePublished\":\"2017-11-12T11:12:03+00:00\",\"dateModified\":\"2022-12-30T10:02:50+00:00\",\"description\":\"Every Car can become a Legend. Wij gaan samen met u op reis om het ultieme kunstwerk te maken op basis van uw wensen.\",\"breadcrumb\":{\"@id\":\"https:\/\/www.vintage-speedworks.nl\/custom-art\/#breadcrumb\"},\"inLanguage\":\"de\",\"potentialAction\":[{\"@type\":\"ReadAction\",\"target\":[\"https:\/\/www.vintage-speedworks.nl\/custom-art\/\"]}]},{\"@type\":\"BreadcrumbList\",\"@id\":\"https:\/\/www.vintage-speedworks.nl\/custom-art\/#breadcrumb\",\"itemListElement\":[{\"@type\":\"ListItem\",\"position\":1,\"name\":\"Home\",\"item\":\"https:\/\/www.vintage-speedworks.nl\/\"},{\"@type\":\"ListItem\",\"position\":2,\"name\":\"Custom-Art\"}]},{\"@type\":\"WebSite\",\"@id\":\"https:\/\/www.vintage-speedworks.nl\/#website\",\"url\":\"https:\/\/www.vintage-speedworks.nl\/\",\"name\":\"Vintage Speedworks\",\"description\":\"Vintage art for speedfreaks\",\"potentialAction\":[{\"@type\":\"SearchAction\",\"target\":{\"@type\":\"EntryPoint\",\"urlTemplate\":\"https:\/\/www.vintage-speedworks.nl\/?s={search_term_string}\"},\"query-input\":\"required name=search_term_string\"}],\"inLanguage\":\"de\"}]}<\/script>\n<!-- \/ Yoast SEO plugin. -->","yoast_head_json":{"title":"Custom-Art - Vintage Speedworks","description":"Every Car can become a Legend. Wij gaan samen met u op reis om het ultieme kunstwerk te maken op basis van uw wensen.","robots":{"index":"index","follow":"follow","max-snippet":"max-snippet:-1","max-image-preview":"max-image-preview:large","max-video-preview":"max-video-preview:-1"},"canonical":"https:\/\/www.vintage-speedworks.nl\/de\/custom-art\/","og_locale":"de_DE","og_type":"article","og_title":"Custom-Art - Vintage Speedworks","og_description":"Every Car can become a Legend. Wij gaan samen met u op reis om het ultieme kunstwerk te maken op basis van uw wensen.","og_url":"https:\/\/www.vintage-speedworks.nl\/de\/custom-art\/","og_site_name":"Vintage Speedworks","article_modified_time":"2022-12-30T10:02:50+00:00","twitter_card":"summary_large_image","twitter_misc":{"Gesch\u00e4tzte Lesezeit":"3\u00a0Minuten"},"schema":{"@context":"https:\/\/schema.org","@graph":[{"@type":"WebPage","@id":"https:\/\/www.vintage-speedworks.nl\/custom-art\/","url":"https:\/\/www.vintage-speedworks.nl\/custom-art\/","name":"Custom-Art - Vintage Speedworks","isPartOf":{"@id":"https:\/\/www.vintage-speedworks.nl\/#website"},"datePublished":"2017-11-12T11:12:03+00:00","dateModified":"2022-12-30T10:02:50+00:00","description":"Every Car can become a Legend. Wij gaan samen met u op reis om het ultieme kunstwerk te maken op basis van uw wensen.","breadcrumb":{"@id":"https:\/\/www.vintage-speedworks.nl\/custom-art\/#breadcrumb"},"inLanguage":"de","potentialAction":[{"@type":"ReadAction","target":["https:\/\/www.vintage-speedworks.nl\/custom-art\/"]}]},{"@type":"BreadcrumbList","@id":"https:\/\/www.vintage-speedworks.nl\/custom-art\/#breadcrumb","itemListElement":[{"@type":"ListItem","position":1,"name":"Home","item":"https:\/\/www.vintage-speedworks.nl\/"},{"@type":"ListItem","position":2,"name":"Custom-Art"}]},{"@type":"WebSite","@id":"https:\/\/www.vintage-speedworks.nl\/#website","url":"https:\/\/www.vintage-speedworks.nl\/","name":"Vintage Speedworks","description":"Vintage art for speedfreaks","potentialAction":[{"@type":"SearchAction","target":{"@type":"EntryPoint","urlTemplate":"https:\/\/www.vintage-speedworks.nl\/?s={search_term_string}"},"query-input":"required name=search_term_string"}],"inLanguage":"de"}]}},"jetpack_shortlink":"https:\/\/wp.me\/P9nMBO-v","_links":{"self":[{"href":"https:\/\/www.vintage-speedworks.nl\/de\/wp-json\/wp\/v2\/pages\/31"}],"collection":[{"href":"https:\/\/www.vintage-speedworks.nl\/de\/wp-json\/wp\/v2\/pages"}],"about":[{"href":"https:\/\/www.vintage-speedworks.nl\/de\/wp-json\/wp\/v2\/types\/page"}],"author":[{"embeddable":true,"href":"https:\/\/www.vintage-speedworks.nl\/de\/wp-json\/wp\/v2\/users\/2"}],"replies":[{"embeddable":true,"href":"https:\/\/www.vintage-speedworks.nl\/de\/wp-json\/wp\/v2\/comments?post=31"}],"version-history":[{"count":2,"href":"https:\/\/www.vintage-speedworks.nl\/de\/wp-json\/wp\/v2\/pages\/31\/revisions"}],"predecessor-version":[{"id":3780,"href":"https:\/\/www.vintage-speedworks.nl\/de\/wp-json\/wp\/v2\/pages\/31\/revisions\/3780"}],"wp:attachment":[{"href":"https:\/\/www.vintage-speedworks.nl\/de\/wp-json\/wp\/v2\/media?parent=31"}],"curies":[{"name":"wp","href":"https:\/\/api.w.org\/{rel}","templated":true}]}}